{"id":17240,"date":"2017-05-02T08:56:29","date_gmt":"2017-05-02T06:56:29","guid":{"rendered":"https:\/\/www.mbs.mc\/conditions-generales-de-vente\/"},"modified":"2018-03-09T15:51:09","modified_gmt":"2018-03-09T14:51:09","slug":"terms-of-sales","status":"publish","type":"page","link":"https:\/\/www.mbs.mc\/en\/terms-of-sales\/","title":{"rendered":"Terms of Sales"},"content":{"rendered":"<div class=\"wpb-content-wrapper\"><p>[vc_row][vc_column css=&#8221;.vc_custom_1520001675453{padding-bottom: 70px !important;}&#8221;][vc_column_text]<\/p>\n<h3>Terms and conditions<\/h3>\n<p>[\/vc_column_text][vc_raw_html]JTNDdGFibGUlMjBjZWxsc3BhY2luZyUzRCUyMjAlMjIlMjBjZWxscGFkZGluZyUzRCUyMjEwJTIyJTNFJTBBJTNDdGJvZHklM0UlMEElM0N0ciUzRSUwQSUzQ3RkJTNFJTNDYSUyMHN0eWxlJTNEJTIyY29sb3IlM0ElMjM3ODdEODglM0IlMjB0ZXh0LWRlY29yYXRpb24lM0Fub25lJTNCJTIyJTIwaHJlZiUzRCUyMmh0dHBzJTNBJTJGJTJGd3d3Lm1icy5tYyUyRndwLWNvbnRlbnQlMkZ1cGxvYWRzJTJGMjAxOCUyRjAzJTJGY2dzLWZyLnBkZiUyMiUyMHRpdGxlJTNEJTIyQ29uZGl0aW9ucyUyMGclQzMlQTluJUMzJUE5cmFsZXMlMjBkZSUyMHNlcnZpY2UlMjIlMjB0YXJnZXQlM0QlMjJfYmxhbmslMjIlMjAlM0VDb25kaXRpb25zJTIwZyVDMyVBOW4lQzMlQTlyYWxlcyUyMGRlJTIwdmVudGUlM0MlMkZhJTNFJTNDJTJGdGQlM0UlMEElM0N0ZCUyMHN0eWxlJTNEJTIyd2lkdGglM0ElMjAxMCUyNSUzQiUyMiUzRSUwQSUzQ2ElMjBocmVmJTNEJTIyaHR0cHMlM0ElMkYlMkZ3d3cubWJzLm1jJTJGd3AtY29udGVudCUyRnVwbG9hZHMlMkYyMDE4JTJGMDMlMkZDR1YucGRmJTIyJTIwdGl0bGUlM0QlMjJDb25kaXRpb25zJTIwZyVDMyVBOW4lQzMlQTlyYWxlcyUyMGRlJTIwdmVudGUlMjIlMjB0YXJnZXQlM0QlMjJfYmxhbmslMjIlMjAlM0UlM0NpJTIwc3R5bGUlM0QlMjJmb250LXNpemUlM0ElMjAyM3B4JTNCJTIyJTIwY2xhc3MlM0QlMjJmYSUyMGZhLWZpbGUtcGRmLW8lMjIlM0UlM0MlMkZpJTNFJTNDJTJGYSUzRSUzQyUyRnRkJTNFJTBBJTNDJTJGdHIlM0UlMEElMEElM0MlMkZ0Ym9keSUzRSUzQyUyRnRhYmxlJTNF[\/vc_raw_html][\/vc_column][\/vc_row][vc_row][vc_column][vc_column_text]<\/p>\n<h3>General conditions of service<\/h3>\n<p>[\/vc_column_text][vc_raw_html]JTNDdGFibGUlMjBjZWxsc3BhY2luZyUzRCUyMjAlMjIlMjBjZWxscGFkZGluZyUzRCUyMjEwJTIyJTNFJTBBJTNDdGJvZHklM0UlMEElM0MlMjEtLS0tTUFJTEVYQ0hBTkdFLS0tJTNFJTBBJTNDdHIlM0UlMEElM0N0ZCUzRSUzQ2ElMjBzdHlsZSUzRCUyMmNvbG9yJTNBJTIzNzg3RDg4JTNCJTIwdGV4dC1kZWNvcmF0aW9uJTNBbm9uZSUzQiUyMiUyMGhyZWYlM0QlMjJodHRwcyUzQSUyRiUyRnd3dy5tYnMubWMlMkZ3cC1jb250ZW50JTJGdXBsb2FkcyUyRjIwMTglMkYwMyUyRmNncy1mci5wZGYlMjIlMjB0aXRsZSUzRCUyMkNvbmRpdGlvbnMlMjBnJUMzJUE5biVDMyVBOXJhbGVzJTIwZGUlMjBzZXJ2aWNlJTIyJTIwdGFyZ2V0JTNEJTIyX2JsYW5rJTIyJTIwJTNFQ29uZGl0aW9ucyUyMHBhcnRpY3VsaSVDMyVBOHJlcyUyMC0lMjBTZXJ2aWNlJTIwTWFpbCUyMEV4Y2hhbmdlJTNDJTJGYSUzRSUzQyUyRnRkJTNFJTBBJTNDdGQlMjBzdHlsZSUzRCUyMndpZHRoJTNBJTIwMTAlMjUlM0IlMjIlM0UlMEElM0NhJTIwaHJlZiUzRCUyMmh0dHBzJTNBJTJGJTJGd3d3Lm1icy5tYyUyRndwLWNvbnRlbnQlMkZ1cGxvYWRzJTJGMjAxOCUyRjAzJTJGY2dzLWZyLnBkZiUyMiUyMHRpdGxlJTNEJTIyQ29uZGl0aW9ucyUyMGclQzMlQTluJUMzJUE5cmFsZXMlMjBkZSUyMHNlcnZpY2UlMjIlMjB0YXJnZXQlM0QlMjJfYmxhbmslMjIlMjAlM0UlM0NpJTIwc3R5bGUlM0QlMjJmb250LXNpemUlM0ElMjAyM3B4JTNCJTIyJTIwY2xhc3MlM0QlMjJmYSUyMGZhLWZpbGUtcGRmLW8lMjIlM0UlM0MlMkZpJTNFJTNDJTJGYSUzRSUzQyUyRnRkJTNFJTBBJTNDJTJGdHIlM0UlMEElM0MlMjEtLS0tRklCUkUlMjBPUFRJUVVFLS0tJTNFJTBBJTNDdHIlM0UlMEElM0N0ZCUzRSUzQ2ElMjBzdHlsZSUzRCUyMmNvbG9yJTNBJTIzNzg3RDg4JTNCJTIwdGV4dC1kZWNvcmF0aW9uJTNBbm9uZSUzQiUyMiUyMGhyZWYlM0QlMjJodHRwcyUzQSUyRiUyRnd3dy5tYnMubWMlMkZ3cC1jb250ZW50JTJGdXBsb2FkcyUyRjIwMTglMkYwMyUyRkNvbmRpdGlvbnMtZmlicmUtUEVYWVMucGRmJTIyJTIwdGl0bGUlM0QlMjJDb25kaXRpb25zJTIwcGFydGljdWxpJUMzJUE4cmVzJTIwRmlicmUlMjBPcHRpcXVlJTIyJTIwdGFyZ2V0JTNEJTIyX2JsYW5rJTIyJTIwJTNFQ29uZGl0aW9ucyUyMHBhcnRpY3VsaSVDMyVBOHJlcyUyMC0lMjBTZXJ2aWNlJTIwZGUlMjBjb25uZWN0aXZpdCVDMyVBOSUyMEludGVybmV0JTNDJTJGYSUzRSUzQyUyRnRkJTNFJTBBJTNDdGQlMjBzdHlsZSUzRCUyMndpZHRoJTNBJTIwMTAlMjUlM0IlMjIlM0UlMEElM0NhJTIwaHJlZiUzRCUyMmh0dHBzJTNBJTJGJTJGd3d3Lm1icy5tYyUyRndwLWNvbnRlbnQlMkZ1cGxvYWRzJTJGMjAxOCUyRjAzJTJGQ29uZGl0aW9ucy1maWJyZS1QRVhZUy5wZGYlMjIlMjB0aXRsZSUzRCUyMkNvbmRpdGlvbnMlMjBwYXJ0aWN1bGklQzMlQThyZXMlMjBGaWJyZSUyME9wdGlxdWUlMjIlMjB0YXJnZXQlM0QlMjJfYmxhbmslMjIlMjAlM0UlM0NpJTIwc3R5bGUlM0QlMjJmb250LXNpemUlM0ElMjAyM3B4JTNCJTIyJTIwY2xhc3MlM0QlMjJmYSUyMGZhLWZpbGUtcGRmLW8lMjIlM0UlM0MlMkZpJTNFJTNDJTJGYSUzRSUzQyUyRnRkJTNFJTBBJTNDJTJGdHIlM0UlMEElM0MlMjEtLS0tVEVMRVBIT05JRS0tLSUzRSUwQSUzQ3RyJTNFJTBBJTNDdGQlM0UlM0NhJTIwc3R5bGUlM0QlMjJjb2xvciUzQSUyMzc4N0Q4OCUzQiUyMHRleHQtZGVjb3JhdGlvbiUzQW5vbmUlM0IlMjIlMjBocmVmJTNEJTIyaHR0cHMlM0ElMkYlMkZ3d3cubWJzLm1jJTJGd3AtY29udGVudCUyRnVwbG9hZHMlMkYyMDE4JTJGMDMlMkZDb25kaXRpb25zLXQlQzMlQTlsJUMzJUE5cGhvbmllLVBFWFlTLnBkZiUyMiUyMHRpdGxlJTNEJTIyQ29uZGl0aW9ucyUyMHBhcnRpY3VsaSVDMyVBOHJlcyUyMC0lMjBTZXJ2aWNlJTIwZGUlMjBUcnVuayUyMFNJUCUyMiUyMHRhcmdldCUzRCUyMl9ibGFuayUyMiUyMCUzRUNvbmRpdGlvbnMlMjBwYXJ0aWN1bGklQzMlQThyZXMlMjAtJTIwU2VydmljZSUyMGRlJTIwVHJ1bmslMjBTSVAlM0MlMkZhJTNFJTNDJTJGdGQlM0UlMEElM0N0ZCUyMHN0eWxlJTNEJTIyd2lkdGglM0ElMjAxMCUyNSUzQiUyMiUzRSUwQSUzQ2ElMjBocmVmJTNEJTIyaHR0cHMlM0ElMkYlMkZ3d3cubWJzLm1jJTJGd3AtY29udGVudCUyRnVwbG9hZHMlMkYyMDE4JTJGMDMlMkZDb25kaXRpb25zLXQlQzMlQTlsJUMzJUE5cGhvbmllLVBFWFlTLnBkZiUyMiUyMHRpdGxlJTNEJTIyQ29uZGl0aW9ucyUyMHBhcnRpY3VsaSVDMyVBOHJlcyUyMC0lMjBTZXJ2aWNlJTIwZGUlMjBUcnVuayUyMFNJUCUyMiUyMHRhcmdldCUzRCUyMl9ibGFuayUyMiUyMCUzRSUzQ2klMjBzdHlsZSUzRCUyMmZvbnQtc2l6ZSUzQSUyMDIzcHglM0IlMjIlMjBjbGFzcyUzRCUyMmZhJTIwZmEtZmlsZS1wZGYtbyUyMiUzRSUzQyUyRmklM0UlM0MlMkZhJTNFJTNDJTJGdGQlM0UlMEElM0MlMkZ0ciUzRSUwQSUzQyUyMS0tLS1WUFMtLS0lM0UlMEElM0N0ciUzRSUwQSUzQ3RkJTNFJTNDYSUyMHN0eWxlJTNEJTIyY29sb3IlM0ElMjM3ODdEODglM0IlMjB0ZXh0LWRlY29yYXRpb24lM0Fub25lJTNCJTIyJTIwaHJlZiUzRCUyMmh0dHBzJTNBJTJGJTJGd3d3Lm1icy5tYyUyRndwLWNvbnRlbnQlMkZ1cGxvYWRzJTJGMjAxOCUyRjAzJTJGQ29uZGl0aW9ucy1WUFMtUEVYWVMucGRmJTIyJTIwdGl0bGUlM0QlMjJDb25kaXRpb25zJTIwcGFydGljdWxpJUMzJUE4cmVzJTIwLSUyMFNlcnZldXIlMjBQcml2JUMzJUE5JTIwVmlydHVlbCUyMiUyMHRhcmdldCUzRCUyMl9ibGFuayUyMiUyMCUzRUNvbmRpdGlvbnMlMjBwYXJ0aWN1bGklQzMlQThyZXMlMjAtJTIwU2VydmV1ciUyMFByaXYlQzMlQTklMjBWaXJ0dWVsJTNDJTJGYSUzRSUzQyUyRnRkJTNFJTBBJTNDdGQlMjBzdHlsZSUzRCUyMndpZHRoJTNBJTIwMTAlMjUlM0IlMjIlM0UlMEElM0NhJTIwaHJlZiUzRCUyMmh0dHBzJTNBJTJGJTJGd3d3Lm1icy5tYyUyRndwLWNvbnRlbnQlMkZ1cGxvYWRzJTJGMjAxOCUyRjAzJTJGQ29uZGl0aW9ucy1WUFMtUEVYWVMucGRmJTIyJTIwdGl0bGUlM0QlMjJDb25kaXRpb25zJTIwcGFydGljdWxpJUMzJUE4cmVzJTIwLSUyMFNlcnZldXIlMjBQcml2JUMzJUE5JTIwVmlydHVlbCUyMiUyMHRhcmdldCUzRCUyMl9ibGFuayUyMiUyMCUzRSUzQ2klMjBzdHlsZSUzRCUyMmZvbnQtc2l6ZSUzQSUyMDIzcHglM0IlMjIlMjBjbGFzcyUzRCUyMmZhJTIwZmEtZmlsZS1wZGYtbyUyMiUzRSUzQyUyRmklM0UlM0MlMkZhJTNFJTNDJTJGdGQlM0UlMEElM0MlMkZ0ciUzRSUwQSUzQyUyRnRib2R5JTNFJTNDJTJGdGFibGUlM0UlMEElMEE=[\/vc_raw_html][\/vc_column][\/vc_row]<\/p>\n<\/div>","protected":false},"excerpt":{"rendered":"<p>[vc_row][vc_column css=&#8221;.vc_custom_1520001675453{padding-bottom: 70px !important;}&#8221;][vc_column_text] Terms and conditions [\/vc_column_text][vc_raw_html]JTNDdGFibGUlMjBjZWxsc3BhY2luZyUzRCUyMjAlMjIlMjBjZWxscGFkZGluZyUzRCUyMjEwJTIyJTNFJTBBJTNDdGJvZHklM0UlMEElM0N0ciUzRSUwQSUzQ3RkJTNFJTNDYSUyMHN0eWxlJTNEJTIyY29sb3IlM0ElMjM3ODdEODglM0IlMjB0ZXh0LWRlY29yYXRpb24lM0Fub25lJTNCJTIyJTIwaHJlZiUzRCUyMmh0dHBzJTNBJTJGJTJGd3d3Lm1icy5tYyUyRndwLWNvbnRlbnQlMkZ1cGxvYWRzJTJGMjAxOCUyRjAzJTJGY2dzLWZyLnBkZiUyMiUyMHRpdGxlJTNEJTIyQ29uZGl0aW9ucyUyMGclQzMlQTluJUMzJUE5cmFsZXMlMjBkZSUyMHNlcnZpY2UlMjIlMjB0YXJnZXQlM0QlMjJfYmxhbmslMjIlMjAlM0VDb25kaXRpb25zJTIwZyVDMyVBOW4lQzMlQTlyYWxlcyUyMGRlJTIwdmVudGUlM0MlMkZhJTNFJTNDJTJGdGQlM0UlMEElM0N0ZCUyMHN0eWxlJTNEJTIyd2lkdGglM0ElMjAxMCUyNSUzQiUyMiUzRSUwQSUzQ2ElMjBocmVmJTNEJTIyaHR0cHMlM0ElMkYlMkZ3d3cubWJzLm1jJTJGd3AtY29udGVudCUyRnVwbG9hZHMlMkYyMDE4JTJGMDMlMkZDR1YucGRmJTIyJTIwdGl0bGUlM0QlMjJDb25kaXRpb25zJTIwZyVDMyVBOW4lQzMlQTlyYWxlcyUyMGRlJTIwdmVudGUlMjIlMjB0YXJnZXQlM0QlMjJfYmxhbmslMjIlMjAlM0UlM0NpJTIwc3R5bGUlM0QlMjJmb250LXNpemUlM0ElMjAyM3B4JTNCJTIyJTIwY2xhc3MlM0QlMjJmYSUyMGZhLWZpbGUtcGRmLW8lMjIlM0UlM0MlMkZpJTNFJTNDJTJGYSUzRSUzQyUyRnRkJTNFJTBBJTNDJTJGdHIlM0UlMEElMEElM0MlMkZ0Ym9keSUzRSUzQyUyRnRhYmxlJTNF[\/vc_raw_html][\/vc_column][\/vc_row][vc_row][vc_column][vc_column_text] General conditions of service [\/vc_column_text][vc_raw_html]JTNDdGFibGUlMjBjZWxsc3BhY2luZyUzRCUyMjAlMjIlMjBjZWxscGFkZGluZyUzRCUyMjEwJTIyJTNFJTBBJTNDdGJvZHklM0UlMEElM0MlMjEtLS0tTUFJTEVYQ0hBTkdFLS0tJTNFJTBBJTNDdHIlM0UlMEElM0N0ZCUzRSUzQ2ElMjBzdHlsZSUzRCUyMmNvbG9yJTNBJTIzNzg3RDg4JTNCJTIwdGV4dC1kZWNvcmF0aW9uJTNBbm9uZSUzQiUyMiUyMGhyZWYlM0QlMjJodHRwcyUzQSUyRiUyRnd3dy5tYnMubWMlMkZ3cC1jb250ZW50JTJGdXBsb2FkcyUyRjIwMTglMkYwMyUyRmNncy1mci5wZGYlMjIlMjB0aXRsZSUzRCUyMkNvbmRpdGlvbnMlMjBnJUMzJUE5biVDMyVBOXJhbGVzJTIwZGUlMjBzZXJ2aWNlJTIyJTIwdGFyZ2V0JTNEJTIyX2JsYW5rJTIyJTIwJTNFQ29uZGl0aW9ucyUyMHBhcnRpY3VsaSVDMyVBOHJlcyUyMC0lMjBTZXJ2aWNlJTIwTWFpbCUyMEV4Y2hhbmdlJTNDJTJGYSUzRSUzQyUyRnRkJTNFJTBBJTNDdGQlMjBzdHlsZSUzRCUyMndpZHRoJTNBJTIwMTAlMjUlM0IlMjIlM0UlMEElM0NhJTIwaHJlZiUzRCUyMmh0dHBzJTNBJTJGJTJGd3d3Lm1icy5tYyUyRndwLWNvbnRlbnQlMkZ1cGxvYWRzJTJGMjAxOCUyRjAzJTJGY2dzLWZyLnBkZiUyMiUyMHRpdGxlJTNEJTIyQ29uZGl0aW9ucyUyMGclQzMlQTluJUMzJUE5cmFsZXMlMjBkZSUyMHNlcnZpY2UlMjIlMjB0YXJnZXQlM0QlMjJfYmxhbmslMjIlMjAlM0UlM0NpJTIwc3R5bGUlM0QlMjJmb250LXNpemUlM0ElMjAyM3B4JTNCJTIyJTIwY2xhc3MlM0QlMjJmYSUyMGZhLWZpbGUtcGRmLW8lMjIlM0UlM0MlMkZpJTNFJTNDJTJGYSUzRSUzQyUyRnRkJTNFJTBBJTNDJTJGdHIlM0UlMEElM0MlMjEtLS0tRklCUkUlMjBPUFRJUVVFLS0tJTNFJTBBJTNDdHIlM0UlMEElM0N0ZCUzRSUzQ2ElMjBzdHlsZSUzRCUyMmNvbG9yJTNBJTIzNzg3RDg4JTNCJTIwdGV4dC1kZWNvcmF0aW9uJTNBbm9uZSUzQiUyMiUyMGhyZWYlM0QlMjJodHRwcyUzQSUyRiUyRnd3dy5tYnMubWMlMkZ3cC1jb250ZW50JTJGdXBsb2FkcyUyRjIwMTglMkYwMyUyRkNvbmRpdGlvbnMtZmlicmUtUEVYWVMucGRmJTIyJTIwdGl0bGUlM0QlMjJDb25kaXRpb25zJTIwcGFydGljdWxpJUMzJUE4cmVzJTIwRmlicmUlMjBPcHRpcXVlJTIyJTIwdGFyZ2V0JTNEJTIyX2JsYW5rJTIyJTIwJTNFQ29uZGl0aW9ucyUyMHBhcnRpY3VsaSVDMyVBOHJlcyUyMC0lMjBTZXJ2aWNlJTIwZGUlMjBjb25uZWN0aXZpdCVDMyVBOSUyMEludGVybmV0JTNDJTJGYSUzRSUzQyUyRnRkJTNFJTBBJTNDdGQlMjBzdHlsZSUzRCUyMndpZHRoJTNBJTIwMTAlMjUlM0IlMjIlM0UlMEElM0NhJTIwaHJlZiUzRCUyMmh0dHBzJTNBJTJGJTJGd3d3Lm1icy5tYyUyRndwLWNvbnRlbnQlMkZ1cGxvYWRzJTJGMjAxOCUyRjAzJTJGQ29uZGl0aW9ucy1maWJyZS1QRVhZUy5wZGYlMjIlMjB0aXRsZSUzRCUyMkNvbmRpdGlvbnMlMjBwYXJ0aWN1bGklQzMlQThyZXMlMjBGaWJyZSUyME9wdGlxdWUlMjIlMjB0YXJnZXQlM0QlMjJfYmxhbmslMjIlMjAlM0UlM0NpJTIwc3R5bGUlM0QlMjJmb250LXNpemUlM0ElMjAyM3B4JTNCJTIyJTIwY2xhc3MlM0QlMjJmYSUyMGZhLWZpbGUtcGRmLW8lMjIlM0UlM0MlMkZpJTNFJTNDJTJGYSUzRSUzQyUyRnRkJTNFJTBBJTNDJTJGdHIlM0UlMEElM0MlMjEtLS0tVEVMRVBIT05JRS0tLSUzRSUwQSUzQ3RyJTNFJTBBJTNDdGQlM0UlM0NhJTIwc3R5bGUlM0QlMjJjb2xvciUzQSUyMzc4N0Q4OCUzQiUyMHRleHQtZGVjb3JhdGlvbiUzQW5vbmUlM0IlMjIlMjBocmVmJTNEJTIyaHR0cHMlM0ElMkYlMkZ3d3cubWJzLm1jJTJGd3AtY29udGVudCUyRnVwbG9hZHMlMkYyMDE4JTJGMDMlMkZDb25kaXRpb25zLXQlQzMlQTlsJUMzJUE5cGhvbmllLVBFWFlTLnBkZiUyMiUyMHRpdGxlJTNEJTIyQ29uZGl0aW9ucyUyMHBhcnRpY3VsaSVDMyVBOHJlcyUyMC0lMjBTZXJ2aWNlJTIwZGUlMjBUcnVuayUyMFNJUCUyMiUyMHRhcmdldCUzRCUyMl9ibGFuayUyMiUyMCUzRUNvbmRpdGlvbnMlMjBwYXJ0aWN1bGklQzMlQThyZXMlMjAtJTIwU2VydmljZSUyMGRlJTIwVHJ1bmslMjBTSVAlM0MlMkZhJTNFJTNDJTJGdGQlM0UlMEElM0N0ZCUyMHN0eWxlJTNEJTIyd2lkdGglM0ElMjAxMCUyNSUzQiUyMiUzRSUwQSUzQ2ElMjBocmVmJTNEJTIyaHR0cHMlM0ElMkYlMkZ3d3cubWJzLm1jJTJGd3AtY29udGVudCUyRnVwbG9hZHMlMkYyMDE4JTJGMDMlMkZDb25kaXRpb25zLXQlQzMlQTlsJUMzJUE5cGhvbmllLVBFWFlTLnBkZiUyMiUyMHRpdGxlJTNEJTIyQ29uZGl0aW9ucyUyMHBhcnRpY3VsaSVDMyVBOHJlcyUyMC0lMjBTZXJ2aWNlJTIwZGUlMjBUcnVuayUyMFNJUCUyMiUyMHRhcmdldCUzRCUyMl9ibGFuayUyMiUyMCUzRSUzQ2klMjBzdHlsZSUzRCUyMmZvbnQtc2l6ZSUzQSUyMDIzcHglM0IlMjIlMjBjbGFzcyUzRCUyMmZhJTIwZmEtZmlsZS1wZGYtbyUyMiUzRSUzQyUyRmklM0UlM0MlMkZhJTNFJTNDJTJGdGQlM0UlMEElM0MlMkZ0ciUzRSUwQSUzQyUyMS0tLS1WUFMtLS0lM0UlMEElM0N0ciUzRSUwQSUzQ3RkJTNFJTNDYSUyMHN0eWxlJTNEJTIyY29sb3IlM0ElMjM3ODdEODglM0IlMjB0ZXh0LWRlY29yYXRpb24lM0Fub25lJTNCJTIyJTIwaHJlZiUzRCUyMmh0dHBzJTNBJTJGJTJGd3d3Lm1icy5tYyUyRndwLWNvbnRlbnQlMkZ1cGxvYWRzJTJGMjAxOCUyRjAzJTJGQ29uZGl0aW9ucy1WUFMtUEVYWVMucGRmJTIyJTIwdGl0bGUlM0QlMjJDb25kaXRpb25zJTIwcGFydGljdWxpJUMzJUE4cmVzJTIwLSUyMFNlcnZldXIlMjBQcml2JUMzJUE5JTIwVmlydHVlbCUyMiUyMHRhcmdldCUzRCUyMl9ibGFuayUyMiUyMCUzRUNvbmRpdGlvbnMlMjBwYXJ0aWN1bGklQzMlQThyZXMlMjAtJTIwU2VydmV1ciUyMFByaXYlQzMlQTklMjBWaXJ0dWVsJTNDJTJGYSUzRSUzQyUyRnRkJTNFJTBBJTNDdGQlMjBzdHlsZSUzRCUyMndpZHRoJTNBJTIwMTAlMjUlM0IlMjIlM0UlMEElM0NhJTIwaHJlZiUzRCUyMmh0dHBzJTNBJTJGJTJGd3d3Lm1icy5tYyUyRndwLWNvbnRlbnQlMkZ1cGxvYWRzJTJGMjAxOCUyRjAzJTJGQ29uZGl0aW9ucy1WUFMtUEVYWVMucGRmJTIyJTIwdGl0bGUlM0QlMjJDb25kaXRpb25zJTIwcGFydGljdWxpJUMzJUE4cmVzJTIwLSUyMFNlcnZldXIlMjBQcml2JUMzJUE5JTIwVmlydHVlbCUyMiUyMHRhcmdldCUzRCUyMl9ibGFuayUyMiUyMCUzRSUzQ2klMjBzdHlsZSUzRCUyMmZvbnQtc2l6ZSUzQSUyMDIzcHglM0IlMjIlMjBjbGFzcyUzRCUyMmZhJTIwZmEtZmlsZS1wZGYtbyUyMiUzRSUzQyUyRmklM0UlM0MlMkZhJTNFJTNDJTJGdGQlM0UlMEElM0MlMkZ0ciUzRSUwQSUzQyUyRnRib2R5JTNFJTNDJTJGdGFibGUlM0UlMEElMEE=[\/vc_raw_html][\/vc_column][\/vc_row]<\/p>\n","protected":false},"author":1,"featured_media":0,"parent":0,"menu_order":0,"comment_status":"closed","ping_status":"closed","template":"","meta":{"footnotes":""},"class_list":["post-17240","page","type-page","status-publish","hentry","description-off"],"yoast_head":"<!-- This site is optimized with the Yoast SEO plugin v26.9 - https:\/\/yoast.com\/product\/yoast-seo-wordpress\/ -->\r\n<title>MBS Solutions Informatiques \u00e0 Monaco - Conditions g\u00e9n\u00e9rales de vente<\/title>\r\n<meta name=\"description\" content=\"Les pr\u00e9sentes Conditions g\u00e9n\u00e9rales de Vente (CGV) r\u00e9gissent toutes les relations commerciales entre MBS sarl et ses clients. Elles s\u2019appliquent...\" \/>\r\n<meta name=\"robots\" content=\"index, follow, max-snippet:-1, max-image-preview:large, max-video-preview:-1\" \/>\r\n<link rel=\"canonical\" href=\"https:\/\/www.mbs.mc\/en\/terms-of-sales\/\" \/>\r\n<meta property=\"og:locale\" content=\"en_US\" \/>\r\n<meta property=\"og:type\" content=\"article\" \/>\r\n<meta property=\"og:title\" content=\"MBS Solutions Informatiques \u00e0 Monaco - Conditions g\u00e9n\u00e9rales de vente\" \/>\r\n<meta property=\"og:description\" content=\"Les pr\u00e9sentes Conditions g\u00e9n\u00e9rales de Vente (CGV) r\u00e9gissent toutes les relations commerciales entre MBS sarl et ses clients. Elles s\u2019appliquent...\" \/>\r\n<meta property=\"og:url\" content=\"https:\/\/www.mbs.mc\/en\/terms-of-sales\/\" \/>\r\n<meta property=\"og:site_name\" content=\"MBS (PEXYS MONACO)\" \/>\r\n<meta property=\"article:publisher\" content=\"https:\/\/www.facebook.com\/mbs.it.monaco\/\" \/>\r\n<meta property=\"article:modified_time\" content=\"2018-03-09T14:51:09+00:00\" \/>\r\n<meta property=\"og:image\" content=\"https:\/\/www.mbs.mc\/wp-content\/uploads\/2018\/01\/logo-retina-mbs.png\" \/>\r\n\t<meta property=\"og:image:width\" content=\"827\" \/>\r\n\t<meta property=\"og:image:height\" content=\"349\" \/>\r\n\t<meta property=\"og:image:type\" content=\"image\/png\" \/>\r\n<meta name=\"twitter:card\" content=\"summary_large_image\" \/>\r\n<meta name=\"twitter:label1\" content=\"Est. reading time\" \/>\n\t<meta name=\"twitter:data1\" content=\"2 minutes\" \/>\r\n<script type=\"application\/ld+json\" class=\"yoast-schema-graph\">{\"@context\":\"https:\/\/schema.org\",\"@graph\":[{\"@type\":\"WebPage\",\"@id\":\"https:\/\/www.mbs.mc\/en\/terms-of-sales\/\",\"url\":\"https:\/\/www.mbs.mc\/en\/terms-of-sales\/\",\"name\":\"MBS Solutions Informatiques \u00e0 Monaco - Conditions g\u00e9n\u00e9rales de vente\",\"isPartOf\":{\"@id\":\"https:\/\/www.mbs.mc\/#website\"},\"datePublished\":\"2017-05-02T06:56:29+00:00\",\"dateModified\":\"2018-03-09T14:51:09+00:00\",\"description\":\"Les pr\u00e9sentes Conditions g\u00e9n\u00e9rales de Vente (CGV) r\u00e9gissent toutes les relations commerciales entre MBS sarl et ses clients. Elles s\u2019appliquent...\",\"breadcrumb\":{\"@id\":\"https:\/\/www.mbs.mc\/en\/terms-of-sales\/#breadcrumb\"},\"inLanguage\":\"en-US\",\"potentialAction\":[{\"@type\":\"ReadAction\",\"target\":[\"https:\/\/www.mbs.mc\/en\/terms-of-sales\/\"]}]},{\"@type\":\"BreadcrumbList\",\"@id\":\"https:\/\/www.mbs.mc\/en\/terms-of-sales\/#breadcrumb\",\"itemListElement\":[{\"@type\":\"ListItem\",\"position\":1,\"name\":\"Accueil\",\"item\":\"https:\/\/www.mbs.mc\/en\/\"},{\"@type\":\"ListItem\",\"position\":2,\"name\":\"Terms of Sales\"}]},{\"@type\":\"WebSite\",\"@id\":\"https:\/\/www.mbs.mc\/#website\",\"url\":\"https:\/\/www.mbs.mc\/\",\"name\":\"MBS (PEXYS MONACO)\",\"description\":\"Solution informatiques | Cloud | Acc\u00e8s internet | T\u00e9l\u00e9phonie IP\",\"publisher\":{\"@id\":\"https:\/\/www.mbs.mc\/#organization\"},\"potentialAction\":[{\"@type\":\"SearchAction\",\"target\":{\"@type\":\"EntryPoint\",\"urlTemplate\":\"https:\/\/www.mbs.mc\/?s={search_term_string}\"},\"query-input\":{\"@type\":\"PropertyValueSpecification\",\"valueRequired\":true,\"valueName\":\"search_term_string\"}}],\"inLanguage\":\"en-US\"},{\"@type\":\"Organization\",\"@id\":\"https:\/\/www.mbs.mc\/#organization\",\"name\":\"MBS\",\"url\":\"https:\/\/www.mbs.mc\/\",\"logo\":{\"@type\":\"ImageObject\",\"inLanguage\":\"en-US\",\"@id\":\"https:\/\/www.mbs.mc\/#\/schema\/logo\/image\/\",\"url\":\"https:\/\/www.mbs.mc\/wp-content\/uploads\/2018\/01\/logo-retina-mbs.png\",\"contentUrl\":\"https:\/\/www.mbs.mc\/wp-content\/uploads\/2018\/01\/logo-retina-mbs.png\",\"width\":827,\"height\":349,\"caption\":\"MBS\"},\"image\":{\"@id\":\"https:\/\/www.mbs.mc\/#\/schema\/logo\/image\/\"},\"sameAs\":[\"https:\/\/www.facebook.com\/mbs.it.monaco\/\",\"https:\/\/www.linkedin.com\/company\/mbs---monaco-business-solutions\"]}]}<\/script>\r\n<!-- \/ Yoast SEO plugin. -->","yoast_head_json":{"title":"MBS Solutions Informatiques \u00e0 Monaco - Conditions g\u00e9n\u00e9rales de vente","description":"Les pr\u00e9sentes Conditions g\u00e9n\u00e9rales de Vente (CGV) r\u00e9gissent toutes les relations commerciales entre MBS sarl et ses clients. Elles s\u2019appliquent...","robots":{"index":"index","follow":"follow","max-snippet":"max-snippet:-1","max-image-preview":"max-image-preview:large","max-video-preview":"max-video-preview:-1"},"canonical":"https:\/\/www.mbs.mc\/en\/terms-of-sales\/","og_locale":"en_US","og_type":"article","og_title":"MBS Solutions Informatiques \u00e0 Monaco - Conditions g\u00e9n\u00e9rales de vente","og_description":"Les pr\u00e9sentes Conditions g\u00e9n\u00e9rales de Vente (CGV) r\u00e9gissent toutes les relations commerciales entre MBS sarl et ses clients. Elles s\u2019appliquent...","og_url":"https:\/\/www.mbs.mc\/en\/terms-of-sales\/","og_site_name":"MBS (PEXYS MONACO)","article_publisher":"https:\/\/www.facebook.com\/mbs.it.monaco\/","article_modified_time":"2018-03-09T14:51:09+00:00","og_image":[{"width":827,"height":349,"url":"https:\/\/www.mbs.mc\/wp-content\/uploads\/2018\/01\/logo-retina-mbs.png","type":"image\/png"}],"twitter_card":"summary_large_image","twitter_misc":{"Est. reading time":"2 minutes"},"schema":{"@context":"https:\/\/schema.org","@graph":[{"@type":"WebPage","@id":"https:\/\/www.mbs.mc\/en\/terms-of-sales\/","url":"https:\/\/www.mbs.mc\/en\/terms-of-sales\/","name":"MBS Solutions Informatiques \u00e0 Monaco - Conditions g\u00e9n\u00e9rales de vente","isPartOf":{"@id":"https:\/\/www.mbs.mc\/#website"},"datePublished":"2017-05-02T06:56:29+00:00","dateModified":"2018-03-09T14:51:09+00:00","description":"Les pr\u00e9sentes Conditions g\u00e9n\u00e9rales de Vente (CGV) r\u00e9gissent toutes les relations commerciales entre MBS sarl et ses clients. Elles s\u2019appliquent...","breadcrumb":{"@id":"https:\/\/www.mbs.mc\/en\/terms-of-sales\/#breadcrumb"},"inLanguage":"en-US","potentialAction":[{"@type":"ReadAction","target":["https:\/\/www.mbs.mc\/en\/terms-of-sales\/"]}]},{"@type":"BreadcrumbList","@id":"https:\/\/www.mbs.mc\/en\/terms-of-sales\/#breadcrumb","itemListElement":[{"@type":"ListItem","position":1,"name":"Accueil","item":"https:\/\/www.mbs.mc\/en\/"},{"@type":"ListItem","position":2,"name":"Terms of Sales"}]},{"@type":"WebSite","@id":"https:\/\/www.mbs.mc\/#website","url":"https:\/\/www.mbs.mc\/","name":"MBS (PEXYS MONACO)","description":"Solution informatiques | Cloud | Acc\u00e8s internet | T\u00e9l\u00e9phonie IP","publisher":{"@id":"https:\/\/www.mbs.mc\/#organization"},"potentialAction":[{"@type":"SearchAction","target":{"@type":"EntryPoint","urlTemplate":"https:\/\/www.mbs.mc\/?s={search_term_string}"},"query-input":{"@type":"PropertyValueSpecification","valueRequired":true,"valueName":"search_term_string"}}],"inLanguage":"en-US"},{"@type":"Organization","@id":"https:\/\/www.mbs.mc\/#organization","name":"MBS","url":"https:\/\/www.mbs.mc\/","logo":{"@type":"ImageObject","inLanguage":"en-US","@id":"https:\/\/www.mbs.mc\/#\/schema\/logo\/image\/","url":"https:\/\/www.mbs.mc\/wp-content\/uploads\/2018\/01\/logo-retina-mbs.png","contentUrl":"https:\/\/www.mbs.mc\/wp-content\/uploads\/2018\/01\/logo-retina-mbs.png","width":827,"height":349,"caption":"MBS"},"image":{"@id":"https:\/\/www.mbs.mc\/#\/schema\/logo\/image\/"},"sameAs":["https:\/\/www.facebook.com\/mbs.it.monaco\/","https:\/\/www.linkedin.com\/company\/mbs---monaco-business-solutions"]}]}},"_links":{"self":[{"href":"https:\/\/www.mbs.mc\/en\/wp-json\/wp\/v2\/pages\/17240","targetHints":{"allow":["GET"]}}],"collection":[{"href":"https:\/\/www.mbs.mc\/en\/wp-json\/wp\/v2\/pages"}],"about":[{"href":"https:\/\/www.mbs.mc\/en\/wp-json\/wp\/v2\/types\/page"}],"author":[{"embeddable":true,"href":"https:\/\/www.mbs.mc\/en\/wp-json\/wp\/v2\/users\/1"}],"replies":[{"embeddable":true,"href":"https:\/\/www.mbs.mc\/en\/wp-json\/wp\/v2\/comments?post=17240"}],"version-history":[{"count":0,"href":"https:\/\/www.mbs.mc\/en\/wp-json\/wp\/v2\/pages\/17240\/revisions"}],"wp:attachment":[{"href":"https:\/\/www.mbs.mc\/en\/wp-json\/wp\/v2\/media?parent=17240"}],"curies":[{"name":"wp","href":"https:\/\/api.w.org\/{rel}","templated":true}]}}