{"id":16712,"date":"2017-12-20T10:47:30","date_gmt":"2017-12-20T09:47:30","guid":{"rendered":"https:\/\/www.mbs.mc\/sitemap\/"},"modified":"2017-12-20T10:48:49","modified_gmt":"2017-12-20T09:48:49","slug":"sitemap","status":"publish","type":"page","link":"https:\/\/www.mbs.mc\/en\/sitemap\/","title":{"rendered":"Sitemap"},"content":{"rendered":"<div class=\"wpb-content-wrapper\"><p>[vc_row][vc_column][vc_column_text]<div class=\"wsp-container\"><h2 class=\"wsp-pages-title\">Pages<\/h2>\n<ul class=\"wsp-pages-list\">\n<li class=\"page_item page-item-16517 page_item_has_children\"><a href=\"https:\/\/www.mbs.mc\/en\/access-providers\/\">ACCESS PROVIDERS<\/a>\n<ul class='children'>\n\t<li class=\"page_item page-item-16594\"><a href=\"https:\/\/www.mbs.mc\/en\/access-providers\/fibre-optics\/\">Fibre optics<\/a><\/li>\n\t<li class=\"page_item page-item-16598\"><a href=\"https:\/\/www.mbs.mc\/en\/access-providers\/test-debit-connexion\/\">Test your connection!<\/a><\/li>\n\t<li class=\"page_item page-item-16597\"><a href=\"https:\/\/www.mbs.mc\/en\/access-providers\/vdsl-sdsl\/\">VDSL \/ SDSL<\/a><\/li>\n\t<li class=\"page_item page-item-16596\"><a href=\"https:\/\/www.mbs.mc\/en\/access-providers\/vpn-links\/\">VPN links<\/a><\/li>\n<\/ul>\n<\/li>\n<li class=\"page_item page-item-16512 page_item_has_children\"><a href=\"https:\/\/www.mbs.mc\/en\/cloud-services\/\">CLOUD SERVICES<\/a>\n<ul class='children'>\n\t<li class=\"page_item page-item-16578\"><a href=\"https:\/\/www.mbs.mc\/en\/cloud-services\/dedicated-servers\/\">Dedicated servers<\/a><\/li>\n\t<li class=\"page_item page-item-16574\"><a href=\"https:\/\/www.mbs.mc\/en\/cloud-services\/domain-name\/\">Domain name<\/a><\/li>\n\t<li class=\"page_item page-item-16565\"><a href=\"https:\/\/www.mbs.mc\/en\/cloud-services\/exchange-messaging\/\">Exchange messaging<\/a><\/li>\n\t<li class=\"page_item page-item-16569\"><a href=\"https:\/\/www.mbs.mc\/en\/cloud-services\/online-backups\/\">Online backups<\/a><\/li>\n\t<li class=\"page_item page-item-16586\"><a href=\"https:\/\/www.mbs.mc\/en\/cloud-services\/ssl\/\">SSL<\/a><\/li>\n\t<li class=\"page_item page-item-16582\"><a href=\"https:\/\/www.mbs.mc\/en\/cloud-services\/vps\/\">VPS<\/a><\/li>\n\t<li class=\"page_item page-item-16561\"><a href=\"https:\/\/www.mbs.mc\/en\/cloud-services\/web-hosting\/\">Web hosting<\/a><\/li>\n<\/ul>\n<\/li>\n<li class=\"page_item page-item-16703\"><a href=\"https:\/\/www.mbs.mc\/en\/database\/\">Database<\/a><\/li>\n<li class=\"page_item page-item-16502\"><a href=\"https:\/\/www.mbs.mc\/en\/\">Home<\/a><\/li>\n<li class=\"page_item page-item-16595\"><a href=\"https:\/\/www.mbs.mc\/en\/ip-telephony\/\">IP telephony<\/a><\/li>\n<li class=\"page_item page-item-16712\"><a href=\"https:\/\/www.mbs.mc\/en\/sitemap\/\">Sitemap<\/a><\/li>\n<li class=\"page_item page-item-17240\"><a href=\"https:\/\/www.mbs.mc\/en\/terms-of-sales\/\">Terms of Sales<\/a><\/li>\n<li class=\"page_item page-item-16507 page_item_has_children\"><a href=\"https:\/\/www.mbs.mc\/en\/it-solutions\/\">IT SOLUTIONS<\/a>\n<ul class='children'>\n\t<li class=\"page_item page-item-16526\"><a href=\"https:\/\/www.mbs.mc\/en\/it-solutions\/audit-consulting\/\">Audit &#038; Consulting<\/a><\/li>\n\t<li class=\"page_item page-item-16539\"><a href=\"https:\/\/www.mbs.mc\/en\/it-solutions\/hardware-and-software-sales\/\">Hardware and software sales<\/a><\/li>\n\t<li class=\"page_item page-item-16543\"><a href=\"https:\/\/www.mbs.mc\/en\/it-solutions\/it-maintenance\/\">IT maintenance<\/a><\/li>\n\t<li class=\"page_item page-item-16530\"><a href=\"https:\/\/www.mbs.mc\/en\/it-solutions\/network-security\/\">Network &#038; security<\/a><\/li>\n\t<li class=\"page_item page-item-16553\"><a href=\"https:\/\/www.mbs.mc\/en\/it-solutions\/outsourcing\/\">Outsourcing<\/a><\/li>\n\t<li class=\"page_item page-item-16557\"><a href=\"https:\/\/www.mbs.mc\/en\/it-solutions\/printing-solutions-mbsclick\/\">Printing solutions<\/a><\/li>\n\t<li class=\"page_item page-item-16547\"><a href=\"https:\/\/www.mbs.mc\/en\/it-solutions\/storage-solutions\/\">Storage solutions<\/a><\/li>\n\t<li class=\"page_item page-item-16535\"><a href=\"https:\/\/www.mbs.mc\/en\/it-solutions\/system-virtualization\/\">System &#038; Virtualization<\/a><\/li>\n<\/ul>\n<\/li>\n<li class=\"page_item page-item-16522\"><a href=\"https:\/\/www.mbs.mc\/en\/contact\/\">Contact<\/a><\/li>\n<\/ul>\n<\/div>[\/vc_column_text][\/vc_column][\/vc_row][vc_row type=&#8221;vc_default&#8221; bg_type=&#8221;bg_color&#8221; bg_override=&#8221;full&#8221; bg_color_value=&#8221;#73a854&#8243;][vc_column][vc_empty_space height=&#8221;20px&#8221;][vc_custom_heading text=&#8221;Do you have a project with us? Do not hesitate.&#8221; font_container=&#8221;tag:h2|text_align:center|color:%23ffffff&#8221; use_theme_fonts=&#8221;yes&#8221;][vc_empty_space height=&#8221;20px&#8221;][vc_btn title=&#8221;Contact us&#8221; style=&#8221;classic&#8221; color=&#8221;black&#8221; align=&#8221;center&#8221; i_icon_fontawesome=&#8221;fa fa-envelope-o&#8221; add_icon=&#8221;true&#8221; link=&#8221;url:https%3A%2F%2Fwww.mbs.mc%2Fen%2Fcontact%2F|||&#8221;][vc_empty_space height=&#8221;20px&#8221;][\/vc_column][\/vc_row]<\/p>\n<\/div>","protected":false},"excerpt":{"rendered":"<p>[vc_row][vc_column][vc_column_text][\/vc_column_text][\/vc_column][\/vc_row][vc_row type=&#8221;vc_default&#8221; bg_type=&#8221;bg_color&#8221; bg_override=&#8221;full&#8221; bg_color_value=&#8221;#73a854&#8243;][vc_column][vc_empty_space height=&#8221;20px&#8221;][vc_custom_heading text=&#8221;Do you have a project with us? Do not hesitate.&#8221; font_container=&#8221;tag:h2|text_align:center|color:%23ffffff&#8221; use_theme_fonts=&#8221;yes&#8221;][vc_empty_space height=&#8221;20px&#8221;][vc_btn title=&#8221;Contact us&#8221; style=&#8221;classic&#8221; color=&#8221;black&#8221; align=&#8221;center&#8221; i_icon_fontawesome=&#8221;fa fa-envelope-o&#8221; add_icon=&#8221;true&#8221; link=&#8221;url:https%3A%2F%2Fwww.mbs.mc%2Fen%2Fcontact%2F|||&#8221;][vc_empty_space height=&#8221;20px&#8221;][\/vc_column][\/vc_row]<\/p>\n","protected":false},"author":1,"featured_media":0,"parent":0,"menu_order":0,"comment_status":"closed","ping_status":"closed","template":"","meta":{"footnotes":""},"class_list":["post-16712","page","type-page","status-publish","hentry","description-off"],"yoast_head":"<!-- This site is optimized with the Yoast SEO plugin v26.9 - https:\/\/yoast.com\/product\/yoast-seo-wordpress\/ -->\r\n<title>Sitemap - MBS (PEXYS MONACO)<\/title>\r\n<meta name=\"robots\" content=\"index, follow, max-snippet:-1, max-image-preview:large, max-video-preview:-1\" \/>\r\n<link rel=\"canonical\" href=\"https:\/\/www.mbs.mc\/en\/sitemap\/\" \/>\r\n<meta property=\"og:locale\" content=\"en_US\" \/>\r\n<meta property=\"og:type\" content=\"article\" \/>\r\n<meta property=\"og:title\" content=\"Sitemap - MBS (PEXYS MONACO)\" \/>\r\n<meta property=\"og:description\" content=\"[vc_row][vc_column][vc_column_text][\/vc_column_text][\/vc_column][\/vc_row][vc_row type=&#8221;vc_default&#8221; bg_type=&#8221;bg_color&#8221; bg_override=&#8221;full&#8221; bg_color_value=&#8221;#73a854&#8243;][vc_column][vc_empty_space height=&#8221;20px&#8221;][vc_custom_heading text=&#8221;Do you have a project with us? Do not hesitate.&#8221; font_container=&#8221;tag:h2|text_align:center|color:%23ffffff&#8221; use_theme_fonts=&#8221;yes&#8221;][vc_empty_space height=&#8221;20px&#8221;][vc_btn title=&#8221;Contact us&#8221; style=&#8221;classic&#8221; color=&#8221;black&#8221; align=&#8221;center&#8221; i_icon_fontawesome=&#8221;fa fa-envelope-o&#8221; add_icon=&#8221;true&#8221; link=&#8221;url:https%3A%2F%2Fwww.mbs.mc%2Fen%2Fcontact%2F|||&#8221;][vc_empty_space height=&#8221;20px&#8221;][\/vc_column][\/vc_row]\" \/>\r\n<meta property=\"og:url\" content=\"https:\/\/www.mbs.mc\/en\/sitemap\/\" \/>\r\n<meta property=\"og:site_name\" content=\"MBS (PEXYS MONACO)\" \/>\r\n<meta property=\"article:publisher\" content=\"https:\/\/www.facebook.com\/mbs.it.monaco\/\" \/>\r\n<meta property=\"article:modified_time\" content=\"2017-12-20T09:48:49+00:00\" \/>\r\n<meta property=\"og:image\" content=\"https:\/\/www.mbs.mc\/wp-content\/uploads\/2018\/01\/logo-retina-mbs.png\" \/>\r\n\t<meta property=\"og:image:width\" content=\"827\" \/>\r\n\t<meta property=\"og:image:height\" content=\"349\" \/>\r\n\t<meta property=\"og:image:type\" content=\"image\/png\" \/>\r\n<meta name=\"twitter:card\" content=\"summary_large_image\" \/>\r\n<meta name=\"twitter:label1\" content=\"Est. reading time\" \/>\n\t<meta name=\"twitter:data1\" content=\"1 minute\" \/>\r\n<script type=\"application\/ld+json\" class=\"yoast-schema-graph\">{\"@context\":\"https:\/\/schema.org\",\"@graph\":[{\"@type\":\"WebPage\",\"@id\":\"https:\/\/www.mbs.mc\/en\/sitemap\/\",\"url\":\"https:\/\/www.mbs.mc\/en\/sitemap\/\",\"name\":\"Sitemap - MBS (PEXYS MONACO)\",\"isPartOf\":{\"@id\":\"https:\/\/www.mbs.mc\/#website\"},\"datePublished\":\"2017-12-20T09:47:30+00:00\",\"dateModified\":\"2017-12-20T09:48:49+00:00\",\"breadcrumb\":{\"@id\":\"https:\/\/www.mbs.mc\/en\/sitemap\/#breadcrumb\"},\"inLanguage\":\"en-US\",\"potentialAction\":[{\"@type\":\"ReadAction\",\"target\":[\"https:\/\/www.mbs.mc\/en\/sitemap\/\"]}]},{\"@type\":\"BreadcrumbList\",\"@id\":\"https:\/\/www.mbs.mc\/en\/sitemap\/#breadcrumb\",\"itemListElement\":[{\"@type\":\"ListItem\",\"position\":1,\"name\":\"Accueil\",\"item\":\"https:\/\/www.mbs.mc\/en\/\"},{\"@type\":\"ListItem\",\"position\":2,\"name\":\"Sitemap\"}]},{\"@type\":\"WebSite\",\"@id\":\"https:\/\/www.mbs.mc\/#website\",\"url\":\"https:\/\/www.mbs.mc\/\",\"name\":\"MBS (PEXYS MONACO)\",\"description\":\"Solution informatiques | Cloud | Acc\u00e8s internet | T\u00e9l\u00e9phonie IP\",\"publisher\":{\"@id\":\"https:\/\/www.mbs.mc\/#organization\"},\"potentialAction\":[{\"@type\":\"SearchAction\",\"target\":{\"@type\":\"EntryPoint\",\"urlTemplate\":\"https:\/\/www.mbs.mc\/?s={search_term_string}\"},\"query-input\":{\"@type\":\"PropertyValueSpecification\",\"valueRequired\":true,\"valueName\":\"search_term_string\"}}],\"inLanguage\":\"en-US\"},{\"@type\":\"Organization\",\"@id\":\"https:\/\/www.mbs.mc\/#organization\",\"name\":\"MBS\",\"url\":\"https:\/\/www.mbs.mc\/\",\"logo\":{\"@type\":\"ImageObject\",\"inLanguage\":\"en-US\",\"@id\":\"https:\/\/www.mbs.mc\/#\/schema\/logo\/image\/\",\"url\":\"https:\/\/www.mbs.mc\/wp-content\/uploads\/2018\/01\/logo-retina-mbs.png\",\"contentUrl\":\"https:\/\/www.mbs.mc\/wp-content\/uploads\/2018\/01\/logo-retina-mbs.png\",\"width\":827,\"height\":349,\"caption\":\"MBS\"},\"image\":{\"@id\":\"https:\/\/www.mbs.mc\/#\/schema\/logo\/image\/\"},\"sameAs\":[\"https:\/\/www.facebook.com\/mbs.it.monaco\/\",\"https:\/\/www.linkedin.com\/company\/mbs---monaco-business-solutions\"]}]}<\/script>\r\n<!-- \/ Yoast SEO plugin. -->","yoast_head_json":{"title":"Sitemap - MBS (PEXYS MONACO)","robots":{"index":"index","follow":"follow","max-snippet":"max-snippet:-1","max-image-preview":"max-image-preview:large","max-video-preview":"max-video-preview:-1"},"canonical":"https:\/\/www.mbs.mc\/en\/sitemap\/","og_locale":"en_US","og_type":"article","og_title":"Sitemap - MBS (PEXYS MONACO)","og_description":"[vc_row][vc_column][vc_column_text][\/vc_column_text][\/vc_column][\/vc_row][vc_row type=&#8221;vc_default&#8221; bg_type=&#8221;bg_color&#8221; bg_override=&#8221;full&#8221; bg_color_value=&#8221;#73a854&#8243;][vc_column][vc_empty_space height=&#8221;20px&#8221;][vc_custom_heading text=&#8221;Do you have a project with us? Do not hesitate.&#8221; font_container=&#8221;tag:h2|text_align:center|color:%23ffffff&#8221; use_theme_fonts=&#8221;yes&#8221;][vc_empty_space height=&#8221;20px&#8221;][vc_btn title=&#8221;Contact us&#8221; style=&#8221;classic&#8221; color=&#8221;black&#8221; align=&#8221;center&#8221; i_icon_fontawesome=&#8221;fa fa-envelope-o&#8221; add_icon=&#8221;true&#8221; link=&#8221;url:https%3A%2F%2Fwww.mbs.mc%2Fen%2Fcontact%2F|||&#8221;][vc_empty_space height=&#8221;20px&#8221;][\/vc_column][\/vc_row]","og_url":"https:\/\/www.mbs.mc\/en\/sitemap\/","og_site_name":"MBS (PEXYS MONACO)","article_publisher":"https:\/\/www.facebook.com\/mbs.it.monaco\/","article_modified_time":"2017-12-20T09:48:49+00:00","og_image":[{"width":827,"height":349,"url":"https:\/\/www.mbs.mc\/wp-content\/uploads\/2018\/01\/logo-retina-mbs.png","type":"image\/png"}],"twitter_card":"summary_large_image","twitter_misc":{"Est. reading time":"1 minute"},"schema":{"@context":"https:\/\/schema.org","@graph":[{"@type":"WebPage","@id":"https:\/\/www.mbs.mc\/en\/sitemap\/","url":"https:\/\/www.mbs.mc\/en\/sitemap\/","name":"Sitemap - MBS (PEXYS MONACO)","isPartOf":{"@id":"https:\/\/www.mbs.mc\/#website"},"datePublished":"2017-12-20T09:47:30+00:00","dateModified":"2017-12-20T09:48:49+00:00","breadcrumb":{"@id":"https:\/\/www.mbs.mc\/en\/sitemap\/#breadcrumb"},"inLanguage":"en-US","potentialAction":[{"@type":"ReadAction","target":["https:\/\/www.mbs.mc\/en\/sitemap\/"]}]},{"@type":"BreadcrumbList","@id":"https:\/\/www.mbs.mc\/en\/sitemap\/#breadcrumb","itemListElement":[{"@type":"ListItem","position":1,"name":"Accueil","item":"https:\/\/www.mbs.mc\/en\/"},{"@type":"ListItem","position":2,"name":"Sitemap"}]},{"@type":"WebSite","@id":"https:\/\/www.mbs.mc\/#website","url":"https:\/\/www.mbs.mc\/","name":"MBS (PEXYS MONACO)","description":"Solution informatiques | Cloud | Acc\u00e8s internet | T\u00e9l\u00e9phonie IP","publisher":{"@id":"https:\/\/www.mbs.mc\/#organization"},"potentialAction":[{"@type":"SearchAction","target":{"@type":"EntryPoint","urlTemplate":"https:\/\/www.mbs.mc\/?s={search_term_string}"},"query-input":{"@type":"PropertyValueSpecification","valueRequired":true,"valueName":"search_term_string"}}],"inLanguage":"en-US"},{"@type":"Organization","@id":"https:\/\/www.mbs.mc\/#organization","name":"MBS","url":"https:\/\/www.mbs.mc\/","logo":{"@type":"ImageObject","inLanguage":"en-US","@id":"https:\/\/www.mbs.mc\/#\/schema\/logo\/image\/","url":"https:\/\/www.mbs.mc\/wp-content\/uploads\/2018\/01\/logo-retina-mbs.png","contentUrl":"https:\/\/www.mbs.mc\/wp-content\/uploads\/2018\/01\/logo-retina-mbs.png","width":827,"height":349,"caption":"MBS"},"image":{"@id":"https:\/\/www.mbs.mc\/#\/schema\/logo\/image\/"},"sameAs":["https:\/\/www.facebook.com\/mbs.it.monaco\/","https:\/\/www.linkedin.com\/company\/mbs---monaco-business-solutions"]}]}},"_links":{"self":[{"href":"https:\/\/www.mbs.mc\/en\/wp-json\/wp\/v2\/pages\/16712","targetHints":{"allow":["GET"]}}],"collection":[{"href":"https:\/\/www.mbs.mc\/en\/wp-json\/wp\/v2\/pages"}],"about":[{"href":"https:\/\/www.mbs.mc\/en\/wp-json\/wp\/v2\/types\/page"}],"author":[{"embeddable":true,"href":"https:\/\/www.mbs.mc\/en\/wp-json\/wp\/v2\/users\/1"}],"replies":[{"embeddable":true,"href":"https:\/\/www.mbs.mc\/en\/wp-json\/wp\/v2\/comments?post=16712"}],"version-history":[{"count":0,"href":"https:\/\/www.mbs.mc\/en\/wp-json\/wp\/v2\/pages\/16712\/revisions"}],"wp:attachment":[{"href":"https:\/\/www.mbs.mc\/en\/wp-json\/wp\/v2\/media?parent=16712"}],"curies":[{"name":"wp","href":"https:\/\/api.w.org\/{rel}","templated":true}]}}