{"id":16595,"date":"2017-06-15T14:51:11","date_gmt":"2017-06-15T12:51:11","guid":{"rendered":"https:\/\/www.mbs.mc\/access-providers\/telephonie-ip\/"},"modified":"2018-01-30T09:04:21","modified_gmt":"2018-01-30T08:04:21","slug":"ip-telephony","status":"publish","type":"page","link":"https:\/\/www.mbs.mc\/en\/ip-telephony\/","title":{"rendered":"IP telephony"},"content":{"rendered":"<div class=\"wpb-content-wrapper\"><p>[vc_row type=&#8221;vc_default&#8221; css=&#8221;.vc_custom_1511343916253{padding-top: 70px !important;padding-bottom: 40px !important;}&#8221;][vc_column][vc_column_text]<\/p>\n<h2 style=\"text-align: center;\"><strong>Recoup the cost<\/strong> of your Internet subscription by adding <strong>digital telephony<\/strong> thanks to MBS&#8217;s expertise.<\/h2>\n<p>&nbsp;<\/p>\n<p>The incumbent telephone operators are gradually abandoning analogue and its wired connections in favour of VoIP. The management of your IP telephony with your entire<strong> IT infrastructure is simplified and less costly.<\/strong>[\/vc_column_text][\/vc_column][\/vc_row][vc_row type=&#8221;vc_default&#8221; bg_type=&#8221;bg_color&#8221; bg_override=&#8221;full&#8221; css=&#8221;.vc_custom_1511344458464{padding-top: 40px !important;padding-bottom: 40px !important;}&#8221; bg_color_value=&#8221;#f8f8f9&#8243;][vc_column width=&#8221;1\/3&#8243;][ucaddon_uc_clean_carousel_content title=&#8221;Our strengths&#8221; bg_color=&#8221;#F8F8F9&#8243; main_border_color=&#8221;#F8F8F9&#8243; corner_border=&#8221;#F8F8F9&#8243; icon=&#8221;fa fa-plus&#8221; icon_color=&#8221;#19477D&#8221; btn_text=&#8221;&#8221; btn_color=&#8221;&#8221; link=&#8221;&#8221; uc_fonts_data=&#8221;JTdCJTdE&#8221;]JTNDcCUzRVNpbXBsaWNpdHklMjBpcyUyME1CUyUyN3MlMjB3YXRjaHdvcmQuJTNDJTJGcCUzRSUzQ3AlM0VXZSUyMGltcGxlbWVudCUyMHJlbGlhYmxlJTIwc29sdXRpb25zJTIwYW5kJTIwb2ZmZXIlMjB5b3UlMjB0aGUlMjBvcHRpb24lMjBvZiUyMGJlaW5nJTIwaW5kZXBlbmRlbnQlMjBvbiUyMHRoZSUyMG9mZmVycy4lM0MlMkZwJTNF[\/ucaddon_uc_clean_carousel_content][\/vc_column][vc_column width=&#8221;1\/3&#8243;][ucaddon_uc_clean_carousel_content title=&#8221;Our difference&#8221; bg_color=&#8221;#F8F8F9&#8243; main_border_color=&#8221;#F8F8F9&#8243; corner_border=&#8221;#F8F8F9&#8243; icon=&#8221;fa fa-cogs&#8221; icon_color=&#8221;#19477D&#8221; btn_text=&#8221;&#8221; btn_color=&#8221;&#8221; link=&#8221;&#8221; uc_fonts_data=&#8221;JTdCJTdE&#8221;]JTNDcCUzRU1CUyUyMGlzJTIweW91ciUyMG9uZS1zdG9wJTIwc2hvcCUyMGZvciUyMGFsbCUyMHlvdXIlMjBzZXJ2aWNlcy4lM0MlMkZwJTNFJTNDcCUzRVRlbGVwaG9ueSUyQyUyMEludGVybmV0JTIwYWNjZXNzJTJDJTIwVlBOJTJDJTIwZS1tYWlsJTJDJTIwQ2xvdWQlM0MlMkZwJTNF[\/ucaddon_uc_clean_carousel_content][\/vc_column][vc_column width=&#8221;1\/3&#8243;][ucaddon_uc_clean_carousel_content title=&#8221;Our vision&#8221; bg_color=&#8221;#F8F8F9&#8243; main_border_color=&#8221;#F8F8F9&#8243; corner_border=&#8221;#F8F8F9&#8243; icon=&#8221;fa fa-eye&#8221; icon_color=&#8221;#19477D&#8221; btn_text=&#8221;&#8221; btn_color=&#8221;&#8221; link=&#8221;&#8221; uc_fonts_data=&#8221;JTdCJTdE&#8221;]JTNDcCUzRVB1dCUyMGElMjByb2J1c3QlMjBwbGF0Zm9ybSUyMGF0JTIwdGhlJTIwZGlzcG9zYWwlMjBvZiUyMG91ciUyMGN1c3RvbWVycy4lM0MlMkZwJTNFJTNDcCUzRVdlJTIwcGFydG5lciUyMHlvdSUyMHRocm91Z2hvdXQlMjB5b3VyJTIwcHJvamVjdHMlMjBhbmQlMjBwcm92aWRlJTIwc2VydmljZSUyMGFuZCUyMFIlMjZhbXAlM0JEJTIwY2FwYWJpbGl0eSUzQyUyRnAlM0U=[\/ucaddon_uc_clean_carousel_content][\/vc_column][\/vc_row][vc_row type=&#8221;vc_default&#8221; css=&#8221;.vc_custom_1511344498525{padding-top: 40px !important;padding-bottom: 70px !important;}&#8221;][vc_column][vc_column_text]<\/p>\n<h2>ALL YOUR TELEPHONY IN THE CLOUD<\/h2>\n<p>[\/vc_column_text][ucaddon_three_feature_boxes uc_items_data=&#8221;JTVCJTdCJTIydGl0bGUlMjIlM0ElMjJTY2FsYWJpbGl0eSUyMiUyQyUyMmNvbnRlbnQlMjIlM0ElMjJBdCUyMHRoZSUyMGN1dHRpbmclMjBlZGdlJTIwb2YlMjB0ZWxlY29tbXVuaWNhdGlvbnMlMjB0ZWNobm9sb2dpZXMlMkMlMjBNQlMlMjdzJTIwUiUyNkQlMjBpbXBsZW1lbnRzJTIwYWxsJTIwdGhlJTIwdGVjaG5pY2FsJTIwYWR2YW5jZXMlMjBzZXJ2aW5nJTIwdm9pY2UlMjBhbmQlMjBkYXRhJTIwcGxhdGZvcm1zLiUyMiUyQyUyMmxpbmtfdHh0JTIyJTNBJTIyJTIyJTJDJTIybGluayUyMiUzQSUyMiUyMiUyQyUyMmJhY2tncm91bmQlMjIlM0ElMjIlMjM0MTg0RDIlMjIlN0QlMkMlN0IlMjJ0aXRsZSUyMiUzQSUyMkZsZXhpYmlsaXR5JTIyJTJDJTIyY29udGVudCUyMiUzQSUyMlRoZSUyMGhvc3RlZCUyMHRlbGVwaG9ueSUyMHNlcnZpY2UlMjBpcyUyMGRlc2lnbmVkJTIwaW4lMjBhJTIwZmxleGlibGUlMjBhbmQlMjBtb2R1bGFyJTIwbWFubmVyJTIwdG8lMjBhZGFwdCUyMHRvJTIwYW55JTIwZW52aXJvbm1lbnQlMjIlMkMlMjJsaW5rX3R4dCUyMiUzQSUyMiUyMiUyQyUyMmxpbmslMjIlM0ElMjIlMjIlMkMlMjJiYWNrZ3JvdW5kJTIyJTNBJTIyJTIzMUU2MEFFJTIyJTdEJTJDJTdCJTIydGl0bGUlMjIlM0ElMjJMb3clMjBjb3N0JTIyJTJDJTIyY29udGVudCUyMiUzQSUyMldpdGglMjBob3N0ZWQlMjB0ZWxlcGhvbnklMjB5b3UlMjBkcmFzdGljYWxseSUyMGN1dCUyMHlvdXIlMjBvcGVyYXRpbmclMjBjb3N0cyUzQiUyMGFuZCUyMGFsc28lMjB5b3VyJTIwY2FwaXRhbCUyMGV4cGVuZGl0dXJlLiUyMiUyQyUyMmxpbmtfdHh0JTIyJTNBJTIyJTIyJTJDJTIybGluayUyMiUzQSUyMiUyMiUyQyUyMmJhY2tncm91bmQlMjIlM0ElMjIlMjMxOTQ3N0QlMjIlN0QlNUQ=&#8221; uc_fonts_data=&#8221;JTdCJTdE&#8221;][\/vc_column][\/vc_row][vc_row type=&#8221;vc_default&#8221; bg_type=&#8221;bg_color&#8221; bg_override=&#8221;ex-full&#8221; css=&#8221;.vc_custom_1505401936547{padding-top: 70px !important;padding-bottom: 70px !important;}&#8221; bg_color_value=&#8221;#f8f8f9&#8243;][vc_column][vc_column_text]<\/p>\n<h2>A MULTITUDE OF <strong>HOSTED SERVICES<\/strong><\/h2>\n<p>[\/vc_column_text][vc_column_text]An advanced <strong>telephony system<\/strong> with functionality <strong>hitherto reserved for large companies.<\/strong>[\/vc_column_text][vc_single_image image=&#8221;16671&#8243; img_size=&#8221;full&#8221; alignment=&#8221;center&#8221;][vc_row_inner][vc_column_inner width=&#8221;1\/2&#8243;][vc_empty_space height=&#8221;20px&#8221;][vc_column_text]<\/p>\n<h3>&#8220;<strong>User-centric<\/strong>&#8221; services<\/h3>\n<p>[\/vc_column_text]<div class=\"standard-arrow bullet-top\"><ul>\n<li>Pre-pickup<\/li>\n<li>Call forwarding (aka call diversion)<\/li>\n<li>Call transfer<\/li>\n<li>Music while on hold<\/li>\n<li>Directory on the workstation<\/li>\n<li>Call log<\/li>\n<li>Routing of emergency numbers<\/li>\n<\/ul>\n<\/div>[\/vc_column_inner][vc_column_inner width=&#8221;1\/2&#8243;][vc_empty_space height=&#8221;20px&#8221;][vc_column_text]<\/p>\n<h3>&#8220;<strong>Group-centric<\/strong>&#8221; services<\/h3>\n<p>[\/vc_column_text]<div class=\"standard-arrow bullet-top\"><ul>\n<li>Supervision<\/li>\n<li>Interception group<\/li>\n<li>Interactive Voice Server (IVS)<\/li>\n<li>Call group<\/li>\n<\/ul>\n<\/div>[\/vc_column_inner][\/vc_row_inner][vc_empty_space][vc_row_inner][vc_column_inner width=&#8221;1\/2&#8243;][vc_column_text]<\/p>\n<h4>The Interactive Voice Server (IVS)<\/h4>\n<p>[\/vc_column_text][vc_column_text]The <strong>Interactive Voice Server<\/strong> lets you have a custom reception system and route your incoming calls according to your caller&#8217;s needs.[\/vc_column_text][vc_single_image image=&#8221;16673&#8243; img_size=&#8221;full&#8221; alignment=&#8221;center&#8221;][\/vc_column_inner][vc_column_inner width=&#8221;1\/2&#8243;][vc_column_text]<\/p>\n<h4>Call group<\/h4>\n<p>[\/vc_column_text][vc_column_text css=&#8221;.vc_custom_1513669528502{margin-bottom: 0px !important;padding-bottom: 0px !important;}&#8221;]<strong>Call group<\/strong> functionality lets you control your various skills centres with a single number and closely manage members and call choices[\/vc_column_text][vc_single_image image=&#8221;16675&#8243; img_size=&#8221;full&#8221; alignment=&#8221;center&#8221;][\/vc_column_inner][\/vc_row_inner][\/vc_column][\/vc_row][vc_row type=&#8221;vc_default&#8221; css=&#8221;.vc_custom_1505401658218{padding-top: 70px !important;padding-bottom: 70px !important;}&#8221;][vc_column][vc_column_text]<\/p>\n<h2>OUR EQUIPMENT RANGE<\/h2>\n<p>[\/vc_column_text][vc_row_inner][vc_column_inner width=&#8221;1\/3&#8243;][vc_single_image image=&#8221;16677&#8243; img_size=&#8221;full&#8221; alignment=&#8221;center&#8221;][\/vc_column_inner][vc_column_inner width=&#8221;1\/3&#8243;][vc_single_image image=&#8221;16679&#8243; img_size=&#8221;full&#8221; alignment=&#8221;center&#8221;][\/vc_column_inner][vc_column_inner width=&#8221;1\/3&#8243;][vc_single_image image=&#8221;16681&#8243; img_size=&#8221;full&#8221; alignment=&#8221;center&#8221;][\/vc_column_inner][\/vc_row_inner][\/vc_column][\/vc_row][vc_row type=&#8221;vc_default&#8221; css=&#8221;.vc_custom_1506527053493{padding-bottom: 70px !important;}&#8221;][vc_column][vc_column_text]<\/p>\n<h2>OUR<strong> YEALINK<\/strong> RANGE<\/h2>\n<p>[\/vc_column_text][vc_tour interval=&#8221;0&#8243;][vc_tab title=&#8221;T46S&#8221; tab_id=&#8221;c4851d48-135b-6&#8243;][vc_row_inner][vc_column_inner width=&#8221;3\/4&#8243;][vc_column_text]<\/p>\n<h3>T46S<\/h3>\n<p>Yealink&#8217;s T46 G is designed to handle a high volume of calls. Giga connectors, six optional extension modules and a large colour screen make it an ideal tool for switchboard functions. Its very flexible ergonomics are designed to transfer individual or conference calls. Its strong point is its Optima HD, which offers excellent quality without interference.[\/vc_column_text][\/vc_column_inner][vc_column_inner width=&#8221;1\/4&#8243;][vc_single_image image=&#8221;15416&#8243; img_size=&#8221;full&#8221; alignment=&#8221;center&#8221;][\/vc_column_inner][\/vc_row_inner][\/vc_tab][vc_tab title=&#8221;T48S&#8221; tab_id=&#8221;1505398230869-3-5&#8243;][vc_row_inner][vc_column_inner width=&#8221;3\/4&#8243;][vc_column_text]<\/p>\n<h3>T48S<\/h3>\n<p>With an immense 7-inch colour touch screen, the T48 G takes call handling and supervision to another dimension. Thanks to its screen you can view and handle 29 lines at once quite easily. Moreover, with its HD sound, six optional additional modules make it the ideal tool for demanding executives and professions. It features Gigabit Ethernet ports.[\/vc_column_text][\/vc_column_inner][vc_column_inner width=&#8221;1\/4&#8243;][vc_single_image image=&#8221;15418&#8243; img_size=&#8221;full&#8221; alignment=&#8221;center&#8221;][\/vc_column_inner][\/vc_row_inner][\/vc_tab][\/vc_tour][vc_column_text]<\/p>\n<h2>OUR<strong> DECT<\/strong> RANGE<\/h2>\n<p>[\/vc_column_text][vc_tour interval=&#8221;0&#8243;][vc_tab title=&#8221;Snom M325&#8243; tab_id=&#8221;1510246563562-0-3&#8243;][vc_row_inner][vc_column_inner width=&#8221;3\/4&#8243;][vc_column_text]<\/p>\n<h3>Snom M325 : <span class=\"od_red15px\">Snom M300 Base DECT + Snom M25<\/span><\/h3>\n<p>The Snom M325 pack is the ideal solution for companies needing to connect several telephones to the same base. The Snom M300 base station is <strong>compatible<\/strong> with the entire range of the main <strong>IP\u2013PBX systems.<\/strong> To enable companies to work easily, the M300 base can receive up to <strong>20 telephones<\/strong>, so that each member of staff can have their own telephone.<\/p>\n<p>.[\/vc_column_text][\/vc_column_inner][vc_column_inner width=&#8221;1\/4&#8243;][vc_single_image image=&#8221;16082&#8243; img_size=&#8221;full&#8221; alignment=&#8221;center&#8221;][\/vc_column_inner][\/vc_row_inner][\/vc_tab][vc_tab title=&#8221;Snom M85&#8243; tab_id=&#8221;1510246564781-0-5&#8243;][vc_row_inner][vc_column_inner width=&#8221;3\/4&#8243;][vc_column_text]<\/p>\n<h3>Snom M85 :<br \/>\nCordless handset, IP65 for IP-DECT Snom system<\/h3>\n<p>Snom M85 has a <strong>powerful battery<\/strong> (Li-ion 1100 mAh) offering a <strong>battery life of 12 hours<\/strong> for conversations and 10 days in standby mode. However, it can also be combined with a wide-band CAT-iq audio. For greater comfort, Snom M85 has a <strong>hands-free function<\/strong>, a <strong>3.5 mm jack socket<\/strong> for a headset and <strong>Bluetooth technology<\/strong> (making it compatible with a Bluetooth headset).[\/vc_column_text][\/vc_column_inner][vc_column_inner width=&#8221;1\/4&#8243;][vc_single_image image=&#8221;16084&#8243; img_size=&#8221;full&#8221; alignment=&#8221;center&#8221;][\/vc_column_inner][\/vc_row_inner][\/vc_tab][vc_tab title=&#8221;Snom M700&#8243; tab_id=&#8221;1510246565994-0-6&#8243;][vc_row_inner][vc_column_inner width=&#8221;3\/4&#8243;][vc_column_text]<\/p>\n<h3>Snom M700<\/h3>\n<p>A Cordless Dect IP terminal that you can configure according to the size of your company.<br \/>\n<strong>Simple mode<\/strong>: one terminal for your small company.<br \/>\n<strong>Advanced mode<\/strong>: several terminals to equip organizations with many employees and\/or extensive premises to cover.<br \/>\nAllows <strong>solutions for expanding<\/strong> the network and the range of the telephones. Connect up to <strong>40 base stations<\/strong> and <strong>200 terminals<\/strong> in the same installation thanks to <strong>PoE<\/strong>.<\/p>\n<p><strong>\u00a0<\/strong>[\/vc_column_text][\/vc_column_inner][vc_column_inner width=&#8221;1\/4&#8243;][vc_single_image image=&#8221;16086&#8243; img_size=&#8221;full&#8221; alignment=&#8221;center&#8221;][\/vc_column_inner][\/vc_row_inner][\/vc_tab][vc_tab title=&#8221;C530 IP&#8221; tab_id=&#8221;1510246567219-0-5&#8243;][vc_row_inner][vc_column_inner width=&#8221;3\/4&#8243;][vc_column_text]<\/p>\n<h3>C530 IP<\/h3>\n<p><strong>Use your IP<\/strong> and analogue line from the<strong> same terminal<\/strong>. With the <strong>mini PBX Siemens Gigaset C530 IP<\/strong>, you can choose the line you want to use to make your call.<br \/>\nA veritable <strong>multiline switchboard<\/strong> you can make up to <strong>3 simultaneous calls.<\/strong><br \/>\nExtensible up to <strong>6 handsets<\/strong>, the Siemens Gigaset C530 IP lets you configure 6 SIP accounts with <strong>6 different telephone numbers and allocate them very easily to your handsets.<\/strong>[\/vc_column_text][\/vc_column_inner][vc_column_inner width=&#8221;1\/4&#8243;][vc_single_image image=&#8221;16093&#8243; img_size=&#8221;full&#8221; alignment=&#8221;center&#8221;][\/vc_column_inner][\/vc_row_inner][\/vc_tab][\/vc_tour][\/vc_column][\/vc_row][vc_row type=&#8221;vc_default&#8221; bg_type=&#8221;bg_color&#8221; bg_override=&#8221;full&#8221; bg_color_value=&#8221;#19477d&#8221;][vc_column][vc_empty_space height=&#8221;20px&#8221;][vc_custom_heading text=&#8221;Do you have a project with us? Don&#8217;t hesitate. &#8221; font_container=&#8221;tag:h2|text_align:center|color:%23ffffff&#8221; use_theme_fonts=&#8221;yes&#8221;][vc_empty_space height=&#8221;20px&#8221;][vc_btn title=&#8221;Contact us&#8221; style=&#8221;classic&#8221; color=&#8221;default&#8221; align=&#8221;center&#8221; i_icon_fontawesome=&#8221;fa fa-envelope-o&#8221; add_icon=&#8221;true&#8221; link=&#8221;url:https%3A%2F%2Fwww.mbs.mc%2Fen%2Fcontact%2F|||&#8221;][vc_empty_space height=&#8221;20px&#8221;][\/vc_column][\/vc_row]<\/p>\n<\/div>","protected":false},"excerpt":{"rendered":"<p>[vc_row type=&#8221;vc_default&#8221; css=&#8221;.vc_custom_1511343916253{padding-top: 70px !important;padding-bottom: 40px !important;}&#8221;][vc_column][vc_column_text] Recoup the cost of your Internet subscription by adding digital telephony thanks to MBS&#8217;s expertise. &nbsp; The incumbent telephone operators are gradually abandoning analogue and its wired connections in favour of VoIP. The management of your IP telephony with your entire IT infrastructure is simplified and less costly.[\/vc_column_text][\/vc_column][\/vc_row][vc_row&hellip;<\/p>\n","protected":false},"author":1,"featured_media":0,"parent":0,"menu_order":0,"comment_status":"closed","ping_status":"closed","template":"","meta":{"footnotes":""},"class_list":["post-16595","page","type-page","status-publish","hentry","description-off"],"yoast_head":"<!-- This site is optimized with the Yoast SEO plugin v26.9 - https:\/\/yoast.com\/product\/yoast-seo-wordpress\/ -->\r\n<title>MBS IT Solutions Cloud Telephony Monaco - IP Telephony<\/title>\r\n<meta name=\"robots\" content=\"index, follow, max-snippet:-1, max-image-preview:large, max-video-preview:-1\" \/>\r\n<link rel=\"canonical\" href=\"https:\/\/www.mbs.mc\/en\/ip-telephony\/\" \/>\r\n<meta property=\"og:locale\" content=\"en_US\" \/>\r\n<meta property=\"og:type\" content=\"article\" \/>\r\n<meta property=\"og:title\" content=\"MBS IT Solutions Cloud Telephony Monaco - IP Telephony\" \/>\r\n<meta property=\"og:description\" content=\"[vc_row type=&#8221;vc_default&#8221; css=&#8221;.vc_custom_1511343916253{padding-top: 70px !important;padding-bottom: 40px !important;}&#8221;][vc_column][vc_column_text] Recoup the cost of your Internet subscription by adding digital telephony thanks to MBS&#8217;s expertise. &nbsp; The incumbent telephone operators are gradually abandoning analogue and its wired connections in favour of VoIP. The management of your IP telephony with your entire IT infrastructure is simplified and less costly.[\/vc_column_text][\/vc_column][\/vc_row][vc_row&hellip;\" \/>\r\n<meta property=\"og:url\" content=\"https:\/\/www.mbs.mc\/en\/ip-telephony\/\" \/>\r\n<meta property=\"og:site_name\" content=\"MBS (PEXYS MONACO)\" \/>\r\n<meta property=\"article:publisher\" content=\"https:\/\/www.facebook.com\/mbs.it.monaco\/\" \/>\r\n<meta property=\"article:modified_time\" content=\"2018-01-30T08:04:21+00:00\" \/>\r\n<meta property=\"og:image\" content=\"https:\/\/www.mbs.mc\/wp-content\/uploads\/2018\/01\/logo-retina-mbs.png\" \/>\r\n\t<meta property=\"og:image:width\" content=\"827\" \/>\r\n\t<meta property=\"og:image:height\" content=\"349\" \/>\r\n\t<meta property=\"og:image:type\" content=\"image\/png\" \/>\r\n<meta name=\"twitter:card\" content=\"summary_large_image\" \/>\r\n<meta name=\"twitter:label1\" content=\"Est. reading time\" \/>\n\t<meta name=\"twitter:data1\" content=\"8 minutes\" \/>\r\n<script type=\"application\/ld+json\" class=\"yoast-schema-graph\">{\"@context\":\"https:\/\/schema.org\",\"@graph\":[{\"@type\":\"WebPage\",\"@id\":\"https:\/\/www.mbs.mc\/en\/ip-telephony\/\",\"url\":\"https:\/\/www.mbs.mc\/en\/ip-telephony\/\",\"name\":\"MBS IT Solutions Cloud Telephony Monaco - IP Telephony\",\"isPartOf\":{\"@id\":\"https:\/\/www.mbs.mc\/#website\"},\"datePublished\":\"2017-06-15T12:51:11+00:00\",\"dateModified\":\"2018-01-30T08:04:21+00:00\",\"breadcrumb\":{\"@id\":\"https:\/\/www.mbs.mc\/en\/ip-telephony\/#breadcrumb\"},\"inLanguage\":\"en-US\",\"potentialAction\":[{\"@type\":\"ReadAction\",\"target\":[\"https:\/\/www.mbs.mc\/en\/ip-telephony\/\"]}]},{\"@type\":\"BreadcrumbList\",\"@id\":\"https:\/\/www.mbs.mc\/en\/ip-telephony\/#breadcrumb\",\"itemListElement\":[{\"@type\":\"ListItem\",\"position\":1,\"name\":\"Accueil\",\"item\":\"https:\/\/www.mbs.mc\/en\/\"},{\"@type\":\"ListItem\",\"position\":2,\"name\":\"IP telephony\"}]},{\"@type\":\"WebSite\",\"@id\":\"https:\/\/www.mbs.mc\/#website\",\"url\":\"https:\/\/www.mbs.mc\/\",\"name\":\"MBS (PEXYS MONACO)\",\"description\":\"Solution informatiques | Cloud | Acc\u00e8s internet | T\u00e9l\u00e9phonie IP\",\"publisher\":{\"@id\":\"https:\/\/www.mbs.mc\/#organization\"},\"potentialAction\":[{\"@type\":\"SearchAction\",\"target\":{\"@type\":\"EntryPoint\",\"urlTemplate\":\"https:\/\/www.mbs.mc\/?s={search_term_string}\"},\"query-input\":{\"@type\":\"PropertyValueSpecification\",\"valueRequired\":true,\"valueName\":\"search_term_string\"}}],\"inLanguage\":\"en-US\"},{\"@type\":\"Organization\",\"@id\":\"https:\/\/www.mbs.mc\/#organization\",\"name\":\"MBS\",\"url\":\"https:\/\/www.mbs.mc\/\",\"logo\":{\"@type\":\"ImageObject\",\"inLanguage\":\"en-US\",\"@id\":\"https:\/\/www.mbs.mc\/#\/schema\/logo\/image\/\",\"url\":\"https:\/\/www.mbs.mc\/wp-content\/uploads\/2018\/01\/logo-retina-mbs.png\",\"contentUrl\":\"https:\/\/www.mbs.mc\/wp-content\/uploads\/2018\/01\/logo-retina-mbs.png\",\"width\":827,\"height\":349,\"caption\":\"MBS\"},\"image\":{\"@id\":\"https:\/\/www.mbs.mc\/#\/schema\/logo\/image\/\"},\"sameAs\":[\"https:\/\/www.facebook.com\/mbs.it.monaco\/\",\"https:\/\/www.linkedin.com\/company\/mbs---monaco-business-solutions\"]}]}<\/script>\r\n<!-- \/ Yoast SEO plugin. -->","yoast_head_json":{"title":"MBS IT Solutions Cloud Telephony Monaco - IP Telephony","robots":{"index":"index","follow":"follow","max-snippet":"max-snippet:-1","max-image-preview":"max-image-preview:large","max-video-preview":"max-video-preview:-1"},"canonical":"https:\/\/www.mbs.mc\/en\/ip-telephony\/","og_locale":"en_US","og_type":"article","og_title":"MBS IT Solutions Cloud Telephony Monaco - IP Telephony","og_description":"[vc_row type=&#8221;vc_default&#8221; css=&#8221;.vc_custom_1511343916253{padding-top: 70px !important;padding-bottom: 40px !important;}&#8221;][vc_column][vc_column_text] Recoup the cost of your Internet subscription by adding digital telephony thanks to MBS&#8217;s expertise. &nbsp; The incumbent telephone operators are gradually abandoning analogue and its wired connections in favour of VoIP. The management of your IP telephony with your entire IT infrastructure is simplified and less costly.[\/vc_column_text][\/vc_column][\/vc_row][vc_row&hellip;","og_url":"https:\/\/www.mbs.mc\/en\/ip-telephony\/","og_site_name":"MBS (PEXYS MONACO)","article_publisher":"https:\/\/www.facebook.com\/mbs.it.monaco\/","article_modified_time":"2018-01-30T08:04:21+00:00","og_image":[{"width":827,"height":349,"url":"https:\/\/www.mbs.mc\/wp-content\/uploads\/2018\/01\/logo-retina-mbs.png","type":"image\/png"}],"twitter_card":"summary_large_image","twitter_misc":{"Est. reading time":"8 minutes"},"schema":{"@context":"https:\/\/schema.org","@graph":[{"@type":"WebPage","@id":"https:\/\/www.mbs.mc\/en\/ip-telephony\/","url":"https:\/\/www.mbs.mc\/en\/ip-telephony\/","name":"MBS IT Solutions Cloud Telephony Monaco - IP Telephony","isPartOf":{"@id":"https:\/\/www.mbs.mc\/#website"},"datePublished":"2017-06-15T12:51:11+00:00","dateModified":"2018-01-30T08:04:21+00:00","breadcrumb":{"@id":"https:\/\/www.mbs.mc\/en\/ip-telephony\/#breadcrumb"},"inLanguage":"en-US","potentialAction":[{"@type":"ReadAction","target":["https:\/\/www.mbs.mc\/en\/ip-telephony\/"]}]},{"@type":"BreadcrumbList","@id":"https:\/\/www.mbs.mc\/en\/ip-telephony\/#breadcrumb","itemListElement":[{"@type":"ListItem","position":1,"name":"Accueil","item":"https:\/\/www.mbs.mc\/en\/"},{"@type":"ListItem","position":2,"name":"IP telephony"}]},{"@type":"WebSite","@id":"https:\/\/www.mbs.mc\/#website","url":"https:\/\/www.mbs.mc\/","name":"MBS (PEXYS MONACO)","description":"Solution informatiques | Cloud | Acc\u00e8s internet | T\u00e9l\u00e9phonie IP","publisher":{"@id":"https:\/\/www.mbs.mc\/#organization"},"potentialAction":[{"@type":"SearchAction","target":{"@type":"EntryPoint","urlTemplate":"https:\/\/www.mbs.mc\/?s={search_term_string}"},"query-input":{"@type":"PropertyValueSpecification","valueRequired":true,"valueName":"search_term_string"}}],"inLanguage":"en-US"},{"@type":"Organization","@id":"https:\/\/www.mbs.mc\/#organization","name":"MBS","url":"https:\/\/www.mbs.mc\/","logo":{"@type":"ImageObject","inLanguage":"en-US","@id":"https:\/\/www.mbs.mc\/#\/schema\/logo\/image\/","url":"https:\/\/www.mbs.mc\/wp-content\/uploads\/2018\/01\/logo-retina-mbs.png","contentUrl":"https:\/\/www.mbs.mc\/wp-content\/uploads\/2018\/01\/logo-retina-mbs.png","width":827,"height":349,"caption":"MBS"},"image":{"@id":"https:\/\/www.mbs.mc\/#\/schema\/logo\/image\/"},"sameAs":["https:\/\/www.facebook.com\/mbs.it.monaco\/","https:\/\/www.linkedin.com\/company\/mbs---monaco-business-solutions"]}]}},"_links":{"self":[{"href":"https:\/\/www.mbs.mc\/en\/wp-json\/wp\/v2\/pages\/16595","targetHints":{"allow":["GET"]}}],"collection":[{"href":"https:\/\/www.mbs.mc\/en\/wp-json\/wp\/v2\/pages"}],"about":[{"href":"https:\/\/www.mbs.mc\/en\/wp-json\/wp\/v2\/types\/page"}],"author":[{"embeddable":true,"href":"https:\/\/www.mbs.mc\/en\/wp-json\/wp\/v2\/users\/1"}],"replies":[{"embeddable":true,"href":"https:\/\/www.mbs.mc\/en\/wp-json\/wp\/v2\/comments?post=16595"}],"version-history":[{"count":0,"href":"https:\/\/www.mbs.mc\/en\/wp-json\/wp\/v2\/pages\/16595\/revisions"}],"wp:attachment":[{"href":"https:\/\/www.mbs.mc\/en\/wp-json\/wp\/v2\/media?parent=16595"}],"curies":[{"name":"wp","href":"https:\/\/api.w.org\/{rel}","templated":true}]}}