{"id":16586,"date":"2017-06-15T11:50:38","date_gmt":"2017-06-15T09:50:38","guid":{"rendered":"https:\/\/www.mbs.mc\/cloud-services\/certificat-ssl\/"},"modified":"2018-01-30T09:05:49","modified_gmt":"2018-01-30T08:05:49","slug":"ssl","status":"publish","type":"page","link":"https:\/\/www.mbs.mc\/en\/cloud-services\/ssl\/","title":{"rendered":"SSL"},"content":{"rendered":"<div class=\"wpb-content-wrapper\"><p>[vc_row][vc_column][vc_column_text]<\/p>\n<h2>Secure your site with an SSL certificate<\/h2>\n<p>[\/vc_column_text][\/vc_column][\/vc_row][vc_row][vc_column width=&#8221;3\/4&#8243;][vc_column_text css=&#8221;.vc_custom_1515776938078{margin-bottom: 0px !important;}&#8221;]The SSL certificate, materialized by <strong>the &#8216;s&#8217; in &#8220;https:\/\/&#8221;<\/strong> in your browser&#8217;s address bar, creates a relationship of trust by guaranteeing the identity of the visited web site and data confidentiality.<\/p>\n<p>Sites still in<strong> &#8220;http&#8221;<\/strong>, henceforth labelled \u201cnot secure\u201d by leading market web browsers, are less well SEO-listed.<\/p>\n<p>To remain competitive, MBS supports you to achieve SSL security certification.<\/p>\n<p>&nbsp;<\/p>\n<h3>Benefits<\/h3>\n<p>[\/vc_column_text][\/vc_column][vc_column width=&#8221;1\/4&#8243;][vc_column_text css=&#8221;.vc_custom_1513608287220{margin-bottom: 0px !important;padding-bottom: 0px !important;}&#8221;]<\/p>\n<p style=\"text-align: center;\">Without an SSL certificate<\/p>\n<p>[\/vc_column_text][vc_single_image image=&#8221;15377&#8243; img_size=&#8221;large&#8221; alignment=&#8221;center&#8221; css=&#8221;.vc_custom_1497883505268{margin-top: 0px !important;padding-top: 0px !important;}&#8221;][vc_column_text css=&#8221;.vc_custom_1513608298745{margin-bottom: 0px !important;padding-bottom: 0px !important;}&#8221;]<\/p>\n<p style=\"text-align: center;\">With an SSL certificate<\/p>\n<p>[\/vc_column_text][vc_single_image image=&#8221;15376&#8243; img_size=&#8221;large&#8221; alignment=&#8221;center&#8221; css=&#8221;.vc_custom_1497883519957{margin-top: 0px !important;padding-top: 0px !important;}&#8221;][\/vc_column][\/vc_row][vc_row][vc_column css=&#8221;.vc_custom_1511175096127{padding-top: 20px !important;}&#8221;][ucaddon_six_features icon_color=&#8221;#19477D&#8221; uc_items_data=&#8221;JTVCJTdCJTIydGl0bGUlMjIlM0ElMjJTZWFyY2glMjBlbmdpbmUlMjBvcHRpbWl6YXRpb24lMjBmYWN0b3IlMjIlMkMlMjJjb250ZW50JTIyJTNBJTIyJTIyJTJDJTIyaWNvbiUyMiUzQSUyMmZhJTIwZmEtY2hyb21lJTIyJTdEJTJDJTdCJTIydGl0bGUlMjIlM0ElMjJMb3dlciUyMGJvdW5jZSUyMHJhdGUlMjB0byUyMGRldmVsb3AlMjB3ZWIlMjB1c2VyJTIwbG95YWx0eSUyMiUyQyUyMmNvbnRlbnQlMjIlM0ElMjIlMjIlMkMlMjJpY29uJTIyJTNBJTIyZmElMjBmYS1zb3J0LWFtb3VudC1hc2MlMjIlN0QlMkMlN0IlMjJ0aXRsZSUyMiUzQSUyMlBvc2l0aXZlJTIwaW1wYWN0JTIwb24lMjBjbGljay10aHJvdWdoJTIwYW5kJTIwY29udmVyc2lvbiUyMHJhdGVzJTIyJTJDJTIyY29udGVudCUyMiUzQSUyMiUyMiUyQyUyMmljb24lMjIlM0ElMjJmYSUyMGZhLWhhbmQtcG9pbnRlci1vJTIyJTdEJTVE&#8221; uc_fonts_data=&#8221;JTdCJTdE&#8221;][\/vc_column][\/vc_row][vc_row type=&#8221;vc_default&#8221; full_width=&#8221;stretch_row&#8221; bg_type=&#8221;bg_color&#8221; bg_override=&#8221;ex-full&#8221; bg_color_value=&#8221;#f8f8f9&#8243; css=&#8221;.vc_custom_1506325992878{padding-top: 50px !important;padding-bottom: 80px !important;}&#8221;][vc_column][vc_column_text css=&#8221;.vc_custom_1513608378841{padding-bottom: 20px !important;}&#8221;]<\/p>\n<h2><span lang=\"EN-GB\">Our SSL certificates<\/span><\/h2>\n<p>[\/vc_column_text][vc_row_inner][vc_column_inner width=&#8221;1\/3&#8243;][ucaddon_alternating_price_table price_table_top_border=&#8221;#19477D&#8221; title_text=&#8221;ALPHA SSL&#8221; price_color=&#8221;#19477D&#8221; button_text=&#8221;Apply&#8221; button_background_color=&#8221;#19477D&#8221; tag_background_color=&#8221;#19477D&#8221; boder_bottom_color=&#8221;#19477D&#8221; button_link=&#8221;https:\/\/www.mbs.mc\/en\/contact\/&#8221; table_hover_color=&#8221;#19477D&#8221; uc_items_data=&#8221;JTVCJTdCJTIydGl0bGUlMjIlM0ElMjJEViUzQSUyMERvbWFpbiUyMG5hbWUlMjB2YWxpZGF0aW9uJTIyJTdEJTJDJTdCJTIydGl0bGUlMjIlM0ElMjJTaXRlcyUyMG5vdCUyMHZlcnklMjB2aXNpYmxlJTJDJTIwaW50cmFuZXQlMkMlMjBleHRyYW5ldCUyQyUyMGludGVybmFsJTIwYXBwbGljYXRpb25zJTIyJTdEJTJDJTdCJTIydGl0bGUlMjIlM0ElMjJTdGFuZGFyZCUyMCUyNiUyMFdpbGRjYXJkJTJBJTIyJTdEJTJDJTdCJTIydGl0bGUlMjIlM0ElMjIxJTIwb3IlMjAyJTIweWVhcnMlMjIlN0QlMkMlN0IlMjJ0aXRsZSUyMiUzQSUyMkFscGhhJTIwU1NMJTIyJTdEJTJDJTdCJTIydGl0bGUlMjIlM0ElMjJIVFRQUyUyMGFuZCUyMHBhZGxvY2slMjBkaXNwbGF5ZWQlMjBpbiUyMHRoZSUyMGFkZHJlc3MlMjBiYXIlMjIlN0QlMkMlN0IlMjJ0aXRsZSUyMiUzQSUyMk9idGFpbmVkJTIwd2l0aGluJTIwMiUyMGhvdXJzJTIyJTdEJTVE&#8221;][\/vc_column_inner][vc_column_inner width=&#8221;1\/3&#8243;][ucaddon_alternating_price_table price_table_top_border=&#8221;#19477D&#8221; title_text=&#8221;ORGANIZATION SSL&#8221; price_color=&#8221;#19477D&#8221; button_text=&#8221;Apply&#8221; button_background_color=&#8221;#19477D&#8221; tag_text=&#8221;&#8221; tag_background_color=&#8221;#2B2B33&#8243; boder_bottom_color=&#8221;#19477D&#8221; button_link=&#8221;https:\/\/www.mbs.mc\/en\/contact\/&#8221; table_hover_color=&#8221;#19477D&#8221; uc_items_data=&#8221;JTVCJTdCJTIydGl0bGUlMjIlM0ElMjJPViUzQSUyME9yZ2FuaXphdGlvbiUyMGFuZCUyMGRvbWFpbiUyMG5hbWUlMjB2YWxpZGF0aW9uJTIyJTdEJTJDJTdCJTIydGl0bGUlMjIlM0ElMjJDbGFzc2ljJTIwd2ViJTIwc2l0ZXMlMjIlN0QlMkMlN0IlMjJ0aXRsZSUyMiUzQSUyMlN0YW5kYXJkJTJDJTIwV2lsZGNhcmQlMkElMjAlMjYlMjBTQU4lMkElMkElMjAlMjhVQyUyOSUyMiU3RCUyQyU3QiUyMnRpdGxlJTIyJTNBJTIyMSUyMG9yJTIwMiUyMHllYXJzJTIyJTdEJTJDJTdCJTIydGl0bGUlMjIlM0ElMjJHbG9iYWxTaWduJTIyJTdEJTJDJTdCJTIydGl0bGUlMjIlM0ElMjJIVFRQUyUyMGFuZCUyMHBhZGxvY2slMjBkaXNwbGF5ZWQlMjBpbiUyMHRoZSUyMGFkZHJlc3MlMjBiYXIlMjIlN0QlMkMlN0IlMjJ0aXRsZSUyMiUzQSUyMk9idGFpbmVkJTIwd2l0aGluJTIwMiUyMHRvJTIwMyUyMGJ1c2luZXNzJTIwZGF5cyUyMiU3RCU1RA==&#8221;][\/vc_column_inner][vc_column_inner width=&#8221;1\/3&#8243;][ucaddon_alternating_price_table price_table_top_border=&#8221;#19477D&#8221; title_text=&#8221;BUSINESS SSL&#8221; price_color=&#8221;#19477D&#8221; button_text=&#8221;Apply&#8221; button_background_color=&#8221;#19477D&#8221; tag_text=&#8221;&#8221; tag_background_color=&#8221;#2B2B33&#8243; boder_bottom_color=&#8221;#19477D&#8221; button_link=&#8221;https:\/\/www.mbs.mc\/en\/contact\/&#8221; table_hover_color=&#8221;#19477D&#8221; uc_items_data=&#8221;JTVCJTdCJTIydGl0bGUlMjIlM0ElMjJFViUzQSUyMEV4dGVuZGVkJTIwVmFsaWRhdGlvbiUyMG9mJTIwdGhlJTIwb3JnYW5pemF0aW9uJTIwYW5kJTIwdGhlJTIwZG9tYWluJTIyJTdEJTJDJTdCJTIydGl0bGUlMjIlM0ElMjJIZWF2eS10cmFmZmljJTIwc2l0ZXMlMkMlMjBlLWNvbW1lcmNlJTIyJTdEJTJDJTdCJTIydGl0bGUlMjIlM0ElMjJTdGFuZGFyZCUyMCUyNiUyMFNBTiUyQSUyQSUyMCUyOFVDJTI5JTIyJTdEJTJDJTdCJTIydGl0bGUlMjIlM0ElMjIxJTIwb3IlMjAyJTIweWVhcnMlMjIlN0QlMkMlN0IlMjJ0aXRsZSUyMiUzQSUyMkdsb2JhbFNpZ24lMjIlN0QlMkMlN0IlMjJ0aXRsZSUyMiUzQSUyMkhUVFBTJTIwYW5kJTIwcGFkbG9jayUyMGRpc3BsYXllZCUyMGluJTIwdGhlJTIwYWRkcmVzcyUyMGJhciUyMiU3RCUyQyU3QiUyMnRpdGxlJTIyJTNBJTIyT2J0YWluZWQlMjB3aXRoaW4lMjAzJTIwdG8lMjA1JTIwYnVzaW5lc3MlMjBkYXlzJTIyJTdEJTVE&#8221;][\/vc_column_inner][\/vc_row_inner][\/vc_column][\/vc_row][vc_row type=&#8221;vc_default&#8221; bg_type=&#8221;bg_color&#8221; bg_override=&#8221;full&#8221; bg_color_value=&#8221;#19477d&#8221;][vc_column][vc_empty_space height=&#8221;20px&#8221;][vc_custom_heading text=&#8221;Do you have a project with us? Don&#8217;t hesitate. &#8221; font_container=&#8221;tag:h2|text_align:center|color:%23ffffff&#8221; use_theme_fonts=&#8221;yes&#8221;][vc_empty_space height=&#8221;20px&#8221;][vc_btn title=&#8221;Contact us&#8221; style=&#8221;classic&#8221; color=&#8221;default&#8221; align=&#8221;center&#8221; i_icon_fontawesome=&#8221;fa fa-envelope-o&#8221; add_icon=&#8221;true&#8221; link=&#8221;url:https%3A%2F%2Fwww.mbs.mc%2Fen%2Fcontact%2F|||&#8221;][vc_empty_space height=&#8221;20px&#8221;][\/vc_column][\/vc_row]<\/p>\n<\/div>","protected":false},"excerpt":{"rendered":"<p>[vc_row][vc_column][vc_column_text] Secure your site with an SSL certificate [\/vc_column_text][\/vc_column][\/vc_row][vc_row][vc_column width=&#8221;3\/4&#8243;][vc_column_text css=&#8221;.vc_custom_1515776938078{margin-bottom: 0px !important;}&#8221;]The SSL certificate, materialized by the &#8216;s&#8217; in &#8220;https:\/\/&#8221; in your browser&#8217;s address bar, creates a relationship of trust by guaranteeing the identity of the visited web site and data confidentiality. Sites still in &#8220;http&#8221;, henceforth labelled \u201cnot secure\u201d by leading market web&hellip;<\/p>\n","protected":false},"author":1,"featured_media":0,"parent":16512,"menu_order":0,"comment_status":"closed","ping_status":"closed","template":"","meta":{"footnotes":""},"class_list":["post-16586","page","type-page","status-publish","hentry","description-off"],"yoast_head":"<!-- This site is optimized with the Yoast SEO plugin v26.9 - https:\/\/yoast.com\/product\/yoast-seo-wordpress\/ -->\r\n<title>MBS IT Solutions Cloud Telephony Monaco - SSL Certificate<\/title>\r\n<meta name=\"robots\" content=\"index, follow, max-snippet:-1, max-image-preview:large, max-video-preview:-1\" \/>\r\n<link rel=\"canonical\" href=\"https:\/\/www.mbs.mc\/en\/cloud-services\/ssl\/\" \/>\r\n<meta property=\"og:locale\" content=\"en_US\" \/>\r\n<meta property=\"og:type\" content=\"article\" \/>\r\n<meta property=\"og:title\" content=\"MBS IT Solutions Cloud Telephony Monaco - SSL Certificate\" \/>\r\n<meta property=\"og:description\" content=\"[vc_row][vc_column][vc_column_text] Secure your site with an SSL certificate [\/vc_column_text][\/vc_column][\/vc_row][vc_row][vc_column width=&#8221;3\/4&#8243;][vc_column_text css=&#8221;.vc_custom_1515776938078{margin-bottom: 0px !important;}&#8221;]The SSL certificate, materialized by the &#8216;s&#8217; in &#8220;https:\/\/&#8221; in your browser&#8217;s address bar, creates a relationship of trust by guaranteeing the identity of the visited web site and data confidentiality. Sites still in &#8220;http&#8221;, henceforth labelled \u201cnot secure\u201d by leading market web&hellip;\" \/>\r\n<meta property=\"og:url\" content=\"https:\/\/www.mbs.mc\/en\/cloud-services\/ssl\/\" \/>\r\n<meta property=\"og:site_name\" content=\"MBS (PEXYS MONACO)\" \/>\r\n<meta property=\"article:publisher\" content=\"https:\/\/www.facebook.com\/mbs.it.monaco\/\" \/>\r\n<meta property=\"article:modified_time\" content=\"2018-01-30T08:05:49+00:00\" \/>\r\n<meta property=\"og:image\" content=\"https:\/\/www.mbs.mc\/wp-content\/uploads\/2018\/01\/logo-retina-mbs.png\" \/>\r\n\t<meta property=\"og:image:width\" content=\"827\" \/>\r\n\t<meta property=\"og:image:height\" content=\"349\" \/>\r\n\t<meta property=\"og:image:type\" content=\"image\/png\" \/>\r\n<meta name=\"twitter:card\" content=\"summary_large_image\" \/>\r\n<meta name=\"twitter:label1\" content=\"Est. reading time\" \/>\n\t<meta name=\"twitter:data1\" content=\"3 minutes\" \/>\r\n<script type=\"application\/ld+json\" class=\"yoast-schema-graph\">{\"@context\":\"https:\/\/schema.org\",\"@graph\":[{\"@type\":\"WebPage\",\"@id\":\"https:\/\/www.mbs.mc\/en\/cloud-services\/ssl\/\",\"url\":\"https:\/\/www.mbs.mc\/en\/cloud-services\/ssl\/\",\"name\":\"MBS IT Solutions Cloud Telephony Monaco - SSL Certificate\",\"isPartOf\":{\"@id\":\"https:\/\/www.mbs.mc\/#website\"},\"datePublished\":\"2017-06-15T09:50:38+00:00\",\"dateModified\":\"2018-01-30T08:05:49+00:00\",\"breadcrumb\":{\"@id\":\"https:\/\/www.mbs.mc\/en\/cloud-services\/ssl\/#breadcrumb\"},\"inLanguage\":\"en-US\",\"potentialAction\":[{\"@type\":\"ReadAction\",\"target\":[\"https:\/\/www.mbs.mc\/en\/cloud-services\/ssl\/\"]}]},{\"@type\":\"BreadcrumbList\",\"@id\":\"https:\/\/www.mbs.mc\/en\/cloud-services\/ssl\/#breadcrumb\",\"itemListElement\":[{\"@type\":\"ListItem\",\"position\":1,\"name\":\"Accueil\",\"item\":\"https:\/\/www.mbs.mc\/en\/\"},{\"@type\":\"ListItem\",\"position\":2,\"name\":\"CLOUD SERVICES\",\"item\":\"https:\/\/www.mbs.mc\/en\/cloud-services\/\"},{\"@type\":\"ListItem\",\"position\":3,\"name\":\"SSL\"}]},{\"@type\":\"WebSite\",\"@id\":\"https:\/\/www.mbs.mc\/#website\",\"url\":\"https:\/\/www.mbs.mc\/\",\"name\":\"MBS (PEXYS MONACO)\",\"description\":\"Solution informatiques | Cloud | Acc\u00e8s internet | T\u00e9l\u00e9phonie IP\",\"publisher\":{\"@id\":\"https:\/\/www.mbs.mc\/#organization\"},\"potentialAction\":[{\"@type\":\"SearchAction\",\"target\":{\"@type\":\"EntryPoint\",\"urlTemplate\":\"https:\/\/www.mbs.mc\/?s={search_term_string}\"},\"query-input\":{\"@type\":\"PropertyValueSpecification\",\"valueRequired\":true,\"valueName\":\"search_term_string\"}}],\"inLanguage\":\"en-US\"},{\"@type\":\"Organization\",\"@id\":\"https:\/\/www.mbs.mc\/#organization\",\"name\":\"MBS\",\"url\":\"https:\/\/www.mbs.mc\/\",\"logo\":{\"@type\":\"ImageObject\",\"inLanguage\":\"en-US\",\"@id\":\"https:\/\/www.mbs.mc\/#\/schema\/logo\/image\/\",\"url\":\"https:\/\/www.mbs.mc\/wp-content\/uploads\/2018\/01\/logo-retina-mbs.png\",\"contentUrl\":\"https:\/\/www.mbs.mc\/wp-content\/uploads\/2018\/01\/logo-retina-mbs.png\",\"width\":827,\"height\":349,\"caption\":\"MBS\"},\"image\":{\"@id\":\"https:\/\/www.mbs.mc\/#\/schema\/logo\/image\/\"},\"sameAs\":[\"https:\/\/www.facebook.com\/mbs.it.monaco\/\",\"https:\/\/www.linkedin.com\/company\/mbs---monaco-business-solutions\"]}]}<\/script>\r\n<!-- \/ Yoast SEO plugin. -->","yoast_head_json":{"title":"MBS IT Solutions Cloud Telephony Monaco - SSL Certificate","robots":{"index":"index","follow":"follow","max-snippet":"max-snippet:-1","max-image-preview":"max-image-preview:large","max-video-preview":"max-video-preview:-1"},"canonical":"https:\/\/www.mbs.mc\/en\/cloud-services\/ssl\/","og_locale":"en_US","og_type":"article","og_title":"MBS IT Solutions Cloud Telephony Monaco - SSL Certificate","og_description":"[vc_row][vc_column][vc_column_text] Secure your site with an SSL certificate [\/vc_column_text][\/vc_column][\/vc_row][vc_row][vc_column width=&#8221;3\/4&#8243;][vc_column_text css=&#8221;.vc_custom_1515776938078{margin-bottom: 0px !important;}&#8221;]The SSL certificate, materialized by the &#8216;s&#8217; in &#8220;https:\/\/&#8221; in your browser&#8217;s address bar, creates a relationship of trust by guaranteeing the identity of the visited web site and data confidentiality. Sites still in &#8220;http&#8221;, henceforth labelled \u201cnot secure\u201d by leading market web&hellip;","og_url":"https:\/\/www.mbs.mc\/en\/cloud-services\/ssl\/","og_site_name":"MBS (PEXYS MONACO)","article_publisher":"https:\/\/www.facebook.com\/mbs.it.monaco\/","article_modified_time":"2018-01-30T08:05:49+00:00","og_image":[{"width":827,"height":349,"url":"https:\/\/www.mbs.mc\/wp-content\/uploads\/2018\/01\/logo-retina-mbs.png","type":"image\/png"}],"twitter_card":"summary_large_image","twitter_misc":{"Est. reading time":"3 minutes"},"schema":{"@context":"https:\/\/schema.org","@graph":[{"@type":"WebPage","@id":"https:\/\/www.mbs.mc\/en\/cloud-services\/ssl\/","url":"https:\/\/www.mbs.mc\/en\/cloud-services\/ssl\/","name":"MBS IT Solutions Cloud Telephony Monaco - SSL Certificate","isPartOf":{"@id":"https:\/\/www.mbs.mc\/#website"},"datePublished":"2017-06-15T09:50:38+00:00","dateModified":"2018-01-30T08:05:49+00:00","breadcrumb":{"@id":"https:\/\/www.mbs.mc\/en\/cloud-services\/ssl\/#breadcrumb"},"inLanguage":"en-US","potentialAction":[{"@type":"ReadAction","target":["https:\/\/www.mbs.mc\/en\/cloud-services\/ssl\/"]}]},{"@type":"BreadcrumbList","@id":"https:\/\/www.mbs.mc\/en\/cloud-services\/ssl\/#breadcrumb","itemListElement":[{"@type":"ListItem","position":1,"name":"Accueil","item":"https:\/\/www.mbs.mc\/en\/"},{"@type":"ListItem","position":2,"name":"CLOUD SERVICES","item":"https:\/\/www.mbs.mc\/en\/cloud-services\/"},{"@type":"ListItem","position":3,"name":"SSL"}]},{"@type":"WebSite","@id":"https:\/\/www.mbs.mc\/#website","url":"https:\/\/www.mbs.mc\/","name":"MBS (PEXYS MONACO)","description":"Solution informatiques | Cloud | Acc\u00e8s internet | T\u00e9l\u00e9phonie IP","publisher":{"@id":"https:\/\/www.mbs.mc\/#organization"},"potentialAction":[{"@type":"SearchAction","target":{"@type":"EntryPoint","urlTemplate":"https:\/\/www.mbs.mc\/?s={search_term_string}"},"query-input":{"@type":"PropertyValueSpecification","valueRequired":true,"valueName":"search_term_string"}}],"inLanguage":"en-US"},{"@type":"Organization","@id":"https:\/\/www.mbs.mc\/#organization","name":"MBS","url":"https:\/\/www.mbs.mc\/","logo":{"@type":"ImageObject","inLanguage":"en-US","@id":"https:\/\/www.mbs.mc\/#\/schema\/logo\/image\/","url":"https:\/\/www.mbs.mc\/wp-content\/uploads\/2018\/01\/logo-retina-mbs.png","contentUrl":"https:\/\/www.mbs.mc\/wp-content\/uploads\/2018\/01\/logo-retina-mbs.png","width":827,"height":349,"caption":"MBS"},"image":{"@id":"https:\/\/www.mbs.mc\/#\/schema\/logo\/image\/"},"sameAs":["https:\/\/www.facebook.com\/mbs.it.monaco\/","https:\/\/www.linkedin.com\/company\/mbs---monaco-business-solutions"]}]}},"_links":{"self":[{"href":"https:\/\/www.mbs.mc\/en\/wp-json\/wp\/v2\/pages\/16586","targetHints":{"allow":["GET"]}}],"collection":[{"href":"https:\/\/www.mbs.mc\/en\/wp-json\/wp\/v2\/pages"}],"about":[{"href":"https:\/\/www.mbs.mc\/en\/wp-json\/wp\/v2\/types\/page"}],"author":[{"embeddable":true,"href":"https:\/\/www.mbs.mc\/en\/wp-json\/wp\/v2\/users\/1"}],"replies":[{"embeddable":true,"href":"https:\/\/www.mbs.mc\/en\/wp-json\/wp\/v2\/comments?post=16586"}],"version-history":[{"count":0,"href":"https:\/\/www.mbs.mc\/en\/wp-json\/wp\/v2\/pages\/16586\/revisions"}],"up":[{"embeddable":true,"href":"https:\/\/www.mbs.mc\/en\/wp-json\/wp\/v2\/pages\/16512"}],"wp:attachment":[{"href":"https:\/\/www.mbs.mc\/en\/wp-json\/wp\/v2\/media?parent=16586"}],"curies":[{"name":"wp","href":"https:\/\/api.w.org\/{rel}","templated":true}]}}