{"id":16582,"date":"2017-06-15T11:51:13","date_gmt":"2017-06-15T09:51:13","guid":{"rendered":"https:\/\/www.mbs.mc\/cloud-services\/vps\/"},"modified":"2018-04-09T09:33:30","modified_gmt":"2018-04-09T07:33:30","slug":"vps","status":"publish","type":"page","link":"https:\/\/www.mbs.mc\/en\/cloud-services\/vps\/","title":{"rendered":"VPS"},"content":{"rendered":"<div class=\"wpb-content-wrapper\"><p>[vc_row type=&#8221;vc_default&#8221; css=&#8221;.vc_custom_1506673045752{padding-bottom: 50px !important;}&#8221;][vc_column width=&#8221;2\/3&#8243;][vc_column_text]<\/p>\n<h2>Maximum availability of servers<\/h2>\n<p>A server crash is a disaster for your company&#8217;s activities. A VPS (Virtual Private Server) creates a virtual version hosted in MBS storage bays.[\/vc_column_text]<div class=\"standard-arrow bullet-top\"><ul>\n<li><strong>No more hardware constraints<\/strong><\/li>\n<li>The <strong>power<\/strong> of a dedicated server <strong>combined with the flexibility<\/strong> of a virtual tailor-made server<\/li>\n<li>Your<strong> facility-managed<\/strong> servers<\/li>\n<li><strong>Secure backups<\/strong> of your <strong>VPS<\/strong><\/li>\n<li><strong>MBS Tier III data centres<\/strong>, more than 50 km from each other<\/li>\n<\/ul>\n<\/div>[\/vc_column][vc_column width=&#8221;1\/3&#8243;][vc_single_image image=&#8221;15720&#8243; img_size=&#8221;full&#8221; alignment=&#8221;center&#8221;][\/vc_column][\/vc_row][vc_row type=&#8221;vc_default&#8221; css=&#8221;.vc_custom_1506673045752{padding-bottom: 50px !important;}&#8221;][vc_column][vc_column_text]<\/p>\n<h3>Depending on the chosen data centre, opt for a VPS:<\/h3>\n<p>[\/vc_column_text][ucaddon_six_features icon_color=&#8221;#19477D&#8221; uc_items_data=&#8221;JTVCJTdCJTIydGl0bGUlMjIlM0ElMjJTdGFuZGFyZCUyMCUyMiUyQyUyMmNvbnRlbnQlMjIlM0ElMjIlM0NwJTNFcGFydCUyMG9mJTIweW91ciUyMElUJTIwc3lzdGVtJTIwaXMlMjB2aXJ0dWFsaXplZGxpcyVDMyVBOWUlM0MlMkZwJTNFJTIyJTJDJTIyaWNvbiUyMiUzQSUyMmZhJTIwZmEtZ2VhciUyMiU3RCUyQyU3QiUyMnRpdGxlJTIyJTNBJTIySGlnaCUyMGF2YWlsYWJpbGl0eSUyMiUyQyUyMmNvbnRlbnQlMjIlM0ElMjIlM0NwJTNFeW91ciUyMGVudGlyZSUyMHNlcnZlciUyMGlzJTIwb24lMjBhJTIwZmFpbG92ZXIlMjBjbHVzdGVyJTIwdG8lMjBvcHRpbWl6ZSUyMHlvdXIlMjBzZXJ2aWNlcyUyMGFuZCUyMGNvbXB1dGVyJTIwYXBwbGljYXRpb25zLiUzQyUyRnAlM0UlMjIlMkMlMjJpY29uJTIyJTNBJTIyZmElMjBmYS1nZWFycyUyMiU3RCU1RA==&#8221; uc_fonts_data=&#8221;JTdCJTdE&#8221;][\/vc_column][\/vc_row][vc_row type=&#8221;vc_default&#8221; bg_type=&#8221;bg_color&#8221; bg_override=&#8221;ex-full&#8221; bg_color_value=&#8221;#f8f8f9&#8243; css=&#8221;.vc_custom_1506673063755{padding-top: 40px !important;padding-bottom: 100px !important;}&#8221;][vc_column][vc_column_text css=&#8221;.vc_custom_1513607565926{margin-bottom: 0px !important;padding-bottom: 0px !important;}&#8221;]<\/p>\n<h2>Our offers<\/h2>\n<p>[\/vc_column_text][vc_row_inner][vc_column_inner width=&#8221;1\/4&#8243;][vc_empty_space][ucaddon_alternating_price_table price_table_top_border=&#8221;#19477D&#8221; title_text=&#8221;VPS &#8211; Start&#8221; price=&#8221;\u20ac50.00 &#8221; price_color=&#8221;#19477D&#8221; month_caption=&#8221;HT\/month&#8221; button_text=&#8221;Order&#8221; button_background_color=&#8221;#19477D&#8221; tag_text=&#8221;&#8221; tag_background_color=&#8221;#2B2B33&#8243; boder_bottom_color=&#8221;#19477D&#8221; button_link=&#8221;https:\/\/manage.mbs.mc\/cart.php?a=confproduct&amp;i=0&#8243; uc_init_settings=&#8221;&#8221; uc_items_data=&#8221;JTVCJTdCJTIydGl0bGUlMjIlM0ElMjIxMDAlMjBHQiUyMG9mJTIwZGlzayUyMHNwYWNlJTIwJTI4MTVLJTIwcnBtJTI5JTIyJTdEJTJDJTdCJTIydGl0bGUlMjIlM0ElMjIxJTIwcHJvY2Vzc29yJTIyJTdEJTJDJTdCJTIydGl0bGUlMjIlM0ElMjIxJTIwR0IlMjBSQU0lMjIlN0QlMkMlN0IlMjJ0aXRsZSUyMiUzQSUyMldpbmRvd3MlMjBTZXJ2ZXIlMjBMaWNlbmNlJTIyJTdEJTJDJTdCJTIydGl0bGUlMjIlM0ElMjJSQUlEJTIwNiUyMiU3RCUyQyU3QiUyMnRpdGxlJTIyJTNBJTIyV2luZG93cyUyMDIwMTYlMjIlN0QlMkMlN0IlMjJ0aXRsZSUyMiUzQSUyMkZ1bGwlMjBTU0QlMjBPcHRpb24lMjAlMkIlRTIlODIlQUMxMC4wMCUyMGV4Y2x1ZGluZyUyMHRheCUyMHBlciUyMG1vbnRoJTIyJTdEJTVE&#8221;][\/vc_column_inner][vc_column_inner width=&#8221;1\/4&#8243;][vc_empty_space][ucaddon_alternating_price_table price_table_top_border=&#8221;#19477D&#8221; title_text=&#8221;VPS &#8211; Business&#8221; price=&#8221;\u20ac75.00 &#8221; price_color=&#8221;#19477D&#8221; month_caption=&#8221;HT\/month&#8221; button_text=&#8221;Order&#8221; button_background_color=&#8221;#19477D&#8221; tag_text=&#8221;&#8221; tag_background_color=&#8221;#2B2B33&#8243; boder_bottom_color=&#8221;#19477D&#8221; button_link=&#8221;https:\/\/manage.mbs.mc\/cart.php?a=confproduct&amp;i=1&#8243; uc_init_settings=&#8221;&#8221; uc_items_data=&#8221;JTVCJTdCJTIydGl0bGUlMjIlM0ElMjIxNTAlMjBHQiUyMG9mJTIwZGlzayUyMHNwYWNlJTIwJTI4MTVLJTIwcnBtJTI5JTIyJTdEJTJDJTdCJTIydGl0bGUlMjIlM0ElMjIyJTIwcHJvY2Vzc29ycyUyMiU3RCUyQyU3QiUyMnRpdGxlJTIyJTNBJTIyMiUyMEdCJTIwUkFNJTIyJTdEJTJDJTdCJTIydGl0bGUlMjIlM0ElMjJXaW5kb3dzJTIwU2VydmVyJTIwTGljZW5jZSUyMiU3RCUyQyU3QiUyMnRpdGxlJTIyJTNBJTIyUkFJRCUyMDYlMjIlN0QlMkMlN0IlMjJ0aXRsZSUyMiUzQSUyMldpbmRvd3MlMjAyMDE2JTIyJTdEJTJDJTdCJTIydGl0bGUlMjIlM0ElMjJGdWxsJTIwU1NEJTIwT3B0aW9uJTIwJTJCJUUyJTgyJUFDMTAuMDAlMjBleGNsdWRpbmclMjB0YXglMjBwZXIlMjBtb250aCUyMiU3RCU1RA==&#8221;][\/vc_column_inner][vc_column_inner width=&#8221;1\/4&#8243;][vc_empty_space][ucaddon_alternating_price_table price_table_top_border=&#8221;#19477D&#8221; title_text=&#8221;VPS &#8211; Pro&#8221; price=&#8221;\u20ac125.00 &#8221; price_color=&#8221;#19477D&#8221; month_caption=&#8221;HT\/month&#8221; button_text=&#8221;Order&#8221; button_background_color=&#8221;#19477D&#8221; tag_text=&#8221;&#8221; tag_background_color=&#8221;#2B2B33&#8243; boder_bottom_color=&#8221;#19477D&#8221; button_link=&#8221;https:\/\/manage.mbs.mc\/cart.php?a=confproduct&amp;i=2&#8243; uc_init_settings=&#8221;&#8221; uc_items_data=&#8221;JTVCJTdCJTIydGl0bGUlMjIlM0ElMjIyNTAlMjBHQiUyMG9mJTIwZGlzayUyMHNwYWNlJTIwJTI4MTVLJTIwcnBtJTI5JTIyJTdEJTJDJTdCJTIydGl0bGUlMjIlM0ElMjI0JTIwcHJvY2Vzc29ycyUyMiU3RCUyQyU3QiUyMnRpdGxlJTIyJTNBJTIyNCUyMEdCJTIwUkFNJTIyJTdEJTJDJTdCJTIydGl0bGUlMjIlM0ElMjJXaW5kb3dzJTIwU2VydmVyJTIwTGljZW5jZSUyMiU3RCUyQyU3QiUyMnRpdGxlJTIyJTNBJTIyUkFJRCUyMDYlMjIlN0QlMkMlN0IlMjJ0aXRsZSUyMiUzQSUyMldpbmRvd3MlMjAyMDE2JTIyJTdEJTJDJTdCJTIydGl0bGUlMjIlM0ElMjJGdWxsJTIwU1NEJTIwT3B0aW9uJTIwJTJCJUUyJTgyJUFDMjAuMDAlMjBleGNsdWRpbmclMjB0YXglMjBwZXIlMjBtb250aCUyMiU3RCU1RA==&#8221;][\/vc_column_inner][vc_column_inner width=&#8221;1\/4&#8243;][vc_empty_space][ucaddon_alternating_price_table price_table_top_border=&#8221;#19477D&#8221; title_text=&#8221;VPS &#8211; Platinium&#8221; price=&#8221;\u20ac250.00 &#8221; price_color=&#8221;#19477D&#8221; month_caption=&#8221;HT\/month&#8221; button_text=&#8221;Order&#8221; button_background_color=&#8221;#19477D&#8221; tag_text=&#8221;&#8221; tag_background_color=&#8221;#2B2B33&#8243; boder_bottom_color=&#8221;#19477D&#8221; button_link=&#8221;https:\/\/manage.mbs.mc\/cart.php?a=confproduct&amp;i=3&#8243; uc_init_settings=&#8221;&#8221; uc_items_data=&#8221;JTVCJTdCJTIydGl0bGUlMjIlM0ElMjI1MDAlMjBHQiUyMG9mJTIwZGlzayUyMHNwYWNlJTIwJTI4MTVLJTIwcnBtJTI5JTIyJTdEJTJDJTdCJTIydGl0bGUlMjIlM0ElMjI2JTIwcHJvY2Vzc29ycyUyMiU3RCUyQyU3QiUyMnRpdGxlJTIyJTNBJTIyOCUyMEdCJTIwUkFNJTIyJTdEJTJDJTdCJTIydGl0bGUlMjIlM0ElMjJXaW5kb3dzJTIwU2VydmVyJTIwTGljZW5jZSUyMiU3RCUyQyU3QiUyMnRpdGxlJTIyJTNBJTIyUkFJRCUyMDYlMjIlN0QlMkMlN0IlMjJ0aXRsZSUyMiUzQSUyMldpbmRvd3MlMjAyMDE2JTIyJTdEJTJDJTdCJTIydGl0bGUlMjIlM0ElMjJGdWxsJTIwU1NEJTIwT3B0aW9uJTIwJTJCJUUyJTgyJUFDMjAuMDAlMjBleGNsdWRpbmclMjB0YXglMjBwZXIlMjBtb250aCUyMiU3RCU1RA==&#8221;][\/vc_column_inner][\/vc_row_inner][\/vc_column][\/vc_row][vc_row type=&#8221;vc_default&#8221; bg_type=&#8221;bg_color&#8221; bg_override=&#8221;full&#8221; bg_color_value=&#8221;#19477d&#8221;][vc_column][vc_empty_space height=&#8221;20px&#8221;][vc_custom_heading text=&#8221;Do you have a project with us? Don&#8217;t hesitate. &#8221; font_container=&#8221;tag:h2|text_align:center|color:%23ffffff&#8221; use_theme_fonts=&#8221;yes&#8221;][vc_empty_space height=&#8221;20px&#8221;][vc_btn title=&#8221;Contact us&#8221; style=&#8221;classic&#8221; color=&#8221;default&#8221; align=&#8221;center&#8221; i_icon_fontawesome=&#8221;fa fa-envelope-o&#8221; add_icon=&#8221;true&#8221; link=&#8221;url:https%3A%2F%2Fwww.mbs.mc%2Fen%2Fcontact%2F|||&#8221;][vc_empty_space height=&#8221;20px&#8221;][\/vc_column][\/vc_row]<\/p>\n<\/div>","protected":false},"excerpt":{"rendered":"<p>[vc_row type=&#8221;vc_default&#8221; css=&#8221;.vc_custom_1506673045752{padding-bottom: 50px !important;}&#8221;][vc_column width=&#8221;2\/3&#8243;][vc_column_text] Maximum availability of servers A server crash is a disaster for your company&#8217;s activities. A VPS (Virtual Private Server) creates a virtual version hosted in MBS storage bays.[\/vc_column_text][\/vc_column][vc_column width=&#8221;1\/3&#8243;][vc_single_image image=&#8221;15720&#8243; img_size=&#8221;full&#8221; alignment=&#8221;center&#8221;][\/vc_column][\/vc_row][vc_row type=&#8221;vc_default&#8221; css=&#8221;.vc_custom_1506673045752{padding-bottom: 50px !important;}&#8221;][vc_column][vc_column_text] Depending on the chosen data centre, opt for a VPS: [\/vc_column_text][ucaddon_six_features icon_color=&#8221;#19477D&#8221; uc_items_data=&#8221;JTVCJTdCJTIydGl0bGUlMjIlM0ElMjJTdGFuZGFyZCUyMCUyMiUyQyUyMmNvbnRlbnQlMjIlM0ElMjIlM0NwJTNFcGFydCUyMG9mJTIweW91ciUyMElUJTIwc3lzdGVtJTIwaXMlMjB2aXJ0dWFsaXplZGxpcyVDMyVBOWUlM0MlMkZwJTNFJTIyJTJDJTIyaWNvbiUyMiUzQSUyMmZhJTIwZmEtZ2VhciUyMiU3RCUyQyU3QiUyMnRpdGxlJTIyJTNBJTIySGlnaCUyMGF2YWlsYWJpbGl0eSUyMiUyQyUyMmNvbnRlbnQlMjIlM0ElMjIlM0NwJTNFeW91ciUyMGVudGlyZSUyMHNlcnZlciUyMGlzJTIwb24lMjBhJTIwZmFpbG92ZXIlMjBjbHVzdGVyJTIwdG8lMjBvcHRpbWl6ZSUyMHlvdXIlMjBzZXJ2aWNlcyUyMGFuZCUyMGNvbXB1dGVyJTIwYXBwbGljYXRpb25zLiUzQyUyRnAlM0UlMjIlMkMlMjJpY29uJTIyJTNBJTIyZmElMjBmYS1nZWFycyUyMiU3RCU1RA==&#8221;&hellip;<\/p>\n","protected":false},"author":1,"featured_media":0,"parent":16512,"menu_order":0,"comment_status":"closed","ping_status":"closed","template":"","meta":{"footnotes":""},"class_list":["post-16582","page","type-page","status-publish","hentry","description-off"],"yoast_head":"<!-- This site is optimized with the Yoast SEO plugin v26.9 - https:\/\/yoast.com\/product\/yoast-seo-wordpress\/ -->\r\n<title>MBS IT Solutions Cloud Telephony Monaco - VPS (Virtual Private Server)<\/title>\r\n<meta name=\"robots\" content=\"index, follow, max-snippet:-1, max-image-preview:large, max-video-preview:-1\" \/>\r\n<link rel=\"canonical\" href=\"https:\/\/www.mbs.mc\/en\/cloud-services\/vps\/\" \/>\r\n<meta property=\"og:locale\" content=\"en_US\" \/>\r\n<meta property=\"og:type\" content=\"article\" \/>\r\n<meta property=\"og:title\" content=\"MBS IT Solutions Cloud Telephony Monaco - VPS (Virtual Private Server)\" \/>\r\n<meta property=\"og:description\" content=\"[vc_row type=&#8221;vc_default&#8221; css=&#8221;.vc_custom_1506673045752{padding-bottom: 50px !important;}&#8221;][vc_column width=&#8221;2\/3&#8243;][vc_column_text] Maximum availability of servers A server crash is a disaster for your company&#8217;s activities. A VPS (Virtual Private Server) creates a virtual version hosted in MBS storage bays.[\/vc_column_text][\/vc_column][vc_column width=&#8221;1\/3&#8243;][vc_single_image image=&#8221;15720&#8243; img_size=&#8221;full&#8221; alignment=&#8221;center&#8221;][\/vc_column][\/vc_row][vc_row type=&#8221;vc_default&#8221; css=&#8221;.vc_custom_1506673045752{padding-bottom: 50px !important;}&#8221;][vc_column][vc_column_text] Depending on the chosen data centre, opt for a VPS: [\/vc_column_text][ucaddon_six_features icon_color=&#8221;#19477D&#8221; uc_items_data=&#8221;JTVCJTdCJTIydGl0bGUlMjIlM0ElMjJTdGFuZGFyZCUyMCUyMiUyQyUyMmNvbnRlbnQlMjIlM0ElMjIlM0NwJTNFcGFydCUyMG9mJTIweW91ciUyMElUJTIwc3lzdGVtJTIwaXMlMjB2aXJ0dWFsaXplZGxpcyVDMyVBOWUlM0MlMkZwJTNFJTIyJTJDJTIyaWNvbiUyMiUzQSUyMmZhJTIwZmEtZ2VhciUyMiU3RCUyQyU3QiUyMnRpdGxlJTIyJTNBJTIySGlnaCUyMGF2YWlsYWJpbGl0eSUyMiUyQyUyMmNvbnRlbnQlMjIlM0ElMjIlM0NwJTNFeW91ciUyMGVudGlyZSUyMHNlcnZlciUyMGlzJTIwb24lMjBhJTIwZmFpbG92ZXIlMjBjbHVzdGVyJTIwdG8lMjBvcHRpbWl6ZSUyMHlvdXIlMjBzZXJ2aWNlcyUyMGFuZCUyMGNvbXB1dGVyJTIwYXBwbGljYXRpb25zLiUzQyUyRnAlM0UlMjIlMkMlMjJpY29uJTIyJTNBJTIyZmElMjBmYS1nZWFycyUyMiU3RCU1RA==&#8221;&hellip;\" \/>\r\n<meta property=\"og:url\" content=\"https:\/\/www.mbs.mc\/en\/cloud-services\/vps\/\" \/>\r\n<meta property=\"og:site_name\" content=\"MBS (PEXYS MONACO)\" \/>\r\n<meta property=\"article:publisher\" content=\"https:\/\/www.facebook.com\/mbs.it.monaco\/\" \/>\r\n<meta property=\"article:modified_time\" content=\"2018-04-09T07:33:30+00:00\" \/>\r\n<meta property=\"og:image\" content=\"https:\/\/www.mbs.mc\/wp-content\/uploads\/2018\/01\/logo-retina-mbs.png\" \/>\r\n\t<meta property=\"og:image:width\" content=\"827\" \/>\r\n\t<meta property=\"og:image:height\" content=\"349\" \/>\r\n\t<meta property=\"og:image:type\" content=\"image\/png\" \/>\r\n<meta name=\"twitter:card\" content=\"summary_large_image\" \/>\r\n<meta name=\"twitter:label1\" content=\"Est. reading time\" \/>\n\t<meta name=\"twitter:data1\" content=\"4 minutes\" \/>\r\n<script type=\"application\/ld+json\" class=\"yoast-schema-graph\">{\"@context\":\"https:\/\/schema.org\",\"@graph\":[{\"@type\":\"WebPage\",\"@id\":\"https:\/\/www.mbs.mc\/en\/cloud-services\/vps\/\",\"url\":\"https:\/\/www.mbs.mc\/en\/cloud-services\/vps\/\",\"name\":\"MBS IT Solutions Cloud Telephony Monaco - VPS (Virtual Private Server)\",\"isPartOf\":{\"@id\":\"https:\/\/www.mbs.mc\/#website\"},\"datePublished\":\"2017-06-15T09:51:13+00:00\",\"dateModified\":\"2018-04-09T07:33:30+00:00\",\"breadcrumb\":{\"@id\":\"https:\/\/www.mbs.mc\/en\/cloud-services\/vps\/#breadcrumb\"},\"inLanguage\":\"en-US\",\"potentialAction\":[{\"@type\":\"ReadAction\",\"target\":[\"https:\/\/www.mbs.mc\/en\/cloud-services\/vps\/\"]}]},{\"@type\":\"BreadcrumbList\",\"@id\":\"https:\/\/www.mbs.mc\/en\/cloud-services\/vps\/#breadcrumb\",\"itemListElement\":[{\"@type\":\"ListItem\",\"position\":1,\"name\":\"Accueil\",\"item\":\"https:\/\/www.mbs.mc\/en\/\"},{\"@type\":\"ListItem\",\"position\":2,\"name\":\"CLOUD SERVICES\",\"item\":\"https:\/\/www.mbs.mc\/en\/cloud-services\/\"},{\"@type\":\"ListItem\",\"position\":3,\"name\":\"VPS\"}]},{\"@type\":\"WebSite\",\"@id\":\"https:\/\/www.mbs.mc\/#website\",\"url\":\"https:\/\/www.mbs.mc\/\",\"name\":\"MBS (PEXYS MONACO)\",\"description\":\"Solution informatiques | Cloud | Acc\u00e8s internet | T\u00e9l\u00e9phonie IP\",\"publisher\":{\"@id\":\"https:\/\/www.mbs.mc\/#organization\"},\"potentialAction\":[{\"@type\":\"SearchAction\",\"target\":{\"@type\":\"EntryPoint\",\"urlTemplate\":\"https:\/\/www.mbs.mc\/?s={search_term_string}\"},\"query-input\":{\"@type\":\"PropertyValueSpecification\",\"valueRequired\":true,\"valueName\":\"search_term_string\"}}],\"inLanguage\":\"en-US\"},{\"@type\":\"Organization\",\"@id\":\"https:\/\/www.mbs.mc\/#organization\",\"name\":\"MBS\",\"url\":\"https:\/\/www.mbs.mc\/\",\"logo\":{\"@type\":\"ImageObject\",\"inLanguage\":\"en-US\",\"@id\":\"https:\/\/www.mbs.mc\/#\/schema\/logo\/image\/\",\"url\":\"https:\/\/www.mbs.mc\/wp-content\/uploads\/2018\/01\/logo-retina-mbs.png\",\"contentUrl\":\"https:\/\/www.mbs.mc\/wp-content\/uploads\/2018\/01\/logo-retina-mbs.png\",\"width\":827,\"height\":349,\"caption\":\"MBS\"},\"image\":{\"@id\":\"https:\/\/www.mbs.mc\/#\/schema\/logo\/image\/\"},\"sameAs\":[\"https:\/\/www.facebook.com\/mbs.it.monaco\/\",\"https:\/\/www.linkedin.com\/company\/mbs---monaco-business-solutions\"]}]}<\/script>\r\n<!-- \/ Yoast SEO plugin. -->","yoast_head_json":{"title":"MBS IT Solutions Cloud Telephony Monaco - VPS (Virtual Private Server)","robots":{"index":"index","follow":"follow","max-snippet":"max-snippet:-1","max-image-preview":"max-image-preview:large","max-video-preview":"max-video-preview:-1"},"canonical":"https:\/\/www.mbs.mc\/en\/cloud-services\/vps\/","og_locale":"en_US","og_type":"article","og_title":"MBS IT Solutions Cloud Telephony Monaco - VPS (Virtual Private Server)","og_description":"[vc_row type=&#8221;vc_default&#8221; css=&#8221;.vc_custom_1506673045752{padding-bottom: 50px !important;}&#8221;][vc_column width=&#8221;2\/3&#8243;][vc_column_text] Maximum availability of servers A server crash is a disaster for your company&#8217;s activities. A VPS (Virtual Private Server) creates a virtual version hosted in MBS storage bays.[\/vc_column_text][\/vc_column][vc_column width=&#8221;1\/3&#8243;][vc_single_image image=&#8221;15720&#8243; img_size=&#8221;full&#8221; alignment=&#8221;center&#8221;][\/vc_column][\/vc_row][vc_row type=&#8221;vc_default&#8221; css=&#8221;.vc_custom_1506673045752{padding-bottom: 50px !important;}&#8221;][vc_column][vc_column_text] Depending on the chosen data centre, opt for a VPS: [\/vc_column_text][ucaddon_six_features icon_color=&#8221;#19477D&#8221; uc_items_data=&#8221;JTVCJTdCJTIydGl0bGUlMjIlM0ElMjJTdGFuZGFyZCUyMCUyMiUyQyUyMmNvbnRlbnQlMjIlM0ElMjIlM0NwJTNFcGFydCUyMG9mJTIweW91ciUyMElUJTIwc3lzdGVtJTIwaXMlMjB2aXJ0dWFsaXplZGxpcyVDMyVBOWUlM0MlMkZwJTNFJTIyJTJDJTIyaWNvbiUyMiUzQSUyMmZhJTIwZmEtZ2VhciUyMiU3RCUyQyU3QiUyMnRpdGxlJTIyJTNBJTIySGlnaCUyMGF2YWlsYWJpbGl0eSUyMiUyQyUyMmNvbnRlbnQlMjIlM0ElMjIlM0NwJTNFeW91ciUyMGVudGlyZSUyMHNlcnZlciUyMGlzJTIwb24lMjBhJTIwZmFpbG92ZXIlMjBjbHVzdGVyJTIwdG8lMjBvcHRpbWl6ZSUyMHlvdXIlMjBzZXJ2aWNlcyUyMGFuZCUyMGNvbXB1dGVyJTIwYXBwbGljYXRpb25zLiUzQyUyRnAlM0UlMjIlMkMlMjJpY29uJTIyJTNBJTIyZmElMjBmYS1nZWFycyUyMiU3RCU1RA==&#8221;&hellip;","og_url":"https:\/\/www.mbs.mc\/en\/cloud-services\/vps\/","og_site_name":"MBS (PEXYS MONACO)","article_publisher":"https:\/\/www.facebook.com\/mbs.it.monaco\/","article_modified_time":"2018-04-09T07:33:30+00:00","og_image":[{"width":827,"height":349,"url":"https:\/\/www.mbs.mc\/wp-content\/uploads\/2018\/01\/logo-retina-mbs.png","type":"image\/png"}],"twitter_card":"summary_large_image","twitter_misc":{"Est. reading time":"4 minutes"},"schema":{"@context":"https:\/\/schema.org","@graph":[{"@type":"WebPage","@id":"https:\/\/www.mbs.mc\/en\/cloud-services\/vps\/","url":"https:\/\/www.mbs.mc\/en\/cloud-services\/vps\/","name":"MBS IT Solutions Cloud Telephony Monaco - VPS (Virtual Private Server)","isPartOf":{"@id":"https:\/\/www.mbs.mc\/#website"},"datePublished":"2017-06-15T09:51:13+00:00","dateModified":"2018-04-09T07:33:30+00:00","breadcrumb":{"@id":"https:\/\/www.mbs.mc\/en\/cloud-services\/vps\/#breadcrumb"},"inLanguage":"en-US","potentialAction":[{"@type":"ReadAction","target":["https:\/\/www.mbs.mc\/en\/cloud-services\/vps\/"]}]},{"@type":"BreadcrumbList","@id":"https:\/\/www.mbs.mc\/en\/cloud-services\/vps\/#breadcrumb","itemListElement":[{"@type":"ListItem","position":1,"name":"Accueil","item":"https:\/\/www.mbs.mc\/en\/"},{"@type":"ListItem","position":2,"name":"CLOUD SERVICES","item":"https:\/\/www.mbs.mc\/en\/cloud-services\/"},{"@type":"ListItem","position":3,"name":"VPS"}]},{"@type":"WebSite","@id":"https:\/\/www.mbs.mc\/#website","url":"https:\/\/www.mbs.mc\/","name":"MBS (PEXYS MONACO)","description":"Solution informatiques | Cloud | Acc\u00e8s internet | T\u00e9l\u00e9phonie IP","publisher":{"@id":"https:\/\/www.mbs.mc\/#organization"},"potentialAction":[{"@type":"SearchAction","target":{"@type":"EntryPoint","urlTemplate":"https:\/\/www.mbs.mc\/?s={search_term_string}"},"query-input":{"@type":"PropertyValueSpecification","valueRequired":true,"valueName":"search_term_string"}}],"inLanguage":"en-US"},{"@type":"Organization","@id":"https:\/\/www.mbs.mc\/#organization","name":"MBS","url":"https:\/\/www.mbs.mc\/","logo":{"@type":"ImageObject","inLanguage":"en-US","@id":"https:\/\/www.mbs.mc\/#\/schema\/logo\/image\/","url":"https:\/\/www.mbs.mc\/wp-content\/uploads\/2018\/01\/logo-retina-mbs.png","contentUrl":"https:\/\/www.mbs.mc\/wp-content\/uploads\/2018\/01\/logo-retina-mbs.png","width":827,"height":349,"caption":"MBS"},"image":{"@id":"https:\/\/www.mbs.mc\/#\/schema\/logo\/image\/"},"sameAs":["https:\/\/www.facebook.com\/mbs.it.monaco\/","https:\/\/www.linkedin.com\/company\/mbs---monaco-business-solutions"]}]}},"_links":{"self":[{"href":"https:\/\/www.mbs.mc\/en\/wp-json\/wp\/v2\/pages\/16582","targetHints":{"allow":["GET"]}}],"collection":[{"href":"https:\/\/www.mbs.mc\/en\/wp-json\/wp\/v2\/pages"}],"about":[{"href":"https:\/\/www.mbs.mc\/en\/wp-json\/wp\/v2\/types\/page"}],"author":[{"embeddable":true,"href":"https:\/\/www.mbs.mc\/en\/wp-json\/wp\/v2\/users\/1"}],"replies":[{"embeddable":true,"href":"https:\/\/www.mbs.mc\/en\/wp-json\/wp\/v2\/comments?post=16582"}],"version-history":[{"count":0,"href":"https:\/\/www.mbs.mc\/en\/wp-json\/wp\/v2\/pages\/16582\/revisions"}],"up":[{"embeddable":true,"href":"https:\/\/www.mbs.mc\/en\/wp-json\/wp\/v2\/pages\/16512"}],"wp:attachment":[{"href":"https:\/\/www.mbs.mc\/en\/wp-json\/wp\/v2\/media?parent=16582"}],"curies":[{"name":"wp","href":"https:\/\/api.w.org\/{rel}","templated":true}]}}