{"id":16578,"date":"2017-04-27T11:27:29","date_gmt":"2017-04-27T09:27:29","guid":{"rendered":"https:\/\/www.mbs.mc\/cloud-services\/serveurs-dedies\/"},"modified":"2018-01-30T09:06:49","modified_gmt":"2018-01-30T08:06:49","slug":"dedicated-servers","status":"publish","type":"page","link":"https:\/\/www.mbs.mc\/en\/cloud-services\/dedicated-servers\/","title":{"rendered":"Dedicated servers"},"content":{"rendered":"<div class=\"wpb-content-wrapper\"><p>[vc_row][vc_column][vc_row_inner][vc_column_inner width=&#8221;2\/3&#8243;][vc_column_text]<\/p>\n<p style=\"text-align: justify;\">We can host your Internet, <strong>e-mail or application servers in our data centres<\/strong>. We offer dedicated Dell-branded servers via a monthly rental contract.<\/p>\n<p style=\"text-align: justify;\">You are totally at liberty to configure the dedicated server yourself or assisted by <strong>MBS<\/strong> to make changes in your IT infrastructure on an ad hoc or regular basis. We can also fully <strong>facility-manage your dedicated server<\/strong>: <strong>management of updates, complete monitoring with alerts management, etc.<\/strong><\/p>\n<p>[\/vc_column_text][\/vc_column_inner][vc_column_inner width=&#8221;1\/3&#8243; offset=&#8221;vc_hidden-xs&#8221;][vc_single_image image=&#8221;16991&#8243; img_size=&#8221;full&#8221; alignment=&#8221;center&#8221;][\/vc_column_inner][\/vc_row_inner][vc_empty_space height=&#8221;20px&#8221;][\/vc_column][\/vc_row][vc_row type=&#8221;vc_default&#8221; full_width=&#8221;stretch_row&#8221; bg_type=&#8221;bg_color&#8221; bg_override=&#8221;ex-full&#8221; bg_color_value=&#8221;#f8f8f9&#8243;][vc_column][vc_empty_space height=&#8221;20px&#8221;][vc_column_text]<\/p>\n<h3>BENEFITS<\/h3>\n<p>[\/vc_column_text][ucaddon_six_features icon_color=&#8221;#19477D&#8221; uc_items_data=&#8221;JTVCJTdCJTIydGl0bGUlMjIlM0ElMjJGbGV4aWJpbGl0eSUyMiUyQyUyMmNvbnRlbnQlMjIlM0ElMjIlM0NwJTNFYmUlMjB0aGUlMjBhZG1pbmlzdHJhdG9yJTIwYW5kJTIwbWFuYWdlJTIweW91ciUyMHNlcnZlciUyMGFzJTIweW91JTIwd2lzaCUyQyUyMG9yJTIwZnJlZSUyMHlvdXJzZWxmJTIwZnJvbSUyMHRoZSUyMGNvbnN0cmFpbnRzJTIwYW5kJTIwb3B0JTIwZm9yJTIwZmFjaWxpdGllcyUyMG1hbmFnZW1lbnQuJTNDJTJGcCUzRSUyMiUyQyUyMmljb24lMjIlM0ElMjJmYSUyMGZhLWdlYXJzJTIyJTdEJTJDJTdCJTIydGl0bGUlMjIlM0ElMjJTZWN1cml0eSUyMiUyQyUyMmNvbnRlbnQlMjIlM0ElMjIlM0NwJTNFQSUyMGRlZGljYXRlZCUyMHNlcnZlciUyMG9mZmVycyUyMHRvdGFsJTIwcGh5c2ljYWwlMjBpc29sYXRpb24lMjBjb21wYXJlZCUyMHdpdGglMjBwb29sZWQlMjBob3N0aW5nLiUzQyUyRnAlM0UlMjIlMkMlMjJpY29uJTIyJTNBJTIyZmElMjBmYS1sb2NrJTIyJTdEJTJDJTdCJTIydGl0bGUlMjIlM0ElMjJIaWdoJTIwYXZhaWxhYmlsaXR5JTIyJTJDJTIyY29udGVudCUyMiUzQSUyMiUzQ3AlM0VHdWFyYW50ZWVkJTIwYnklMjB0aGUlMjBxdWFsaXR5JTIwb2YlMjB0aGUlMjBERUxMJTIwc2VydmVycyUyMHdlJTIwb2ZmZXIlMjBhbmQlMjBob3N0aW5nJTIwaW4lMjBvdXIlMjBkYXRhJTIwY2VudHJlJTNDJTJGcCUzRSUyMiUyQyUyMmljb24lMjIlM0ElMjJmYSUyMGZhLWZlZWQlMjIlN0QlMkMlN0IlMjJ0aXRsZSUyMiUzQSUyMlNjYWxhYmlsaXR5JTIyJTJDJTIyY29udGVudCUyMiUzQSUyMiUzQ3AlM0V5b3VyJTIwc2VydmVyJTIwYW5kJTIwcmVzb3VyY2VzJTIwY2FuJTIwYmUlMjBzY2FsZWQlMjB1cCUyMHdpdGglMjB5b3VyJTIwbmVlZHMuJTIwTUJTJTIwbWFzdGVycyUyMGElMjB3aWRlJTIwcmFuZ2UlMjBvZiUyMHRlY2hub2xvZ2llcyUyMGluJTIwb3JkZXIlMjB0byUyMGNyZWF0ZSUyMGFuZCUyMGhvc3QlMjBhcmNoaXRlY3R1cmVzJTIwYW5kJTIwc2VydmljZXMlMjBtYXRjaGluZyUyMHlvdXIlMjByZXF1aXJlbWVudHMuJTNDJTJGcCUzRSUyMiUyQyUyMmljb24lMjIlM0ElMjJmYSUyMGZhLXNpZ25hbCUyMiU3RCUyQyU3QiUyMnRpdGxlJTIyJTNBJTIyUGVyZm9ybWFuY2UlMjIlMkMlMjJjb250ZW50JTIyJTNBJTIyJTNDcCUzRXlvdXIlMjBzZXJ2aWNlcyUyMGFuZCUyMHJlc291cmNlcyUyMGFyZSUyMGRlZGljYXRlZCUzQyUyRnAlM0UlMjIlMkMlMjJpY29uJTIyJTNBJTIyZmElMjBmYS1iYXR0ZXJ5LXRocmVlLXF1YXJ0ZXJzJTIyJTdEJTVE&#8221; uc_fonts_data=&#8221;JTdCJTdE&#8221;][vc_empty_space height=&#8221;20px&#8221;][\/vc_column][\/vc_row][vc_row type=&#8221;vc_default&#8221; bg_type=&#8221;bg_color&#8221; bg_override=&#8221;full&#8221; bg_color_value=&#8221;#19477d&#8221;][vc_column][vc_empty_space height=&#8221;20px&#8221;][vc_custom_heading text=&#8221;We are at your disposal to answer all your questions.&#8221; font_container=&#8221;tag:h2|text_align:center|color:%23ffffff&#8221; use_theme_fonts=&#8221;yes&#8221;][vc_empty_space height=&#8221;20px&#8221;][vc_btn title=&#8221;Contact us&#8221; style=&#8221;classic&#8221; color=&#8221;default&#8221; align=&#8221;center&#8221; i_icon_fontawesome=&#8221;fa fa-envelope-o&#8221; add_icon=&#8221;true&#8221; link=&#8221;url:https%3A%2F%2Fwww.mbs.mc%2Fen%2Fcontact%2F|||&#8221;][vc_empty_space height=&#8221;20px&#8221;][\/vc_column][\/vc_row]<\/p>\n<\/div>","protected":false},"excerpt":{"rendered":"<p>[vc_row][vc_column][vc_row_inner][vc_column_inner width=&#8221;2\/3&#8243;][vc_column_text] We can host your Internet, e-mail or application servers in our data centres. We offer dedicated Dell-branded servers via a monthly rental contract. You are totally at liberty to configure the dedicated server yourself or assisted by MBS to make changes in your IT infrastructure on an ad hoc or regular basis. We&hellip;<\/p>\n","protected":false},"author":1,"featured_media":0,"parent":16512,"menu_order":0,"comment_status":"closed","ping_status":"closed","template":"","meta":{"footnotes":""},"class_list":["post-16578","page","type-page","status-publish","hentry","description-off"],"yoast_head":"<!-- This site is optimized with the Yoast SEO plugin v26.9 - https:\/\/yoast.com\/product\/yoast-seo-wordpress\/ -->\r\n<title>MBS IT Solutions Cloud Telephony Monaco - Dedicated Servers<\/title>\r\n<meta name=\"robots\" content=\"index, follow, max-snippet:-1, max-image-preview:large, max-video-preview:-1\" \/>\r\n<link rel=\"canonical\" href=\"https:\/\/www.mbs.mc\/en\/cloud-services\/dedicated-servers\/\" \/>\r\n<meta property=\"og:locale\" content=\"en_US\" \/>\r\n<meta property=\"og:type\" content=\"article\" \/>\r\n<meta property=\"og:title\" content=\"MBS IT Solutions Cloud Telephony Monaco - Dedicated Servers\" \/>\r\n<meta property=\"og:description\" content=\"[vc_row][vc_column][vc_row_inner][vc_column_inner width=&#8221;2\/3&#8243;][vc_column_text] We can host your Internet, e-mail or application servers in our data centres. We offer dedicated Dell-branded servers via a monthly rental contract. You are totally at liberty to configure the dedicated server yourself or assisted by MBS to make changes in your IT infrastructure on an ad hoc or regular basis. We&hellip;\" \/>\r\n<meta property=\"og:url\" content=\"https:\/\/www.mbs.mc\/en\/cloud-services\/dedicated-servers\/\" \/>\r\n<meta property=\"og:site_name\" content=\"MBS (PEXYS MONACO)\" \/>\r\n<meta property=\"article:publisher\" content=\"https:\/\/www.facebook.com\/mbs.it.monaco\/\" \/>\r\n<meta property=\"article:modified_time\" content=\"2018-01-30T08:06:49+00:00\" \/>\r\n<meta property=\"og:image\" content=\"https:\/\/www.mbs.mc\/wp-content\/uploads\/2018\/01\/logo-retina-mbs.png\" \/>\r\n\t<meta property=\"og:image:width\" content=\"827\" \/>\r\n\t<meta property=\"og:image:height\" content=\"349\" \/>\r\n\t<meta property=\"og:image:type\" content=\"image\/png\" \/>\r\n<meta name=\"twitter:card\" content=\"summary_large_image\" \/>\r\n<meta name=\"twitter:label1\" content=\"Est. reading time\" \/>\n\t<meta name=\"twitter:data1\" content=\"2 minutes\" \/>\r\n<script type=\"application\/ld+json\" class=\"yoast-schema-graph\">{\"@context\":\"https:\/\/schema.org\",\"@graph\":[{\"@type\":\"WebPage\",\"@id\":\"https:\/\/www.mbs.mc\/en\/cloud-services\/dedicated-servers\/\",\"url\":\"https:\/\/www.mbs.mc\/en\/cloud-services\/dedicated-servers\/\",\"name\":\"MBS IT Solutions Cloud Telephony Monaco - Dedicated Servers\",\"isPartOf\":{\"@id\":\"https:\/\/www.mbs.mc\/#website\"},\"datePublished\":\"2017-04-27T09:27:29+00:00\",\"dateModified\":\"2018-01-30T08:06:49+00:00\",\"breadcrumb\":{\"@id\":\"https:\/\/www.mbs.mc\/en\/cloud-services\/dedicated-servers\/#breadcrumb\"},\"inLanguage\":\"en-US\",\"potentialAction\":[{\"@type\":\"ReadAction\",\"target\":[\"https:\/\/www.mbs.mc\/en\/cloud-services\/dedicated-servers\/\"]}]},{\"@type\":\"BreadcrumbList\",\"@id\":\"https:\/\/www.mbs.mc\/en\/cloud-services\/dedicated-servers\/#breadcrumb\",\"itemListElement\":[{\"@type\":\"ListItem\",\"position\":1,\"name\":\"Accueil\",\"item\":\"https:\/\/www.mbs.mc\/en\/\"},{\"@type\":\"ListItem\",\"position\":2,\"name\":\"CLOUD SERVICES\",\"item\":\"https:\/\/www.mbs.mc\/en\/cloud-services\/\"},{\"@type\":\"ListItem\",\"position\":3,\"name\":\"Dedicated servers\"}]},{\"@type\":\"WebSite\",\"@id\":\"https:\/\/www.mbs.mc\/#website\",\"url\":\"https:\/\/www.mbs.mc\/\",\"name\":\"MBS (PEXYS MONACO)\",\"description\":\"Solution informatiques | Cloud | Acc\u00e8s internet | T\u00e9l\u00e9phonie IP\",\"publisher\":{\"@id\":\"https:\/\/www.mbs.mc\/#organization\"},\"potentialAction\":[{\"@type\":\"SearchAction\",\"target\":{\"@type\":\"EntryPoint\",\"urlTemplate\":\"https:\/\/www.mbs.mc\/?s={search_term_string}\"},\"query-input\":{\"@type\":\"PropertyValueSpecification\",\"valueRequired\":true,\"valueName\":\"search_term_string\"}}],\"inLanguage\":\"en-US\"},{\"@type\":\"Organization\",\"@id\":\"https:\/\/www.mbs.mc\/#organization\",\"name\":\"MBS\",\"url\":\"https:\/\/www.mbs.mc\/\",\"logo\":{\"@type\":\"ImageObject\",\"inLanguage\":\"en-US\",\"@id\":\"https:\/\/www.mbs.mc\/#\/schema\/logo\/image\/\",\"url\":\"https:\/\/www.mbs.mc\/wp-content\/uploads\/2018\/01\/logo-retina-mbs.png\",\"contentUrl\":\"https:\/\/www.mbs.mc\/wp-content\/uploads\/2018\/01\/logo-retina-mbs.png\",\"width\":827,\"height\":349,\"caption\":\"MBS\"},\"image\":{\"@id\":\"https:\/\/www.mbs.mc\/#\/schema\/logo\/image\/\"},\"sameAs\":[\"https:\/\/www.facebook.com\/mbs.it.monaco\/\",\"https:\/\/www.linkedin.com\/company\/mbs---monaco-business-solutions\"]}]}<\/script>\r\n<!-- \/ Yoast SEO plugin. -->","yoast_head_json":{"title":"MBS IT Solutions Cloud Telephony Monaco - Dedicated Servers","robots":{"index":"index","follow":"follow","max-snippet":"max-snippet:-1","max-image-preview":"max-image-preview:large","max-video-preview":"max-video-preview:-1"},"canonical":"https:\/\/www.mbs.mc\/en\/cloud-services\/dedicated-servers\/","og_locale":"en_US","og_type":"article","og_title":"MBS IT Solutions Cloud Telephony Monaco - Dedicated Servers","og_description":"[vc_row][vc_column][vc_row_inner][vc_column_inner width=&#8221;2\/3&#8243;][vc_column_text] We can host your Internet, e-mail or application servers in our data centres. We offer dedicated Dell-branded servers via a monthly rental contract. You are totally at liberty to configure the dedicated server yourself or assisted by MBS to make changes in your IT infrastructure on an ad hoc or regular basis. We&hellip;","og_url":"https:\/\/www.mbs.mc\/en\/cloud-services\/dedicated-servers\/","og_site_name":"MBS (PEXYS MONACO)","article_publisher":"https:\/\/www.facebook.com\/mbs.it.monaco\/","article_modified_time":"2018-01-30T08:06:49+00:00","og_image":[{"width":827,"height":349,"url":"https:\/\/www.mbs.mc\/wp-content\/uploads\/2018\/01\/logo-retina-mbs.png","type":"image\/png"}],"twitter_card":"summary_large_image","twitter_misc":{"Est. reading time":"2 minutes"},"schema":{"@context":"https:\/\/schema.org","@graph":[{"@type":"WebPage","@id":"https:\/\/www.mbs.mc\/en\/cloud-services\/dedicated-servers\/","url":"https:\/\/www.mbs.mc\/en\/cloud-services\/dedicated-servers\/","name":"MBS IT Solutions Cloud Telephony Monaco - Dedicated Servers","isPartOf":{"@id":"https:\/\/www.mbs.mc\/#website"},"datePublished":"2017-04-27T09:27:29+00:00","dateModified":"2018-01-30T08:06:49+00:00","breadcrumb":{"@id":"https:\/\/www.mbs.mc\/en\/cloud-services\/dedicated-servers\/#breadcrumb"},"inLanguage":"en-US","potentialAction":[{"@type":"ReadAction","target":["https:\/\/www.mbs.mc\/en\/cloud-services\/dedicated-servers\/"]}]},{"@type":"BreadcrumbList","@id":"https:\/\/www.mbs.mc\/en\/cloud-services\/dedicated-servers\/#breadcrumb","itemListElement":[{"@type":"ListItem","position":1,"name":"Accueil","item":"https:\/\/www.mbs.mc\/en\/"},{"@type":"ListItem","position":2,"name":"CLOUD SERVICES","item":"https:\/\/www.mbs.mc\/en\/cloud-services\/"},{"@type":"ListItem","position":3,"name":"Dedicated servers"}]},{"@type":"WebSite","@id":"https:\/\/www.mbs.mc\/#website","url":"https:\/\/www.mbs.mc\/","name":"MBS (PEXYS MONACO)","description":"Solution informatiques | Cloud | Acc\u00e8s internet | T\u00e9l\u00e9phonie IP","publisher":{"@id":"https:\/\/www.mbs.mc\/#organization"},"potentialAction":[{"@type":"SearchAction","target":{"@type":"EntryPoint","urlTemplate":"https:\/\/www.mbs.mc\/?s={search_term_string}"},"query-input":{"@type":"PropertyValueSpecification","valueRequired":true,"valueName":"search_term_string"}}],"inLanguage":"en-US"},{"@type":"Organization","@id":"https:\/\/www.mbs.mc\/#organization","name":"MBS","url":"https:\/\/www.mbs.mc\/","logo":{"@type":"ImageObject","inLanguage":"en-US","@id":"https:\/\/www.mbs.mc\/#\/schema\/logo\/image\/","url":"https:\/\/www.mbs.mc\/wp-content\/uploads\/2018\/01\/logo-retina-mbs.png","contentUrl":"https:\/\/www.mbs.mc\/wp-content\/uploads\/2018\/01\/logo-retina-mbs.png","width":827,"height":349,"caption":"MBS"},"image":{"@id":"https:\/\/www.mbs.mc\/#\/schema\/logo\/image\/"},"sameAs":["https:\/\/www.facebook.com\/mbs.it.monaco\/","https:\/\/www.linkedin.com\/company\/mbs---monaco-business-solutions"]}]}},"_links":{"self":[{"href":"https:\/\/www.mbs.mc\/en\/wp-json\/wp\/v2\/pages\/16578","targetHints":{"allow":["GET"]}}],"collection":[{"href":"https:\/\/www.mbs.mc\/en\/wp-json\/wp\/v2\/pages"}],"about":[{"href":"https:\/\/www.mbs.mc\/en\/wp-json\/wp\/v2\/types\/page"}],"author":[{"embeddable":true,"href":"https:\/\/www.mbs.mc\/en\/wp-json\/wp\/v2\/users\/1"}],"replies":[{"embeddable":true,"href":"https:\/\/www.mbs.mc\/en\/wp-json\/wp\/v2\/comments?post=16578"}],"version-history":[{"count":0,"href":"https:\/\/www.mbs.mc\/en\/wp-json\/wp\/v2\/pages\/16578\/revisions"}],"up":[{"embeddable":true,"href":"https:\/\/www.mbs.mc\/en\/wp-json\/wp\/v2\/pages\/16512"}],"wp:attachment":[{"href":"https:\/\/www.mbs.mc\/en\/wp-json\/wp\/v2\/media?parent=16578"}],"curies":[{"name":"wp","href":"https:\/\/api.w.org\/{rel}","templated":true}]}}