{"id":16574,"date":"2017-04-27T11:28:11","date_gmt":"2017-04-27T09:28:11","guid":{"rendered":"https:\/\/www.mbs.mc\/cloud-services\/nom-de-domaine\/"},"modified":"2018-04-09T17:18:00","modified_gmt":"2018-04-09T15:18:00","slug":"domain-name","status":"publish","type":"page","link":"https:\/\/www.mbs.mc\/en\/cloud-services\/domain-name\/","title":{"rendered":"Domain name"},"content":{"rendered":"<div class=\"wpb-content-wrapper\"><p>[vc_row type=&#8221;vc_default&#8221; css=&#8221;.vc_custom_1506326311905{padding-top: 40px !important;padding-bottom: 70px !important;}&#8221;][vc_column width=&#8221;1\/2&#8243;][vc_column_text]From domain name registration to renewal, our expertise offers you <strong>personalized monitoring<\/strong>. As we have our own DNS servers, we can easily <strong>create sub-domains that enhance your search engine optimization<\/strong>.[\/vc_column_text][vc_empty_space height=&#8221;40px&#8221;][vc_raw_html]JTNDY2VudGVyJTNFJTNDZm9ybSUyMGNsYXNzJTNEJTIyZG9tYWluJTIyJTIwYWN0aW9uJTNEJTIyaHR0cHMlM0ElMkYlMkZtYW5hZ2UubWJzLm1jJTJGY2FydC5waHAlM0ZhJTNEYWRkJTI2ZG9tYWluJTNEcmVnaXN0ZXIlMjIlMjB0YXJnZXQlM0QlMjJfYmxhbmslMjIlMjBtZXRob2QlM0QlMjJwb3N0JTIyJTNFJTBBQ2hlY2slMjB0aGUlMjBhdmFpbGFiaWxpdHklMjBvZiUyMGElMjBkb21haW4lMjBuYW1lJTNDYnIlM0UlM0NpbnB1dCUyMHR5cGUlM0QlMjJ0ZXh0JTIyJTIwbmFtZSUzRCUyMnF1ZXJ5JTIyJTIwcGxhY2Vob2xkZXIlM0QlMjJleGFtcGxlLmNvbSUyMiUyMHNpemUlM0QlMjIyMCUyMiUyMCUyRiUzRSUwQSUzQ2lucHV0JTIwdHlwZSUzRCUyMnN1Ym1pdCUyMiUyMHZhbHVlJTNEJTIyR28lMjIlMjAlMjAlMkYlM0UlMEElM0MlMkZmb3JtJTNFJTNDJTJGY2VudGVyJTNF[\/vc_raw_html][\/vc_column][vc_column width=&#8221;1\/2&#8243;][vc_single_image image=&#8221;16325&#8243; img_size=&#8221;full&#8221; alignment=&#8221;center&#8221;][\/vc_column][\/vc_row][vc_row type=&#8221;vc_default&#8221; bg_type=&#8221;bg_color&#8221; bg_override=&#8221;full&#8221; bg_color_value=&#8221;#19477d&#8221;][vc_column][vc_empty_space height=&#8221;20px&#8221;][vc_custom_heading text=&#8221;Need one or more domain names? Wait no longer.&#8221; font_container=&#8221;tag:h2|text_align:center|color:%23ffffff&#8221; use_theme_fonts=&#8221;yes&#8221;][vc_empty_space height=&#8221;20px&#8221;][vc_btn title=&#8221;I reserve now!&#8221; style=&#8221;classic&#8221; color=&#8221;default&#8221; align=&#8221;center&#8221; i_icon_fontawesome=&#8221;fa fa-at&#8221; add_icon=&#8221;true&#8221; link=&#8221;url:https%3A%2F%2Fmanage.mbs.mc||target:%20_blank|&#8221;][vc_empty_space height=&#8221;20px&#8221;][\/vc_column][\/vc_row]<\/p>\n<\/div>","protected":false},"excerpt":{"rendered":"<p>[vc_row type=&#8221;vc_default&#8221; css=&#8221;.vc_custom_1506326311905{padding-top: 40px !important;padding-bottom: 70px !important;}&#8221;][vc_column width=&#8221;1\/2&#8243;][vc_column_text]From domain name registration to renewal, our expertise offers you personalized monitoring. As we have our own DNS servers, we can easily create sub-domains that enhance your search engine optimization.[\/vc_column_text][vc_empty_space height=&#8221;40px&#8221;][vc_raw_html]JTNDY2VudGVyJTNFJTNDZm9ybSUyMGNsYXNzJTNEJTIyZG9tYWluJTIyJTIwYWN0aW9uJTNEJTIyaHR0cHMlM0ElMkYlMkZtYW5hZ2UubWJzLm1jJTJGY2FydC5waHAlM0ZhJTNEYWRkJTI2ZG9tYWluJTNEcmVnaXN0ZXIlMjIlMjB0YXJnZXQlM0QlMjJfYmxhbmslMjIlMjBtZXRob2QlM0QlMjJwb3N0JTIyJTNFJTBBQ2hlY2slMjB0aGUlMjBhdmFpbGFiaWxpdHklMjBvZiUyMGElMjBkb21haW4lMjBuYW1lJTNDYnIlM0UlM0NpbnB1dCUyMHR5cGUlM0QlMjJ0ZXh0JTIyJTIwbmFtZSUzRCUyMnF1ZXJ5JTIyJTIwcGxhY2Vob2xkZXIlM0QlMjJleGFtcGxlLmNvbSUyMiUyMHNpemUlM0QlMjIyMCUyMiUyMCUyRiUzRSUwQSUzQ2lucHV0JTIwdHlwZSUzRCUyMnN1Ym1pdCUyMiUyMHZhbHVlJTNEJTIyR28lMjIlMjAlMjAlMkYlM0UlMEElM0MlMkZmb3JtJTNFJTNDJTJGY2VudGVyJTNF[\/vc_raw_html][\/vc_column][vc_column width=&#8221;1\/2&#8243;][vc_single_image image=&#8221;16325&#8243; img_size=&#8221;full&#8221; alignment=&#8221;center&#8221;][\/vc_column][\/vc_row][vc_row type=&#8221;vc_default&#8221; bg_type=&#8221;bg_color&#8221; bg_override=&#8221;full&#8221; bg_color_value=&#8221;#19477d&#8221;][vc_column][vc_empty_space height=&#8221;20px&#8221;][vc_custom_heading text=&#8221;Need one or more domain names? Wait no&hellip;<\/p>\n","protected":false},"author":1,"featured_media":0,"parent":16512,"menu_order":0,"comment_status":"closed","ping_status":"closed","template":"","meta":{"footnotes":""},"class_list":["post-16574","page","type-page","status-publish","hentry","description-off"],"yoast_head":"<!-- This site is optimized with the Yoast SEO plugin v26.9 - https:\/\/yoast.com\/product\/yoast-seo-wordpress\/ -->\r\n<title>MBS IT Solutions Cloud Telephony Monaco - Domain name<\/title>\r\n<meta name=\"robots\" content=\"index, follow, max-snippet:-1, max-image-preview:large, max-video-preview:-1\" \/>\r\n<link rel=\"canonical\" href=\"https:\/\/www.mbs.mc\/en\/cloud-services\/domain-name\/\" \/>\r\n<meta property=\"og:locale\" content=\"en_US\" \/>\r\n<meta property=\"og:type\" content=\"article\" \/>\r\n<meta property=\"og:title\" content=\"MBS IT Solutions Cloud Telephony Monaco - Domain name\" \/>\r\n<meta property=\"og:description\" content=\"[vc_row type=&#8221;vc_default&#8221; css=&#8221;.vc_custom_1506326311905{padding-top: 40px !important;padding-bottom: 70px !important;}&#8221;][vc_column width=&#8221;1\/2&#8243;][vc_column_text]From domain name registration to renewal, our expertise offers you personalized monitoring. As we have our own DNS servers, we can easily create sub-domains that enhance your search engine optimization.[\/vc_column_text][vc_empty_space height=&#8221;40px&#8221;][vc_raw_html]JTNDY2VudGVyJTNFJTNDZm9ybSUyMGNsYXNzJTNEJTIyZG9tYWluJTIyJTIwYWN0aW9uJTNEJTIyaHR0cHMlM0ElMkYlMkZtYW5hZ2UubWJzLm1jJTJGY2FydC5waHAlM0ZhJTNEYWRkJTI2ZG9tYWluJTNEcmVnaXN0ZXIlMjIlMjB0YXJnZXQlM0QlMjJfYmxhbmslMjIlMjBtZXRob2QlM0QlMjJwb3N0JTIyJTNFJTBBQ2hlY2slMjB0aGUlMjBhdmFpbGFiaWxpdHklMjBvZiUyMGElMjBkb21haW4lMjBuYW1lJTNDYnIlM0UlM0NpbnB1dCUyMHR5cGUlM0QlMjJ0ZXh0JTIyJTIwbmFtZSUzRCUyMnF1ZXJ5JTIyJTIwcGxhY2Vob2xkZXIlM0QlMjJleGFtcGxlLmNvbSUyMiUyMHNpemUlM0QlMjIyMCUyMiUyMCUyRiUzRSUwQSUzQ2lucHV0JTIwdHlwZSUzRCUyMnN1Ym1pdCUyMiUyMHZhbHVlJTNEJTIyR28lMjIlMjAlMjAlMkYlM0UlMEElM0MlMkZmb3JtJTNFJTNDJTJGY2VudGVyJTNF[\/vc_raw_html][\/vc_column][vc_column width=&#8221;1\/2&#8243;][vc_single_image image=&#8221;16325&#8243; img_size=&#8221;full&#8221; alignment=&#8221;center&#8221;][\/vc_column][\/vc_row][vc_row type=&#8221;vc_default&#8221; bg_type=&#8221;bg_color&#8221; bg_override=&#8221;full&#8221; bg_color_value=&#8221;#19477d&#8221;][vc_column][vc_empty_space height=&#8221;20px&#8221;][vc_custom_heading text=&#8221;Need one or more domain names? Wait no&hellip;\" \/>\r\n<meta property=\"og:url\" content=\"https:\/\/www.mbs.mc\/en\/cloud-services\/domain-name\/\" \/>\r\n<meta property=\"og:site_name\" content=\"MBS (PEXYS MONACO)\" \/>\r\n<meta property=\"article:publisher\" content=\"https:\/\/www.facebook.com\/mbs.it.monaco\/\" \/>\r\n<meta property=\"article:modified_time\" content=\"2018-04-09T15:18:00+00:00\" \/>\r\n<meta property=\"og:image\" content=\"https:\/\/www.mbs.mc\/wp-content\/uploads\/2018\/01\/logo-retina-mbs.png\" \/>\r\n\t<meta property=\"og:image:width\" content=\"827\" \/>\r\n\t<meta property=\"og:image:height\" content=\"349\" \/>\r\n\t<meta property=\"og:image:type\" content=\"image\/png\" \/>\r\n<meta name=\"twitter:card\" content=\"summary_large_image\" \/>\r\n<meta name=\"twitter:label1\" content=\"Est. reading time\" \/>\n\t<meta name=\"twitter:data1\" content=\"1 minute\" \/>\r\n<script type=\"application\/ld+json\" class=\"yoast-schema-graph\">{\"@context\":\"https:\/\/schema.org\",\"@graph\":[{\"@type\":\"WebPage\",\"@id\":\"https:\/\/www.mbs.mc\/en\/cloud-services\/domain-name\/\",\"url\":\"https:\/\/www.mbs.mc\/en\/cloud-services\/domain-name\/\",\"name\":\"MBS IT Solutions Cloud Telephony Monaco - Domain name\",\"isPartOf\":{\"@id\":\"https:\/\/www.mbs.mc\/#website\"},\"datePublished\":\"2017-04-27T09:28:11+00:00\",\"dateModified\":\"2018-04-09T15:18:00+00:00\",\"breadcrumb\":{\"@id\":\"https:\/\/www.mbs.mc\/en\/cloud-services\/domain-name\/#breadcrumb\"},\"inLanguage\":\"en-US\",\"potentialAction\":[{\"@type\":\"ReadAction\",\"target\":[\"https:\/\/www.mbs.mc\/en\/cloud-services\/domain-name\/\"]}]},{\"@type\":\"BreadcrumbList\",\"@id\":\"https:\/\/www.mbs.mc\/en\/cloud-services\/domain-name\/#breadcrumb\",\"itemListElement\":[{\"@type\":\"ListItem\",\"position\":1,\"name\":\"Accueil\",\"item\":\"https:\/\/www.mbs.mc\/en\/\"},{\"@type\":\"ListItem\",\"position\":2,\"name\":\"CLOUD SERVICES\",\"item\":\"https:\/\/www.mbs.mc\/en\/cloud-services\/\"},{\"@type\":\"ListItem\",\"position\":3,\"name\":\"Domain name\"}]},{\"@type\":\"WebSite\",\"@id\":\"https:\/\/www.mbs.mc\/#website\",\"url\":\"https:\/\/www.mbs.mc\/\",\"name\":\"MBS (PEXYS MONACO)\",\"description\":\"Solution informatiques | Cloud | Acc\u00e8s internet | T\u00e9l\u00e9phonie IP\",\"publisher\":{\"@id\":\"https:\/\/www.mbs.mc\/#organization\"},\"potentialAction\":[{\"@type\":\"SearchAction\",\"target\":{\"@type\":\"EntryPoint\",\"urlTemplate\":\"https:\/\/www.mbs.mc\/?s={search_term_string}\"},\"query-input\":{\"@type\":\"PropertyValueSpecification\",\"valueRequired\":true,\"valueName\":\"search_term_string\"}}],\"inLanguage\":\"en-US\"},{\"@type\":\"Organization\",\"@id\":\"https:\/\/www.mbs.mc\/#organization\",\"name\":\"MBS\",\"url\":\"https:\/\/www.mbs.mc\/\",\"logo\":{\"@type\":\"ImageObject\",\"inLanguage\":\"en-US\",\"@id\":\"https:\/\/www.mbs.mc\/#\/schema\/logo\/image\/\",\"url\":\"https:\/\/www.mbs.mc\/wp-content\/uploads\/2018\/01\/logo-retina-mbs.png\",\"contentUrl\":\"https:\/\/www.mbs.mc\/wp-content\/uploads\/2018\/01\/logo-retina-mbs.png\",\"width\":827,\"height\":349,\"caption\":\"MBS\"},\"image\":{\"@id\":\"https:\/\/www.mbs.mc\/#\/schema\/logo\/image\/\"},\"sameAs\":[\"https:\/\/www.facebook.com\/mbs.it.monaco\/\",\"https:\/\/www.linkedin.com\/company\/mbs---monaco-business-solutions\"]}]}<\/script>\r\n<!-- \/ Yoast SEO plugin. -->","yoast_head_json":{"title":"MBS IT Solutions Cloud Telephony Monaco - Domain name","robots":{"index":"index","follow":"follow","max-snippet":"max-snippet:-1","max-image-preview":"max-image-preview:large","max-video-preview":"max-video-preview:-1"},"canonical":"https:\/\/www.mbs.mc\/en\/cloud-services\/domain-name\/","og_locale":"en_US","og_type":"article","og_title":"MBS IT Solutions Cloud Telephony Monaco - Domain name","og_description":"[vc_row type=&#8221;vc_default&#8221; css=&#8221;.vc_custom_1506326311905{padding-top: 40px !important;padding-bottom: 70px !important;}&#8221;][vc_column width=&#8221;1\/2&#8243;][vc_column_text]From domain name registration to renewal, our expertise offers you personalized monitoring. As we have our own DNS servers, we can easily create sub-domains that enhance your search engine optimization.[\/vc_column_text][vc_empty_space height=&#8221;40px&#8221;][vc_raw_html]JTNDY2VudGVyJTNFJTNDZm9ybSUyMGNsYXNzJTNEJTIyZG9tYWluJTIyJTIwYWN0aW9uJTNEJTIyaHR0cHMlM0ElMkYlMkZtYW5hZ2UubWJzLm1jJTJGY2FydC5waHAlM0ZhJTNEYWRkJTI2ZG9tYWluJTNEcmVnaXN0ZXIlMjIlMjB0YXJnZXQlM0QlMjJfYmxhbmslMjIlMjBtZXRob2QlM0QlMjJwb3N0JTIyJTNFJTBBQ2hlY2slMjB0aGUlMjBhdmFpbGFiaWxpdHklMjBvZiUyMGElMjBkb21haW4lMjBuYW1lJTNDYnIlM0UlM0NpbnB1dCUyMHR5cGUlM0QlMjJ0ZXh0JTIyJTIwbmFtZSUzRCUyMnF1ZXJ5JTIyJTIwcGxhY2Vob2xkZXIlM0QlMjJleGFtcGxlLmNvbSUyMiUyMHNpemUlM0QlMjIyMCUyMiUyMCUyRiUzRSUwQSUzQ2lucHV0JTIwdHlwZSUzRCUyMnN1Ym1pdCUyMiUyMHZhbHVlJTNEJTIyR28lMjIlMjAlMjAlMkYlM0UlMEElM0MlMkZmb3JtJTNFJTNDJTJGY2VudGVyJTNF[\/vc_raw_html][\/vc_column][vc_column width=&#8221;1\/2&#8243;][vc_single_image image=&#8221;16325&#8243; img_size=&#8221;full&#8221; alignment=&#8221;center&#8221;][\/vc_column][\/vc_row][vc_row type=&#8221;vc_default&#8221; bg_type=&#8221;bg_color&#8221; bg_override=&#8221;full&#8221; bg_color_value=&#8221;#19477d&#8221;][vc_column][vc_empty_space height=&#8221;20px&#8221;][vc_custom_heading text=&#8221;Need one or more domain names? Wait no&hellip;","og_url":"https:\/\/www.mbs.mc\/en\/cloud-services\/domain-name\/","og_site_name":"MBS (PEXYS MONACO)","article_publisher":"https:\/\/www.facebook.com\/mbs.it.monaco\/","article_modified_time":"2018-04-09T15:18:00+00:00","og_image":[{"width":827,"height":349,"url":"https:\/\/www.mbs.mc\/wp-content\/uploads\/2018\/01\/logo-retina-mbs.png","type":"image\/png"}],"twitter_card":"summary_large_image","twitter_misc":{"Est. reading time":"1 minute"},"schema":{"@context":"https:\/\/schema.org","@graph":[{"@type":"WebPage","@id":"https:\/\/www.mbs.mc\/en\/cloud-services\/domain-name\/","url":"https:\/\/www.mbs.mc\/en\/cloud-services\/domain-name\/","name":"MBS IT Solutions Cloud Telephony Monaco - Domain name","isPartOf":{"@id":"https:\/\/www.mbs.mc\/#website"},"datePublished":"2017-04-27T09:28:11+00:00","dateModified":"2018-04-09T15:18:00+00:00","breadcrumb":{"@id":"https:\/\/www.mbs.mc\/en\/cloud-services\/domain-name\/#breadcrumb"},"inLanguage":"en-US","potentialAction":[{"@type":"ReadAction","target":["https:\/\/www.mbs.mc\/en\/cloud-services\/domain-name\/"]}]},{"@type":"BreadcrumbList","@id":"https:\/\/www.mbs.mc\/en\/cloud-services\/domain-name\/#breadcrumb","itemListElement":[{"@type":"ListItem","position":1,"name":"Accueil","item":"https:\/\/www.mbs.mc\/en\/"},{"@type":"ListItem","position":2,"name":"CLOUD SERVICES","item":"https:\/\/www.mbs.mc\/en\/cloud-services\/"},{"@type":"ListItem","position":3,"name":"Domain name"}]},{"@type":"WebSite","@id":"https:\/\/www.mbs.mc\/#website","url":"https:\/\/www.mbs.mc\/","name":"MBS (PEXYS MONACO)","description":"Solution informatiques | Cloud | Acc\u00e8s internet | T\u00e9l\u00e9phonie IP","publisher":{"@id":"https:\/\/www.mbs.mc\/#organization"},"potentialAction":[{"@type":"SearchAction","target":{"@type":"EntryPoint","urlTemplate":"https:\/\/www.mbs.mc\/?s={search_term_string}"},"query-input":{"@type":"PropertyValueSpecification","valueRequired":true,"valueName":"search_term_string"}}],"inLanguage":"en-US"},{"@type":"Organization","@id":"https:\/\/www.mbs.mc\/#organization","name":"MBS","url":"https:\/\/www.mbs.mc\/","logo":{"@type":"ImageObject","inLanguage":"en-US","@id":"https:\/\/www.mbs.mc\/#\/schema\/logo\/image\/","url":"https:\/\/www.mbs.mc\/wp-content\/uploads\/2018\/01\/logo-retina-mbs.png","contentUrl":"https:\/\/www.mbs.mc\/wp-content\/uploads\/2018\/01\/logo-retina-mbs.png","width":827,"height":349,"caption":"MBS"},"image":{"@id":"https:\/\/www.mbs.mc\/#\/schema\/logo\/image\/"},"sameAs":["https:\/\/www.facebook.com\/mbs.it.monaco\/","https:\/\/www.linkedin.com\/company\/mbs---monaco-business-solutions"]}]}},"_links":{"self":[{"href":"https:\/\/www.mbs.mc\/en\/wp-json\/wp\/v2\/pages\/16574","targetHints":{"allow":["GET"]}}],"collection":[{"href":"https:\/\/www.mbs.mc\/en\/wp-json\/wp\/v2\/pages"}],"about":[{"href":"https:\/\/www.mbs.mc\/en\/wp-json\/wp\/v2\/types\/page"}],"author":[{"embeddable":true,"href":"https:\/\/www.mbs.mc\/en\/wp-json\/wp\/v2\/users\/1"}],"replies":[{"embeddable":true,"href":"https:\/\/www.mbs.mc\/en\/wp-json\/wp\/v2\/comments?post=16574"}],"version-history":[{"count":0,"href":"https:\/\/www.mbs.mc\/en\/wp-json\/wp\/v2\/pages\/16574\/revisions"}],"up":[{"embeddable":true,"href":"https:\/\/www.mbs.mc\/en\/wp-json\/wp\/v2\/pages\/16512"}],"wp:attachment":[{"href":"https:\/\/www.mbs.mc\/en\/wp-json\/wp\/v2\/media?parent=16574"}],"curies":[{"name":"wp","href":"https:\/\/api.w.org\/{rel}","templated":true}]}}