{"id":16561,"date":"2017-04-27T11:26:31","date_gmt":"2017-04-27T09:26:31","guid":{"rendered":"https:\/\/www.mbs.mc\/cloud-services\/hebergement-web\/"},"modified":"2020-06-07T21:59:41","modified_gmt":"2020-06-07T19:59:41","slug":"web-hosting","status":"publish","type":"page","link":"https:\/\/www.mbs.mc\/en\/cloud-services\/web-hosting\/","title":{"rendered":"Web hosting"},"content":{"rendered":"<div class=\"wpb-content-wrapper\"><p>[vc_row type=&#8221;vc_default&#8221;][vc_column width=&#8221;1\/3&#8243;][vc_column_text css=&#8221;.vc_custom_1515776957598{margin-bottom: 0px !important;padding-bottom: 0px !important;}&#8221;]<\/p>\n<p style=\"text-align: justify;\">Thanks to our servers,<strong> configured and managed in-house<\/strong>, we can <strong>host your web sites in complete safety<\/strong>. MBS uses <strong>French or Swiss data centres<\/strong> depending on your <strong>search engine optimization<\/strong>, target clientele or <strong>confidentiality requirements<\/strong>.<\/p>\n<p>[\/vc_column_text][vc_single_image image=&#8221;15717&#8243; img_size=&#8221;full&#8221; alignment=&#8221;center&#8221; css=&#8221;.vc_custom_1509381342099{margin-top: 0px !important;margin-bottom: 0px !important;padding-top: 0px !important;padding-bottom: 0px !important;}&#8221;][\/vc_column][vc_column width=&#8221;2\/3&#8243;][vc_accordion active_tab=&#8221;1&#8243; title_size=&#8221;h5&#8243; style=&#8221;3&#8243;][vc_accordion_tab title=&#8221;Hosting&#8221;]<div class=\"standard-arrow bullet-top\"><ul>\n<li>Unlimited traffic<\/li>\n<li>Servers located in Switzerland or France<\/li>\n<li>Daily backups<\/li>\n<li>Free technical support<\/li>\n<li>Microsoft Windows Server Operating System<\/li>\n<\/ul>\n<\/div>[\/vc_accordion_tab][vc_accordion_tab title=&#8221;Messaging&#8221;]<div class=\"standard-arrow bullet-top\"><ul>\n<li>POP3\/IMAP accounts<\/li>\n<li>Antispam filter<\/li>\n<li>Antivirus filter<\/li>\n<li>Unlimited aliases<\/li>\n<li>Unlimited redirection of e-mails<\/li>\n<li>Automatic answering messages<\/li>\n<li>Mailing List<\/li>\n<li>Webmail interface<\/li>\n<\/ul>\n<\/div>[\/vc_accordion_tab][vc_accordion_tab title=&#8221;Database&#8221;]<div class=\"standard-arrow bullet-top\"><ul>\n<li>Microsoft SQL Server<\/li>\n<li>MySQL<\/li>\n<li>PHP My Admin<\/li>\n<\/ul>\n<\/div>[\/vc_accordion_tab][vc_accordion_tab title=&#8221;Development&#8221;]<div class=\"standard-arrow bullet-top\"><ul>\n<li>ASP .NET Framework<\/li>\n<li>PHP 5.x \/ PHP 7.x<\/li>\n<\/ul>\n<\/div>[\/vc_accordion_tab][\/vc_accordion][\/vc_column][\/vc_row][vc_row type=&#8221;vc_default&#8221; full_width=&#8221;stretch_row&#8221; bg_type=&#8221;bg_color&#8221; bg_override=&#8221;ex-full&#8221; bg_color_value=&#8221;#f6f6f6&#8243; css=&#8221;.vc_custom_1506669534297{margin-bottom: 0px !important;padding-top: 40px !important;padding-bottom: 0px !important;}&#8221;][vc_column offset=&#8221;vc_hidden-md vc_hidden-sm vc_hidden-xs&#8221; css=&#8221;.vc_custom_1509959486762{margin-bottom: 0px !important;padding-bottom: 0px !important;}&#8221;][vc_column_text]<\/p>\n<h2><span lang=\"EN-GB\">Our offers<\/span><\/h2>\n<p>[\/vc_column_text][vc_row_inner][vc_column_inner width=&#8221;1\/4&#8243;][vc_empty_space][ucaddon_alternating_price_table price_table_top_border=&#8221;#19477D&#8221; title_text=&#8221;Pack One + Email&#8221; price=&#8221;\u20ac15.00&#8243; price_color=&#8221;#19477D&#8221; month_caption=&#8221;\/Month&#8221; button_text=&#8221;Order&#8221; button_background_color=&#8221;#19477D&#8221; tag_text=&#8221;&#8221; tag_background_color=&#8221;#2B2B33&#8243; boder_bottom_color=&#8221;#19477D&#8221; button_link=&#8221;https:\/\/manage.mbs.mc\/cart.php?a=add&amp;pid=29&#8243; uc_items_data=&#8221;JTVCJTdCJTIydGl0bGUlMjIlM0ElMjI1JTIwR0IlMjBvZiUyMGRpc2slMjBzcGFjZSUyMiU3RCUyQyU3QiUyMnRpdGxlJTIyJTNBJTIyMTAlMjBwcml2YXRlJTIwRlRQJTIwYWNjZXNzZXMlMjIlN0QlMkMlN0IlMjJ0aXRsZSUyMiUzQSUyMjElMjBXZWJzaXRlJTIyJTdEJTJDJTdCJTIydGl0bGUlMjIlM0ElMjIxMCUyMGUtbWFpbCUyMGFjY291bnRzJTIyJTdEJTJDJTdCJTIydGl0bGUlMjIlM0ElMjIxJTIwRGF0YWJhc2UlMjBNWVNRTCUyRlNRTCUyMFNlcnZlciUyMiU3RCU1RA==&#8221;][\/vc_column_inner][vc_column_inner width=&#8221;1\/4&#8243;][vc_empty_space][ucaddon_alternating_price_table price_table_top_border=&#8221;#19477D&#8221; title_text=&#8221;Pack One + Exchange&#8221; price=&#8221;\u20ac15.00&#8243; price_color=&#8221;#19477D&#8221; month_caption=&#8221;\/Month&#8221; button_text=&#8221;Order&#8221; button_background_color=&#8221;#19477D&#8221; tag_text=&#8221;popular&#8221; tag_background_color=&#8221;#19477D&#8221; boder_bottom_color=&#8221;#19477D&#8221; button_link=&#8221;https:\/\/manage.mbs.mc\/cart.php?a=add&amp;pid=34&#8243; uc_items_data=&#8221;JTVCJTdCJTIydGl0bGUlMjIlM0ElMjI1JTIwR0IlMjBvZiUyMGRpc2slMjBzcGFjZSUyMiU3RCUyQyU3QiUyMnRpdGxlJTIyJTNBJTIyMTAlMjBwcml2YXRlJTIwRlRQJTIwYWNjZXNzZXMlMjIlN0QlMkMlN0IlMjJ0aXRsZSUyMiUzQSUyMjElMjBXZWJzaXRlJTIyJTdEJTJDJTdCJTIydGl0bGUlMjIlM0ElMjJFeGNoYW5nZSUyMGUtbWFpbCUyMGJveCUyMCUyQSUyMiU3RCUyQyU3QiUyMnRpdGxlJTIyJTNBJTIyMSUyMERhdGFiYXNlJTIwTVlTUUwlMkZTUUwlMjBTZXJ2ZXIlMjIlN0QlNUQ=&#8221;][\/vc_column_inner][vc_column_inner width=&#8221;1\/4&#8243;][vc_empty_space][ucaddon_alternating_price_table price_table_top_border=&#8221;#19477D&#8221; title_text=&#8221;Pack Pro + Email&#8221; price=&#8221;\u20ac25.00&#8243; price_color=&#8221;#19477D&#8221; month_caption=&#8221;\/Month&#8221; button_text=&#8221;Order&#8221; button_background_color=&#8221;#19477D&#8221; tag_text=&#8221;&#8221; tag_background_color=&#8221;#2B2B33&#8243; boder_bottom_color=&#8221;#19477D&#8221; button_link=&#8221;https:\/\/manage.mbs.mc\/cart.php?a=add&amp;pid=37&#8243; uc_items_data=&#8221;JTVCJTdCJTIydGl0bGUlMjIlM0ElMjIyMCUyMEdCJTIwb2YlMjBkaXNrJTIwc3BhY2UlMjIlN0QlMkMlN0IlMjJ0aXRsZSUyMiUzQSUyMjI1JTIwcHJpdmF0ZSUyMEZUUCUyMGFjY2Vzc2VzJTIyJTdEJTJDJTdCJTIydGl0bGUlMjIlM0ElMjI1JTIwV2Vic2l0ZXMlMjIlN0QlMkMlN0IlMjJ0aXRsZSUyMiUzQSUyMjUwJTIwZS1tYWlsJTIwYWNjb3VudHMlMjIlN0QlMkMlN0IlMjJ0aXRsZSUyMiUzQSUyMjUlMjBEYXRhYmFzZXMlMjBNWVNRTCUyRlNRTCUyMFNlcnZlciUyMiU3RCU1RA==&#8221;][\/vc_column_inner][vc_column_inner width=&#8221;1\/4&#8243;][vc_empty_space][ucaddon_alternating_price_table price_table_top_border=&#8221;#19477D&#8221; title_text=&#8221;Pack Pro + Exchange&#8221; price=&#8221;\u20ac25.00&#8243; price_color=&#8221;#19477D&#8221; month_caption=&#8221;\/Month&#8221; button_text=&#8221;Order&#8221; button_background_color=&#8221;#19477D&#8221; tag_text=&#8221;&#8221; tag_background_color=&#8221;#2B2B33&#8243; boder_bottom_color=&#8221;#19477D&#8221; button_link=&#8221;https:\/\/manage.mbs.mc\/cart.php?a=add&amp;pid=38&#8243; uc_items_data=&#8221;JTVCJTdCJTIydGl0bGUlMjIlM0ElMjIyMCUyMEdCJTIwb2YlMjBkaXNrJTIwc3BhY2UlMjIlN0QlMkMlN0IlMjJ0aXRsZSUyMiUzQSUyMjI1JTIwcHJpdmF0ZSUyMEZUUCUyMGFjY2Vzc2VzJTIyJTdEJTJDJTdCJTIydGl0bGUlMjIlM0ElMjI1JTIwV2Vic2l0ZXMlMjIlN0QlMkMlN0IlMjJ0aXRsZSUyMiUzQSUyMkV4Y2hhbmdlJTIwZS1tYWlsJTIwYm94JTIwJTJBJTIyJTdEJTJDJTdCJTIydGl0bGUlMjIlM0ElMjI1JTIwRGF0YWJhc2VzJTIwTVlTUUwlMkZTUUwlMjBTZXJ2ZXIlMjIlN0QlNUQ=&#8221;][\/vc_column_inner][\/vc_row_inner][vc_empty_space height=&#8221;25px&#8221;][vc_column_text]<em>* Billed per Exchange e-mail box<\/em>[\/vc_column_text][vc_empty_space height=&#8221;40px&#8221;][vc_row_inner css=&#8221;.vc_custom_1506669553029{margin-bottom: 0px !important;padding-bottom: 0px !important;}&#8221;][vc_column_inner width=&#8221;1\/2&#8243;][vc_column_text]<\/p>\n<h3 align=\"justify\">All our offers also include:<\/h3>\n<ul>\n<li><strong>Web hosting<\/strong><\/li>\n<li><strong>Databases included in your web hosting<\/strong>\n<ul>\n<li>1 GB per database<\/li>\n<\/ul>\n<\/li>\n<li><strong>Backup<\/strong>\n<ul>\n<li>Daily site backup<\/li>\n<li>Daily database backup<\/li>\n<\/ul>\n<\/li>\n<li><strong>Messaging<\/strong>\n<ul>\n<li>Included : Webmail | Antivirus | Antispam<\/li>\n<li>5 GB per Maibox<\/li>\n<\/ul>\n<\/li>\n<li><strong>Programming languages<\/strong>\n<ul>\n<li>ASP | PHP 5.x \/ 7.x | .NET 4.0<\/li>\n<\/ul>\n<\/li>\n<\/ul>\n<p>[\/vc_column_text][vc_btn title=&#8221;More&#8221; style=&#8221;gradient-custom&#8221; gradient_custom_color_1=&#8221;#19477d&#8221; gradient_custom_color_2=&#8221;#19477d&#8221; align=&#8221;left&#8221; i_icon_fontawesome=&#8221;fa fa-plus&#8221; add_icon=&#8221;true&#8221; link=&#8221;url:https%3A%2F%2Fmanage.pexys.com%2Fcart.php%3Fgid%3D1||target:%20_blank|&#8221;][\/vc_column_inner][vc_column_inner width=&#8221;1\/2&#8243; css=&#8221;.vc_custom_1509959494407{margin-bottom: 0px !important;padding-bottom: 0px !important;}&#8221;][vc_single_image image=&#8221;15584&#8243; img_size=&#8221;large&#8221; alignment=&#8221;center&#8221; css=&#8221;.vc_custom_1506669622603{margin-bottom: 0px !important;padding-bottom: 0px !important;}&#8221;][\/vc_column_inner][\/vc_row_inner][\/vc_column][\/vc_row][vc_row type=&#8221;vc_default&#8221; full_width=&#8221;stretch_row&#8221; bg_type=&#8221;bg_color&#8221; bg_override=&#8221;ex-full&#8221; bg_color_value=&#8221;#f6f6f6&#8243; css=&#8221;.vc_custom_1506669534297{margin-bottom: 0px !important;padding-top: 40px !important;padding-bottom: 0px !important;}&#8221;][vc_column offset=&#8221;vc_hidden-lg&#8221;][vc_column_text]<\/p>\n<h2><span lang=\"EN-GB\">Our offers<\/span><\/h2>\n<p>[\/vc_column_text][vc_row_inner][vc_column_inner width=&#8221;1\/2&#8243;][vc_empty_space][ucaddon_alternating_price_table price_table_top_border=&#8221;#19477D&#8221; title_text=&#8221;Pack One + Email&#8221; price=&#8221;\u20ac15.00&#8243; price_color=&#8221;#19477D&#8221; month_caption=&#8221;\/Month&#8221; button_text=&#8221;Order&#8221; button_background_color=&#8221;#19477D&#8221; tag_text=&#8221;&#8221; tag_background_color=&#8221;#2B2B33&#8243; boder_bottom_color=&#8221;#19477D&#8221; button_link=&#8221;https:\/\/manage.mbs.mc\/cart.php?a=add&amp;pid=29&#8243; uc_init_settings=&#8221;&#8221; uc_items_data=&#8221;JTVCJTdCJTIydGl0bGUlMjIlM0ElMjI1JTIwR0IlMjBvZiUyMGRpc2slMjBzcGFjZSUyMiU3RCUyQyU3QiUyMnRpdGxlJTIyJTNBJTIyMTAlMjBwcml2YXRlJTIwRlRQJTIwYWNjZXNzZXMlMjIlN0QlMkMlN0IlMjJ0aXRsZSUyMiUzQSUyMjElMjBXZWJzaXRlJTIyJTdEJTJDJTdCJTIydGl0bGUlMjIlM0ElMjIxMCUyMGUtbWFpbCUyMGFjY291bnRzJTIyJTdEJTJDJTdCJTIydGl0bGUlMjIlM0ElMjIxJTIwRGF0YWJhc2UlMjBNWVNRTCUyRlNRTCUyMFNlcnZlciUyMiU3RCU1RA==&#8221;][\/vc_column_inner][vc_column_inner width=&#8221;1\/2&#8243;][vc_empty_space][ucaddon_alternating_price_table price_table_top_border=&#8221;#19477D&#8221; title_text=&#8221;Pack One + Exchange&#8221; price=&#8221;\u20ac15.00&#8243; price_color=&#8221;#19477D&#8221; month_caption=&#8221;\/Month&#8221; button_text=&#8221;Order&#8221; button_background_color=&#8221;#19477D&#8221; tag_text=&#8221;popular&#8221; tag_background_color=&#8221;#19477D&#8221; boder_bottom_color=&#8221;#19477D&#8221; button_link=&#8221;https:\/\/manage.mbs.mc\/cart.php?a=add&amp;pid=34&#8243; uc_init_settings=&#8221;&#8221; uc_items_data=&#8221;JTVCJTdCJTIydGl0bGUlMjIlM0ElMjI1JTIwR0IlMjBvZiUyMGRpc2slMjBzcGFjZSUyMiU3RCUyQyU3QiUyMnRpdGxlJTIyJTNBJTIyMTAlMjBwcml2YXRlJTIwRlRQJTIwYWNjZXNzZXMlMjIlN0QlMkMlN0IlMjJ0aXRsZSUyMiUzQSUyMjElMjBXZWJzaXRlJTIyJTdEJTJDJTdCJTIydGl0bGUlMjIlM0ElMjJFeGNoYW5nZSUyMGUtbWFpbCUyMGJveCUyMCUyQSUyMiU3RCUyQyU3QiUyMnRpdGxlJTIyJTNBJTIyMSUyMERhdGFiYXNlJTIwTVlTUUwlMkZTUUwlMjBTZXJ2ZXIlMjIlN0QlNUQ=&#8221;][\/vc_column_inner][\/vc_row_inner][vc_row_inner][vc_column_inner width=&#8221;1\/2&#8243;][vc_empty_space][ucaddon_alternating_price_table price_table_top_border=&#8221;#19477D&#8221; title_text=&#8221;Pack Pro + Email&#8221; price=&#8221;\u20ac25.00&#8243; price_color=&#8221;#19477D&#8221; month_caption=&#8221;\/Month&#8221; button_text=&#8221;Order&#8221; button_background_color=&#8221;#19477D&#8221; tag_text=&#8221;&#8221; tag_background_color=&#8221;#2B2B33&#8243; boder_bottom_color=&#8221;#19477D&#8221; button_link=&#8221;https:\/\/manage.mbs.mc\/cart.php?a=add&amp;pid=37&#8243; uc_init_settings=&#8221;&#8221; uc_items_data=&#8221;JTVCJTdCJTIydGl0bGUlMjIlM0ElMjIyMCUyMEdCJTIwb2YlMjBkaXNrJTIwc3BhY2UlMjIlN0QlMkMlN0IlMjJ0aXRsZSUyMiUzQSUyMjI1JTIwcHJpdmF0ZSUyMEZUUCUyMGFjY2Vzc2VzJTIyJTdEJTJDJTdCJTIydGl0bGUlMjIlM0ElMjI1JTIwV2Vic2l0ZXMlMjIlN0QlMkMlN0IlMjJ0aXRsZSUyMiUzQSUyMjUwJTIwZS1tYWlsJTIwYWNjb3VudHMlMjIlN0QlMkMlN0IlMjJ0aXRsZSUyMiUzQSUyMjUlMjBEYXRhYmFzZXMlMjBNWVNRTCUyRlNRTCUyMFNlcnZlciUyMiU3RCU1RA==&#8221;][\/vc_column_inner][vc_column_inner width=&#8221;1\/2&#8243;][vc_empty_space][ucaddon_alternating_price_table price_table_top_border=&#8221;#19477D&#8221; title_text=&#8221;Pack Pro + Exchange&#8221; price=&#8221;\u20ac25.00&#8243; price_color=&#8221;#19477D&#8221; month_caption=&#8221;\/Month&#8221; button_text=&#8221;Order&#8221; button_background_color=&#8221;#19477D&#8221; tag_text=&#8221;&#8221; tag_background_color=&#8221;#2B2B33&#8243; boder_bottom_color=&#8221;#19477D&#8221; button_link=&#8221;https:\/\/manage.mbs.mc\/cart.php?a=add&amp;pid=38&#8243; uc_init_settings=&#8221;&#8221; uc_items_data=&#8221;JTVCJTdCJTIydGl0bGUlMjIlM0ElMjIyMCUyMEdCJTIwb2YlMjBkaXNrJTIwc3BhY2UlMjIlN0QlMkMlN0IlMjJ0aXRsZSUyMiUzQSUyMjI1JTIwcHJpdmF0ZSUyMEZUUCUyMGFjY2Vzc2VzJTIyJTdEJTJDJTdCJTIydGl0bGUlMjIlM0ElMjI1JTIwV2Vic2l0ZXMlMjIlN0QlMkMlN0IlMjJ0aXRsZSUyMiUzQSUyMkV4Y2hhbmdlJTIwZS1tYWlsJTIwYm94JTIwJTJBJTIyJTdEJTJDJTdCJTIydGl0bGUlMjIlM0ElMjI1JTIwRGF0YWJhc2VzJTIwTVlTUUwlMkZTUUwlMjBTZXJ2ZXIlMjIlN0QlNUQ=&#8221;][\/vc_column_inner][\/vc_row_inner][vc_empty_space height=&#8221;25px&#8221;][vc_column_text]<\/p>\n<p style=\"text-align: left;\"><em>*Facturation \u00e0 la bo\u00eete MailExchange<\/em><\/p>\n<p>[\/vc_column_text][vc_empty_space height=&#8221;70px&#8221;][vc_row_inner css=&#8221;.vc_custom_1506669553029{margin-bottom: 0px !important;padding-bottom: 0px !important;}&#8221;][vc_column_inner width=&#8221;1\/2&#8243;][vc_column_text]<\/p>\n<h3 align=\"justify\">All our offers also include:<\/h3>\n<ul>\n<li><strong>Web hosting<\/strong><\/li>\n<li><strong>Databases included in your web hosting<\/strong>\n<ul>\n<li>1 GB per database<\/li>\n<\/ul>\n<\/li>\n<li><strong>Backup<\/strong>\n<ul>\n<li>Daily site backup<\/li>\n<li>Daily database backup<\/li>\n<\/ul>\n<\/li>\n<li><strong>Messaging<\/strong>\n<ul>\n<li>Included : Webmail | Antivirus | Antispam<\/li>\n<li>5 GB per Maibox<\/li>\n<\/ul>\n<\/li>\n<li><strong>Programming languages<\/strong>\n<ul>\n<li>ASP | PHP 5.x \/ 7.x | .NET 4.0<\/li>\n<\/ul>\n<\/li>\n<\/ul>\n<p>[\/vc_column_text][vc_btn title=&#8221;More&#8221; style=&#8221;gradient-custom&#8221; gradient_custom_color_1=&#8221;#19477d&#8221; gradient_custom_color_2=&#8221;#19477d&#8221; align=&#8221;left&#8221; i_icon_fontawesome=&#8221;fa fa-plus&#8221; add_icon=&#8221;true&#8221; link=&#8221;url:https%3A%2F%2Fmanage.pexys.com%2Fcart.php%3Fgid%3D1||target:%20_blank|&#8221;][\/vc_column_inner][vc_column_inner width=&#8221;1\/2&#8243; css=&#8221;.vc_custom_1506669545393{margin-bottom: 0px !important;padding-bottom: 0px !important;}&#8221;][vc_single_image image=&#8221;15584&#8243; img_size=&#8221;large&#8221; alignment=&#8221;center&#8221; css=&#8221;.vc_custom_1506669622603{margin-bottom: 0px !important;padding-bottom: 0px !important;}&#8221;][\/vc_column_inner][\/vc_row_inner][\/vc_column][\/vc_row][vc_row type=&#8221;vc_default&#8221; bg_type=&#8221;bg_color&#8221; bg_override=&#8221;full&#8221; bg_color_value=&#8221;#19477d&#8221;][vc_column][vc_empty_space height=&#8221;20px&#8221;][vc_custom_heading text=&#8221;Do you want an offer? Don&#8217;t hesitate.&#8221; font_container=&#8221;tag:h2|text_align:center|color:%23ffffff&#8221; use_theme_fonts=&#8221;yes&#8221;][vc_empty_space height=&#8221;20px&#8221;][vc_btn title=&#8221;Contact us&#8221; style=&#8221;classic&#8221; color=&#8221;default&#8221; align=&#8221;center&#8221; i_icon_fontawesome=&#8221;fa fa-envelope-o&#8221; add_icon=&#8221;true&#8221; link=&#8221;url:https%3A%2F%2Fwww.mbs.mc%2Fen%2Fcontact%2F|||&#8221;][vc_empty_space height=&#8221;20px&#8221;][\/vc_column][\/vc_row]<\/p>\n<\/div>","protected":false},"excerpt":{"rendered":"<p>[vc_row type=&#8221;vc_default&#8221;][vc_column width=&#8221;1\/3&#8243;][vc_column_text css=&#8221;.vc_custom_1515776957598{margin-bottom: 0px !important;padding-bottom: 0px !important;}&#8221;] Thanks to our servers, configured and managed in-house, we can host your web sites in complete safety. MBS uses French or Swiss data centres depending on your search engine optimization, target clientele or confidentiality requirements. [\/vc_column_text][vc_single_image image=&#8221;15717&#8243; img_size=&#8221;full&#8221; alignment=&#8221;center&#8221; css=&#8221;.vc_custom_1509381342099{margin-top: 0px !important;margin-bottom: 0px !important;padding-top: 0px !important;padding-bottom: 0px&hellip;<\/p>\n","protected":false},"author":1,"featured_media":0,"parent":16512,"menu_order":0,"comment_status":"closed","ping_status":"closed","template":"","meta":{"footnotes":""},"class_list":["post-16561","page","type-page","status-publish","hentry","description-off"],"yoast_head":"<!-- This site is optimized with the Yoast SEO plugin v26.9 - https:\/\/yoast.com\/product\/yoast-seo-wordpress\/ -->\r\n<title>MBS IT Solutions Cloud Telephony Monaco - Web Hosting<\/title>\r\n<meta name=\"robots\" content=\"index, follow, max-snippet:-1, max-image-preview:large, max-video-preview:-1\" \/>\r\n<link rel=\"canonical\" href=\"https:\/\/www.mbs.mc\/en\/cloud-services\/web-hosting\/\" \/>\r\n<meta property=\"og:locale\" content=\"en_US\" \/>\r\n<meta property=\"og:type\" content=\"article\" \/>\r\n<meta property=\"og:title\" content=\"MBS IT Solutions Cloud Telephony Monaco - Web Hosting\" \/>\r\n<meta property=\"og:description\" content=\"[vc_row type=&#8221;vc_default&#8221;][vc_column width=&#8221;1\/3&#8243;][vc_column_text css=&#8221;.vc_custom_1515776957598{margin-bottom: 0px !important;padding-bottom: 0px !important;}&#8221;] Thanks to our servers, configured and managed in-house, we can host your web sites in complete safety. MBS uses French or Swiss data centres depending on your search engine optimization, target clientele or confidentiality requirements. [\/vc_column_text][vc_single_image image=&#8221;15717&#8243; img_size=&#8221;full&#8221; alignment=&#8221;center&#8221; css=&#8221;.vc_custom_1509381342099{margin-top: 0px !important;margin-bottom: 0px !important;padding-top: 0px !important;padding-bottom: 0px&hellip;\" \/>\r\n<meta property=\"og:url\" content=\"https:\/\/www.mbs.mc\/en\/cloud-services\/web-hosting\/\" \/>\r\n<meta property=\"og:site_name\" content=\"MBS (PEXYS MONACO)\" \/>\r\n<meta property=\"article:publisher\" content=\"https:\/\/www.facebook.com\/mbs.it.monaco\/\" \/>\r\n<meta property=\"article:modified_time\" content=\"2020-06-07T19:59:41+00:00\" \/>\r\n<meta property=\"og:image\" content=\"https:\/\/www.mbs.mc\/wp-content\/uploads\/2018\/01\/logo-retina-mbs.png\" \/>\r\n\t<meta property=\"og:image:width\" content=\"827\" \/>\r\n\t<meta property=\"og:image:height\" content=\"349\" \/>\r\n\t<meta property=\"og:image:type\" content=\"image\/png\" \/>\r\n<meta name=\"twitter:card\" content=\"summary_large_image\" \/>\r\n<meta name=\"twitter:label1\" content=\"Est. reading time\" \/>\n\t<meta name=\"twitter:data1\" content=\"7 minutes\" \/>\r\n<script type=\"application\/ld+json\" class=\"yoast-schema-graph\">{\"@context\":\"https:\/\/schema.org\",\"@graph\":[{\"@type\":\"WebPage\",\"@id\":\"https:\/\/www.mbs.mc\/en\/cloud-services\/web-hosting\/\",\"url\":\"https:\/\/www.mbs.mc\/en\/cloud-services\/web-hosting\/\",\"name\":\"MBS IT Solutions Cloud Telephony Monaco - Web Hosting\",\"isPartOf\":{\"@id\":\"https:\/\/www.mbs.mc\/#website\"},\"datePublished\":\"2017-04-27T09:26:31+00:00\",\"dateModified\":\"2020-06-07T19:59:41+00:00\",\"breadcrumb\":{\"@id\":\"https:\/\/www.mbs.mc\/en\/cloud-services\/web-hosting\/#breadcrumb\"},\"inLanguage\":\"en-US\",\"potentialAction\":[{\"@type\":\"ReadAction\",\"target\":[\"https:\/\/www.mbs.mc\/en\/cloud-services\/web-hosting\/\"]}]},{\"@type\":\"BreadcrumbList\",\"@id\":\"https:\/\/www.mbs.mc\/en\/cloud-services\/web-hosting\/#breadcrumb\",\"itemListElement\":[{\"@type\":\"ListItem\",\"position\":1,\"name\":\"Accueil\",\"item\":\"https:\/\/www.mbs.mc\/en\/\"},{\"@type\":\"ListItem\",\"position\":2,\"name\":\"CLOUD SERVICES\",\"item\":\"https:\/\/www.mbs.mc\/en\/cloud-services\/\"},{\"@type\":\"ListItem\",\"position\":3,\"name\":\"Web hosting\"}]},{\"@type\":\"WebSite\",\"@id\":\"https:\/\/www.mbs.mc\/#website\",\"url\":\"https:\/\/www.mbs.mc\/\",\"name\":\"MBS (PEXYS MONACO)\",\"description\":\"Solution informatiques | Cloud | Acc\u00e8s internet | T\u00e9l\u00e9phonie IP\",\"publisher\":{\"@id\":\"https:\/\/www.mbs.mc\/#organization\"},\"potentialAction\":[{\"@type\":\"SearchAction\",\"target\":{\"@type\":\"EntryPoint\",\"urlTemplate\":\"https:\/\/www.mbs.mc\/?s={search_term_string}\"},\"query-input\":{\"@type\":\"PropertyValueSpecification\",\"valueRequired\":true,\"valueName\":\"search_term_string\"}}],\"inLanguage\":\"en-US\"},{\"@type\":\"Organization\",\"@id\":\"https:\/\/www.mbs.mc\/#organization\",\"name\":\"MBS\",\"url\":\"https:\/\/www.mbs.mc\/\",\"logo\":{\"@type\":\"ImageObject\",\"inLanguage\":\"en-US\",\"@id\":\"https:\/\/www.mbs.mc\/#\/schema\/logo\/image\/\",\"url\":\"https:\/\/www.mbs.mc\/wp-content\/uploads\/2018\/01\/logo-retina-mbs.png\",\"contentUrl\":\"https:\/\/www.mbs.mc\/wp-content\/uploads\/2018\/01\/logo-retina-mbs.png\",\"width\":827,\"height\":349,\"caption\":\"MBS\"},\"image\":{\"@id\":\"https:\/\/www.mbs.mc\/#\/schema\/logo\/image\/\"},\"sameAs\":[\"https:\/\/www.facebook.com\/mbs.it.monaco\/\",\"https:\/\/www.linkedin.com\/company\/mbs---monaco-business-solutions\"]}]}<\/script>\r\n<!-- \/ Yoast SEO plugin. -->","yoast_head_json":{"title":"MBS IT Solutions Cloud Telephony Monaco - Web Hosting","robots":{"index":"index","follow":"follow","max-snippet":"max-snippet:-1","max-image-preview":"max-image-preview:large","max-video-preview":"max-video-preview:-1"},"canonical":"https:\/\/www.mbs.mc\/en\/cloud-services\/web-hosting\/","og_locale":"en_US","og_type":"article","og_title":"MBS IT Solutions Cloud Telephony Monaco - Web Hosting","og_description":"[vc_row type=&#8221;vc_default&#8221;][vc_column width=&#8221;1\/3&#8243;][vc_column_text css=&#8221;.vc_custom_1515776957598{margin-bottom: 0px !important;padding-bottom: 0px !important;}&#8221;] Thanks to our servers, configured and managed in-house, we can host your web sites in complete safety. MBS uses French or Swiss data centres depending on your search engine optimization, target clientele or confidentiality requirements. [\/vc_column_text][vc_single_image image=&#8221;15717&#8243; img_size=&#8221;full&#8221; alignment=&#8221;center&#8221; css=&#8221;.vc_custom_1509381342099{margin-top: 0px !important;margin-bottom: 0px !important;padding-top: 0px !important;padding-bottom: 0px&hellip;","og_url":"https:\/\/www.mbs.mc\/en\/cloud-services\/web-hosting\/","og_site_name":"MBS (PEXYS MONACO)","article_publisher":"https:\/\/www.facebook.com\/mbs.it.monaco\/","article_modified_time":"2020-06-07T19:59:41+00:00","og_image":[{"width":827,"height":349,"url":"https:\/\/www.mbs.mc\/wp-content\/uploads\/2018\/01\/logo-retina-mbs.png","type":"image\/png"}],"twitter_card":"summary_large_image","twitter_misc":{"Est. reading time":"7 minutes"},"schema":{"@context":"https:\/\/schema.org","@graph":[{"@type":"WebPage","@id":"https:\/\/www.mbs.mc\/en\/cloud-services\/web-hosting\/","url":"https:\/\/www.mbs.mc\/en\/cloud-services\/web-hosting\/","name":"MBS IT Solutions Cloud Telephony Monaco - Web Hosting","isPartOf":{"@id":"https:\/\/www.mbs.mc\/#website"},"datePublished":"2017-04-27T09:26:31+00:00","dateModified":"2020-06-07T19:59:41+00:00","breadcrumb":{"@id":"https:\/\/www.mbs.mc\/en\/cloud-services\/web-hosting\/#breadcrumb"},"inLanguage":"en-US","potentialAction":[{"@type":"ReadAction","target":["https:\/\/www.mbs.mc\/en\/cloud-services\/web-hosting\/"]}]},{"@type":"BreadcrumbList","@id":"https:\/\/www.mbs.mc\/en\/cloud-services\/web-hosting\/#breadcrumb","itemListElement":[{"@type":"ListItem","position":1,"name":"Accueil","item":"https:\/\/www.mbs.mc\/en\/"},{"@type":"ListItem","position":2,"name":"CLOUD SERVICES","item":"https:\/\/www.mbs.mc\/en\/cloud-services\/"},{"@type":"ListItem","position":3,"name":"Web hosting"}]},{"@type":"WebSite","@id":"https:\/\/www.mbs.mc\/#website","url":"https:\/\/www.mbs.mc\/","name":"MBS (PEXYS MONACO)","description":"Solution informatiques | Cloud | Acc\u00e8s internet | T\u00e9l\u00e9phonie IP","publisher":{"@id":"https:\/\/www.mbs.mc\/#organization"},"potentialAction":[{"@type":"SearchAction","target":{"@type":"EntryPoint","urlTemplate":"https:\/\/www.mbs.mc\/?s={search_term_string}"},"query-input":{"@type":"PropertyValueSpecification","valueRequired":true,"valueName":"search_term_string"}}],"inLanguage":"en-US"},{"@type":"Organization","@id":"https:\/\/www.mbs.mc\/#organization","name":"MBS","url":"https:\/\/www.mbs.mc\/","logo":{"@type":"ImageObject","inLanguage":"en-US","@id":"https:\/\/www.mbs.mc\/#\/schema\/logo\/image\/","url":"https:\/\/www.mbs.mc\/wp-content\/uploads\/2018\/01\/logo-retina-mbs.png","contentUrl":"https:\/\/www.mbs.mc\/wp-content\/uploads\/2018\/01\/logo-retina-mbs.png","width":827,"height":349,"caption":"MBS"},"image":{"@id":"https:\/\/www.mbs.mc\/#\/schema\/logo\/image\/"},"sameAs":["https:\/\/www.facebook.com\/mbs.it.monaco\/","https:\/\/www.linkedin.com\/company\/mbs---monaco-business-solutions"]}]}},"_links":{"self":[{"href":"https:\/\/www.mbs.mc\/en\/wp-json\/wp\/v2\/pages\/16561","targetHints":{"allow":["GET"]}}],"collection":[{"href":"https:\/\/www.mbs.mc\/en\/wp-json\/wp\/v2\/pages"}],"about":[{"href":"https:\/\/www.mbs.mc\/en\/wp-json\/wp\/v2\/types\/page"}],"author":[{"embeddable":true,"href":"https:\/\/www.mbs.mc\/en\/wp-json\/wp\/v2\/users\/1"}],"replies":[{"embeddable":true,"href":"https:\/\/www.mbs.mc\/en\/wp-json\/wp\/v2\/comments?post=16561"}],"version-history":[{"count":0,"href":"https:\/\/www.mbs.mc\/en\/wp-json\/wp\/v2\/pages\/16561\/revisions"}],"up":[{"embeddable":true,"href":"https:\/\/www.mbs.mc\/en\/wp-json\/wp\/v2\/pages\/16512"}],"wp:attachment":[{"href":"https:\/\/www.mbs.mc\/en\/wp-json\/wp\/v2\/media?parent=16561"}],"curies":[{"name":"wp","href":"https:\/\/api.w.org\/{rel}","templated":true}]}}