{"id":16553,"date":"2017-04-27T11:19:48","date_gmt":"2017-04-27T09:19:48","guid":{"rendered":"https:\/\/www.mbs.mc\/it-solutions\/outsourcing\/"},"modified":"2018-01-30T09:04:53","modified_gmt":"2018-01-30T08:04:53","slug":"outsourcing","status":"publish","type":"page","link":"https:\/\/www.mbs.mc\/en\/it-solutions\/outsourcing\/","title":{"rendered":"Outsourcing"},"content":{"rendered":"<div class=\"wpb-content-wrapper\"><p>[vc_row type=&#8221;vc_default&#8221; css=&#8221;.vc_custom_1506501778382{padding-bottom: 50px !important;}&#8221;][vc_column][vc_column_text]<strong>Our technicians<\/strong> can be <strong>at your disposal<\/strong> on site on an ad hoc or regular basis, to support your in-house IT department.<strong> Assistance to help you control and optimize<\/strong> the use of your IT systems, without you neglecting your core business.[\/vc_column_text][\/vc_column][\/vc_row][vc_row type=&#8221;vc_default&#8221; full_width=&#8221;stretch_row&#8221; bg_type=&#8221;bg_color&#8221; bg_override=&#8221;ex-full&#8221; bg_color_value=&#8221;#f8f8f9&#8243; css=&#8221;.vc_custom_1506062255583{padding-top: 70px !important;padding-bottom: 100px !important;}&#8221;][vc_column][ucaddon_uc_default_bullets iamge=&#8221;15461&#8243; heading=&#8221;OUR SERVICES&#8221; left_border_color=&#8221;#73A854&#8243; uc_items_data=&#8221;JTVCJTdCJTIyaWNvbl9iZyUyMiUzQSUyMiUyMzMyMzIzMiUyMiUyQyUyMmljb24lMjIlM0ElMjJmYSUyMGZhLWRhc2hib2FyZCUyMiUyQyUyMmljb25fY29sb3IlMjIlM0ElMjIlMjNmZmZmZmYlMjIlMkMlMjJ0aXRsZSUyMiUzQSUyMk9wdGltaXppbmclMjB5b3VyJTIwaW5mcmFzdHJ1Y3R1cmVzJTIyJTJDJTIydGl0bGVfY29sb3IlMjIlM0ElMjIlMjMxMDEwMTAlMjIlMkMlMjJzdWJfdGl0bGUlMjIlM0ElMjIlMjM0MTQyNDclMjIlN0QlMkMlN0IlMjJpY29uX2JnJTIyJTNBJTIyJTIzMzIzMjMyJTIyJTJDJTIyaWNvbiUyMiUzQSUyMmZhJTIwZmEtZG93bmxvYWQlMjIlMkMlMjJpY29uX2NvbG9yJTIyJTNBJTIyJTIzZmZmZmZmJTIyJTJDJTIydGl0bGUlMjIlM0ElMjJJbXBsZW1lbnRpbmclMjB0ZWNobm9sb2dpY2FsJTIwc29sdXRpb25zJTIyJTJDJTIydGl0bGVfY29sb3IlMjIlM0ElMjIlMjMxMDEwMTAlMjIlMkMlMjJzdWJfdGl0bGUlMjIlM0ElMjIlMjM0MTQyNDclMjIlN0QlMkMlN0IlMjJpY29uX2JnJTIyJTNBJTIyJTIzMzIzMjMyJTIyJTJDJTIyaWNvbiUyMiUzQSUyMmZhJTIwZmEtY2FsZW5kYXItY2hlY2stbyUyMiUyQyUyMmljb25fY29sb3IlMjIlM0ElMjIlMjNmZmZmZmYlMjIlMkMlMjJ0aXRsZSUyMiUzQSUyMlN0YWdnZXJlZCUyMGFuZCUyMHBsYW5uZWQlMjBydW5uaW5nJTIwY29zdHMlMjIlMkMlMjJ0aXRsZV9jb2xvciUyMiUzQSUyMiUyMzEwMTAxMCUyMiUyQyUyMnN1Yl90aXRsZSUyMiUzQSUyMiUyMzQxNDI0NyUyMiU3RCUyQyU3QiUyMmljb25fYmclMjIlM0ElMjIlMjMzMjMyMzIlMjIlMkMlMjJpY29uJTIyJTNBJTIyZmElMjBmYS1jb21tZW50cy1vJTIyJTJDJTIyaWNvbl9jb2xvciUyMiUzQSUyMiUyM2ZmZmZmZiUyMiUyQyUyMnRpdGxlJTIyJTNBJTIyQW50aWNpcGF0aW9uJTIwb2YlMjB5b3VyJTIwbmVlZHMlMjIlMkMlMjJ0aXRsZV9jb2xvciUyMiUzQSUyMiUyMzEwMTAxMCUyMiUyQyUyMnN1Yl90aXRsZSUyMiUzQSUyMiUyMzQxNDI0NyUyMiU3RCU1RA==&#8221;][\/ucaddon_uc_default_bullets][\/vc_column][\/vc_row][vc_row type=&#8221;vc_default&#8221; bg_type=&#8221;bg_color&#8221; bg_override=&#8221;full&#8221; bg_color_value=&#8221;#19477d&#8221;][vc_column][vc_empty_space height=&#8221;20px&#8221;][vc_custom_heading text=&#8221;Do you have a project with us? Don&#8217;t hesitate. &#8221; font_container=&#8221;tag:h2|text_align:center|color:%23ffffff&#8221; use_theme_fonts=&#8221;yes&#8221;][vc_empty_space height=&#8221;20px&#8221;][vc_btn title=&#8221;Contact us&#8221; style=&#8221;classic&#8221; color=&#8221;default&#8221; align=&#8221;center&#8221; i_icon_fontawesome=&#8221;fa fa-envelope-o&#8221; add_icon=&#8221;true&#8221; link=&#8221;url:https%3A%2F%2Fwww.mbs.mc%2Fen%2Fcontact%2F|||&#8221;][vc_empty_space height=&#8221;20px&#8221;][\/vc_column][\/vc_row]<\/p>\n<\/div>","protected":false},"excerpt":{"rendered":"<p>[vc_row type=&#8221;vc_default&#8221; css=&#8221;.vc_custom_1506501778382{padding-bottom: 50px !important;}&#8221;][vc_column][vc_column_text]Our technicians can be at your disposal on site on an ad hoc or regular basis, to support your in-house IT department. Assistance to help you control and optimize the use of your IT systems, without you neglecting your core business.[\/vc_column_text][\/vc_column][\/vc_row][vc_row type=&#8221;vc_default&#8221; full_width=&#8221;stretch_row&#8221; bg_type=&#8221;bg_color&#8221; bg_override=&#8221;ex-full&#8221; bg_color_value=&#8221;#f8f8f9&#8243; css=&#8221;.vc_custom_1506062255583{padding-top: 70px !important;padding-bottom: 100px !important;}&#8221;][vc_column][ucaddon_uc_default_bullets&hellip;<\/p>\n","protected":false},"author":1,"featured_media":0,"parent":16507,"menu_order":0,"comment_status":"closed","ping_status":"closed","template":"","meta":{"footnotes":""},"class_list":["post-16553","page","type-page","status-publish","hentry","description-off"],"yoast_head":"<!-- This site is optimized with the Yoast SEO plugin v26.9 - https:\/\/yoast.com\/product\/yoast-seo-wordpress\/ -->\r\n<title>MBS IT Solutions Cloud Telephony Monaco - Outsourcing<\/title>\r\n<meta name=\"description\" content=\"Outsourcing : Nos techniciens sont mis \u00e0 votre disposition sur site de fa\u00e7on ponctuelle ou r\u00e9guli\u00e8re, en soutien de votre service informatique interne.\" \/>\r\n<meta name=\"robots\" content=\"index, follow, max-snippet:-1, max-image-preview:large, max-video-preview:-1\" \/>\r\n<link rel=\"canonical\" href=\"https:\/\/www.mbs.mc\/en\/it-solutions\/outsourcing\/\" \/>\r\n<meta property=\"og:locale\" content=\"en_US\" \/>\r\n<meta property=\"og:type\" content=\"article\" \/>\r\n<meta property=\"og:title\" content=\"MBS IT Solutions Cloud Telephony Monaco - Outsourcing\" \/>\r\n<meta property=\"og:description\" content=\"Outsourcing : Nos techniciens sont mis \u00e0 votre disposition sur site de fa\u00e7on ponctuelle ou r\u00e9guli\u00e8re, en soutien de votre service informatique interne.\" \/>\r\n<meta property=\"og:url\" content=\"https:\/\/www.mbs.mc\/en\/it-solutions\/outsourcing\/\" \/>\r\n<meta property=\"og:site_name\" content=\"MBS (PEXYS MONACO)\" \/>\r\n<meta property=\"article:publisher\" content=\"https:\/\/www.facebook.com\/mbs.it.monaco\/\" \/>\r\n<meta property=\"article:modified_time\" content=\"2018-01-30T08:04:53+00:00\" \/>\r\n<meta property=\"og:image\" content=\"https:\/\/www.mbs.mc\/wp-content\/uploads\/2018\/01\/logo-retina-mbs.png\" \/>\r\n\t<meta property=\"og:image:width\" content=\"827\" \/>\r\n\t<meta property=\"og:image:height\" content=\"349\" \/>\r\n\t<meta property=\"og:image:type\" content=\"image\/png\" \/>\r\n<meta name=\"twitter:card\" content=\"summary_large_image\" \/>\r\n<meta name=\"twitter:label1\" content=\"Est. reading time\" \/>\n\t<meta name=\"twitter:data1\" content=\"2 minutes\" \/>\r\n<script type=\"application\/ld+json\" class=\"yoast-schema-graph\">{\"@context\":\"https:\/\/schema.org\",\"@graph\":[{\"@type\":\"WebPage\",\"@id\":\"https:\/\/www.mbs.mc\/en\/it-solutions\/outsourcing\/\",\"url\":\"https:\/\/www.mbs.mc\/en\/it-solutions\/outsourcing\/\",\"name\":\"MBS IT Solutions Cloud Telephony Monaco - Outsourcing\",\"isPartOf\":{\"@id\":\"https:\/\/www.mbs.mc\/#website\"},\"datePublished\":\"2017-04-27T09:19:48+00:00\",\"dateModified\":\"2018-01-30T08:04:53+00:00\",\"description\":\"Outsourcing : Nos techniciens sont mis \u00e0 votre disposition sur site de fa\u00e7on ponctuelle ou r\u00e9guli\u00e8re, en soutien de votre service informatique interne.\",\"breadcrumb\":{\"@id\":\"https:\/\/www.mbs.mc\/en\/it-solutions\/outsourcing\/#breadcrumb\"},\"inLanguage\":\"en-US\",\"potentialAction\":[{\"@type\":\"ReadAction\",\"target\":[\"https:\/\/www.mbs.mc\/en\/it-solutions\/outsourcing\/\"]}]},{\"@type\":\"BreadcrumbList\",\"@id\":\"https:\/\/www.mbs.mc\/en\/it-solutions\/outsourcing\/#breadcrumb\",\"itemListElement\":[{\"@type\":\"ListItem\",\"position\":1,\"name\":\"Accueil\",\"item\":\"https:\/\/www.mbs.mc\/en\/\"},{\"@type\":\"ListItem\",\"position\":2,\"name\":\"IT SOLUTIONS\",\"item\":\"https:\/\/www.mbs.mc\/en\/it-solutions\/\"},{\"@type\":\"ListItem\",\"position\":3,\"name\":\"Outsourcing\"}]},{\"@type\":\"WebSite\",\"@id\":\"https:\/\/www.mbs.mc\/#website\",\"url\":\"https:\/\/www.mbs.mc\/\",\"name\":\"MBS (PEXYS MONACO)\",\"description\":\"Solution informatiques | Cloud | Acc\u00e8s internet | T\u00e9l\u00e9phonie IP\",\"publisher\":{\"@id\":\"https:\/\/www.mbs.mc\/#organization\"},\"potentialAction\":[{\"@type\":\"SearchAction\",\"target\":{\"@type\":\"EntryPoint\",\"urlTemplate\":\"https:\/\/www.mbs.mc\/?s={search_term_string}\"},\"query-input\":{\"@type\":\"PropertyValueSpecification\",\"valueRequired\":true,\"valueName\":\"search_term_string\"}}],\"inLanguage\":\"en-US\"},{\"@type\":\"Organization\",\"@id\":\"https:\/\/www.mbs.mc\/#organization\",\"name\":\"MBS\",\"url\":\"https:\/\/www.mbs.mc\/\",\"logo\":{\"@type\":\"ImageObject\",\"inLanguage\":\"en-US\",\"@id\":\"https:\/\/www.mbs.mc\/#\/schema\/logo\/image\/\",\"url\":\"https:\/\/www.mbs.mc\/wp-content\/uploads\/2018\/01\/logo-retina-mbs.png\",\"contentUrl\":\"https:\/\/www.mbs.mc\/wp-content\/uploads\/2018\/01\/logo-retina-mbs.png\",\"width\":827,\"height\":349,\"caption\":\"MBS\"},\"image\":{\"@id\":\"https:\/\/www.mbs.mc\/#\/schema\/logo\/image\/\"},\"sameAs\":[\"https:\/\/www.facebook.com\/mbs.it.monaco\/\",\"https:\/\/www.linkedin.com\/company\/mbs---monaco-business-solutions\"]}]}<\/script>\r\n<!-- \/ Yoast SEO plugin. -->","yoast_head_json":{"title":"MBS IT Solutions Cloud Telephony Monaco - Outsourcing","description":"Outsourcing : Nos techniciens sont mis \u00e0 votre disposition sur site de fa\u00e7on ponctuelle ou r\u00e9guli\u00e8re, en soutien de votre service informatique interne.","robots":{"index":"index","follow":"follow","max-snippet":"max-snippet:-1","max-image-preview":"max-image-preview:large","max-video-preview":"max-video-preview:-1"},"canonical":"https:\/\/www.mbs.mc\/en\/it-solutions\/outsourcing\/","og_locale":"en_US","og_type":"article","og_title":"MBS IT Solutions Cloud Telephony Monaco - Outsourcing","og_description":"Outsourcing : Nos techniciens sont mis \u00e0 votre disposition sur site de fa\u00e7on ponctuelle ou r\u00e9guli\u00e8re, en soutien de votre service informatique interne.","og_url":"https:\/\/www.mbs.mc\/en\/it-solutions\/outsourcing\/","og_site_name":"MBS (PEXYS MONACO)","article_publisher":"https:\/\/www.facebook.com\/mbs.it.monaco\/","article_modified_time":"2018-01-30T08:04:53+00:00","og_image":[{"width":827,"height":349,"url":"https:\/\/www.mbs.mc\/wp-content\/uploads\/2018\/01\/logo-retina-mbs.png","type":"image\/png"}],"twitter_card":"summary_large_image","twitter_misc":{"Est. reading time":"2 minutes"},"schema":{"@context":"https:\/\/schema.org","@graph":[{"@type":"WebPage","@id":"https:\/\/www.mbs.mc\/en\/it-solutions\/outsourcing\/","url":"https:\/\/www.mbs.mc\/en\/it-solutions\/outsourcing\/","name":"MBS IT Solutions Cloud Telephony Monaco - Outsourcing","isPartOf":{"@id":"https:\/\/www.mbs.mc\/#website"},"datePublished":"2017-04-27T09:19:48+00:00","dateModified":"2018-01-30T08:04:53+00:00","description":"Outsourcing : Nos techniciens sont mis \u00e0 votre disposition sur site de fa\u00e7on ponctuelle ou r\u00e9guli\u00e8re, en soutien de votre service informatique interne.","breadcrumb":{"@id":"https:\/\/www.mbs.mc\/en\/it-solutions\/outsourcing\/#breadcrumb"},"inLanguage":"en-US","potentialAction":[{"@type":"ReadAction","target":["https:\/\/www.mbs.mc\/en\/it-solutions\/outsourcing\/"]}]},{"@type":"BreadcrumbList","@id":"https:\/\/www.mbs.mc\/en\/it-solutions\/outsourcing\/#breadcrumb","itemListElement":[{"@type":"ListItem","position":1,"name":"Accueil","item":"https:\/\/www.mbs.mc\/en\/"},{"@type":"ListItem","position":2,"name":"IT SOLUTIONS","item":"https:\/\/www.mbs.mc\/en\/it-solutions\/"},{"@type":"ListItem","position":3,"name":"Outsourcing"}]},{"@type":"WebSite","@id":"https:\/\/www.mbs.mc\/#website","url":"https:\/\/www.mbs.mc\/","name":"MBS (PEXYS MONACO)","description":"Solution informatiques | Cloud | Acc\u00e8s internet | T\u00e9l\u00e9phonie IP","publisher":{"@id":"https:\/\/www.mbs.mc\/#organization"},"potentialAction":[{"@type":"SearchAction","target":{"@type":"EntryPoint","urlTemplate":"https:\/\/www.mbs.mc\/?s={search_term_string}"},"query-input":{"@type":"PropertyValueSpecification","valueRequired":true,"valueName":"search_term_string"}}],"inLanguage":"en-US"},{"@type":"Organization","@id":"https:\/\/www.mbs.mc\/#organization","name":"MBS","url":"https:\/\/www.mbs.mc\/","logo":{"@type":"ImageObject","inLanguage":"en-US","@id":"https:\/\/www.mbs.mc\/#\/schema\/logo\/image\/","url":"https:\/\/www.mbs.mc\/wp-content\/uploads\/2018\/01\/logo-retina-mbs.png","contentUrl":"https:\/\/www.mbs.mc\/wp-content\/uploads\/2018\/01\/logo-retina-mbs.png","width":827,"height":349,"caption":"MBS"},"image":{"@id":"https:\/\/www.mbs.mc\/#\/schema\/logo\/image\/"},"sameAs":["https:\/\/www.facebook.com\/mbs.it.monaco\/","https:\/\/www.linkedin.com\/company\/mbs---monaco-business-solutions"]}]}},"_links":{"self":[{"href":"https:\/\/www.mbs.mc\/en\/wp-json\/wp\/v2\/pages\/16553","targetHints":{"allow":["GET"]}}],"collection":[{"href":"https:\/\/www.mbs.mc\/en\/wp-json\/wp\/v2\/pages"}],"about":[{"href":"https:\/\/www.mbs.mc\/en\/wp-json\/wp\/v2\/types\/page"}],"author":[{"embeddable":true,"href":"https:\/\/www.mbs.mc\/en\/wp-json\/wp\/v2\/users\/1"}],"replies":[{"embeddable":true,"href":"https:\/\/www.mbs.mc\/en\/wp-json\/wp\/v2\/comments?post=16553"}],"version-history":[{"count":0,"href":"https:\/\/www.mbs.mc\/en\/wp-json\/wp\/v2\/pages\/16553\/revisions"}],"up":[{"embeddable":true,"href":"https:\/\/www.mbs.mc\/en\/wp-json\/wp\/v2\/pages\/16507"}],"wp:attachment":[{"href":"https:\/\/www.mbs.mc\/en\/wp-json\/wp\/v2\/media?parent=16553"}],"curies":[{"name":"wp","href":"https:\/\/api.w.org\/{rel}","templated":true}]}}