{"id":16547,"date":"2017-06-15T11:53:14","date_gmt":"2017-06-15T09:53:14","guid":{"rendered":"https:\/\/www.mbs.mc\/it-solutions\/solutions-de-stockage\/"},"modified":"2018-01-30T09:05:28","modified_gmt":"2018-01-30T08:05:28","slug":"storage-solutions","status":"publish","type":"page","link":"https:\/\/www.mbs.mc\/en\/it-solutions\/storage-solutions\/","title":{"rendered":"Storage solutions"},"content":{"rendered":"<div class=\"wpb-content-wrapper\"><p>[vc_row type=&#8221;vc_default&#8221; css=&#8221;.vc_custom_1509110004962{margin-bottom: 70px !important;}&#8221;][vc_column width=&#8221;1\/2&#8243;][vc_column_text]<\/p>\n<p style=\"text-align: justify;\">The sizeable volume of data generated by your companies requires a <strong>reliable and secure storage system <\/strong>to store, <strong>process<\/strong> and <strong>analyse<\/strong> your business data.<\/p>\n<p style=\"text-align: justify;\">MBS takes care of all your <strong>data storage<\/strong> requirements and relies on <strong>partners<\/strong> developing the <strong>best technologies on the market<\/strong> to offer you <strong>solutions scaled <\/strong>to the <strong>real needs<\/strong> of your company. Your <strong>data is protected even in the event of a system failure<\/strong>, automatically backed up and accessible at all times on all your internal and external systems and applications.<\/p>\n<p>[\/vc_column_text][\/vc_column][vc_column width=&#8221;1\/2&#8243;][vc_column_text]MBS relies on partners developing the <strong>best technologies<\/strong> on the market to offer you solutions scaled to the real needs of your company.[\/vc_column_text]<div class=\"standard-arrow bullet-top\"><ul>\n<li><strong>Storage bays.<\/strong> Hard drives provided for your company&#8217;s computer network to manage a high volume of data in complete safety, at the best price per gigabyte. This system is totally managed: the data is in redundant mode to avoid any malfunction.<\/li>\n<\/ul>\n<\/div>[\/vc_column][\/vc_row][vc_row type=&#8221;vc_default&#8221; full_width=&#8221;stretch_row&#8221; bg_type=&#8221;bg_color&#8221; css=&#8221;.vc_custom_1509110016572{margin-bottom: 70px !important;}&#8221; bg_color_value=&#8221;#f8f8f9&#8243;][vc_column][vc_empty_space height=&#8221;35px&#8221;][vc_column_text]<\/p>\n<h2>DELL EMC<\/h2>\n<h3>Dell Storage, SCv2000 series<\/h3>\n<p>[\/vc_column_text][vc_row_inner][vc_column_inner][vc_column_text]As part of the Storage Centre solution, the management system for all SC products is rationalized in a single and consistent interface with the aid of the Enterprise Manager.<\/p>\n<p>The SCv2000 storage functions: Easy management with Enterprise Manager, optimal storage with a dynamic capacity function, upgrade option with virtual ports, data security with dynamic controllers[\/vc_column_text][\/vc_column_inner][\/vc_row_inner][vc_row_inner][vc_column_inner width=&#8221;1\/3&#8243;][vc_single_image image=&#8221;15642&#8243; img_size=&#8221;full&#8221;][\/vc_column_inner][vc_column_inner width=&#8221;1\/3&#8243;]<div class=\"standard-arrow list-divider bullet-top\"><ul>\n<li><strong>Internal storage<\/strong> 12 3\u00bd inch disk bays<\/li>\n<li><strong>Power rating<\/strong> 580 W<\/li>\n<li><strong>Heat dissipation<\/strong> 1,980 BTU<\/li>\n<\/ul>\n<\/div>[\/vc_column_inner][vc_column_inner width=&#8221;1\/3&#8243;]<div class=\"standard-arrow list-divider bullet-top\"><ul>\n<li><strong>Voltage<\/strong> 100 to 240 VAC<\/li>\n<li><strong>Current intensity<\/strong> 7.6 to 3.0A (x2)<\/li>\n<li><strong>Rack size<\/strong> 2U<\/li>\n<\/ul>\n<\/div>[\/vc_column_inner][\/vc_row_inner][vc_column_text]<\/p>\n<h3>Dell EqualLogic PS4100X Array<\/h3>\n<p>[\/vc_column_text][vc_column_text]<\/p>\n<p style=\"text-align: justify;\">Whether it be a matter of consolidating a direct-attached storage (DAS) infrastructure, migrating data from a SAN (storage area network) or an existing network-attached storage (NAS) system, rationalizing data protection or quite simply adding storage capacity, Dell EqualLogic series PS4100 bays offer the solution. These tried and tested, high-performance and self-managed bays are designed to meet the needs fast-expanding company.<\/p>\n<p>[\/vc_column_text][vc_row_inner][vc_column_inner width=&#8221;1\/3&#8243;][vc_single_image image=&#8221;15646&#8243; img_size=&#8221;full&#8221;][\/vc_column_inner][vc_column_inner width=&#8221;1\/3&#8243;]<div class=\"standard-arrow list-divider bullet-top\"><ul>\n<li><strong>Volumes<\/strong> up to 256<\/li>\n<li><strong>Instantaneous<\/strong> 128 per volume<\/li>\n<li><strong>Connections to volumes<\/strong> Up to 512 per pool<\/li>\n<\/ul>\n<\/div>[\/vc_column_inner][vc_column_inner width=&#8221;1\/3&#8243;]<div class=\"standard-arrow list-divider bullet-top\"><ul>\n<li>All initiator iSCSI <strong>host protocol<\/strong><\/li>\n<li><strong>RAID<\/strong> 5, 6, 10 and 50<\/li>\n<li><strong>IPv4 and IPv6-certified.<\/strong> USGv6-certified.<\/li>\n<\/ul>\n<\/div>[\/vc_column_inner][\/vc_row_inner][vc_empty_space height=&#8221;35px&#8221;][\/vc_column][\/vc_row][vc_row type=&#8221;vc_default&#8221; bg_type=&#8221;bg_color&#8221; bg_override=&#8221;full&#8221; bg_color_value=&#8221;#ffffff&#8221;][vc_column][vc_empty_space height=&#8221;35px&#8221;][vc_column_text]<\/p>\n<h2>SAN SYNOLOGY<\/h2>\n<h3>RS3614xs+ RackStation<\/h3>\n<p>[\/vc_column_text][vc_column_text]The Synology RS3614xs+ RackStation offers a reliable and higher-performance networked storage solution for companies looking for uninterrupted service with comprehensive professional applications. Scalable up to 216 TB, the Synology RS3614xs+ RackStation simplifies data management, enhances virtualization environments and rapidly expands storage capacity with minimum time investment in setup and maintenance.[\/vc_column_text][vc_row_inner][vc_column_inner width=&#8221;1\/3&#8243;][vc_single_image image=&#8221;15645&#8243; img_size=&#8221;full&#8221;][\/vc_column_inner][vc_column_inner width=&#8221;1\/3&#8243;]<div class=\"standard-arrow list-divider bullet-top\"><ul>\n<li><strong>Intel Xeon<\/strong> processor<\/li>\n<li><strong>Hardware<\/strong> encryption engine<\/li>\n<li>ECC 8 GB <strong>RAM<\/strong><\/li>\n<\/ul>\n<\/div>[\/vc_column_inner][vc_column_inner width=&#8221;1\/3&#8243;]<div class=\"standard-arrow list-divider bullet-top\"><ul>\n<li>72 TB <strong>maximum internal capacity<\/strong><\/li>\n<li><strong>LAN<\/strong> Gigabit X 4<\/li>\n<li>50\/60 Hz<strong> power supply frequency<\/strong>, single phase<\/li>\n<\/ul>\n<\/div>[\/vc_column_inner][\/vc_row_inner][vc_empty_space height=&#8221;35px&#8221;][\/vc_column][\/vc_row][vc_row type=&#8221;vc_default&#8221; full_width=&#8221;stretch_row&#8221; bg_type=&#8221;bg_color&#8221; css=&#8221;.vc_custom_1509110027010{margin-bottom: 70px !important;}&#8221; bg_color_value=&#8221;#f8f8f9&#8243;][vc_column][vc_empty_space height=&#8221;35px&#8221;][vc_column_text]<\/p>\n<h2>SAN QNAP<\/h2>\n<h3>TS-1263U-RP<\/h3>\n<p>[\/vc_column_text][vc_column_text]<\/p>\n<p style=\"text-align: justify;\">A powerful network system based on a very efficient AMD quad-core processor. It is the only one offering 10GbE compatibility at a price maximizing your return on investment, and what is more, it doubles encrypted file transfer performance thanks to its AES-NI accelerated hardware encryption engine that can achieve more than 800 MB\/s. The TS-1263U-RP is designed for small and medium-sized companies looking for a private Cloud backup and restore solution and storage for virtualization enabling them to perpetuate their IT infrastructure for 10GbE networks.<\/p>\n<p>[\/vc_column_text][vc_row_inner][vc_column_inner width=&#8221;1\/3&#8243;][vc_single_image image=&#8221;15643&#8243; img_size=&#8221;full&#8221;][\/vc_column_inner][vc_column_inner width=&#8221;1\/3&#8243;]<div class=\"standard-arrow list-divider bullet-top\"><ul>\n<li>512 MB <strong>Flash Memory<\/strong> (DOM)<\/li>\n<li>4GB DDR3L <strong>RAM<\/strong> (4GB x 1)<\/li>\n<li><strong>CPU<\/strong> Quad-core 64-bit AMD 2.0GHz<\/li>\n<\/ul>\n<\/div>[\/vc_column_inner][vc_column_inner width=&#8221;1\/3&#8243;]<div class=\"standard-arrow list-divider bullet-top\"><ul>\n<li><strong>Hard Disk<\/strong> Tray 12 x Hot-swappable tray<\/li>\n<li>Gigabit <strong>LAN<\/strong> Ports 4<\/li>\n<li>10GbE 1 <strong>x SFP+<\/strong><\/li>\n<\/ul>\n<\/div>[\/vc_column_inner][\/vc_row_inner][vc_empty_space height=&#8221;35px&#8221;][\/vc_column][\/vc_row][vc_row type=&#8221;vc_default&#8221; full_width=&#8221;stretch_row&#8221; bg_type=&#8221;bg_color&#8221; bg_color_value=&#8221;#ffffff&#8221;][vc_column][vc_custom_heading text=&#8221;Also worth checking out&#8221; font_container=&#8221;tag:h2|text_align:center|color:%233b3f4a&#8221; use_theme_fonts=&#8221;yes&#8221;][vc_empty_space height=&#8221;30px&#8221;][vc_row_inner equal_height=&#8221;yes&#8221;][vc_column_inner width=&#8221;1\/2&#8243;][vc_column_text]<\/p>\n<h3 style=\"text-align: center;\">Hosted storage solutions<\/h3>\n<p>[\/vc_column_text][vc_column_text]<\/p>\n<p style=\"text-align: center;\">It offers a hosted storage solution without you needing to have a dedicated space in your company. Ideal for smaller volumes and data sharing, it requires a fast broadband connection.<\/p>\n<p>[\/vc_column_text][vc_btn title=&#8221;More&#8221; style=&#8221;classic&#8221; color=&#8221;black&#8221; align=&#8221;center&#8221; i_icon_fontawesome=&#8221;fa fa-plus&#8221; add_icon=&#8221;true&#8221; link=&#8221;url:http%3A%2F%2Fwww.mbs.mc%2Fservices-cloud%2Fvps%2F|||&#8221;][\/vc_column_inner][vc_column_inner width=&#8221;1\/2&#8243;][vc_column_text]<\/p>\n<h3 style=\"text-align: center;\">System and virtualization solutions<\/h3>\n<p>[\/vc_column_text][vc_column_text]<\/p>\n<p style=\"text-align: center;\">We assist you in activating a virtual Microsoft infrastructure and in virtualizing and migrating existing servers. With a storage bay coupled with two physical servers, we can set up a private Cloud in high-availability mode.<\/p>\n<p>[\/vc_column_text][vc_btn title=&#8221;More&#8221; style=&#8221;classic&#8221; color=&#8221;black&#8221; align=&#8221;center&#8221; i_icon_fontawesome=&#8221;fa fa-plus&#8221; add_icon=&#8221;true&#8221; link=&#8221;url:http%3A%2F%2Fwww.mbs.mc%2Fsolutions-informatiques%2Fsysteme-virtualisation%2F|||&#8221;][\/vc_column_inner][\/vc_row_inner][vc_empty_space height=&#8221;35px&#8221;][\/vc_column][\/vc_row][vc_row type=&#8221;vc_default&#8221; bg_type=&#8221;bg_color&#8221; bg_override=&#8221;full&#8221; bg_color_value=&#8221;#19477d&#8221;][vc_column][vc_empty_space height=&#8221;20px&#8221;][vc_custom_heading text=&#8221;Are you looking for a storage solution? Don&#8217;t hesitate.&#8221; font_container=&#8221;tag:h2|text_align:center|color:%23ffffff&#8221; use_theme_fonts=&#8221;yes&#8221;][vc_empty_space height=&#8221;20px&#8221;][vc_btn title=&#8221;Contact us&#8221; style=&#8221;classic&#8221; color=&#8221;default&#8221; align=&#8221;center&#8221; i_icon_fontawesome=&#8221;fa fa-envelope-o&#8221; add_icon=&#8221;true&#8221; link=&#8221;url:https%3A%2F%2Fwww.mbs.mc%2Fen%2Fcontact%2F|||&#8221;][vc_empty_space height=&#8221;20px&#8221;][\/vc_column][\/vc_row]<\/p>\n<\/div>","protected":false},"excerpt":{"rendered":"<p>[vc_row type=&#8221;vc_default&#8221; css=&#8221;.vc_custom_1509110004962{margin-bottom: 70px !important;}&#8221;][vc_column width=&#8221;1\/2&#8243;][vc_column_text] The sizeable volume of data generated by your companies requires a reliable and secure storage system to store, process and analyse your business data. MBS takes care of all your data storage requirements and relies on partners developing the best technologies on the market to offer you solutions scaled&hellip;<\/p>\n","protected":false},"author":1,"featured_media":0,"parent":16507,"menu_order":0,"comment_status":"closed","ping_status":"closed","template":"","meta":{"footnotes":""},"class_list":["post-16547","page","type-page","status-publish","hentry","description-off"],"yoast_head":"<!-- This site is optimized with the Yoast SEO plugin v26.9 - https:\/\/yoast.com\/product\/yoast-seo-wordpress\/ -->\r\n<title>MBS IT Solutions Cloud Telephony Monaco - Storage solutions<\/title>\r\n<meta name=\"robots\" content=\"index, follow, max-snippet:-1, max-image-preview:large, max-video-preview:-1\" \/>\r\n<link rel=\"canonical\" href=\"https:\/\/www.mbs.mc\/en\/it-solutions\/storage-solutions\/\" \/>\r\n<meta property=\"og:locale\" content=\"en_US\" \/>\r\n<meta property=\"og:type\" content=\"article\" \/>\r\n<meta property=\"og:title\" content=\"MBS IT Solutions Cloud Telephony Monaco - Storage solutions\" \/>\r\n<meta property=\"og:description\" content=\"[vc_row type=&#8221;vc_default&#8221; css=&#8221;.vc_custom_1509110004962{margin-bottom: 70px !important;}&#8221;][vc_column width=&#8221;1\/2&#8243;][vc_column_text] The sizeable volume of data generated by your companies requires a reliable and secure storage system to store, process and analyse your business data. MBS takes care of all your data storage requirements and relies on partners developing the best technologies on the market to offer you solutions scaled&hellip;\" \/>\r\n<meta property=\"og:url\" content=\"https:\/\/www.mbs.mc\/en\/it-solutions\/storage-solutions\/\" \/>\r\n<meta property=\"og:site_name\" content=\"MBS (PEXYS MONACO)\" \/>\r\n<meta property=\"article:publisher\" content=\"https:\/\/www.facebook.com\/mbs.it.monaco\/\" \/>\r\n<meta property=\"article:modified_time\" content=\"2018-01-30T08:05:28+00:00\" \/>\r\n<meta property=\"og:image\" content=\"https:\/\/www.mbs.mc\/wp-content\/uploads\/2018\/01\/logo-retina-mbs.png\" \/>\r\n\t<meta property=\"og:image:width\" content=\"827\" \/>\r\n\t<meta property=\"og:image:height\" content=\"349\" \/>\r\n\t<meta property=\"og:image:type\" content=\"image\/png\" \/>\r\n<meta name=\"twitter:card\" content=\"summary_large_image\" \/>\r\n<meta name=\"twitter:label1\" content=\"Est. reading time\" \/>\n\t<meta name=\"twitter:data1\" content=\"6 minutes\" \/>\r\n<script type=\"application\/ld+json\" class=\"yoast-schema-graph\">{\"@context\":\"https:\/\/schema.org\",\"@graph\":[{\"@type\":\"WebPage\",\"@id\":\"https:\/\/www.mbs.mc\/en\/it-solutions\/storage-solutions\/\",\"url\":\"https:\/\/www.mbs.mc\/en\/it-solutions\/storage-solutions\/\",\"name\":\"MBS IT Solutions Cloud Telephony Monaco - Storage solutions\",\"isPartOf\":{\"@id\":\"https:\/\/www.mbs.mc\/#website\"},\"datePublished\":\"2017-06-15T09:53:14+00:00\",\"dateModified\":\"2018-01-30T08:05:28+00:00\",\"breadcrumb\":{\"@id\":\"https:\/\/www.mbs.mc\/en\/it-solutions\/storage-solutions\/#breadcrumb\"},\"inLanguage\":\"en-US\",\"potentialAction\":[{\"@type\":\"ReadAction\",\"target\":[\"https:\/\/www.mbs.mc\/en\/it-solutions\/storage-solutions\/\"]}]},{\"@type\":\"BreadcrumbList\",\"@id\":\"https:\/\/www.mbs.mc\/en\/it-solutions\/storage-solutions\/#breadcrumb\",\"itemListElement\":[{\"@type\":\"ListItem\",\"position\":1,\"name\":\"Accueil\",\"item\":\"https:\/\/www.mbs.mc\/en\/\"},{\"@type\":\"ListItem\",\"position\":2,\"name\":\"IT SOLUTIONS\",\"item\":\"https:\/\/www.mbs.mc\/en\/it-solutions\/\"},{\"@type\":\"ListItem\",\"position\":3,\"name\":\"Storage solutions\"}]},{\"@type\":\"WebSite\",\"@id\":\"https:\/\/www.mbs.mc\/#website\",\"url\":\"https:\/\/www.mbs.mc\/\",\"name\":\"MBS (PEXYS MONACO)\",\"description\":\"Solution informatiques | Cloud | Acc\u00e8s internet | T\u00e9l\u00e9phonie IP\",\"publisher\":{\"@id\":\"https:\/\/www.mbs.mc\/#organization\"},\"potentialAction\":[{\"@type\":\"SearchAction\",\"target\":{\"@type\":\"EntryPoint\",\"urlTemplate\":\"https:\/\/www.mbs.mc\/?s={search_term_string}\"},\"query-input\":{\"@type\":\"PropertyValueSpecification\",\"valueRequired\":true,\"valueName\":\"search_term_string\"}}],\"inLanguage\":\"en-US\"},{\"@type\":\"Organization\",\"@id\":\"https:\/\/www.mbs.mc\/#organization\",\"name\":\"MBS\",\"url\":\"https:\/\/www.mbs.mc\/\",\"logo\":{\"@type\":\"ImageObject\",\"inLanguage\":\"en-US\",\"@id\":\"https:\/\/www.mbs.mc\/#\/schema\/logo\/image\/\",\"url\":\"https:\/\/www.mbs.mc\/wp-content\/uploads\/2018\/01\/logo-retina-mbs.png\",\"contentUrl\":\"https:\/\/www.mbs.mc\/wp-content\/uploads\/2018\/01\/logo-retina-mbs.png\",\"width\":827,\"height\":349,\"caption\":\"MBS\"},\"image\":{\"@id\":\"https:\/\/www.mbs.mc\/#\/schema\/logo\/image\/\"},\"sameAs\":[\"https:\/\/www.facebook.com\/mbs.it.monaco\/\",\"https:\/\/www.linkedin.com\/company\/mbs---monaco-business-solutions\"]}]}<\/script>\r\n<!-- \/ Yoast SEO plugin. -->","yoast_head_json":{"title":"MBS IT Solutions Cloud Telephony Monaco - Storage solutions","robots":{"index":"index","follow":"follow","max-snippet":"max-snippet:-1","max-image-preview":"max-image-preview:large","max-video-preview":"max-video-preview:-1"},"canonical":"https:\/\/www.mbs.mc\/en\/it-solutions\/storage-solutions\/","og_locale":"en_US","og_type":"article","og_title":"MBS IT Solutions Cloud Telephony Monaco - Storage solutions","og_description":"[vc_row type=&#8221;vc_default&#8221; css=&#8221;.vc_custom_1509110004962{margin-bottom: 70px !important;}&#8221;][vc_column width=&#8221;1\/2&#8243;][vc_column_text] The sizeable volume of data generated by your companies requires a reliable and secure storage system to store, process and analyse your business data. MBS takes care of all your data storage requirements and relies on partners developing the best technologies on the market to offer you solutions scaled&hellip;","og_url":"https:\/\/www.mbs.mc\/en\/it-solutions\/storage-solutions\/","og_site_name":"MBS (PEXYS MONACO)","article_publisher":"https:\/\/www.facebook.com\/mbs.it.monaco\/","article_modified_time":"2018-01-30T08:05:28+00:00","og_image":[{"width":827,"height":349,"url":"https:\/\/www.mbs.mc\/wp-content\/uploads\/2018\/01\/logo-retina-mbs.png","type":"image\/png"}],"twitter_card":"summary_large_image","twitter_misc":{"Est. reading time":"6 minutes"},"schema":{"@context":"https:\/\/schema.org","@graph":[{"@type":"WebPage","@id":"https:\/\/www.mbs.mc\/en\/it-solutions\/storage-solutions\/","url":"https:\/\/www.mbs.mc\/en\/it-solutions\/storage-solutions\/","name":"MBS IT Solutions Cloud Telephony Monaco - Storage solutions","isPartOf":{"@id":"https:\/\/www.mbs.mc\/#website"},"datePublished":"2017-06-15T09:53:14+00:00","dateModified":"2018-01-30T08:05:28+00:00","breadcrumb":{"@id":"https:\/\/www.mbs.mc\/en\/it-solutions\/storage-solutions\/#breadcrumb"},"inLanguage":"en-US","potentialAction":[{"@type":"ReadAction","target":["https:\/\/www.mbs.mc\/en\/it-solutions\/storage-solutions\/"]}]},{"@type":"BreadcrumbList","@id":"https:\/\/www.mbs.mc\/en\/it-solutions\/storage-solutions\/#breadcrumb","itemListElement":[{"@type":"ListItem","position":1,"name":"Accueil","item":"https:\/\/www.mbs.mc\/en\/"},{"@type":"ListItem","position":2,"name":"IT SOLUTIONS","item":"https:\/\/www.mbs.mc\/en\/it-solutions\/"},{"@type":"ListItem","position":3,"name":"Storage solutions"}]},{"@type":"WebSite","@id":"https:\/\/www.mbs.mc\/#website","url":"https:\/\/www.mbs.mc\/","name":"MBS (PEXYS MONACO)","description":"Solution informatiques | Cloud | Acc\u00e8s internet | T\u00e9l\u00e9phonie IP","publisher":{"@id":"https:\/\/www.mbs.mc\/#organization"},"potentialAction":[{"@type":"SearchAction","target":{"@type":"EntryPoint","urlTemplate":"https:\/\/www.mbs.mc\/?s={search_term_string}"},"query-input":{"@type":"PropertyValueSpecification","valueRequired":true,"valueName":"search_term_string"}}],"inLanguage":"en-US"},{"@type":"Organization","@id":"https:\/\/www.mbs.mc\/#organization","name":"MBS","url":"https:\/\/www.mbs.mc\/","logo":{"@type":"ImageObject","inLanguage":"en-US","@id":"https:\/\/www.mbs.mc\/#\/schema\/logo\/image\/","url":"https:\/\/www.mbs.mc\/wp-content\/uploads\/2018\/01\/logo-retina-mbs.png","contentUrl":"https:\/\/www.mbs.mc\/wp-content\/uploads\/2018\/01\/logo-retina-mbs.png","width":827,"height":349,"caption":"MBS"},"image":{"@id":"https:\/\/www.mbs.mc\/#\/schema\/logo\/image\/"},"sameAs":["https:\/\/www.facebook.com\/mbs.it.monaco\/","https:\/\/www.linkedin.com\/company\/mbs---monaco-business-solutions"]}]}},"_links":{"self":[{"href":"https:\/\/www.mbs.mc\/en\/wp-json\/wp\/v2\/pages\/16547","targetHints":{"allow":["GET"]}}],"collection":[{"href":"https:\/\/www.mbs.mc\/en\/wp-json\/wp\/v2\/pages"}],"about":[{"href":"https:\/\/www.mbs.mc\/en\/wp-json\/wp\/v2\/types\/page"}],"author":[{"embeddable":true,"href":"https:\/\/www.mbs.mc\/en\/wp-json\/wp\/v2\/users\/1"}],"replies":[{"embeddable":true,"href":"https:\/\/www.mbs.mc\/en\/wp-json\/wp\/v2\/comments?post=16547"}],"version-history":[{"count":0,"href":"https:\/\/www.mbs.mc\/en\/wp-json\/wp\/v2\/pages\/16547\/revisions"}],"up":[{"embeddable":true,"href":"https:\/\/www.mbs.mc\/en\/wp-json\/wp\/v2\/pages\/16507"}],"wp:attachment":[{"href":"https:\/\/www.mbs.mc\/en\/wp-json\/wp\/v2\/media?parent=16547"}],"curies":[{"name":"wp","href":"https:\/\/api.w.org\/{rel}","templated":true}]}}