{"id":16535,"date":"2017-04-27T11:21:42","date_gmt":"2017-04-27T09:21:42","guid":{"rendered":"https:\/\/www.mbs.mc\/it-solutions\/systeme-virtualisation\/"},"modified":"2018-01-30T09:05:13","modified_gmt":"2018-01-30T08:05:13","slug":"system-virtualization","status":"publish","type":"page","link":"https:\/\/www.mbs.mc\/en\/it-solutions\/system-virtualization\/","title":{"rendered":"System &#038; Virtualization"},"content":{"rendered":"<div class=\"wpb-content-wrapper\"><p>[vc_row][vc_column][vc_row_inner][vc_column_inner width=&#8221;1\/2&#8243;][vc_empty_space height=&#8221;40px&#8221;][vc_column_text css=&#8221;.vc_custom_1513594844768{padding-left: 18px !important;}&#8221;]<\/p>\n<p style=\"text-align: justify;\">Server virtualization provides the assurance of <strong>uninterrupted activity, and available, reliable and constant access to your operating systems in all circumstances.<\/strong><\/p>\n<p style=\"text-align: justify;\">Virtualization enhances your IT resources and reduces the number of physical servers for enhanced performance. <strong>It cuts the cost of your infrastructures<\/strong>, facilitates your software deployments and developments, and simplifies your IT asset management.<\/p>\n<p>[\/vc_column_text][\/vc_column_inner][vc_column_inner width=&#8221;1\/2&#8243;][vc_single_image image=&#8221;16157&#8243; img_size=&#8221;full&#8221; alignment=&#8221;center&#8221;][\/vc_column_inner][\/vc_row_inner][vc_column_text css=&#8221;.vc_custom_1515777151911{padding-left: 18px !important;}&#8221;]<\/p>\n<p style=\"text-align: center;\"><strong>MBS assists you in installing a virtual infrastructure or in migrating your existing servers.<\/strong><strong>\u00a0<\/strong><\/p>\n<p>[\/vc_column_text][\/vc_column][\/vc_row][vc_row type=&#8221;vc_default&#8221; full_width=&#8221;stretch_row&#8221; bg_type=&#8221;bg_color&#8221; bg_override=&#8221;ex-full&#8221; bg_color_value=&#8221;#f8f8f9&#8243; css=&#8221;.vc_custom_1506692903110{padding-top: 70px !important;padding-bottom: 70px !important;}&#8221;][vc_column][ucaddon_uc_default_bullets iamge=&#8221;15626&#8243; heading=&#8221;Our services&#8221; left_border_color=&#8221;#73A854&#8243; uc_items_data=&#8221;JTVCJTdCJTIyaWNvbl9iZyUyMiUzQSUyMiUyMzMyMzIzMiUyMiUyQyUyMmljb24lMjIlM0ElMjJmYSUyMGZhLWxpbmUtY2hhcnQlMjIlMkMlMjJpY29uX2NvbG9yJTIyJTNBJTIyJTIzZmZmZmZmJTIyJTJDJTIydGl0bGUlMjIlM0ElMjJGZWFzaWJpbGl0eSUyMHN0dWR5JTIyJTJDJTIydGl0bGVfY29sb3IlMjIlM0ElMjIlMjMxMDEwMTAlMjIlMkMlMjJzdWJfdGl0bGUlMjIlM0ElMjIlMjM0MTQyNDclMjIlN0QlMkMlN0IlMjJpY29uX2JnJTIyJTNBJTIyJTIzMzIzMjMyJTIyJTJDJTIyaWNvbiUyMiUzQSUyMmZhJTIwZmEtc2l0ZW1hcCUyMiUyQyUyMmljb25fY29sb3IlMjIlM0ElMjIlMjNmZmZmZmYlMjIlMkMlMjJ0aXRsZSUyMiUzQSUyMkRlZmluaXRpb24lMjBvZiUyMGElMjB0YXJnZXQlMjBhcmNoaXRlY3R1cmUlMjIlMkMlMjJ0aXRsZV9jb2xvciUyMiUzQSUyMiUyMzEwMTAxMCUyMiUyQyUyMnN1Yl90aXRsZSUyMiUzQSUyMiUyMzQxNDI0NyUyMiU3RCUyQyU3QiUyMmljb25fYmclMjIlM0ElMjIlMjMzMjMyMzIlMjIlMkMlMjJpY29uJTIyJTNBJTIyZmElMjBmYS1zaWduLW91dCUyMiUyQyUyMmljb25fY29sb3IlMjIlM0ElMjIlMjNmZmZmZmYlMjIlMkMlMjJ0aXRsZSUyMiUzQSUyMk1pZ3JhdGlvbiUyMG9mJTIwcGh5c2ljYWwlMjB0byUyMHZpcnR1YWwlMjBpbmZyYXN0cnVjdHVyZSUyMiUyQyUyMnRpdGxlX2NvbG9yJTIyJTNBJTIyJTIzMTAxMDEwJTIyJTJDJTIyc3ViX3RpdGxlJTIyJTNBJTIyJTIzNDE0MjQ3JTIyJTdEJTJDJTdCJTIyaWNvbl9iZyUyMiUzQSUyMiUyMzMyMzIzMiUyMiUyQyUyMmljb24lMjIlM0ElMjJmYSUyMGZhLXNpZ24taW4lMjIlMkMlMjJpY29uX2NvbG9yJTIyJTNBJTIyJTIzZmZmZmZmJTIyJTJDJTIydGl0bGUlMjIlM0ElMjJWaXJ0dWFsaXphdGlvbiUyMG9mJTIwcGh5c2ljYWwlMjBtYWNoaW5lcyUyMiUyQyUyMnRpdGxlX2NvbG9yJTIyJTNBJTIyJTIzMTAxMDEwJTIyJTJDJTIyc3ViX3RpdGxlJTIyJTNBJTIyJTIzNDE0MjQ3JTIyJTdEJTJDJTdCJTIyaWNvbl9iZyUyMiUzQSUyMiUyMzMyMzIzMiUyMiUyQyUyMmljb24lMjIlM0ElMjJmYSUyMGZhLXNhdmUlMjIlMkMlMjJpY29uX2NvbG9yJTIyJTNBJTIyJTIzZmZmZmZmJTIyJTJDJTIydGl0bGUlMjIlM0ElMjJEZWZpbml0aW9uJTIwb2YlMjBiYWNrdXAlMjBzdHJhdGVnaWVzJTIyJTJDJTIydGl0bGVfY29sb3IlMjIlM0ElMjIlMjMxMDEwMTAlMjIlMkMlMjJzdWJfdGl0bGUlMjIlM0ElMjIlMjM0MTQyNDclMjIlN0QlMkMlN0IlMjJpY29uX2JnJTIyJTNBJTIyJTIzMzIzMjMyJTIyJTJDJTIyaWNvbiUyMiUzQSUyMmZhJTIwZmEtY29tbWVudGluZy1vJTIyJTJDJTIyaWNvbl9jb2xvciUyMiUzQSUyMiUyM2ZmZmZmZiUyMiUyQyUyMnRpdGxlJTIyJTNBJTIyU3VwcG9ydCUyMGFyb3VuZCUyMHRoZSUyMHZpcnR1YWxpemF0aW9uJTIwb2ZmZXIlMjIlMkMlMjJ0aXRsZV9jb2xvciUyMiUzQSUyMiUyMzEwMTAxMCUyMiUyQyUyMnN1Yl90aXRsZSUyMiUzQSUyMiUyMzQxNDI0NyUyMiU3RCUyQyU3QiUyMmljb25fYmclMjIlM0ElMjIlMjMzMjMyMzIlMjIlMkMlMjJpY29uJTIyJTNBJTIyZmElMjBmYS1jb21tZW50cyUyMiUyQyUyMmljb25fY29sb3IlMjIlM0ElMjIlMjNmZmZmZmYlMjIlMkMlMjJ0aXRsZSUyMiUzQSUyMkFzc2lzdGFuY2UlMjBpbiUyMHByZXBhcmluZyUyMHRoZSUyMHZpcnR1YWxpemF0aW9uJTIwcGxhbiUyMiUyQyUyMnRpdGxlX2NvbG9yJTIyJTNBJTIyJTIzMTAxMDEwJTIyJTJDJTIyc3ViX3RpdGxlJTIyJTNBJTIyJTIzNDE0MjQ3JTIyJTdEJTVE&#8221;][\/ucaddon_uc_default_bullets][\/vc_column][\/vc_row][vc_row type=&#8221;vc_default&#8221; bg_type=&#8221;bg_color&#8221; bg_override=&#8221;ex-full&#8221; bg_color_value=&#8221;#ffffff&#8221; css=&#8221;.vc_custom_1511274469713{padding-top: 50px !important;padding-bottom: 50px !important;}&#8221;][vc_column][vc_column_text]<\/p>\n<h2>HYPER-V<\/h2>\n<p>[\/vc_column_text][vc_row_inner][vc_column_inner width=&#8221;1\/2&#8243;][vc_column_text]<\/p>\n<p style=\"text-align: justify;\">The role of the Hyper-V server in Windows Server lets you create a virtualized server in an environment IT where you can create and control virtual computers. You can run several operating systems on the same physical computer and isolate the operating systems from one another. With this technology you can boost the efficiency of your IT resources and free up your hardware resources.<\/p>\n<p>[\/vc_column_text][\/vc_column_inner][vc_column_inner width=&#8221;1\/2&#8243;][vc_column_text]<\/p>\n<p style=\"text-align: justify;\">The Hyper-V technology virtualizes the hardware and provides an environment in which you can run several operating systems simultaneously on the same physical computer. Hyper-V lets you create and manage virtual computers and their resources. Each virtual computer is a separate and virtualized IT system that can run its own operating system. An operating system running in a virtual computer is called a guest operating system.<\/p>\n<p>[\/vc_column_text][\/vc_column_inner][\/vc_row_inner][\/vc_column][\/vc_row][vc_row type=&#8221;vc_default&#8221; bg_type=&#8221;bg_color&#8221; bg_override=&#8221;ex-full&#8221; css=&#8221;.vc_custom_1511274483923{padding-top: 50px !important;padding-bottom: 50px !important;}&#8221; bg_color_value=&#8221;#f8f8f9&#8243;][vc_column][vc_column_text]<\/p>\n<h2><span lang=\"EN-GB\">5 reasons to convert to VMWare in HYPER-V<\/span><\/h2>\n<p>[\/vc_column_text][vc_row_inner][vc_column_inner width=&#8221;1\/3&#8243;]<div class=\"aio-icon-component    style_1\"><div id=\"Info-box-wrap-4398\" class=\"aio-icon-box top-icon\" style=\"\"  ><div class=\"aio-icon-top\"><div class=\"ult-just-icon-wrapper  \"><div class=\"align-icon\" style=\"text-align:center;\">\n<div class=\"aio-icon none \"  style=\"color:#19477d;font-size:60px;display:inline-block;\">\n\t<i class=\"Defaults-skyatlas\"><\/i>\n<\/div><\/div><\/div><\/div><div class=\"aio-icon-header\" ><h3 class=\"aio-icon-title ult-responsive\"  data-ultimate-target='#Info-box-wrap-4398 .aio-icon-title'  data-responsive-json-new='{\"font-size\":\"\",\"line-height\":\"\"}'  style=\"\">Cloud strategy<\/h3><\/div> <!-- header --><div class=\"aio-icon-description ult-responsive\"  data-ultimate-target='#Info-box-wrap-4398 .aio-icon-description'  data-responsive-json-new='{\"font-size\":\"\",\"line-height\":\"\"}'  style=\"\">Support existing and cloud application usage scenarios to resolve more than infrastructure problems and propose a long-term business strategy.<\/div> <!-- description --><\/div> <!-- aio-icon-box --><\/div> <!-- aio-icon-component -->[\/vc_column_inner][vc_column_inner width=&#8221;1\/3&#8243;]<div class=\"aio-icon-component    style_1\"><div id=\"Info-box-wrap-2002\" class=\"aio-icon-box top-icon\" style=\"\"  ><div class=\"aio-icon-top\"><div class=\"ult-just-icon-wrapper  \"><div class=\"align-icon\" style=\"text-align:center;\">\n<div class=\"aio-icon none \"  style=\"color:#19477d;font-size:60px;display:inline-block;\">\n\t<i class=\"Defaults-lock\"><\/i>\n<\/div><\/div><\/div><\/div><div class=\"aio-icon-header\" ><h3 class=\"aio-icon-title ult-responsive\"  data-ultimate-target='#Info-box-wrap-2002 .aio-icon-title'  data-responsive-json-new='{\"font-size\":\"\",\"line-height\":\"\"}'  style=\"\">Unique security features<\/h3><\/div> <!-- header --><div class=\"aio-icon-description ult-responsive\"  data-ultimate-target='#Info-box-wrap-2002 .aio-icon-description'  data-responsive-json-new='{\"font-size\":\"\",\"line-height\":\"\"}'  style=\"\">Benefit from protection, including on the part of administrators, thanks to new and unique integrated security features.<\/div> <!-- description --><\/div> <!-- aio-icon-box --><\/div> <!-- aio-icon-component -->[\/vc_column_inner][vc_column_inner width=&#8221;1\/3&#8243;]<div class=\"aio-icon-component    style_1\"><div id=\"Info-box-wrap-1530\" class=\"aio-icon-box top-icon\" style=\"\"  ><div class=\"aio-icon-top\"><div class=\"ult-just-icon-wrapper  \"><div class=\"align-icon\" style=\"text-align:center;\">\n<div class=\"aio-icon none \"  style=\"color:#19477d;font-size:60px;display:inline-block;\">\n\t<i class=\"Defaults-server\"><\/i>\n<\/div><\/div><\/div><\/div><div class=\"aio-icon-header\" ><h3 class=\"aio-icon-title ult-responsive\"  data-ultimate-target='#Info-box-wrap-1530 .aio-icon-title'  data-responsive-json-new='{\"font-size\":\"\",\"line-height\":\"\"}'  style=\"\">Native solutions<\/h3><\/div> <!-- header --><div class=\"aio-icon-description ult-responsive\"  data-ultimate-target='#Info-box-wrap-1530 .aio-icon-description'  data-responsive-json-new='{\"font-size\":\"\",\"line-height\":\"\"}'  style=\"\">Deploy storage and network functions not available in VMware, at no extra cost.<\/div> <!-- description --><\/div> <!-- aio-icon-box --><\/div> <!-- aio-icon-component -->[\/vc_column_inner][\/vc_row_inner][vc_empty_space][vc_row_inner][vc_column_inner width=&#8221;1\/6&#8243;][vc_empty_space][\/vc_column_inner][vc_column_inner width=&#8221;2\/6&#8243;]<div class=\"aio-icon-component    style_1\"><div id=\"Info-box-wrap-4505\" class=\"aio-icon-box top-icon\" style=\"\"  ><div class=\"aio-icon-top\"><div class=\"ult-just-icon-wrapper  \"><div class=\"align-icon\" style=\"text-align:center;\">\n<div class=\"aio-icon none \"  style=\"color:#19477d;font-size:60px;display:inline-block;\">\n\t<i class=\"Defaults-calculator\"><\/i>\n<\/div><\/div><\/div><\/div><div class=\"aio-icon-header\" ><h3 class=\"aio-icon-title ult-responsive\"  data-ultimate-target='#Info-box-wrap-4505 .aio-icon-title'  data-responsive-json-new='{\"font-size\":\"\",\"line-height\":\"\"}'  style=\"\">Lower total cost of ownership<\/h3><\/div> <!-- header --><div class=\"aio-icon-description ult-responsive\"  data-ultimate-target='#Info-box-wrap-4505 .aio-icon-description'  data-responsive-json-new='{\"font-size\":\"\",\"line-height\":\"\"}'  style=\"\">Cut your total cost of ownership compared with VMware by using a tried and tested platform featuring native functions.<\/div> <!-- description --><\/div> <!-- aio-icon-box --><\/div> <!-- aio-icon-component -->[\/vc_column_inner][vc_column_inner width=&#8221;2\/6&#8243;]<div class=\"aio-icon-component    style_1\"><div id=\"Info-box-wrap-9747\" class=\"aio-icon-box top-icon\" style=\"\"  ><div class=\"aio-icon-top\"><div class=\"ult-just-icon-wrapper  \"><div class=\"align-icon\" style=\"text-align:center;\">\n<div class=\"aio-icon none \"  style=\"color:#19477d;font-size:60px;display:inline-block;\">\n\t<i class=\"Defaults-cog gear\"><\/i>\n<\/div><\/div><\/div><\/div><div class=\"aio-icon-header\" ><h3 class=\"aio-icon-title ult-responsive\"  data-ultimate-target='#Info-box-wrap-9747 .aio-icon-title'  data-responsive-json-new='{\"font-size\":\"\",\"line-height\":\"\"}'  style=\"\">Converged support<\/h3><\/div> <!-- header --><div class=\"aio-icon-description ult-responsive\"  data-ultimate-target='#Info-box-wrap-9747 .aio-icon-description'  data-responsive-json-new='{\"font-size\":\"\",\"line-height\":\"\"}'  style=\"\">Choose hyper-converged or non-aggregated deployments, according to your needs; flexibility unique to Microsoft.<\/div> <!-- description --><\/div> <!-- aio-icon-box --><\/div> <!-- aio-icon-component -->[\/vc_column_inner][vc_column_inner width=&#8221;1\/6&#8243;][\/vc_column_inner][\/vc_row_inner][\/vc_column][\/vc_row][vc_row type=&#8221;vc_default&#8221; bg_type=&#8221;bg_color&#8221; bg_override=&#8221;full&#8221; bg_color_value=&#8221;#19477d&#8221;][vc_column][vc_empty_space height=&#8221;20px&#8221;][vc_custom_heading text=&#8221;Do you have a virtualization project?&#8221; font_container=&#8221;tag:h2|text_align:center|color:%23ffffff&#8221; use_theme_fonts=&#8221;yes&#8221;][vc_empty_space height=&#8221;20px&#8221;][vc_btn title=&#8221;Contact us&#8221; style=&#8221;classic&#8221; color=&#8221;default&#8221; align=&#8221;center&#8221; i_icon_fontawesome=&#8221;fa fa-envelope-o&#8221; add_icon=&#8221;true&#8221; link=&#8221;url:https%3A%2F%2Fwww.mbs.mc%2Fen%2Fcontact%2F|||&#8221;][vc_empty_space height=&#8221;20px&#8221;][\/vc_column][\/vc_row]<\/p>\n<\/div>","protected":false},"excerpt":{"rendered":"<p>[vc_row][vc_column][vc_row_inner][vc_column_inner width=&#8221;1\/2&#8243;][vc_empty_space height=&#8221;40px&#8221;][vc_column_text css=&#8221;.vc_custom_1513594844768{padding-left: 18px !important;}&#8221;] Server virtualization provides the assurance of uninterrupted activity, and available, reliable and constant access to your operating systems in all circumstances. Virtualization enhances your IT resources and reduces the number of physical servers for enhanced performance. It cuts the cost of your infrastructures, facilitates your software deployments and developments,&hellip;<\/p>\n","protected":false},"author":1,"featured_media":0,"parent":16507,"menu_order":0,"comment_status":"closed","ping_status":"closed","template":"","meta":{"footnotes":""},"class_list":["post-16535","page","type-page","status-publish","hentry","description-off"],"yoast_head":"<!-- This site is optimized with the Yoast SEO plugin v26.9 - https:\/\/yoast.com\/product\/yoast-seo-wordpress\/ -->\r\n<title>MBS IT Solutions Cloud Telephony Monaco - System and virtualization<\/title>\r\n<meta name=\"robots\" content=\"index, follow, max-snippet:-1, max-image-preview:large, max-video-preview:-1\" \/>\r\n<link rel=\"canonical\" href=\"https:\/\/www.mbs.mc\/en\/it-solutions\/system-virtualization\/\" \/>\r\n<meta property=\"og:locale\" content=\"en_US\" \/>\r\n<meta property=\"og:type\" content=\"article\" \/>\r\n<meta property=\"og:title\" content=\"MBS IT Solutions Cloud Telephony Monaco - System and virtualization\" \/>\r\n<meta property=\"og:description\" content=\"[vc_row][vc_column][vc_row_inner][vc_column_inner width=&#8221;1\/2&#8243;][vc_empty_space height=&#8221;40px&#8221;][vc_column_text css=&#8221;.vc_custom_1513594844768{padding-left: 18px !important;}&#8221;] Server virtualization provides the assurance of uninterrupted activity, and available, reliable and constant access to your operating systems in all circumstances. Virtualization enhances your IT resources and reduces the number of physical servers for enhanced performance. It cuts the cost of your infrastructures, facilitates your software deployments and developments,&hellip;\" \/>\r\n<meta property=\"og:url\" content=\"https:\/\/www.mbs.mc\/en\/it-solutions\/system-virtualization\/\" \/>\r\n<meta property=\"og:site_name\" content=\"MBS (PEXYS MONACO)\" \/>\r\n<meta property=\"article:publisher\" content=\"https:\/\/www.facebook.com\/mbs.it.monaco\/\" \/>\r\n<meta property=\"article:modified_time\" content=\"2018-01-30T08:05:13+00:00\" \/>\r\n<meta property=\"og:image\" content=\"https:\/\/www.mbs.mc\/wp-content\/uploads\/2018\/01\/logo-retina-mbs.png\" \/>\r\n\t<meta property=\"og:image:width\" content=\"827\" \/>\r\n\t<meta property=\"og:image:height\" content=\"349\" \/>\r\n\t<meta property=\"og:image:type\" content=\"image\/png\" \/>\r\n<meta name=\"twitter:card\" content=\"summary_large_image\" \/>\r\n<meta name=\"twitter:label1\" content=\"Est. reading time\" \/>\n\t<meta name=\"twitter:data1\" content=\"5 minutes\" \/>\r\n<script type=\"application\/ld+json\" class=\"yoast-schema-graph\">{\"@context\":\"https:\/\/schema.org\",\"@graph\":[{\"@type\":\"WebPage\",\"@id\":\"https:\/\/www.mbs.mc\/en\/it-solutions\/system-virtualization\/\",\"url\":\"https:\/\/www.mbs.mc\/en\/it-solutions\/system-virtualization\/\",\"name\":\"MBS IT Solutions Cloud Telephony Monaco - System and virtualization\",\"isPartOf\":{\"@id\":\"https:\/\/www.mbs.mc\/#website\"},\"datePublished\":\"2017-04-27T09:21:42+00:00\",\"dateModified\":\"2018-01-30T08:05:13+00:00\",\"breadcrumb\":{\"@id\":\"https:\/\/www.mbs.mc\/en\/it-solutions\/system-virtualization\/#breadcrumb\"},\"inLanguage\":\"en-US\",\"potentialAction\":[{\"@type\":\"ReadAction\",\"target\":[\"https:\/\/www.mbs.mc\/en\/it-solutions\/system-virtualization\/\"]}]},{\"@type\":\"BreadcrumbList\",\"@id\":\"https:\/\/www.mbs.mc\/en\/it-solutions\/system-virtualization\/#breadcrumb\",\"itemListElement\":[{\"@type\":\"ListItem\",\"position\":1,\"name\":\"Accueil\",\"item\":\"https:\/\/www.mbs.mc\/en\/\"},{\"@type\":\"ListItem\",\"position\":2,\"name\":\"IT SOLUTIONS\",\"item\":\"https:\/\/www.mbs.mc\/en\/it-solutions\/\"},{\"@type\":\"ListItem\",\"position\":3,\"name\":\"System &#038; Virtualization\"}]},{\"@type\":\"WebSite\",\"@id\":\"https:\/\/www.mbs.mc\/#website\",\"url\":\"https:\/\/www.mbs.mc\/\",\"name\":\"MBS (PEXYS MONACO)\",\"description\":\"Solution informatiques | Cloud | Acc\u00e8s internet | T\u00e9l\u00e9phonie IP\",\"publisher\":{\"@id\":\"https:\/\/www.mbs.mc\/#organization\"},\"potentialAction\":[{\"@type\":\"SearchAction\",\"target\":{\"@type\":\"EntryPoint\",\"urlTemplate\":\"https:\/\/www.mbs.mc\/?s={search_term_string}\"},\"query-input\":{\"@type\":\"PropertyValueSpecification\",\"valueRequired\":true,\"valueName\":\"search_term_string\"}}],\"inLanguage\":\"en-US\"},{\"@type\":\"Organization\",\"@id\":\"https:\/\/www.mbs.mc\/#organization\",\"name\":\"MBS\",\"url\":\"https:\/\/www.mbs.mc\/\",\"logo\":{\"@type\":\"ImageObject\",\"inLanguage\":\"en-US\",\"@id\":\"https:\/\/www.mbs.mc\/#\/schema\/logo\/image\/\",\"url\":\"https:\/\/www.mbs.mc\/wp-content\/uploads\/2018\/01\/logo-retina-mbs.png\",\"contentUrl\":\"https:\/\/www.mbs.mc\/wp-content\/uploads\/2018\/01\/logo-retina-mbs.png\",\"width\":827,\"height\":349,\"caption\":\"MBS\"},\"image\":{\"@id\":\"https:\/\/www.mbs.mc\/#\/schema\/logo\/image\/\"},\"sameAs\":[\"https:\/\/www.facebook.com\/mbs.it.monaco\/\",\"https:\/\/www.linkedin.com\/company\/mbs---monaco-business-solutions\"]}]}<\/script>\r\n<!-- \/ Yoast SEO plugin. -->","yoast_head_json":{"title":"MBS IT Solutions Cloud Telephony Monaco - System and virtualization","robots":{"index":"index","follow":"follow","max-snippet":"max-snippet:-1","max-image-preview":"max-image-preview:large","max-video-preview":"max-video-preview:-1"},"canonical":"https:\/\/www.mbs.mc\/en\/it-solutions\/system-virtualization\/","og_locale":"en_US","og_type":"article","og_title":"MBS IT Solutions Cloud Telephony Monaco - System and virtualization","og_description":"[vc_row][vc_column][vc_row_inner][vc_column_inner width=&#8221;1\/2&#8243;][vc_empty_space height=&#8221;40px&#8221;][vc_column_text css=&#8221;.vc_custom_1513594844768{padding-left: 18px !important;}&#8221;] Server virtualization provides the assurance of uninterrupted activity, and available, reliable and constant access to your operating systems in all circumstances. Virtualization enhances your IT resources and reduces the number of physical servers for enhanced performance. It cuts the cost of your infrastructures, facilitates your software deployments and developments,&hellip;","og_url":"https:\/\/www.mbs.mc\/en\/it-solutions\/system-virtualization\/","og_site_name":"MBS (PEXYS MONACO)","article_publisher":"https:\/\/www.facebook.com\/mbs.it.monaco\/","article_modified_time":"2018-01-30T08:05:13+00:00","og_image":[{"width":827,"height":349,"url":"https:\/\/www.mbs.mc\/wp-content\/uploads\/2018\/01\/logo-retina-mbs.png","type":"image\/png"}],"twitter_card":"summary_large_image","twitter_misc":{"Est. reading time":"5 minutes"},"schema":{"@context":"https:\/\/schema.org","@graph":[{"@type":"WebPage","@id":"https:\/\/www.mbs.mc\/en\/it-solutions\/system-virtualization\/","url":"https:\/\/www.mbs.mc\/en\/it-solutions\/system-virtualization\/","name":"MBS IT Solutions Cloud Telephony Monaco - System and virtualization","isPartOf":{"@id":"https:\/\/www.mbs.mc\/#website"},"datePublished":"2017-04-27T09:21:42+00:00","dateModified":"2018-01-30T08:05:13+00:00","breadcrumb":{"@id":"https:\/\/www.mbs.mc\/en\/it-solutions\/system-virtualization\/#breadcrumb"},"inLanguage":"en-US","potentialAction":[{"@type":"ReadAction","target":["https:\/\/www.mbs.mc\/en\/it-solutions\/system-virtualization\/"]}]},{"@type":"BreadcrumbList","@id":"https:\/\/www.mbs.mc\/en\/it-solutions\/system-virtualization\/#breadcrumb","itemListElement":[{"@type":"ListItem","position":1,"name":"Accueil","item":"https:\/\/www.mbs.mc\/en\/"},{"@type":"ListItem","position":2,"name":"IT SOLUTIONS","item":"https:\/\/www.mbs.mc\/en\/it-solutions\/"},{"@type":"ListItem","position":3,"name":"System &#038; Virtualization"}]},{"@type":"WebSite","@id":"https:\/\/www.mbs.mc\/#website","url":"https:\/\/www.mbs.mc\/","name":"MBS (PEXYS MONACO)","description":"Solution informatiques | Cloud | Acc\u00e8s internet | T\u00e9l\u00e9phonie IP","publisher":{"@id":"https:\/\/www.mbs.mc\/#organization"},"potentialAction":[{"@type":"SearchAction","target":{"@type":"EntryPoint","urlTemplate":"https:\/\/www.mbs.mc\/?s={search_term_string}"},"query-input":{"@type":"PropertyValueSpecification","valueRequired":true,"valueName":"search_term_string"}}],"inLanguage":"en-US"},{"@type":"Organization","@id":"https:\/\/www.mbs.mc\/#organization","name":"MBS","url":"https:\/\/www.mbs.mc\/","logo":{"@type":"ImageObject","inLanguage":"en-US","@id":"https:\/\/www.mbs.mc\/#\/schema\/logo\/image\/","url":"https:\/\/www.mbs.mc\/wp-content\/uploads\/2018\/01\/logo-retina-mbs.png","contentUrl":"https:\/\/www.mbs.mc\/wp-content\/uploads\/2018\/01\/logo-retina-mbs.png","width":827,"height":349,"caption":"MBS"},"image":{"@id":"https:\/\/www.mbs.mc\/#\/schema\/logo\/image\/"},"sameAs":["https:\/\/www.facebook.com\/mbs.it.monaco\/","https:\/\/www.linkedin.com\/company\/mbs---monaco-business-solutions"]}]}},"_links":{"self":[{"href":"https:\/\/www.mbs.mc\/en\/wp-json\/wp\/v2\/pages\/16535","targetHints":{"allow":["GET"]}}],"collection":[{"href":"https:\/\/www.mbs.mc\/en\/wp-json\/wp\/v2\/pages"}],"about":[{"href":"https:\/\/www.mbs.mc\/en\/wp-json\/wp\/v2\/types\/page"}],"author":[{"embeddable":true,"href":"https:\/\/www.mbs.mc\/en\/wp-json\/wp\/v2\/users\/1"}],"replies":[{"embeddable":true,"href":"https:\/\/www.mbs.mc\/en\/wp-json\/wp\/v2\/comments?post=16535"}],"version-history":[{"count":0,"href":"https:\/\/www.mbs.mc\/en\/wp-json\/wp\/v2\/pages\/16535\/revisions"}],"up":[{"embeddable":true,"href":"https:\/\/www.mbs.mc\/en\/wp-json\/wp\/v2\/pages\/16507"}],"wp:attachment":[{"href":"https:\/\/www.mbs.mc\/en\/wp-json\/wp\/v2\/media?parent=16535"}],"curies":[{"name":"wp","href":"https:\/\/api.w.org\/{rel}","templated":true}]}}