{"id":16526,"date":"2017-04-27T11:18:43","date_gmt":"2017-04-27T09:18:43","guid":{"rendered":"https:\/\/www.mbs.mc\/it-solutions\/audit-consulting\/"},"modified":"2018-01-30T09:05:25","modified_gmt":"2018-01-30T08:05:25","slug":"audit-consulting","status":"publish","type":"page","link":"https:\/\/www.mbs.mc\/en\/it-solutions\/audit-consulting\/","title":{"rendered":"Audit &#038; Consulting"},"content":{"rendered":"<div class=\"wpb-content-wrapper\"><p>[vc_row type=&#8221;vc_default&#8221; css=&#8221;.vc_custom_1506526270317{padding-top: 20px !important;padding-bottom: 20px !important;}&#8221;][vc_column][vc_column_text css=&#8221;.vc_custom_1515777169950{margin-bottom: 5px !important;}&#8221;]<\/p>\n<p style=\"text-align: justify;\">MBS sends its teams to your premises to provide IT system <strong>audit &amp; consulting<\/strong> services. An audit <strong>brings to light any shortcomings in your IT resources<\/strong>, and helps us <strong>steer you towards concrete solutions<\/strong> for a <strong>reliable and secure network<\/strong>. On the basis of <strong>precise and detailed diagnostics<\/strong>, MBS creates a roadmap to help you <strong>understand<\/strong>, <strong>upgrade<\/strong> and <strong>optimize<\/strong> your IT system, serving the <strong>strategy of your company<\/strong>. A flaw, updates not carried out or incorrect configurations\u2026 These are just some of the problems that can <strong>adversely affect<\/strong> your business and that can be <strong>\u00a0avoided<\/strong> by <strong>conducting an audit.<\/strong><\/p>\n<p>An in-depth analysis that enables us to examine:[\/vc_column_text][vc_row_inner][vc_column_inner width=&#8221;1\/2&#8243;]<div class=\"standard-arrow bullet-top\"><ul>\n<li>The performance of the IT tool in place<\/li>\n<li>The network&#8217;s security vis-\u00e0-vis internal users and protection against external intrusions<\/li>\n<\/ul>\n<\/div>[\/vc_column_inner][vc_column_inner width=&#8221;1\/2&#8243;]<div class=\"standard-arrow bullet-top\"><ul>\n<li>The backup strategies in place<\/li>\n<li>The scalability of your IT tool with regard to your future needs<\/li>\n<\/ul>\n<\/div>[\/vc_column_inner][\/vc_row_inner][vc_empty_space height=&#8221;60px&#8221;][\/vc_column][\/vc_row][vc_row type=&#8221;vc_default&#8221; full_width=&#8221;stretch_row&#8221; bg_type=&#8221;bg_color&#8221; bg_override=&#8221;ex-full&#8221; bg_color_value=&#8221;#f8f8f9&#8243;][vc_column][vc_empty_space height=&#8221;50px&#8221;][ucaddon_uc_default_bullets iamge=&#8221;15461&#8243; heading=&#8221;OUR SERVICES&#8221; left_border_color=&#8221;#73A854&#8243; uc_items_data=&#8221;JTVCJTdCJTIyaWNvbl9iZyUyMiUzQSUyMiUyMzMyMzIzMiUyMiUyQyUyMmljb24lMjIlM0ElMjJmYSUyMGZhLW1hcC1tYXJrZXIlMjIlMkMlMjJpY29uX2NvbG9yJTIyJTNBJTIyJTIzZmZmZmZmJTIyJTJDJTIydGl0bGUlMjIlM0ElMjJBJTIwdmlzaXQlMjBpbiUyMHNpdHUlMjBieSUyMGElMjBzcGVjaWFsaXplZCUyMHRlY2huaWNpYW4lMjIlMkMlMjJ0aXRsZV9jb2xvciUyMiUzQSUyMiUyMzEwMTAxMCUyMiUyQyUyMnN1Yl90aXRsZSUyMiUzQSUyMiUyMzQxNDI0NyUyMiU3RCUyQyU3QiUyMmljb25fYmclMjIlM0ElMjIlMjMzMjMyMzIlMjIlMkMlMjJpY29uJTIyJTNBJTIyZmElMjBmYS1zaGllbGQlMjIlMkMlMjJpY29uX2NvbG9yJTIyJTNBJTIyJTIzZmZmZmZmJTIyJTJDJTIydGl0bGUlMjIlM0ElMjJBbmFseXNpcyUyMG9mJTIwc2VjdXJpdHklMjBhbmQlMjB0aGUlMjBiYWNrdXAlMjBzeXN0ZW0lMjIlMkMlMjJ0aXRsZV9jb2xvciUyMiUzQSUyMiUyMzEwMTAxMCUyMiUyQyUyMnN1Yl90aXRsZSUyMiUzQSUyMiUyMzQxNDI0NyUyMiU3RCUyQyU3QiUyMmljb25fYmclMjIlM0ElMjIlMjMzMjMyMzIlMjIlMkMlMjJpY29uJTIyJTNBJTIyZmElMjBmYS1jb2dzJTIyJTJDJTIyaWNvbl9jb2xvciUyMiUzQSUyMiUyM2ZmZmZmZiUyMiUyQyUyMnRpdGxlJTIyJTNBJTIyQ3JlYXRpb24lMjBvZiUyMGFuJTIwYW5hbHlzaXMlMjByZXBvcnQlMjIlMkMlMjJ0aXRsZV9jb2xvciUyMiUzQSUyMiUyMzEwMTAxMCUyMiUyQyUyMnN1Yl90aXRsZSUyMiUzQSUyMiUyMzQxNDI0NyUyMiU3RCUyQyU3QiUyMmljb25fYmclMjIlM0ElMjIlMjMzMjMyMzIlMjIlMkMlMjJpY29uJTIyJTNBJTIyZmElMjBmYS1iYXItY2hhcnQtbyUyMiUyQyUyMmljb25fY29sb3IlMjIlM0ElMjIlMjNmZmZmZmYlMjIlMkMlMjJ0aXRsZSUyMiUzQSUyMlByb3Bvc2VkJTIwZW5oYW5jZW1lbnRzJTIwYW5kJTIwb3B0aW1pemF0aW9uJTIyJTJDJTIydGl0bGVfY29sb3IlMjIlM0ElMjIlMjMxMDEwMTAlMjIlMkMlMjJzdWJfdGl0bGUlMjIlM0ElMjIlMjM0MTQyNDclMjIlN0QlMkMlN0IlMjJpY29uX2JnJTIyJTNBJTIyJTIzMzIzMjMyJTIyJTJDJTIyaWNvbiUyMiUzQSUyMmZhJTIwZmEtY29kZSUyMiUyQyUyMmljb25fY29sb3IlMjIlM0ElMjIlMjNmZmZmZmYlMjIlMkMlMjJ0aXRsZSUyMiUzQSUyMkNyZWF0aW9uJTIwb3IlMjB1cGRhdGluZyUyMG9mJTIweW91ciUyMGhhcmR3YXJlJTIwYW5kJTIwc29mdHdhcmUlMjBpbnZlbnRvcnklMjIlMkMlMjJ0aXRsZV9jb2xvciUyMiUzQSUyMiUyMzEwMTAxMCUyMiUyQyUyMnN1Yl90aXRsZSUyMiUzQSUyMiUyMzQxNDI0NyUyMiU3RCU1RA==&#8221;][\/ucaddon_uc_default_bullets][vc_empty_space height=&#8221;50px&#8221;][\/vc_column][\/vc_row][vc_row type=&#8221;vc_default&#8221; bg_type=&#8221;bg_color&#8221; bg_override=&#8221;full&#8221; bg_color_value=&#8221;#19477d&#8221;][vc_column][vc_empty_space height=&#8221;20px&#8221;][vc_custom_heading text=&#8221;Do you want an audit of your IT system? Don&#8217;t hesitate.&#8221; font_container=&#8221;tag:h2|text_align:center|color:%23ffffff&#8221; use_theme_fonts=&#8221;yes&#8221;][vc_empty_space height=&#8221;20px&#8221;][vc_btn title=&#8221;Request a quotation&#8221; style=&#8221;classic&#8221; color=&#8221;default&#8221; align=&#8221;center&#8221; i_icon_fontawesome=&#8221;fa fa-envelope-o&#8221; add_icon=&#8221;true&#8221; link=&#8221;url:https%3A%2F%2Fwww.mbs.mc%2Fen%2Fcontact%2F|||&#8221;][vc_empty_space height=&#8221;20px&#8221;][\/vc_column][\/vc_row]<\/p>\n<\/div>","protected":false},"excerpt":{"rendered":"<p>[vc_row type=&#8221;vc_default&#8221; css=&#8221;.vc_custom_1506526270317{padding-top: 20px !important;padding-bottom: 20px !important;}&#8221;][vc_column][vc_column_text css=&#8221;.vc_custom_1515777169950{margin-bottom: 5px !important;}&#8221;] MBS sends its teams to your premises to provide IT system audit &amp; consulting services. An audit brings to light any shortcomings in your IT resources, and helps us steer you towards concrete solutions for a reliable and secure network. On the basis of precise&hellip;<\/p>\n","protected":false},"author":1,"featured_media":0,"parent":16507,"menu_order":0,"comment_status":"closed","ping_status":"closed","template":"","meta":{"footnotes":""},"class_list":["post-16526","page","type-page","status-publish","hentry","description-off"],"yoast_head":"<!-- This site is optimized with the Yoast SEO plugin v26.9 - https:\/\/yoast.com\/product\/yoast-seo-wordpress\/ -->\r\n<title>MBS IT Solutions Cloud Telephony Monaco - Audit &amp; Consulting<\/title>\r\n<meta name=\"robots\" content=\"index, follow, max-snippet:-1, max-image-preview:large, max-video-preview:-1\" \/>\r\n<link rel=\"canonical\" href=\"https:\/\/www.mbs.mc\/en\/it-solutions\/audit-consulting\/\" \/>\r\n<meta property=\"og:locale\" content=\"en_US\" \/>\r\n<meta property=\"og:type\" content=\"article\" \/>\r\n<meta property=\"og:title\" content=\"MBS IT Solutions Cloud Telephony Monaco - Audit &amp; Consulting\" \/>\r\n<meta property=\"og:description\" content=\"[vc_row type=&#8221;vc_default&#8221; css=&#8221;.vc_custom_1506526270317{padding-top: 20px !important;padding-bottom: 20px !important;}&#8221;][vc_column][vc_column_text css=&#8221;.vc_custom_1515777169950{margin-bottom: 5px !important;}&#8221;] MBS sends its teams to your premises to provide IT system audit &amp; consulting services. An audit brings to light any shortcomings in your IT resources, and helps us steer you towards concrete solutions for a reliable and secure network. On the basis of precise&hellip;\" \/>\r\n<meta property=\"og:url\" content=\"https:\/\/www.mbs.mc\/en\/it-solutions\/audit-consulting\/\" \/>\r\n<meta property=\"og:site_name\" content=\"MBS (PEXYS MONACO)\" \/>\r\n<meta property=\"article:publisher\" content=\"https:\/\/www.facebook.com\/mbs.it.monaco\/\" \/>\r\n<meta property=\"article:modified_time\" content=\"2018-01-30T08:05:25+00:00\" \/>\r\n<meta property=\"og:image\" content=\"https:\/\/www.mbs.mc\/wp-content\/uploads\/2018\/01\/logo-retina-mbs.png\" \/>\r\n\t<meta property=\"og:image:width\" content=\"827\" \/>\r\n\t<meta property=\"og:image:height\" content=\"349\" \/>\r\n\t<meta property=\"og:image:type\" content=\"image\/png\" \/>\r\n<meta name=\"twitter:card\" content=\"summary_large_image\" \/>\r\n<meta name=\"twitter:label1\" content=\"Est. reading time\" \/>\n\t<meta name=\"twitter:data1\" content=\"2 minutes\" \/>\r\n<script type=\"application\/ld+json\" class=\"yoast-schema-graph\">{\"@context\":\"https:\/\/schema.org\",\"@graph\":[{\"@type\":\"WebPage\",\"@id\":\"https:\/\/www.mbs.mc\/en\/it-solutions\/audit-consulting\/\",\"url\":\"https:\/\/www.mbs.mc\/en\/it-solutions\/audit-consulting\/\",\"name\":\"MBS IT Solutions Cloud Telephony Monaco - Audit & Consulting\",\"isPartOf\":{\"@id\":\"https:\/\/www.mbs.mc\/#website\"},\"datePublished\":\"2017-04-27T09:18:43+00:00\",\"dateModified\":\"2018-01-30T08:05:25+00:00\",\"breadcrumb\":{\"@id\":\"https:\/\/www.mbs.mc\/en\/it-solutions\/audit-consulting\/#breadcrumb\"},\"inLanguage\":\"en-US\",\"potentialAction\":[{\"@type\":\"ReadAction\",\"target\":[\"https:\/\/www.mbs.mc\/en\/it-solutions\/audit-consulting\/\"]}]},{\"@type\":\"BreadcrumbList\",\"@id\":\"https:\/\/www.mbs.mc\/en\/it-solutions\/audit-consulting\/#breadcrumb\",\"itemListElement\":[{\"@type\":\"ListItem\",\"position\":1,\"name\":\"Accueil\",\"item\":\"https:\/\/www.mbs.mc\/en\/\"},{\"@type\":\"ListItem\",\"position\":2,\"name\":\"IT SOLUTIONS\",\"item\":\"https:\/\/www.mbs.mc\/en\/it-solutions\/\"},{\"@type\":\"ListItem\",\"position\":3,\"name\":\"Audit &#038; Consulting\"}]},{\"@type\":\"WebSite\",\"@id\":\"https:\/\/www.mbs.mc\/#website\",\"url\":\"https:\/\/www.mbs.mc\/\",\"name\":\"MBS (PEXYS MONACO)\",\"description\":\"Solution informatiques | Cloud | Acc\u00e8s internet | T\u00e9l\u00e9phonie IP\",\"publisher\":{\"@id\":\"https:\/\/www.mbs.mc\/#organization\"},\"potentialAction\":[{\"@type\":\"SearchAction\",\"target\":{\"@type\":\"EntryPoint\",\"urlTemplate\":\"https:\/\/www.mbs.mc\/?s={search_term_string}\"},\"query-input\":{\"@type\":\"PropertyValueSpecification\",\"valueRequired\":true,\"valueName\":\"search_term_string\"}}],\"inLanguage\":\"en-US\"},{\"@type\":\"Organization\",\"@id\":\"https:\/\/www.mbs.mc\/#organization\",\"name\":\"MBS\",\"url\":\"https:\/\/www.mbs.mc\/\",\"logo\":{\"@type\":\"ImageObject\",\"inLanguage\":\"en-US\",\"@id\":\"https:\/\/www.mbs.mc\/#\/schema\/logo\/image\/\",\"url\":\"https:\/\/www.mbs.mc\/wp-content\/uploads\/2018\/01\/logo-retina-mbs.png\",\"contentUrl\":\"https:\/\/www.mbs.mc\/wp-content\/uploads\/2018\/01\/logo-retina-mbs.png\",\"width\":827,\"height\":349,\"caption\":\"MBS\"},\"image\":{\"@id\":\"https:\/\/www.mbs.mc\/#\/schema\/logo\/image\/\"},\"sameAs\":[\"https:\/\/www.facebook.com\/mbs.it.monaco\/\",\"https:\/\/www.linkedin.com\/company\/mbs---monaco-business-solutions\"]}]}<\/script>\r\n<!-- \/ Yoast SEO plugin. -->","yoast_head_json":{"title":"MBS IT Solutions Cloud Telephony Monaco - Audit & Consulting","robots":{"index":"index","follow":"follow","max-snippet":"max-snippet:-1","max-image-preview":"max-image-preview:large","max-video-preview":"max-video-preview:-1"},"canonical":"https:\/\/www.mbs.mc\/en\/it-solutions\/audit-consulting\/","og_locale":"en_US","og_type":"article","og_title":"MBS IT Solutions Cloud Telephony Monaco - Audit & Consulting","og_description":"[vc_row type=&#8221;vc_default&#8221; css=&#8221;.vc_custom_1506526270317{padding-top: 20px !important;padding-bottom: 20px !important;}&#8221;][vc_column][vc_column_text css=&#8221;.vc_custom_1515777169950{margin-bottom: 5px !important;}&#8221;] MBS sends its teams to your premises to provide IT system audit &amp; consulting services. An audit brings to light any shortcomings in your IT resources, and helps us steer you towards concrete solutions for a reliable and secure network. On the basis of precise&hellip;","og_url":"https:\/\/www.mbs.mc\/en\/it-solutions\/audit-consulting\/","og_site_name":"MBS (PEXYS MONACO)","article_publisher":"https:\/\/www.facebook.com\/mbs.it.monaco\/","article_modified_time":"2018-01-30T08:05:25+00:00","og_image":[{"width":827,"height":349,"url":"https:\/\/www.mbs.mc\/wp-content\/uploads\/2018\/01\/logo-retina-mbs.png","type":"image\/png"}],"twitter_card":"summary_large_image","twitter_misc":{"Est. reading time":"2 minutes"},"schema":{"@context":"https:\/\/schema.org","@graph":[{"@type":"WebPage","@id":"https:\/\/www.mbs.mc\/en\/it-solutions\/audit-consulting\/","url":"https:\/\/www.mbs.mc\/en\/it-solutions\/audit-consulting\/","name":"MBS IT Solutions Cloud Telephony Monaco - Audit & Consulting","isPartOf":{"@id":"https:\/\/www.mbs.mc\/#website"},"datePublished":"2017-04-27T09:18:43+00:00","dateModified":"2018-01-30T08:05:25+00:00","breadcrumb":{"@id":"https:\/\/www.mbs.mc\/en\/it-solutions\/audit-consulting\/#breadcrumb"},"inLanguage":"en-US","potentialAction":[{"@type":"ReadAction","target":["https:\/\/www.mbs.mc\/en\/it-solutions\/audit-consulting\/"]}]},{"@type":"BreadcrumbList","@id":"https:\/\/www.mbs.mc\/en\/it-solutions\/audit-consulting\/#breadcrumb","itemListElement":[{"@type":"ListItem","position":1,"name":"Accueil","item":"https:\/\/www.mbs.mc\/en\/"},{"@type":"ListItem","position":2,"name":"IT SOLUTIONS","item":"https:\/\/www.mbs.mc\/en\/it-solutions\/"},{"@type":"ListItem","position":3,"name":"Audit &#038; Consulting"}]},{"@type":"WebSite","@id":"https:\/\/www.mbs.mc\/#website","url":"https:\/\/www.mbs.mc\/","name":"MBS (PEXYS MONACO)","description":"Solution informatiques | Cloud | Acc\u00e8s internet | T\u00e9l\u00e9phonie IP","publisher":{"@id":"https:\/\/www.mbs.mc\/#organization"},"potentialAction":[{"@type":"SearchAction","target":{"@type":"EntryPoint","urlTemplate":"https:\/\/www.mbs.mc\/?s={search_term_string}"},"query-input":{"@type":"PropertyValueSpecification","valueRequired":true,"valueName":"search_term_string"}}],"inLanguage":"en-US"},{"@type":"Organization","@id":"https:\/\/www.mbs.mc\/#organization","name":"MBS","url":"https:\/\/www.mbs.mc\/","logo":{"@type":"ImageObject","inLanguage":"en-US","@id":"https:\/\/www.mbs.mc\/#\/schema\/logo\/image\/","url":"https:\/\/www.mbs.mc\/wp-content\/uploads\/2018\/01\/logo-retina-mbs.png","contentUrl":"https:\/\/www.mbs.mc\/wp-content\/uploads\/2018\/01\/logo-retina-mbs.png","width":827,"height":349,"caption":"MBS"},"image":{"@id":"https:\/\/www.mbs.mc\/#\/schema\/logo\/image\/"},"sameAs":["https:\/\/www.facebook.com\/mbs.it.monaco\/","https:\/\/www.linkedin.com\/company\/mbs---monaco-business-solutions"]}]}},"_links":{"self":[{"href":"https:\/\/www.mbs.mc\/en\/wp-json\/wp\/v2\/pages\/16526","targetHints":{"allow":["GET"]}}],"collection":[{"href":"https:\/\/www.mbs.mc\/en\/wp-json\/wp\/v2\/pages"}],"about":[{"href":"https:\/\/www.mbs.mc\/en\/wp-json\/wp\/v2\/types\/page"}],"author":[{"embeddable":true,"href":"https:\/\/www.mbs.mc\/en\/wp-json\/wp\/v2\/users\/1"}],"replies":[{"embeddable":true,"href":"https:\/\/www.mbs.mc\/en\/wp-json\/wp\/v2\/comments?post=16526"}],"version-history":[{"count":0,"href":"https:\/\/www.mbs.mc\/en\/wp-json\/wp\/v2\/pages\/16526\/revisions"}],"up":[{"embeddable":true,"href":"https:\/\/www.mbs.mc\/en\/wp-json\/wp\/v2\/pages\/16507"}],"wp:attachment":[{"href":"https:\/\/www.mbs.mc\/en\/wp-json\/wp\/v2\/media?parent=16526"}],"curies":[{"name":"wp","href":"https:\/\/api.w.org\/{rel}","templated":true}]}}