{"id":16522,"date":"2014-03-18T10:04:12","date_gmt":"2014-03-18T10:04:12","guid":{"rendered":"https:\/\/www.mbs.mc\/contact\/"},"modified":"2025-06-26T16:20:38","modified_gmt":"2025-06-26T14:20:38","slug":"contact","status":"publish","type":"page","link":"https:\/\/www.mbs.mc\/en\/contact\/","title":{"rendered":"Contact"},"content":{"rendered":"<div class=\"wpb-content-wrapper\"><p>[vc_row][vc_column width=&#8221;1\/2&#8243; offset=&#8221;vc_hidden-sm vc_hidden-xs&#8221;]<div id=\"ultimate-heading-820469f4c3455ec98\" class=\"uvc-heading ult-adjust-bottom-margin ultimate-heading-820469f4c3455ec98 uvc-7618 accent-border-color\" data-hspacer=\"no_spacer\"  data-halign=\"left\" style=\"text-align:left\"><div class=\"uvc-heading-spacer no_spacer\" style=\"top\"><\/div><div class=\"uvc-main-heading ult-responsive\"  data-ultimate-target='.uvc-heading.ultimate-heading-820469f4c3455ec98 h2'  data-responsive-json-new='{\"font-size\":\"desktop:24px;\",\"line-height\":\"desktop:34px;\"}' ><h2 style=\"font-weight:bold;margin-bottom:30px;\">Our agencies<\/h2><\/div><\/div>[vc_row_inner][vc_column_inner width=&#8221;1\/2&#8243;][vc_column_text]<\/p>\n<h4>MBS (PEXYS MONACO)<\/h4>\n<p>Stade Louis II<br \/>\n13 Avenue des Castellans<br \/>\nMC-98000 Monaco<br \/>\nTel. +377 93 25 33 13<br \/>\n<a href=\"mailto:info@mbs.mc\">info@mbs.mc<\/a>[\/vc_column_text][\/vc_column_inner][vc_column_inner width=&#8221;1\/2&#8243;][vc_column_text css=&#8221;&#8221;]<\/p>\n<h4>PEXYS Switzerland<\/h4>\n<p>Quai du Rh\u00f4ne, 8<br \/>\nCH-1205 Geneva<br \/>\nTel. +41 22 501 70 12<br \/>\n<a href=\"mailto:info@pexys.ch\">info@pexys.ch<\/a>[\/vc_column_text][\/vc_column_inner][\/vc_row_inner][vc_row_inner][vc_column_inner width=&#8221;1\/2&#8243;][vc_column_text]<\/p>\n<h4>PEXYS Gex<\/h4>\n<p>Business Center<br \/>\n30 Rue Auguste Piccard<br \/>\nF-01630 Saint-Genis-Pouilly<br \/>\nTel. +33 4 50 42 01 31<br \/>\n<a href=\"mailto:info@pexys.com\">info@pexys.com<\/a>[\/vc_column_text][\/vc_column_inner][vc_column_inner width=&#8221;1\/2&#8243;][vc_column_text]<\/p>\n<h4>PEXYS France<\/h4>\n<p>Le Valtec<br \/>\n90 All\u00e9e de Glaisy<br \/>\nF-74300 &#8211; Thyez<br \/>\nTel. +33 4 50 78 42 32<strong><br \/>\n<\/strong><a href=\"mailto:info@pexys.com\">info@pexys.com<\/a>[\/vc_column_text][\/vc_column_inner][\/vc_row_inner][\/vc_column][vc_column width=&#8221;1\/2&#8243; offset=&#8221;vc_hidden-sm vc_hidden-xs&#8221;]<div id=\"ultimate-heading-182169f4c3455ed75\" class=\"uvc-heading ult-adjust-bottom-margin ultimate-heading-182169f4c3455ed75 uvc-1525 accent-border-color\" data-hspacer=\"no_spacer\"  data-halign=\"center\" style=\"text-align:center\"><div class=\"uvc-heading-spacer no_spacer\" style=\"top\"><\/div><div class=\"uvc-main-heading ult-responsive\"  data-ultimate-target='.uvc-heading.ultimate-heading-182169f4c3455ed75 h2'  data-responsive-json-new='{\"font-size\":\"desktop:24px;\",\"line-height\":\"desktop:34px;\"}' ><h2 style=\"font-weight:bold;margin-bottom:30px;\">Contact us !<\/h2><\/div><\/div>[vc_column_text]<\/p>\n<p style=\"text-align: center;\"><span style=\"color: #ff0000;\">We are currently correcting a form validation issue. In the meantime, please send your requests directly to <a href=\"mailto:info@mbs.mc\"><strong><span style=\"color: #ff0000;\">info@mbs.mc<\/span><\/strong><\/a>. Thank you for your understanding.<\/span><\/p>\n<p>[\/vc_column_text]\n<div class=\"wpcf7 no-js\" id=\"wpcf7-f16520-o1\" lang=\"en-US\" dir=\"ltr\" data-wpcf7-id=\"16520\">\n<div class=\"screen-reader-response\"><p role=\"status\" aria-live=\"polite\" aria-atomic=\"true\"><\/p> <ul><\/ul><\/div>\n<form action=\"\/en\/wp-json\/wp\/v2\/pages\/16522#wpcf7-f16520-o1\" method=\"post\" class=\"wpcf7-form init\" aria-label=\"Contact form\" novalidate=\"novalidate\" data-status=\"init\">\n<fieldset class=\"hidden-fields-container\"><input type=\"hidden\" name=\"_wpcf7\" value=\"16520\" \/><input type=\"hidden\" name=\"_wpcf7_version\" value=\"6.1.5\" \/><input type=\"hidden\" name=\"_wpcf7_locale\" value=\"en_US\" \/><input type=\"hidden\" name=\"_wpcf7_unit_tag\" value=\"wpcf7-f16520-o1\" \/><input type=\"hidden\" name=\"_wpcf7_container_post\" value=\"0\" \/><input type=\"hidden\" name=\"_wpcf7_posted_data_hash\" value=\"\" \/><input type=\"hidden\" name=\"_wpcf7_recaptcha_response\" value=\"\" \/>\n<\/fieldset>\n<div class=\"cforms\">\n\t<p><label class=\"input\"><span class=\"wpcf7-form-control-wrap\" data-name=\"your-name\"><input size=\"40\" maxlength=\"400\" class=\"wpcf7-form-control wpcf7-text wpcf7-validates-as-required\" aria-required=\"true\" aria-invalid=\"false\" placeholder=\"Name *\" value=\"\" type=\"text\" name=\"your-name\" \/><\/span><\/label><br \/>\n<label class=\"input\"><span class=\"wpcf7-form-control-wrap\" data-name=\"your-email\"><input size=\"40\" maxlength=\"400\" class=\"wpcf7-form-control wpcf7-email wpcf7-validates-as-required wpcf7-text wpcf7-validates-as-email\" aria-required=\"true\" aria-invalid=\"false\" placeholder=\"E-mail *\" value=\"\" type=\"email\" name=\"your-email\" \/><\/span><\/label><br \/>\n<label class=\"input\"><span class=\"wpcf7-form-control-wrap\" data-name=\"your-phone\"><input size=\"40\" maxlength=\"400\" class=\"wpcf7-form-control wpcf7-text\" aria-invalid=\"false\" placeholder=\"Phone\" value=\"\" type=\"text\" name=\"your-phone\" \/><\/span><\/label><br \/>\n<label class=\"textarea\"><span class=\"wpcf7-form-control-wrap\" data-name=\"your-message\"><textarea cols=\"40\" rows=\"10\" maxlength=\"2000\" class=\"wpcf7-form-control wpcf7-textarea\" aria-invalid=\"false\" placeholder=\"Message*\" name=\"your-message\"><\/textarea><\/span><\/label><br \/>\n<label class=\"label\">\n\t\t<\/label>\n\t<\/p>\n\t<div class=\"clearfix\">\n\t<\/div>\n\t<p><input class=\"wpcf7-form-control wpcf7-submit has-spinner button\" type=\"submit\" value=\"Send\" \/>\n\t<\/p>\n<\/div><div class=\"wpcf7-response-output\" aria-hidden=\"true\"><\/div>\n<\/form>\n<\/div>\n[\/vc_column][\/vc_row][vc_row][vc_column offset=&#8221;vc_hidden-lg vc_hidden-md&#8221;]<div id=\"ultimate-heading-727369f4c3456090e\" class=\"uvc-heading ult-adjust-bottom-margin ultimate-heading-727369f4c3456090e uvc-8670 accent-border-color\" data-hspacer=\"no_spacer\"  data-halign=\"left\" style=\"text-align:left\"><div class=\"uvc-heading-spacer no_spacer\" style=\"top\"><\/div><div class=\"uvc-main-heading ult-responsive\"  data-ultimate-target='.uvc-heading.ultimate-heading-727369f4c3456090e h2'  data-responsive-json-new='{\"font-size\":\"desktop:24px;\",\"line-height\":\"desktop:34px;\"}' ><h2 style=\"font-weight:bold;margin-bottom:30px;\">Our agencies<\/h2><\/div><\/div>[vc_row_inner][vc_column_inner width=&#8221;1\/3&#8243;][vc_column_text]<\/p>\n<h4>PEXYS Monaco (MBS)<\/h4>\n<p>13 Avenue des Castellans<br \/>\nMC-98000 Monaco<br \/>\nTel. +377 93 25 33 13<br \/>\n<a href=\"mailto:info@mbs.mc\">info@mbs.mc<\/a>[\/vc_column_text][\/vc_column_inner][vc_column_inner width=&#8221;1\/3&#8243;][vc_column_text css=&#8221;&#8221;]<\/p>\n<h4>PEXYS Switzerland<\/h4>\n<p>Quai du Rh\u00f4ne, 8<br \/>\nCH-1205 Gen\u00e8ve<br \/>\nTel. +41 22 501 70 12<br \/>\n<a href=\"mailto:info@pexys.ch\">info@pexys.ch<\/a>[\/vc_column_text][\/vc_column_inner][vc_column_inner width=&#8221;1\/3&#8243;][vc_column_text]<\/p>\n<h4>PEXYS France<\/h4>\n<p>90 All\u00e9e de Glaisy<br \/>\nF-74300 &#8211; Thyez<br \/>\nTel. +33 4 50 78 42 32<strong><br \/>\n<\/strong><a href=\"mailto:info@pexys.com\">info@pexys.com<\/a>[\/vc_column_text][\/vc_column_inner][\/vc_row_inner][vc_row_inner][vc_column_inner width=&#8221;1\/3&#8243;][vc_column_text]<\/p>\n<h4>PEXYS Gex<\/h4>\n<p>13, Chemin du Levant<br \/>\nF-01210 &#8211; Ferney-Voltaire<br \/>\nTel. +33 4 50 42 01 31<br \/>\n<a href=\"mailto:info@pexys.com\">info@pexys.com<\/a>[\/vc_column_text][\/vc_column_inner][vc_column_inner width=&#8221;1\/3&#8243;][\/vc_column_inner][\/vc_row_inner][vc_empty_space]<div id=\"ultimate-heading-432669f4c345609bc\" class=\"uvc-heading ult-adjust-bottom-margin ultimate-heading-432669f4c345609bc uvc-1375 accent-border-color\" data-hspacer=\"no_spacer\"  data-halign=\"center\" style=\"text-align:center\"><div class=\"uvc-heading-spacer no_spacer\" style=\"top\"><\/div><div class=\"uvc-main-heading ult-responsive\"  data-ultimate-target='.uvc-heading.ultimate-heading-432669f4c345609bc h2'  data-responsive-json-new='{\"font-size\":\"desktop:24px;\",\"line-height\":\"desktop:34px;\"}' ><h2 style=\"font-weight:bold;margin-bottom:30px;\">Contact us !<\/h2><\/div><\/div>\n<div class=\"wpcf7 no-js\" id=\"wpcf7-f16520-o2\" lang=\"en-US\" dir=\"ltr\" data-wpcf7-id=\"16520\">\n<div class=\"screen-reader-response\"><p role=\"status\" aria-live=\"polite\" aria-atomic=\"true\"><\/p> <ul><\/ul><\/div>\n<form action=\"\/en\/wp-json\/wp\/v2\/pages\/16522#wpcf7-f16520-o2\" method=\"post\" class=\"wpcf7-form init\" aria-label=\"Contact form\" novalidate=\"novalidate\" data-status=\"init\">\n<fieldset class=\"hidden-fields-container\"><input type=\"hidden\" name=\"_wpcf7\" value=\"16520\" \/><input type=\"hidden\" name=\"_wpcf7_version\" value=\"6.1.5\" \/><input type=\"hidden\" name=\"_wpcf7_locale\" value=\"en_US\" \/><input type=\"hidden\" name=\"_wpcf7_unit_tag\" value=\"wpcf7-f16520-o2\" \/><input type=\"hidden\" name=\"_wpcf7_container_post\" value=\"0\" \/><input type=\"hidden\" name=\"_wpcf7_posted_data_hash\" value=\"\" \/><input type=\"hidden\" name=\"_wpcf7_recaptcha_response\" value=\"\" \/>\n<\/fieldset>\n<div class=\"cforms\">\n\t<p><label class=\"input\"><span class=\"wpcf7-form-control-wrap\" data-name=\"your-name\"><input size=\"40\" maxlength=\"400\" class=\"wpcf7-form-control wpcf7-text wpcf7-validates-as-required\" aria-required=\"true\" aria-invalid=\"false\" placeholder=\"Name *\" value=\"\" type=\"text\" name=\"your-name\" \/><\/span><\/label><br \/>\n<label class=\"input\"><span class=\"wpcf7-form-control-wrap\" data-name=\"your-email\"><input size=\"40\" maxlength=\"400\" class=\"wpcf7-form-control wpcf7-email wpcf7-validates-as-required wpcf7-text wpcf7-validates-as-email\" aria-required=\"true\" aria-invalid=\"false\" placeholder=\"E-mail *\" value=\"\" type=\"email\" name=\"your-email\" \/><\/span><\/label><br \/>\n<label class=\"input\"><span class=\"wpcf7-form-control-wrap\" data-name=\"your-phone\"><input size=\"40\" maxlength=\"400\" class=\"wpcf7-form-control wpcf7-text\" aria-invalid=\"false\" placeholder=\"Phone\" value=\"\" type=\"text\" name=\"your-phone\" \/><\/span><\/label><br \/>\n<label class=\"textarea\"><span class=\"wpcf7-form-control-wrap\" data-name=\"your-message\"><textarea cols=\"40\" rows=\"10\" maxlength=\"2000\" class=\"wpcf7-form-control wpcf7-textarea\" aria-invalid=\"false\" placeholder=\"Message*\" name=\"your-message\"><\/textarea><\/span><\/label><br \/>\n<label class=\"label\">\n\t\t<\/label>\n\t<\/p>\n\t<div class=\"clearfix\">\n\t<\/div>\n\t<p><input class=\"wpcf7-form-control wpcf7-submit has-spinner button\" type=\"submit\" value=\"Send\" \/>\n\t<\/p>\n<\/div><div class=\"wpcf7-response-output\" aria-hidden=\"true\"><\/div>\n<\/form>\n<\/div>\n[\/vc_column][\/vc_row][vc_row type=&#8221;vc_default&#8221; full_width=&#8221;stretch_row_content_no_spaces&#8221; css=&#8221;.vc_custom_1523438847140{margin-bottom: 0px !important;padding-top: 50px !important;padding-bottom: 0px !important;}&#8221;][vc_column css=&#8221;.vc_custom_1523438934384{margin-bottom: 0px !important;padding-bottom: 0px !important;}&#8221;][vc_column_text css=&#8221;.vc_custom_1523525327636{margin-bottom: -10px !important;padding-bottom: -10px !important;}&#8221;]<iframe loading=\"lazy\" src=\"https:\/\/www.google.com\/maps\/d\/embed?mid=1gfBbXPrrlwYVNrPgMllpaNjx_lt90txY\" width=\"100%\" height=\"480\"><\/iframe>[\/vc_column_text][\/vc_column][\/vc_row]<\/p>\n<\/div>","protected":false},"excerpt":{"rendered":"<p>[vc_row][vc_column width=&#8221;1\/2&#8243; offset=&#8221;vc_hidden-sm vc_hidden-xs&#8221;][vc_row_inner][vc_column_inner width=&#8221;1\/2&#8243;][vc_column_text] MBS (PEXYS MONACO) Stade Louis II 13 Avenue des Castellans MC-98000 Monaco Tel. +377 93 25 33 13 info@mbs.mc[\/vc_column_text][\/vc_column_inner][vc_column_inner width=&#8221;1\/2&#8243;][vc_column_text css=&#8221;&#8221;] PEXYS Switzerland Quai du Rh\u00f4ne, 8 CH-1205 Geneva Tel. +41 22 501 70 12 info@pexys.ch[\/vc_column_text][\/vc_column_inner][\/vc_row_inner][vc_row_inner][vc_column_inner width=&#8221;1\/2&#8243;][vc_column_text] PEXYS Gex Business Center 30 Rue Auguste Piccard F-01630 Saint-Genis-Pouilly Tel. +33 4&hellip;<\/p>\n","protected":false},"author":1,"featured_media":0,"parent":0,"menu_order":600,"comment_status":"closed","ping_status":"closed","template":"","meta":{"footnotes":""},"class_list":["post-16522","page","type-page","status-publish","hentry","description-off"],"yoast_head":"<!-- This site is optimized with the Yoast SEO plugin v26.9 - https:\/\/yoast.com\/product\/yoast-seo-wordpress\/ -->\r\n<title>MBS Solutions Informatiques \u00e0 Monaco - Take a contact now<\/title>\r\n<meta name=\"description\" content=\"MBS (PEXYS MONACO) : Stade Louis II, 13 Avenue des Castellans, MC-98000 Monaco Tel. +377 93 25 33 13 info@mbs.mc PEXYS Switzerland : Rue Jean S\u00e9nebier, 4 CP 189 CH-1205 Geneva Tel. +41 22 501 70 12 info@pexys.ch\" \/>\r\n<meta name=\"robots\" content=\"index, follow, max-snippet:-1, max-image-preview:large, max-video-preview:-1\" \/>\r\n<link rel=\"canonical\" href=\"https:\/\/www.mbs.mc\/en\/contact\/\" \/>\r\n<meta property=\"og:locale\" content=\"en_US\" \/>\r\n<meta property=\"og:type\" content=\"article\" \/>\r\n<meta property=\"og:title\" content=\"MBS Solutions Informatiques \u00e0 Monaco - Take a contact now\" \/>\r\n<meta property=\"og:description\" content=\"MBS (PEXYS MONACO) : Stade Louis II, 13 Avenue des Castellans, MC-98000 Monaco Tel. +377 93 25 33 13 info@mbs.mc PEXYS Switzerland : Rue Jean S\u00e9nebier, 4 CP 189 CH-1205 Geneva Tel. +41 22 501 70 12 info@pexys.ch\" \/>\r\n<meta property=\"og:url\" content=\"https:\/\/www.mbs.mc\/en\/contact\/\" \/>\r\n<meta property=\"og:site_name\" content=\"MBS (PEXYS MONACO)\" \/>\r\n<meta property=\"article:publisher\" content=\"https:\/\/www.facebook.com\/mbs.it.monaco\/\" \/>\r\n<meta property=\"article:modified_time\" content=\"2025-06-26T14:20:38+00:00\" \/>\r\n<meta property=\"og:image\" content=\"https:\/\/www.mbs.mc\/wp-content\/uploads\/2018\/01\/logo-retina-mbs.png\" \/>\r\n\t<meta property=\"og:image:width\" content=\"827\" \/>\r\n\t<meta property=\"og:image:height\" content=\"349\" \/>\r\n\t<meta property=\"og:image:type\" content=\"image\/png\" \/>\r\n<meta name=\"twitter:card\" content=\"summary_large_image\" \/>\r\n<meta name=\"twitter:label1\" content=\"Est. reading time\" \/>\n\t<meta name=\"twitter:data1\" content=\"2 minutes\" \/>\r\n<script type=\"application\/ld+json\" class=\"yoast-schema-graph\">{\"@context\":\"https:\/\/schema.org\",\"@graph\":[{\"@type\":\"WebPage\",\"@id\":\"https:\/\/www.mbs.mc\/en\/contact\/\",\"url\":\"https:\/\/www.mbs.mc\/en\/contact\/\",\"name\":\"MBS Solutions Informatiques \u00e0 Monaco - Take a contact now\",\"isPartOf\":{\"@id\":\"https:\/\/www.mbs.mc\/#website\"},\"datePublished\":\"2014-03-18T10:04:12+00:00\",\"dateModified\":\"2025-06-26T14:20:38+00:00\",\"description\":\"MBS (PEXYS MONACO) : Stade Louis II, 13 Avenue des Castellans, MC-98000 Monaco Tel. +377 93 25 33 13 info@mbs.mc PEXYS Switzerland : Rue Jean S\u00e9nebier, 4 CP 189 CH-1205 Geneva Tel. +41 22 501 70 12 info@pexys.ch\",\"breadcrumb\":{\"@id\":\"https:\/\/www.mbs.mc\/en\/contact\/#breadcrumb\"},\"inLanguage\":\"en-US\",\"potentialAction\":[{\"@type\":\"ReadAction\",\"target\":[\"https:\/\/www.mbs.mc\/en\/contact\/\"]}]},{\"@type\":\"BreadcrumbList\",\"@id\":\"https:\/\/www.mbs.mc\/en\/contact\/#breadcrumb\",\"itemListElement\":[{\"@type\":\"ListItem\",\"position\":1,\"name\":\"Accueil\",\"item\":\"https:\/\/www.mbs.mc\/en\/\"},{\"@type\":\"ListItem\",\"position\":2,\"name\":\"Contact\"}]},{\"@type\":\"WebSite\",\"@id\":\"https:\/\/www.mbs.mc\/#website\",\"url\":\"https:\/\/www.mbs.mc\/\",\"name\":\"MBS (PEXYS MONACO)\",\"description\":\"Solution informatiques | Cloud | Acc\u00e8s internet | T\u00e9l\u00e9phonie IP\",\"publisher\":{\"@id\":\"https:\/\/www.mbs.mc\/#organization\"},\"potentialAction\":[{\"@type\":\"SearchAction\",\"target\":{\"@type\":\"EntryPoint\",\"urlTemplate\":\"https:\/\/www.mbs.mc\/?s={search_term_string}\"},\"query-input\":{\"@type\":\"PropertyValueSpecification\",\"valueRequired\":true,\"valueName\":\"search_term_string\"}}],\"inLanguage\":\"en-US\"},{\"@type\":\"Organization\",\"@id\":\"https:\/\/www.mbs.mc\/#organization\",\"name\":\"MBS\",\"url\":\"https:\/\/www.mbs.mc\/\",\"logo\":{\"@type\":\"ImageObject\",\"inLanguage\":\"en-US\",\"@id\":\"https:\/\/www.mbs.mc\/#\/schema\/logo\/image\/\",\"url\":\"https:\/\/www.mbs.mc\/wp-content\/uploads\/2018\/01\/logo-retina-mbs.png\",\"contentUrl\":\"https:\/\/www.mbs.mc\/wp-content\/uploads\/2018\/01\/logo-retina-mbs.png\",\"width\":827,\"height\":349,\"caption\":\"MBS\"},\"image\":{\"@id\":\"https:\/\/www.mbs.mc\/#\/schema\/logo\/image\/\"},\"sameAs\":[\"https:\/\/www.facebook.com\/mbs.it.monaco\/\",\"https:\/\/www.linkedin.com\/company\/mbs---monaco-business-solutions\"]}]}<\/script>\r\n<!-- \/ Yoast SEO plugin. -->","yoast_head_json":{"title":"MBS Solutions Informatiques \u00e0 Monaco - Take a contact now","description":"MBS (PEXYS MONACO) : Stade Louis II, 13 Avenue des Castellans, MC-98000 Monaco Tel. +377 93 25 33 13 info@mbs.mc PEXYS Switzerland : Rue Jean S\u00e9nebier, 4 CP 189 CH-1205 Geneva Tel. +41 22 501 70 12 info@pexys.ch","robots":{"index":"index","follow":"follow","max-snippet":"max-snippet:-1","max-image-preview":"max-image-preview:large","max-video-preview":"max-video-preview:-1"},"canonical":"https:\/\/www.mbs.mc\/en\/contact\/","og_locale":"en_US","og_type":"article","og_title":"MBS Solutions Informatiques \u00e0 Monaco - Take a contact now","og_description":"MBS (PEXYS MONACO) : Stade Louis II, 13 Avenue des Castellans, MC-98000 Monaco Tel. +377 93 25 33 13 info@mbs.mc PEXYS Switzerland : Rue Jean S\u00e9nebier, 4 CP 189 CH-1205 Geneva Tel. +41 22 501 70 12 info@pexys.ch","og_url":"https:\/\/www.mbs.mc\/en\/contact\/","og_site_name":"MBS (PEXYS MONACO)","article_publisher":"https:\/\/www.facebook.com\/mbs.it.monaco\/","article_modified_time":"2025-06-26T14:20:38+00:00","og_image":[{"width":827,"height":349,"url":"https:\/\/www.mbs.mc\/wp-content\/uploads\/2018\/01\/logo-retina-mbs.png","type":"image\/png"}],"twitter_card":"summary_large_image","twitter_misc":{"Est. reading time":"2 minutes"},"schema":{"@context":"https:\/\/schema.org","@graph":[{"@type":"WebPage","@id":"https:\/\/www.mbs.mc\/en\/contact\/","url":"https:\/\/www.mbs.mc\/en\/contact\/","name":"MBS Solutions Informatiques \u00e0 Monaco - Take a contact now","isPartOf":{"@id":"https:\/\/www.mbs.mc\/#website"},"datePublished":"2014-03-18T10:04:12+00:00","dateModified":"2025-06-26T14:20:38+00:00","description":"MBS (PEXYS MONACO) : Stade Louis II, 13 Avenue des Castellans, MC-98000 Monaco Tel. +377 93 25 33 13 info@mbs.mc PEXYS Switzerland : Rue Jean S\u00e9nebier, 4 CP 189 CH-1205 Geneva Tel. +41 22 501 70 12 info@pexys.ch","breadcrumb":{"@id":"https:\/\/www.mbs.mc\/en\/contact\/#breadcrumb"},"inLanguage":"en-US","potentialAction":[{"@type":"ReadAction","target":["https:\/\/www.mbs.mc\/en\/contact\/"]}]},{"@type":"BreadcrumbList","@id":"https:\/\/www.mbs.mc\/en\/contact\/#breadcrumb","itemListElement":[{"@type":"ListItem","position":1,"name":"Accueil","item":"https:\/\/www.mbs.mc\/en\/"},{"@type":"ListItem","position":2,"name":"Contact"}]},{"@type":"WebSite","@id":"https:\/\/www.mbs.mc\/#website","url":"https:\/\/www.mbs.mc\/","name":"MBS (PEXYS MONACO)","description":"Solution informatiques | Cloud | Acc\u00e8s internet | T\u00e9l\u00e9phonie IP","publisher":{"@id":"https:\/\/www.mbs.mc\/#organization"},"potentialAction":[{"@type":"SearchAction","target":{"@type":"EntryPoint","urlTemplate":"https:\/\/www.mbs.mc\/?s={search_term_string}"},"query-input":{"@type":"PropertyValueSpecification","valueRequired":true,"valueName":"search_term_string"}}],"inLanguage":"en-US"},{"@type":"Organization","@id":"https:\/\/www.mbs.mc\/#organization","name":"MBS","url":"https:\/\/www.mbs.mc\/","logo":{"@type":"ImageObject","inLanguage":"en-US","@id":"https:\/\/www.mbs.mc\/#\/schema\/logo\/image\/","url":"https:\/\/www.mbs.mc\/wp-content\/uploads\/2018\/01\/logo-retina-mbs.png","contentUrl":"https:\/\/www.mbs.mc\/wp-content\/uploads\/2018\/01\/logo-retina-mbs.png","width":827,"height":349,"caption":"MBS"},"image":{"@id":"https:\/\/www.mbs.mc\/#\/schema\/logo\/image\/"},"sameAs":["https:\/\/www.facebook.com\/mbs.it.monaco\/","https:\/\/www.linkedin.com\/company\/mbs---monaco-business-solutions"]}]}},"_links":{"self":[{"href":"https:\/\/www.mbs.mc\/en\/wp-json\/wp\/v2\/pages\/16522","targetHints":{"allow":["GET"]}}],"collection":[{"href":"https:\/\/www.mbs.mc\/en\/wp-json\/wp\/v2\/pages"}],"about":[{"href":"https:\/\/www.mbs.mc\/en\/wp-json\/wp\/v2\/types\/page"}],"author":[{"embeddable":true,"href":"https:\/\/www.mbs.mc\/en\/wp-json\/wp\/v2\/users\/1"}],"replies":[{"embeddable":true,"href":"https:\/\/www.mbs.mc\/en\/wp-json\/wp\/v2\/comments?post=16522"}],"version-history":[{"count":5,"href":"https:\/\/www.mbs.mc\/en\/wp-json\/wp\/v2\/pages\/16522\/revisions"}],"predecessor-version":[{"id":17421,"href":"https:\/\/www.mbs.mc\/en\/wp-json\/wp\/v2\/pages\/16522\/revisions\/17421"}],"wp:attachment":[{"href":"https:\/\/www.mbs.mc\/en\/wp-json\/wp\/v2\/media?parent=16522"}],"curies":[{"name":"wp","href":"https:\/\/api.w.org\/{rel}","templated":true}]}}