{"id":16517,"date":"2017-04-27T11:29:56","date_gmt":"2017-04-27T09:29:56","guid":{"rendered":"https:\/\/www.mbs.mc\/fournisseurs-dacces\/"},"modified":"2018-01-30T08:51:09","modified_gmt":"2018-01-30T07:51:09","slug":"access-providers","status":"publish","type":"page","link":"https:\/\/www.mbs.mc\/en\/access-providers\/","title":{"rendered":"ACCESS PROVIDERS"},"content":{"rendered":"<div class=\"wpb-content-wrapper\"><p>[vc_row type=&#8221;vc_default&#8221; css=&#8221;.vc_custom_1506679600680{padding-bottom: 100px !important;}&#8221;][vc_column offset=&#8221;vc_hidden-sm&#8221;][vc_row_inner][vc_column_inner width=&#8221;1\/3&#8243;][vc_empty_space][ucaddon_simple_icon_box icon=&#8221;fa fa-fax&#8221; title=&#8221;IP telephony&#8221; button=&#8221;MORE&#8221; color=&#8221;#73A854&#8243; link=&#8221;https:\/\/www.mbs.mc\/en\/access-providers\/ip-telephony\/&#8221; uc_fonts_data=&#8221;JTdCJTdE&#8221;]JTNDcCUyMHN0eWxlJTNEJTIydGV4dC1hbGlnbiUzQSUyMGNlbnRlciUzQiUyMiUzRVdlJTIwcHV0JTIwaW50byUyMHNlcnZpY2UlMjBhJTIwY2VudHJhbCUyMFZvSVAlMjB0ZWxlcGhvbnklMjBzeXN0ZW0lMjBpbiUyMHlvdXIlMjBjb21wYW55JTJDJTIwd2hpY2glMjBpcyUyMGVhc2llciUyMHRvJTIwbWFuYWdlciUyMGFuZCUyMGNoZWFwZXIuJTNDJTJGcCUzRQ==[\/ucaddon_simple_icon_box][\/vc_column_inner][vc_column_inner width=&#8221;1\/3&#8243;][vc_empty_space][ucaddon_simple_icon_box icon=&#8221;fa fa-exchange&#8221; title=&#8221;VPN links&#8221; button=&#8221;MORE&#8221; color=&#8221;#73A854&#8243; link=&#8221;https:\/\/www.mbs.mc\/en\/access-providers\/vpn-links\/&#8221; uc_fonts_data=&#8221;JTdCJTdE&#8221;]JTNDcCUyMHN0eWxlJTNEJTIydGV4dC1hbGlnbiUzQSUyMGNlbnRlciUzQiUyMiUzRUElMjB2aXJ0dWFsJTIwcHJpdmF0ZSUyMG5ldHdvcmslMjAlMjhWUE4lMjklMjBvZmZlcnMlMjB0aGUlMjBiZXN0JTIwc2VjdXJpdHklMjBmb3IlMjBjb25uZWN0aW9ucyUyMHRvJTIweW91ciUyMHN5c3RlbSUyMGZyb20lMjBvdXRzaWRlLiUzQyUyRnAlM0U=[\/ucaddon_simple_icon_box][\/vc_column_inner][vc_column_inner width=&#8221;1\/3&#8243;][vc_empty_space][ucaddon_simple_icon_box icon=&#8221;fa fa-signal&#8221; title=&#8221;Test your connection!&#8221; button=&#8221;MORE&#8221; color=&#8221;#73A854&#8243; link=&#8221;https:\/\/www.mbs.mc\/en\/access-providers\/test-debit-connexion\/&#8221; uc_fonts_data=&#8221;JTdCJTdE&#8221;]JTNDcCUyMHN0eWxlJTNEJTIydGV4dC1hbGlnbiUzQSUyMGNlbnRlciUzQiUyMiUzRVRlc3QlMjB5b3UlMjBjb25uZWN0aW9uJTIwc3BlZWQlMjBhbmQlMjBzdGF0dXMuJTIwVGhlJTIwZmFzdGVyJTIwaXQlMjBpcyUyQyUyMHRoZSUyMG1vcmUlMjBlZmZpY2llbnQlMjB5b3VyJTIwY29ubmVjdGlvbiUyMHdpbGwlMjBiZS4lM0MlMkZwJTNF[\/ucaddon_simple_icon_box][\/vc_column_inner][\/vc_row_inner][\/vc_column][\/vc_row][vc_row type=&#8221;vc_default&#8221; css=&#8221;.vc_custom_1506679600680{padding-bottom: 100px !important;}&#8221;][vc_column offset=&#8221;vc_hidden-lg vc_hidden-md vc_hidden-xs&#8221;][vc_row_inner][vc_column_inner width=&#8221;1\/2&#8243;][vc_empty_space][ucaddon_simple_icon_box icon=&#8221;fa fa-fax&#8221; title=&#8221;IP telephony&#8221; button=&#8221;MORE&#8221; color=&#8221;#73A854&#8243; link=&#8221;https:\/\/www.mbs.mc\/en\/access-providers\/ip-telephony\/&#8221; uc_fonts_data=&#8221;JTdCJTdE&#8221;]JTNDcCUyMHN0eWxlJTNEJTIydGV4dC1hbGlnbiUzQSUyMGNlbnRlciUzQiUyMiUzRVdlJTIwcHV0JTIwaW50byUyMHNlcnZpY2UlMjBhJTIwY2VudHJhbCUyMFZvSVAlMjB0ZWxlcGhvbnklMjBzeXN0ZW0lMjBpbiUyMHlvdXIlMjBjb21wYW55JTJDJTIwd2hpY2glMjBpcyUyMGVhc2llciUyMHRvJTIwbWFuYWdlciUyMGFuZCUyMGNoZWFwZXIuJTNDJTJGcCUzRQ==[\/ucaddon_simple_icon_box][\/vc_column_inner][vc_column_inner width=&#8221;1\/2&#8243;][vc_empty_space][ucaddon_simple_icon_box icon=&#8221;fa fa-exchange&#8221; title=&#8221;VPN links&#8221; button=&#8221;MORE&#8221; color=&#8221;#73A854&#8243; link=&#8221;https:\/\/www.mbs.mc\/en\/access-providers\/vpn-links\/&#8221; uc_fonts_data=&#8221;JTdCJTdE&#8221;]JTNDcCUyMHN0eWxlJTNEJTIydGV4dC1hbGlnbiUzQSUyMGNlbnRlciUzQiUyMiUzRUElMjB2aXJ0dWFsJTIwcHJpdmF0ZSUyMG5ldHdvcmslMjAlMjhWUE4lMjklMjBvZmZlcnMlMjB0aGUlMjBiZXN0JTIwc2VjdXJpdHklMjBmb3IlMjBjb25uZWN0aW9ucyUyMHRvJTIweW91ciUyMHN5c3RlbSUyMGZyb20lMjBvdXRzaWRlLiUzQyUyRnAlM0U=[\/ucaddon_simple_icon_box][\/vc_column_inner][\/vc_row_inner][vc_empty_space height=&#8221;100px&#8221;][vc_row_inner][vc_column_inner width=&#8221;1\/2&#8243;][vc_empty_space][ucaddon_simple_icon_box icon=&#8221;fa fa-signal&#8221; title=&#8221;Test your connection!&#8221; button=&#8221;MORE&#8221; color=&#8221;#73A854&#8243; link=&#8221;https:\/\/www.mbs.mc\/en\/access-providers\/test-debit-connexion\/&#8221; uc_fonts_data=&#8221;JTdCJTdE&#8221;]JTNDcCUyMHN0eWxlJTNEJTIydGV4dC1hbGlnbiUzQSUyMGNlbnRlciUzQiUyMiUzRVRlc3QlMjB5b3UlMjBjb25uZWN0aW9uJTIwc3BlZWQlMjBhbmQlMjBzdGF0dXMuJTIwVGhlJTIwZmFzdGVyJTIwaXQlMjBpcyUyQyUyMHRoZSUyMG1vcmUlMjBlZmZpY2llbnQlMjB5b3VyJTIwY29ubmVjdGlvbiUyMHdpbGwlMjBiZS4lM0MlMkZwJTNF[\/ucaddon_simple_icon_box][\/vc_column_inner][vc_column_inner width=&#8221;1\/2&#8243;][\/vc_column_inner][\/vc_row_inner][vc_empty_space height=&#8221;100px&#8221;][\/vc_column][\/vc_row][vc_row type=&#8221;vc_default&#8221; bg_type=&#8221;bg_color&#8221; bg_override=&#8221;full&#8221; bg_color_value=&#8221;#19477d&#8221;][vc_column][vc_empty_space height=&#8221;20px&#8221;][vc_custom_heading text=&#8221;Do you have a project with us? Don&#8217;t hesitate.&#8221; font_container=&#8221;tag:h2|text_align:center|color:%23ffffff&#8221; use_theme_fonts=&#8221;yes&#8221;][vc_empty_space height=&#8221;20px&#8221;][vc_btn title=&#8221;Contact us&#8221; style=&#8221;classic&#8221; color=&#8221;default&#8221; align=&#8221;center&#8221; i_icon_fontawesome=&#8221;fa fa-envelope-o&#8221; add_icon=&#8221;true&#8221; link=&#8221;url:https%3A%2F%2Fwww.mbs.mc%2Fen%2Fcontact%2F|||&#8221;][vc_empty_space height=&#8221;20px&#8221;][\/vc_column][\/vc_row]<\/p>\n<\/div>","protected":false},"excerpt":{"rendered":"<p>[vc_row type=&#8221;vc_default&#8221; css=&#8221;.vc_custom_1506679600680{padding-bottom: 100px !important;}&#8221;][vc_column offset=&#8221;vc_hidden-sm&#8221;][vc_row_inner][vc_column_inner width=&#8221;1\/3&#8243;][vc_empty_space][ucaddon_simple_icon_box icon=&#8221;fa fa-fax&#8221; title=&#8221;IP telephony&#8221; button=&#8221;MORE&#8221; color=&#8221;#73A854&#8243; link=&#8221;https:\/\/www.mbs.mc\/en\/access-providers\/ip-telephony\/&#8221; uc_fonts_data=&#8221;JTdCJTdE&#8221;]JTNDcCUyMHN0eWxlJTNEJTIydGV4dC1hbGlnbiUzQSUyMGNlbnRlciUzQiUyMiUzRVdlJTIwcHV0JTIwaW50byUyMHNlcnZpY2UlMjBhJTIwY2VudHJhbCUyMFZvSVAlMjB0ZWxlcGhvbnklMjBzeXN0ZW0lMjBpbiUyMHlvdXIlMjBjb21wYW55JTJDJTIwd2hpY2glMjBpcyUyMGVhc2llciUyMHRvJTIwbWFuYWdlciUyMGFuZCUyMGNoZWFwZXIuJTNDJTJGcCUzRQ==[\/ucaddon_simple_icon_box][\/vc_column_inner][vc_column_inner width=&#8221;1\/3&#8243;][vc_empty_space][ucaddon_simple_icon_box icon=&#8221;fa fa-exchange&#8221; title=&#8221;VPN links&#8221; button=&#8221;MORE&#8221; color=&#8221;#73A854&#8243; link=&#8221;https:\/\/www.mbs.mc\/en\/access-providers\/vpn-links\/&#8221; uc_fonts_data=&#8221;JTdCJTdE&#8221;]JTNDcCUyMHN0eWxlJTNEJTIydGV4dC1hbGlnbiUzQSUyMGNlbnRlciUzQiUyMiUzRUElMjB2aXJ0dWFsJTIwcHJpdmF0ZSUyMG5ldHdvcmslMjAlMjhWUE4lMjklMjBvZmZlcnMlMjB0aGUlMjBiZXN0JTIwc2VjdXJpdHklMjBmb3IlMjBjb25uZWN0aW9ucyUyMHRvJTIweW91ciUyMHN5c3RlbSUyMGZyb20lMjBvdXRzaWRlLiUzQyUyRnAlM0U=[\/ucaddon_simple_icon_box][\/vc_column_inner][vc_column_inner width=&#8221;1\/3&#8243;][vc_empty_space][ucaddon_simple_icon_box icon=&#8221;fa fa-signal&#8221; title=&#8221;Test your connection!&#8221; button=&#8221;MORE&#8221; color=&#8221;#73A854&#8243; link=&#8221;https:\/\/www.mbs.mc\/en\/access-providers\/test-debit-connexion\/&#8221; uc_fonts_data=&#8221;JTdCJTdE&#8221;]JTNDcCUyMHN0eWxlJTNEJTIydGV4dC1hbGlnbiUzQSUyMGNlbnRlciUzQiUyMiUzRVRlc3QlMjB5b3UlMjBjb25uZWN0aW9uJTIwc3BlZWQlMjBhbmQlMjBzdGF0dXMuJTIwVGhlJTIwZmFzdGVyJTIwaXQlMjBpcyUyQyUyMHRoZSUyMG1vcmUlMjBlZmZpY2llbnQlMjB5b3VyJTIwY29ubmVjdGlvbiUyMHdpbGwlMjBiZS4lM0MlMkZwJTNF[\/ucaddon_simple_icon_box][\/vc_column_inner][\/vc_row_inner][\/vc_column][\/vc_row][vc_row type=&#8221;vc_default&#8221; css=&#8221;.vc_custom_1506679600680{padding-bottom: 100px !important;}&#8221;][vc_column offset=&#8221;vc_hidden-lg vc_hidden-md vc_hidden-xs&#8221;][vc_row_inner][vc_column_inner width=&#8221;1\/2&#8243;][vc_empty_space][ucaddon_simple_icon_box icon=&#8221;fa fa-fax&#8221; title=&#8221;IP telephony&#8221; button=&#8221;MORE&#8221; color=&#8221;#73A854&#8243; link=&#8221;https:\/\/www.mbs.mc\/en\/access-providers\/ip-telephony\/&#8221; uc_fonts_data=&#8221;JTdCJTdE&#8221;]JTNDcCUyMHN0eWxlJTNEJTIydGV4dC1hbGlnbiUzQSUyMGNlbnRlciUzQiUyMiUzRVdlJTIwcHV0JTIwaW50byUyMHNlcnZpY2UlMjBhJTIwY2VudHJhbCUyMFZvSVAlMjB0ZWxlcGhvbnklMjBzeXN0ZW0lMjBpbiUyMHlvdXIlMjBjb21wYW55JTJDJTIwd2hpY2glMjBpcyUyMGVhc2llciUyMHRvJTIwbWFuYWdlciUyMGFuZCUyMGNoZWFwZXIuJTNDJTJGcCUzRQ==[\/ucaddon_simple_icon_box][\/vc_column_inner][vc_column_inner width=&#8221;1\/2&#8243;][vc_empty_space][ucaddon_simple_icon_box icon=&#8221;fa fa-exchange&#8221; title=&#8221;VPN links&#8221;&hellip;<\/p>\n","protected":false},"author":1,"featured_media":0,"parent":0,"menu_order":0,"comment_status":"closed","ping_status":"closed","template":"","meta":{"footnotes":""},"class_list":["post-16517","page","type-page","status-publish","hentry","description-off"],"yoast_head":"<!-- This site is optimized with the Yoast SEO plugin v26.9 - https:\/\/yoast.com\/product\/yoast-seo-wordpress\/ -->\r\n<title>MBS IT Solutions Cloud Telephony Monaco - Access Providers<\/title>\r\n<meta name=\"description\" content=\"Access Providers: IP Telephony, Fiber Optics, ADSL, SDSL, VPN Links. We are implementing a centralized VOIP telephony system in your ...\" \/>\r\n<meta name=\"robots\" content=\"index, follow, max-snippet:-1, max-image-preview:large, max-video-preview:-1\" \/>\r\n<link rel=\"canonical\" href=\"https:\/\/www.mbs.mc\/en\/access-providers\/\" \/>\r\n<meta property=\"og:locale\" content=\"en_US\" \/>\r\n<meta property=\"og:type\" content=\"article\" \/>\r\n<meta property=\"og:title\" content=\"MBS IT Solutions Cloud Telephony Monaco - Access Providers\" \/>\r\n<meta property=\"og:description\" content=\"Access Providers: IP Telephony, Fiber Optics, ADSL, SDSL, VPN Links. We are implementing a centralized VOIP telephony system in your ...\" \/>\r\n<meta property=\"og:url\" content=\"https:\/\/www.mbs.mc\/en\/access-providers\/\" \/>\r\n<meta property=\"og:site_name\" content=\"MBS (PEXYS MONACO)\" \/>\r\n<meta property=\"article:publisher\" content=\"https:\/\/www.facebook.com\/mbs.it.monaco\/\" \/>\r\n<meta property=\"article:modified_time\" content=\"2018-01-30T07:51:09+00:00\" \/>\r\n<meta property=\"og:image\" content=\"https:\/\/www.mbs.mc\/wp-content\/uploads\/2018\/01\/logo-retina-mbs.png\" \/>\r\n\t<meta property=\"og:image:width\" content=\"827\" \/>\r\n\t<meta property=\"og:image:height\" content=\"349\" \/>\r\n\t<meta property=\"og:image:type\" content=\"image\/png\" \/>\r\n<meta name=\"twitter:card\" content=\"summary_large_image\" \/>\r\n<meta name=\"twitter:label1\" content=\"Est. reading time\" \/>\n\t<meta name=\"twitter:data1\" content=\"3 minutes\" \/>\r\n<script type=\"application\/ld+json\" class=\"yoast-schema-graph\">{\"@context\":\"https:\/\/schema.org\",\"@graph\":[{\"@type\":\"WebPage\",\"@id\":\"https:\/\/www.mbs.mc\/en\/access-providers\/\",\"url\":\"https:\/\/www.mbs.mc\/en\/access-providers\/\",\"name\":\"MBS IT Solutions Cloud Telephony Monaco - Access Providers\",\"isPartOf\":{\"@id\":\"https:\/\/www.mbs.mc\/#website\"},\"datePublished\":\"2017-04-27T09:29:56+00:00\",\"dateModified\":\"2018-01-30T07:51:09+00:00\",\"description\":\"Access Providers: IP Telephony, Fiber Optics, ADSL, SDSL, VPN Links. We are implementing a centralized VOIP telephony system in your ...\",\"breadcrumb\":{\"@id\":\"https:\/\/www.mbs.mc\/en\/access-providers\/#breadcrumb\"},\"inLanguage\":\"en-US\",\"potentialAction\":[{\"@type\":\"ReadAction\",\"target\":[\"https:\/\/www.mbs.mc\/en\/access-providers\/\"]}]},{\"@type\":\"BreadcrumbList\",\"@id\":\"https:\/\/www.mbs.mc\/en\/access-providers\/#breadcrumb\",\"itemListElement\":[{\"@type\":\"ListItem\",\"position\":1,\"name\":\"Accueil\",\"item\":\"https:\/\/www.mbs.mc\/en\/\"},{\"@type\":\"ListItem\",\"position\":2,\"name\":\"ACCESS PROVIDERS\"}]},{\"@type\":\"WebSite\",\"@id\":\"https:\/\/www.mbs.mc\/#website\",\"url\":\"https:\/\/www.mbs.mc\/\",\"name\":\"MBS (PEXYS MONACO)\",\"description\":\"Solution informatiques | Cloud | Acc\u00e8s internet | T\u00e9l\u00e9phonie IP\",\"publisher\":{\"@id\":\"https:\/\/www.mbs.mc\/#organization\"},\"potentialAction\":[{\"@type\":\"SearchAction\",\"target\":{\"@type\":\"EntryPoint\",\"urlTemplate\":\"https:\/\/www.mbs.mc\/?s={search_term_string}\"},\"query-input\":{\"@type\":\"PropertyValueSpecification\",\"valueRequired\":true,\"valueName\":\"search_term_string\"}}],\"inLanguage\":\"en-US\"},{\"@type\":\"Organization\",\"@id\":\"https:\/\/www.mbs.mc\/#organization\",\"name\":\"MBS\",\"url\":\"https:\/\/www.mbs.mc\/\",\"logo\":{\"@type\":\"ImageObject\",\"inLanguage\":\"en-US\",\"@id\":\"https:\/\/www.mbs.mc\/#\/schema\/logo\/image\/\",\"url\":\"https:\/\/www.mbs.mc\/wp-content\/uploads\/2018\/01\/logo-retina-mbs.png\",\"contentUrl\":\"https:\/\/www.mbs.mc\/wp-content\/uploads\/2018\/01\/logo-retina-mbs.png\",\"width\":827,\"height\":349,\"caption\":\"MBS\"},\"image\":{\"@id\":\"https:\/\/www.mbs.mc\/#\/schema\/logo\/image\/\"},\"sameAs\":[\"https:\/\/www.facebook.com\/mbs.it.monaco\/\",\"https:\/\/www.linkedin.com\/company\/mbs---monaco-business-solutions\"]}]}<\/script>\r\n<!-- \/ Yoast SEO plugin. -->","yoast_head_json":{"title":"MBS IT Solutions Cloud Telephony Monaco - Access Providers","description":"Access Providers: IP Telephony, Fiber Optics, ADSL, SDSL, VPN Links. We are implementing a centralized VOIP telephony system in your ...","robots":{"index":"index","follow":"follow","max-snippet":"max-snippet:-1","max-image-preview":"max-image-preview:large","max-video-preview":"max-video-preview:-1"},"canonical":"https:\/\/www.mbs.mc\/en\/access-providers\/","og_locale":"en_US","og_type":"article","og_title":"MBS IT Solutions Cloud Telephony Monaco - Access Providers","og_description":"Access Providers: IP Telephony, Fiber Optics, ADSL, SDSL, VPN Links. We are implementing a centralized VOIP telephony system in your ...","og_url":"https:\/\/www.mbs.mc\/en\/access-providers\/","og_site_name":"MBS (PEXYS MONACO)","article_publisher":"https:\/\/www.facebook.com\/mbs.it.monaco\/","article_modified_time":"2018-01-30T07:51:09+00:00","og_image":[{"width":827,"height":349,"url":"https:\/\/www.mbs.mc\/wp-content\/uploads\/2018\/01\/logo-retina-mbs.png","type":"image\/png"}],"twitter_card":"summary_large_image","twitter_misc":{"Est. reading time":"3 minutes"},"schema":{"@context":"https:\/\/schema.org","@graph":[{"@type":"WebPage","@id":"https:\/\/www.mbs.mc\/en\/access-providers\/","url":"https:\/\/www.mbs.mc\/en\/access-providers\/","name":"MBS IT Solutions Cloud Telephony Monaco - Access Providers","isPartOf":{"@id":"https:\/\/www.mbs.mc\/#website"},"datePublished":"2017-04-27T09:29:56+00:00","dateModified":"2018-01-30T07:51:09+00:00","description":"Access Providers: IP Telephony, Fiber Optics, ADSL, SDSL, VPN Links. We are implementing a centralized VOIP telephony system in your ...","breadcrumb":{"@id":"https:\/\/www.mbs.mc\/en\/access-providers\/#breadcrumb"},"inLanguage":"en-US","potentialAction":[{"@type":"ReadAction","target":["https:\/\/www.mbs.mc\/en\/access-providers\/"]}]},{"@type":"BreadcrumbList","@id":"https:\/\/www.mbs.mc\/en\/access-providers\/#breadcrumb","itemListElement":[{"@type":"ListItem","position":1,"name":"Accueil","item":"https:\/\/www.mbs.mc\/en\/"},{"@type":"ListItem","position":2,"name":"ACCESS PROVIDERS"}]},{"@type":"WebSite","@id":"https:\/\/www.mbs.mc\/#website","url":"https:\/\/www.mbs.mc\/","name":"MBS (PEXYS MONACO)","description":"Solution informatiques | Cloud | Acc\u00e8s internet | T\u00e9l\u00e9phonie IP","publisher":{"@id":"https:\/\/www.mbs.mc\/#organization"},"potentialAction":[{"@type":"SearchAction","target":{"@type":"EntryPoint","urlTemplate":"https:\/\/www.mbs.mc\/?s={search_term_string}"},"query-input":{"@type":"PropertyValueSpecification","valueRequired":true,"valueName":"search_term_string"}}],"inLanguage":"en-US"},{"@type":"Organization","@id":"https:\/\/www.mbs.mc\/#organization","name":"MBS","url":"https:\/\/www.mbs.mc\/","logo":{"@type":"ImageObject","inLanguage":"en-US","@id":"https:\/\/www.mbs.mc\/#\/schema\/logo\/image\/","url":"https:\/\/www.mbs.mc\/wp-content\/uploads\/2018\/01\/logo-retina-mbs.png","contentUrl":"https:\/\/www.mbs.mc\/wp-content\/uploads\/2018\/01\/logo-retina-mbs.png","width":827,"height":349,"caption":"MBS"},"image":{"@id":"https:\/\/www.mbs.mc\/#\/schema\/logo\/image\/"},"sameAs":["https:\/\/www.facebook.com\/mbs.it.monaco\/","https:\/\/www.linkedin.com\/company\/mbs---monaco-business-solutions"]}]}},"_links":{"self":[{"href":"https:\/\/www.mbs.mc\/en\/wp-json\/wp\/v2\/pages\/16517","targetHints":{"allow":["GET"]}}],"collection":[{"href":"https:\/\/www.mbs.mc\/en\/wp-json\/wp\/v2\/pages"}],"about":[{"href":"https:\/\/www.mbs.mc\/en\/wp-json\/wp\/v2\/types\/page"}],"author":[{"embeddable":true,"href":"https:\/\/www.mbs.mc\/en\/wp-json\/wp\/v2\/users\/1"}],"replies":[{"embeddable":true,"href":"https:\/\/www.mbs.mc\/en\/wp-json\/wp\/v2\/comments?post=16517"}],"version-history":[{"count":0,"href":"https:\/\/www.mbs.mc\/en\/wp-json\/wp\/v2\/pages\/16517\/revisions"}],"wp:attachment":[{"href":"https:\/\/www.mbs.mc\/en\/wp-json\/wp\/v2\/media?parent=16517"}],"curies":[{"name":"wp","href":"https:\/\/api.w.org\/{rel}","templated":true}]}}