{"id":16512,"date":"2017-04-27T11:22:07","date_gmt":"2017-04-27T09:22:07","guid":{"rendered":"https:\/\/www.mbs.mc\/services-cloud\/"},"modified":"2018-01-30T08:51:22","modified_gmt":"2018-01-30T07:51:22","slug":"cloud-services","status":"publish","type":"page","link":"https:\/\/www.mbs.mc\/en\/cloud-services\/","title":{"rendered":"CLOUD SERVICES"},"content":{"rendered":"<div class=\"wpb-content-wrapper\"><p>[vc_row type=&#8221;vc_default&#8221; css=&#8221;.vc_custom_1506679655676{padding-bottom: 100px !important;}&#8221;][vc_column offset=&#8221;vc_hidden-sm&#8221;][vc_row_inner][vc_column_inner width=&#8221;1\/3&#8243;][vc_empty_space][ucaddon_simple_icon_box icon=&#8221;fa fa-server&#8221; title=&#8221;VPS&#8221; button=&#8221;MORE&#8221; color=&#8221;#73A854&#8243; link=&#8221;https:\/\/www.mbs.mc\/en\/cloud-services\/vps\/&#8221; uc_fonts_data=&#8221;JTdCJTdE&#8221;]JTNDcCUyMHN0eWxlJTNEJTIydGV4dC1hbGlnbiUzQSUyMGNlbnRlciUzQiUyMiUzRVRvJTIwZ3VhcmFudGVlJTIwdGhlJTIwY29uc3RhbnQlMjBhdmFpbGFiaWxpdHklMjBvZiUyMHlvdXIlMjBzZXJ2ZXJzJTJDJTIwd2UlMjBjYW4lMjBwcm92aWRlJTIweW91JTIwd2l0aCUyMGElMjB2aXJ0dWFsaXplZCUyMHNlcnZlciUyMGluJTIwb3VyJTIwZGF0YSUyMGNlbnRyZXMuJTNDJTJGcCUzRQ==[\/ucaddon_simple_icon_box][\/vc_column_inner][vc_column_inner width=&#8221;1\/3&#8243;][vc_empty_space][ucaddon_simple_icon_box icon=&#8221;fa fa-server&#8221; title=&#8221;Dedicated servers&#8221; button=&#8221;MORE&#8221; color=&#8221;#73A854&#8243; link=&#8221;https:\/\/www.mbs.mc\/en\/cloud-services\/dedicated-servers\/&#8221; uc_fonts_data=&#8221;JTdCJTdE&#8221;]JTNDcCUyMHN0eWxlJTNEJTIydGV4dC1hbGlnbiUzQSUyMGNlbnRlciUzQiUyMiUzRU1vbnRobHklMjByZW50YWwlMjBvZiUyMGElMjBzZXJ2ZXIlMjBkZWRpY2F0ZWQlMjB0byUyMHlvdXIlMjBjb21wYW55JTJDJTIwaG9zdGVkJTIwaW4lMjBvdXIlMjBkYXRhJTIwY2VudHJlcy4lM0MlMkZwJTNF[\/ucaddon_simple_icon_box][\/vc_column_inner][vc_column_inner width=&#8221;1\/3&#8243;][vc_empty_space][ucaddon_simple_icon_box icon=&#8221;fa fa-tv&#8221; title=&#8221;Web hosting&#8221; button=&#8221;MORE&#8221; color=&#8221;#73A854&#8243; link=&#8221;https:\/\/www.mbs.mc\/en\/cloud-services\/web-hosting\/&#8221; uc_fonts_data=&#8221;JTdCJTdE&#8221;]JTNDcCUyMHN0eWxlJTNEJTIydGV4dC1hbGlnbiUzQSUyMGNlbnRlciUzQiUyMiUzRVdlJTIwY2FuJTIwaG9zdCUyMHlvdXIlMjB3ZWIlMjBzaXRlcyUyQyUyMGUtbWFpbHMlMkMlMjBhbmQlMjBWUFMlMjBzZXJ2ZXJzJTIwb24lMjBvdXIlMjBvd24lMjBzZXJ2ZXJzLiUyMENvbmZpZGVudGlhbGl0eSUyMGFuZCUyMHNlY3VyaXR5JTIwZ3VhcmFudGVlZC4lM0MlMkZwJTNF[\/ucaddon_simple_icon_box][\/vc_column_inner][\/vc_row_inner][vc_empty_space height=&#8221;100px&#8221;][vc_row_inner][vc_column_inner width=&#8221;1\/3&#8243;][vc_empty_space][ucaddon_simple_icon_box icon=&#8221;fa fa-envelope-o&#8221; title=&#8221;Exchange messaging&#8221; button=&#8221;MORE&#8221; color=&#8221;#73A854&#8243; link=&#8221;https:\/\/www.mbs.mc\/en\/cloud-services\/exchange-messaging\/&#8221; uc_fonts_data=&#8221;JTdCJTdE&#8221;]JTNDcCUyMHN0eWxlJTNEJTIydGV4dC1hbGlnbiUzQSUyMGNlbnRlciUzQiUyMiUzRUElMjBwcm9mZXNzaW9uYWwlMjBtZXNzYWdpbmclMjBzZXJ2aWNlJTIwaG9zdGVkJTIwaW4lMjBhJTIwU3dpc3MlMjBkYXRhJTIwY2VudHJlJTIwYW5kJTIwbWFuYWdlZCUyMGludGVybmFsbHklMjBieSUyMG91ciUyMHRlYW1zJTJDJTIwYmFzZWQlMjBvbiUyME1pY3Jvc29mdCUyMEV4Y2hhbmdlJTIwdGVjaG5vbG9neS4lM0MlMkZwJTNF[\/ucaddon_simple_icon_box][\/vc_column_inner][vc_column_inner width=&#8221;1\/3&#8243;][vc_empty_space][ucaddon_simple_icon_box icon=&#8221;fa fa-at&#8221; title=&#8221;Domain name&#8221; button=&#8221;MORE&#8221; color=&#8221;#73A854&#8243; link=&#8221;https:\/\/www.mbs.mc\/en\/cloud-services\/domain-name\/&#8221; uc_fonts_data=&#8221;JTdCJTdE&#8221;]JTNDcCUyMHN0eWxlJTNEJTIydGV4dC1hbGlnbiUzQSUyMGNlbnRlciUzQiUyMiUzRVdlJTIwcmVnaXN0ZXIlMjBhbmQlMjBtYW5hZ2UlMjB5b3VyJTIwZG9tYWluJTIwbmFtZXMlMjB0aHJvdWdoJTIwb3VyJTIwRE5Tcy4lM0MlMkZwJTNF[\/ucaddon_simple_icon_box][\/vc_column_inner][vc_column_inner width=&#8221;1\/3&#8243;][vc_empty_space][ucaddon_simple_icon_box icon=&#8221;fa fa-save&#8221; title=&#8221;Online backups&#8221; button=&#8221;MORE&#8221; color=&#8221;#73A854&#8243; link=&#8221;https:\/\/www.mbs.mc\/en\/cloud-services\/online-backups\/&#8221; uc_fonts_data=&#8221;JTdCJTdE&#8221;]JTNDcCUyMHN0eWxlJTNEJTIydGV4dC1hbGlnbiUzQSUyMGNlbnRlciUzQiUyMiUzRVBoeXNpY2FsJTIwb3IlMjB2aXJ0dWFsJTIwZGF0YSUyMGJhY2t1cHMlRTIlODAlQTYlMjBXZSUyMG9mZmVyJTIweW91JTIwdHdvJTIwc3lzdGVtcyUyMHRhaWxvcmVkJTIwdG8lMjB5b3VyJTIwbmVlZHMuJTNDJTJGcCUzRQ==[\/ucaddon_simple_icon_box][\/vc_column_inner][\/vc_row_inner][vc_empty_space height=&#8221;100px&#8221;][vc_row_inner][vc_column_inner width=&#8221;1\/3&#8243;][vc_empty_space][ucaddon_simple_icon_box icon=&#8221;fa fa-lock&#8221; title=&#8221;SSL&#8221; button=&#8221;MORE&#8221; color=&#8221;#73A854&#8243; link=&#8221;https:\/\/www.mbs.mc\/en\/cloud-services\/ssl\/&#8221; uc_fonts_data=&#8221;JTdCJTdE&#8221;]JTNDcCUyMHN0eWxlJTNEJTIydGV4dC1hbGlnbiUzQSUyMGNlbnRlciUzQiUyMiUzRUElMjBTU0wlMjAlMjhzZWN1cmUlMjBzb2NrZXQlMjBsYXllciUyOSUyMGNlcnRpZmljYXRlJTIwcHJvdGVjdHMlMjBleGNoYW5nZXMlMjBiZXR3ZWVuJTIweW91ciUyMHdlYiUyMHNpdGUlMjBhbmQlMjB3ZWIlMjB1c2VycyUyMGFuZCUyMGlzJTIwYmVjb21pbmclMjBpbmRpc3BlbnNhYmxlJTIwdG8lMjBib29zdGluZyUyMHlvdXIlMjBzZWFyY2glMjBlbmdpbmUlMjBvcHRpbWl6YXRpb24uJTNDJTJGcCUzRQ==[\/ucaddon_simple_icon_box][\/vc_column_inner][vc_column_inner width=&#8221;1\/3&#8243;][\/vc_column_inner][vc_column_inner width=&#8221;1\/3&#8243;][\/vc_column_inner][\/vc_row_inner][\/vc_column][\/vc_row][vc_row type=&#8221;vc_default&#8221; css=&#8221;.vc_custom_1506679655676{padding-bottom: 100px !important;}&#8221;][vc_column offset=&#8221;vc_hidden-lg vc_hidden-md vc_hidden-xs&#8221;][vc_row_inner][vc_column_inner width=&#8221;1\/2&#8243;][vc_empty_space][ucaddon_simple_icon_box icon=&#8221;fa fa-at&#8221; title=&#8221;Domain name&#8221; button=&#8221;MORE&#8221; color=&#8221;#73A854&#8243; link=&#8221;https:\/\/www.mbs.mc\/en\/cloud-services\/domain-name\/&#8221; uc_fonts_data=&#8221;JTdCJTdE&#8221;]JTNDcCUyMHN0eWxlJTNEJTIydGV4dC1hbGlnbiUzQSUyMGNlbnRlciUzQiUyMiUzRVdlJTIwcmVnaXN0ZXIlMjBhbmQlMjBtYW5hZ2UlMjB5b3VyJTIwZG9tYWluJTIwbmFtZXMlMjB0aHJvdWdoJTIwb3VyJTIwRE5Tcy4lM0MlMkZwJTNF[\/ucaddon_simple_icon_box][\/vc_column_inner][vc_column_inner width=&#8221;1\/2&#8243;][vc_empty_space][ucaddon_simple_icon_box icon=&#8221;fa fa-server&#8221; title=&#8221;Dedicated servers&#8221; button=&#8221;MORE&#8221; color=&#8221;#73A854&#8243; link=&#8221;https:\/\/www.mbs.mc\/en\/cloud-services\/dedicated-servers\/&#8221; uc_fonts_data=&#8221;JTdCJTdE&#8221;]JTNDcCUyMHN0eWxlJTNEJTIydGV4dC1hbGlnbiUzQSUyMGNlbnRlciUzQiUyMiUzRU1vbnRobHklMjByZW50YWwlMjBvZiUyMGElMjBzZXJ2ZXIlMjBkZWRpY2F0ZWQlMjB0byUyMHlvdXIlMjBjb21wYW55JTJDJTIwaG9zdGVkJTIwaW4lMjBvdXIlMjBkYXRhJTIwY2VudHJlcy4lM0MlMkZwJTNF[\/ucaddon_simple_icon_box][\/vc_column_inner][\/vc_row_inner][vc_empty_space height=&#8221;100px&#8221;][vc_row_inner][vc_column_inner width=&#8221;1\/2&#8243;][vc_empty_space][ucaddon_simple_icon_box icon=&#8221;fa fa-envelope-o&#8221; title=&#8221;Exchange messaging&#8221; button=&#8221;MORE&#8221; color=&#8221;#73A854&#8243; link=&#8221;https:\/\/www.mbs.mc\/en\/cloud-services\/exchange-messaging\/&#8221; uc_fonts_data=&#8221;JTdCJTdE&#8221;]JTNDcCUzRUElMjBwcm9mZXNzaW9uYWwlMjBtZXNzYWdpbmclMjBzZXJ2aWNlJTIwaG9zdGVkJTIwaW4lMjBhJTIwU3dpc3MlMjBkYXRhJTIwY2VudHJlJTIwYW5kJTIwbWFuYWdlZCUyMGludGVybmFsbHklMjBieSUyMG91ciUyMHRlYW1zJTJDJTIwYmFzZWQlMjBvbiUyME1pY3Jvc29mdCUyMEV4Y2hhbmdlJTIwdGVjaG5vbG9neS4lM0MlMkZwJTNF[\/ucaddon_simple_icon_box][\/vc_column_inner][vc_column_inner width=&#8221;1\/2&#8243;][vc_empty_space][ucaddon_simple_icon_box icon=&#8221;fa fa-tv&#8221; title=&#8221;Web hosting&#8221; button=&#8221;MORE&#8221; color=&#8221;#73A854&#8243; link=&#8221;https:\/\/www.mbs.mc\/en\/cloud-services\/web-hosting\/&#8221; uc_fonts_data=&#8221;JTdCJTdE&#8221;]JTNDcCUyMHN0eWxlJTNEJTIydGV4dC1hbGlnbiUzQSUyMGNlbnRlciUzQiUyMiUzRVdlJTIwY2FuJTIwaG9zdCUyMHlvdXIlMjB3ZWIlMjBzaXRlcyUyQyUyMGUtbWFpbHMlMkMlMjBhbmQlMjBWUFMlMjBzZXJ2ZXJzJTIwb24lMjBvdXIlMjBvd24lMjBzZXJ2ZXJzLiUyMENvbmZpZGVudGlhbGl0eSUyMGFuZCUyMHNlY3VyaXR5JTIwZ3VhcmFudGVlZC4lM0MlMkZwJTNF[\/ucaddon_simple_icon_box][\/vc_column_inner][\/vc_row_inner][vc_empty_space height=&#8221;100px&#8221;][vc_row_inner][vc_column_inner width=&#8221;1\/2&#8243;][vc_empty_space][ucaddon_simple_icon_box icon=&#8221;fa fa-save&#8221; title=&#8221;Online backups&#8221; button=&#8221;MORE&#8221; color=&#8221;#73A854&#8243; link=&#8221;https:\/\/www.mbs.mc\/en\/cloud-services\/online-backups\/&#8221; uc_fonts_data=&#8221;JTdCJTdE&#8221;]JTNDcCUyMHN0eWxlJTNEJTIydGV4dC1hbGlnbiUzQSUyMGNlbnRlciUzQiUyMiUzRVBoeXNpY2FsJTIwb3IlMjB2aXJ0dWFsJTIwZGF0YSUyMGJhY2t1cHMlRTIlODAlQTYlMjBXZSUyMG9mZmVyJTIweW91JTIwdHdvJTIwc3lzdGVtcyUyMHRhaWxvcmVkJTIwdG8lMjB5b3VyJTIwbmVlZHMuJTNDJTJGcCUzRQ==[\/ucaddon_simple_icon_box][\/vc_column_inner][vc_column_inner width=&#8221;1\/2&#8243;][vc_empty_space][ucaddon_simple_icon_box icon=&#8221;fa fa-asterisk&#8221; title=&#8221;SSL&#8221; button=&#8221;MORE&#8221; color=&#8221;#73A854&#8243; link=&#8221;https:\/\/www.mbs.mc\/en\/cloud-services\/ssl\/&#8221; uc_fonts_data=&#8221;JTdCJTdE&#8221;]JTNDcCUyMHN0eWxlJTNEJTIydGV4dC1hbGlnbiUzQSUyMGNlbnRlciUzQiUyMiUzRUElMjBTU0wlMjAlMjhzZWN1cmUlMjBzb2NrZXQlMjBsYXllciUyOSUyMGNlcnRpZmljYXRlJTIwcHJvdGVjdHMlMjBleGNoYW5nZXMlMjBiZXR3ZWVuJTIweW91ciUyMHdlYiUyMHNpdGUlMjBhbmQlMjB3ZWIlMjB1c2VycyUyMGFuZCUyMGlzJTIwYmVjb21pbmclMjBpbmRpc3BlbnNhYmxlJTIwdG8lMjBib29zdGluZyUyMHlvdXIlMjBzZWFyY2glMjBlbmdpbmUlMjBvcHRpbWl6YXRpb24uJTNDJTJGcCUzRQ==[\/ucaddon_simple_icon_box][\/vc_column_inner][\/vc_row_inner][vc_empty_space height=&#8221;100px&#8221;][vc_row_inner][vc_column_inner width=&#8221;1\/2&#8243;][vc_empty_space][ucaddon_simple_icon_box icon=&#8221;fa fa-server&#8221; title=&#8221;VPS&#8221; button=&#8221;MORE&#8221; color=&#8221;#73A854&#8243; link=&#8221;https:\/\/www.mbs.mc\/en\/cloud-services\/vps\/&#8221; uc_fonts_data=&#8221;JTdCJTdE&#8221;]JTNDcCUyMHN0eWxlJTNEJTIydGV4dC1hbGlnbiUzQSUyMGNlbnRlciUzQiUyMiUzRVRvJTIwZ3VhcmFudGVlJTIwdGhlJTIwY29uc3RhbnQlMjBhdmFpbGFiaWxpdHklMjBvZiUyMHlvdXIlMjBzZXJ2ZXJzJTJDJTIwd2UlMjBjYW4lMjBwcm92aWRlJTIweW91JTIwd2l0aCUyMGElMjB2aXJ0dWFsaXplZCUyMHNlcnZlciUyMGluJTIwb3VyJTIwZGF0YSUyMGNlbnRyZXMuJTNDJTJGcCUzRQ==[\/ucaddon_simple_icon_box][\/vc_column_inner][vc_column_inner width=&#8221;1\/2&#8243;][\/vc_column_inner][\/vc_row_inner][\/vc_column][\/vc_row][vc_row type=&#8221;vc_default&#8221; bg_type=&#8221;bg_color&#8221; bg_override=&#8221;full&#8221; bg_color_value=&#8221;#19477d&#8221;][vc_column][vc_empty_space height=&#8221;20px&#8221;][vc_custom_heading text=&#8221;Do you have a project with us? Don&#8217;t hesitate.&#8221; font_container=&#8221;tag:h2|text_align:center|color:%23ffffff&#8221; use_theme_fonts=&#8221;yes&#8221;][vc_empty_space height=&#8221;20px&#8221;][vc_btn title=&#8221;Contact us&#8221; style=&#8221;classic&#8221; color=&#8221;default&#8221; align=&#8221;center&#8221; i_icon_fontawesome=&#8221;fa fa-envelope-o&#8221; add_icon=&#8221;true&#8221; link=&#8221;url:https%3A%2F%2Fwww.mbs.mc%2Fen%2Fcontact%2F|||&#8221;][vc_empty_space height=&#8221;20px&#8221;][\/vc_column][\/vc_row]<\/p>\n<\/div>","protected":false},"excerpt":{"rendered":"<p>[vc_row type=&#8221;vc_default&#8221; css=&#8221;.vc_custom_1506679655676{padding-bottom: 100px !important;}&#8221;][vc_column offset=&#8221;vc_hidden-sm&#8221;][vc_row_inner][vc_column_inner width=&#8221;1\/3&#8243;][vc_empty_space][ucaddon_simple_icon_box icon=&#8221;fa fa-server&#8221; title=&#8221;VPS&#8221; button=&#8221;MORE&#8221; color=&#8221;#73A854&#8243; link=&#8221;https:\/\/www.mbs.mc\/en\/cloud-services\/vps\/&#8221; uc_fonts_data=&#8221;JTdCJTdE&#8221;]JTNDcCUyMHN0eWxlJTNEJTIydGV4dC1hbGlnbiUzQSUyMGNlbnRlciUzQiUyMiUzRVRvJTIwZ3VhcmFudGVlJTIwdGhlJTIwY29uc3RhbnQlMjBhdmFpbGFiaWxpdHklMjBvZiUyMHlvdXIlMjBzZXJ2ZXJzJTJDJTIwd2UlMjBjYW4lMjBwcm92aWRlJTIweW91JTIwd2l0aCUyMGElMjB2aXJ0dWFsaXplZCUyMHNlcnZlciUyMGluJTIwb3VyJTIwZGF0YSUyMGNlbnRyZXMuJTNDJTJGcCUzRQ==[\/ucaddon_simple_icon_box][\/vc_column_inner][vc_column_inner width=&#8221;1\/3&#8243;][vc_empty_space][ucaddon_simple_icon_box icon=&#8221;fa fa-server&#8221; title=&#8221;Dedicated servers&#8221; button=&#8221;MORE&#8221; color=&#8221;#73A854&#8243; link=&#8221;https:\/\/www.mbs.mc\/en\/cloud-services\/dedicated-servers\/&#8221; uc_fonts_data=&#8221;JTdCJTdE&#8221;]JTNDcCUyMHN0eWxlJTNEJTIydGV4dC1hbGlnbiUzQSUyMGNlbnRlciUzQiUyMiUzRU1vbnRobHklMjByZW50YWwlMjBvZiUyMGElMjBzZXJ2ZXIlMjBkZWRpY2F0ZWQlMjB0byUyMHlvdXIlMjBjb21wYW55JTJDJTIwaG9zdGVkJTIwaW4lMjBvdXIlMjBkYXRhJTIwY2VudHJlcy4lM0MlMkZwJTNF[\/ucaddon_simple_icon_box][\/vc_column_inner][vc_column_inner width=&#8221;1\/3&#8243;][vc_empty_space][ucaddon_simple_icon_box icon=&#8221;fa fa-tv&#8221; title=&#8221;Web hosting&#8221; button=&#8221;MORE&#8221; color=&#8221;#73A854&#8243; link=&#8221;https:\/\/www.mbs.mc\/en\/cloud-services\/web-hosting\/&#8221; uc_fonts_data=&#8221;JTdCJTdE&#8221;]JTNDcCUyMHN0eWxlJTNEJTIydGV4dC1hbGlnbiUzQSUyMGNlbnRlciUzQiUyMiUzRVdlJTIwY2FuJTIwaG9zdCUyMHlvdXIlMjB3ZWIlMjBzaXRlcyUyQyUyMGUtbWFpbHMlMkMlMjBhbmQlMjBWUFMlMjBzZXJ2ZXJzJTIwb24lMjBvdXIlMjBvd24lMjBzZXJ2ZXJzLiUyMENvbmZpZGVudGlhbGl0eSUyMGFuZCUyMHNlY3VyaXR5JTIwZ3VhcmFudGVlZC4lM0MlMkZwJTNF[\/ucaddon_simple_icon_box][\/vc_column_inner][\/vc_row_inner][vc_empty_space height=&#8221;100px&#8221;][vc_row_inner][vc_column_inner width=&#8221;1\/3&#8243;][vc_empty_space][ucaddon_simple_icon_box icon=&#8221;fa fa-envelope-o&#8221; title=&#8221;Exchange messaging&#8221; button=&#8221;MORE&#8221; color=&#8221;#73A854&#8243; link=&#8221;https:\/\/www.mbs.mc\/en\/cloud-services\/exchange-messaging\/&#8221; uc_fonts_data=&#8221;JTdCJTdE&#8221;]JTNDcCUyMHN0eWxlJTNEJTIydGV4dC1hbGlnbiUzQSUyMGNlbnRlciUzQiUyMiUzRUElMjBwcm9mZXNzaW9uYWwlMjBtZXNzYWdpbmclMjBzZXJ2aWNlJTIwaG9zdGVkJTIwaW4lMjBhJTIwU3dpc3MlMjBkYXRhJTIwY2VudHJlJTIwYW5kJTIwbWFuYWdlZCUyMGludGVybmFsbHklMjBieSUyMG91ciUyMHRlYW1zJTJDJTIwYmFzZWQlMjBvbiUyME1pY3Jvc29mdCUyMEV4Y2hhbmdlJTIwdGVjaG5vbG9neS4lM0MlMkZwJTNF[\/ucaddon_simple_icon_box][\/vc_column_inner][vc_column_inner width=&#8221;1\/3&#8243;][vc_empty_space][ucaddon_simple_icon_box icon=&#8221;fa fa-at&#8221; title=&#8221;Domain name&#8221; button=&#8221;MORE&#8221; color=&#8221;#73A854&#8243; link=&#8221;https:\/\/www.mbs.mc\/en\/cloud-services\/domain-name\/&#8221; uc_fonts_data=&#8221;JTdCJTdE&#8221;]JTNDcCUyMHN0eWxlJTNEJTIydGV4dC1hbGlnbiUzQSUyMGNlbnRlciUzQiUyMiUzRVdlJTIwcmVnaXN0ZXIlMjBhbmQlMjBtYW5hZ2UlMjB5b3VyJTIwZG9tYWluJTIwbmFtZXMlMjB0aHJvdWdoJTIwb3VyJTIwRE5Tcy4lM0MlMkZwJTNF[\/ucaddon_simple_icon_box][\/vc_column_inner][vc_column_inner width=&#8221;1\/3&#8243;][vc_empty_space][ucaddon_simple_icon_box icon=&#8221;fa fa-save&#8221; title=&#8221;Online&hellip;<\/p>\n","protected":false},"author":1,"featured_media":0,"parent":0,"menu_order":0,"comment_status":"closed","ping_status":"closed","template":"","meta":{"footnotes":""},"class_list":["post-16512","page","type-page","status-publish","hentry","description-off"],"yoast_head":"<!-- This site is optimized with the Yoast SEO plugin v26.9 - https:\/\/yoast.com\/product\/yoast-seo-wordpress\/ -->\r\n<title>MBS IT Solutions Cloud Telephony Monaco - Cloud Services<\/title>\r\n<meta name=\"description\" content=\"Web Hosting, Dedicated Servers, Exchange Messaging, Domain Name, Online Backup, SSL, VPS, all the services your business needs\" \/>\r\n<meta name=\"robots\" content=\"index, follow, max-snippet:-1, max-image-preview:large, max-video-preview:-1\" \/>\r\n<link rel=\"canonical\" href=\"https:\/\/www.mbs.mc\/en\/cloud-services\/\" \/>\r\n<meta property=\"og:locale\" content=\"en_US\" \/>\r\n<meta property=\"og:type\" content=\"article\" \/>\r\n<meta property=\"og:title\" content=\"MBS IT Solutions Cloud Telephony Monaco - Cloud Services\" \/>\r\n<meta property=\"og:description\" content=\"Web Hosting, Dedicated Servers, Exchange Messaging, Domain Name, Online Backup, SSL, VPS, all the services your business needs\" \/>\r\n<meta property=\"og:url\" content=\"https:\/\/www.mbs.mc\/en\/cloud-services\/\" \/>\r\n<meta property=\"og:site_name\" content=\"MBS (PEXYS MONACO)\" \/>\r\n<meta property=\"article:publisher\" content=\"https:\/\/www.facebook.com\/mbs.it.monaco\/\" \/>\r\n<meta property=\"article:modified_time\" content=\"2018-01-30T07:51:22+00:00\" \/>\r\n<meta property=\"og:image\" content=\"https:\/\/www.mbs.mc\/wp-content\/uploads\/2018\/01\/logo-retina-mbs.png\" \/>\r\n\t<meta property=\"og:image:width\" content=\"827\" \/>\r\n\t<meta property=\"og:image:height\" content=\"349\" \/>\r\n\t<meta property=\"og:image:type\" content=\"image\/png\" \/>\r\n<meta name=\"twitter:card\" content=\"summary_large_image\" \/>\r\n<meta name=\"twitter:label1\" content=\"Est. reading time\" \/>\n\t<meta name=\"twitter:data1\" content=\"5 minutes\" \/>\r\n<script type=\"application\/ld+json\" class=\"yoast-schema-graph\">{\"@context\":\"https:\/\/schema.org\",\"@graph\":[{\"@type\":\"WebPage\",\"@id\":\"https:\/\/www.mbs.mc\/en\/cloud-services\/\",\"url\":\"https:\/\/www.mbs.mc\/en\/cloud-services\/\",\"name\":\"MBS IT Solutions Cloud Telephony Monaco - Cloud Services\",\"isPartOf\":{\"@id\":\"https:\/\/www.mbs.mc\/#website\"},\"datePublished\":\"2017-04-27T09:22:07+00:00\",\"dateModified\":\"2018-01-30T07:51:22+00:00\",\"description\":\"Web Hosting, Dedicated Servers, Exchange Messaging, Domain Name, Online Backup, SSL, VPS, all the services your business needs\",\"breadcrumb\":{\"@id\":\"https:\/\/www.mbs.mc\/en\/cloud-services\/#breadcrumb\"},\"inLanguage\":\"en-US\",\"potentialAction\":[{\"@type\":\"ReadAction\",\"target\":[\"https:\/\/www.mbs.mc\/en\/cloud-services\/\"]}]},{\"@type\":\"BreadcrumbList\",\"@id\":\"https:\/\/www.mbs.mc\/en\/cloud-services\/#breadcrumb\",\"itemListElement\":[{\"@type\":\"ListItem\",\"position\":1,\"name\":\"Accueil\",\"item\":\"https:\/\/www.mbs.mc\/en\/\"},{\"@type\":\"ListItem\",\"position\":2,\"name\":\"CLOUD SERVICES\"}]},{\"@type\":\"WebSite\",\"@id\":\"https:\/\/www.mbs.mc\/#website\",\"url\":\"https:\/\/www.mbs.mc\/\",\"name\":\"MBS (PEXYS MONACO)\",\"description\":\"Solution informatiques | Cloud | Acc\u00e8s internet | T\u00e9l\u00e9phonie IP\",\"publisher\":{\"@id\":\"https:\/\/www.mbs.mc\/#organization\"},\"potentialAction\":[{\"@type\":\"SearchAction\",\"target\":{\"@type\":\"EntryPoint\",\"urlTemplate\":\"https:\/\/www.mbs.mc\/?s={search_term_string}\"},\"query-input\":{\"@type\":\"PropertyValueSpecification\",\"valueRequired\":true,\"valueName\":\"search_term_string\"}}],\"inLanguage\":\"en-US\"},{\"@type\":\"Organization\",\"@id\":\"https:\/\/www.mbs.mc\/#organization\",\"name\":\"MBS\",\"url\":\"https:\/\/www.mbs.mc\/\",\"logo\":{\"@type\":\"ImageObject\",\"inLanguage\":\"en-US\",\"@id\":\"https:\/\/www.mbs.mc\/#\/schema\/logo\/image\/\",\"url\":\"https:\/\/www.mbs.mc\/wp-content\/uploads\/2018\/01\/logo-retina-mbs.png\",\"contentUrl\":\"https:\/\/www.mbs.mc\/wp-content\/uploads\/2018\/01\/logo-retina-mbs.png\",\"width\":827,\"height\":349,\"caption\":\"MBS\"},\"image\":{\"@id\":\"https:\/\/www.mbs.mc\/#\/schema\/logo\/image\/\"},\"sameAs\":[\"https:\/\/www.facebook.com\/mbs.it.monaco\/\",\"https:\/\/www.linkedin.com\/company\/mbs---monaco-business-solutions\"]}]}<\/script>\r\n<!-- \/ Yoast SEO plugin. -->","yoast_head_json":{"title":"MBS IT Solutions Cloud Telephony Monaco - Cloud Services","description":"Web Hosting, Dedicated Servers, Exchange Messaging, Domain Name, Online Backup, SSL, VPS, all the services your business needs","robots":{"index":"index","follow":"follow","max-snippet":"max-snippet:-1","max-image-preview":"max-image-preview:large","max-video-preview":"max-video-preview:-1"},"canonical":"https:\/\/www.mbs.mc\/en\/cloud-services\/","og_locale":"en_US","og_type":"article","og_title":"MBS IT Solutions Cloud Telephony Monaco - Cloud Services","og_description":"Web Hosting, Dedicated Servers, Exchange Messaging, Domain Name, Online Backup, SSL, VPS, all the services your business needs","og_url":"https:\/\/www.mbs.mc\/en\/cloud-services\/","og_site_name":"MBS (PEXYS MONACO)","article_publisher":"https:\/\/www.facebook.com\/mbs.it.monaco\/","article_modified_time":"2018-01-30T07:51:22+00:00","og_image":[{"width":827,"height":349,"url":"https:\/\/www.mbs.mc\/wp-content\/uploads\/2018\/01\/logo-retina-mbs.png","type":"image\/png"}],"twitter_card":"summary_large_image","twitter_misc":{"Est. reading time":"5 minutes"},"schema":{"@context":"https:\/\/schema.org","@graph":[{"@type":"WebPage","@id":"https:\/\/www.mbs.mc\/en\/cloud-services\/","url":"https:\/\/www.mbs.mc\/en\/cloud-services\/","name":"MBS IT Solutions Cloud Telephony Monaco - Cloud Services","isPartOf":{"@id":"https:\/\/www.mbs.mc\/#website"},"datePublished":"2017-04-27T09:22:07+00:00","dateModified":"2018-01-30T07:51:22+00:00","description":"Web Hosting, Dedicated Servers, Exchange Messaging, Domain Name, Online Backup, SSL, VPS, all the services your business needs","breadcrumb":{"@id":"https:\/\/www.mbs.mc\/en\/cloud-services\/#breadcrumb"},"inLanguage":"en-US","potentialAction":[{"@type":"ReadAction","target":["https:\/\/www.mbs.mc\/en\/cloud-services\/"]}]},{"@type":"BreadcrumbList","@id":"https:\/\/www.mbs.mc\/en\/cloud-services\/#breadcrumb","itemListElement":[{"@type":"ListItem","position":1,"name":"Accueil","item":"https:\/\/www.mbs.mc\/en\/"},{"@type":"ListItem","position":2,"name":"CLOUD SERVICES"}]},{"@type":"WebSite","@id":"https:\/\/www.mbs.mc\/#website","url":"https:\/\/www.mbs.mc\/","name":"MBS (PEXYS MONACO)","description":"Solution informatiques | Cloud | Acc\u00e8s internet | T\u00e9l\u00e9phonie IP","publisher":{"@id":"https:\/\/www.mbs.mc\/#organization"},"potentialAction":[{"@type":"SearchAction","target":{"@type":"EntryPoint","urlTemplate":"https:\/\/www.mbs.mc\/?s={search_term_string}"},"query-input":{"@type":"PropertyValueSpecification","valueRequired":true,"valueName":"search_term_string"}}],"inLanguage":"en-US"},{"@type":"Organization","@id":"https:\/\/www.mbs.mc\/#organization","name":"MBS","url":"https:\/\/www.mbs.mc\/","logo":{"@type":"ImageObject","inLanguage":"en-US","@id":"https:\/\/www.mbs.mc\/#\/schema\/logo\/image\/","url":"https:\/\/www.mbs.mc\/wp-content\/uploads\/2018\/01\/logo-retina-mbs.png","contentUrl":"https:\/\/www.mbs.mc\/wp-content\/uploads\/2018\/01\/logo-retina-mbs.png","width":827,"height":349,"caption":"MBS"},"image":{"@id":"https:\/\/www.mbs.mc\/#\/schema\/logo\/image\/"},"sameAs":["https:\/\/www.facebook.com\/mbs.it.monaco\/","https:\/\/www.linkedin.com\/company\/mbs---monaco-business-solutions"]}]}},"_links":{"self":[{"href":"https:\/\/www.mbs.mc\/en\/wp-json\/wp\/v2\/pages\/16512","targetHints":{"allow":["GET"]}}],"collection":[{"href":"https:\/\/www.mbs.mc\/en\/wp-json\/wp\/v2\/pages"}],"about":[{"href":"https:\/\/www.mbs.mc\/en\/wp-json\/wp\/v2\/types\/page"}],"author":[{"embeddable":true,"href":"https:\/\/www.mbs.mc\/en\/wp-json\/wp\/v2\/users\/1"}],"replies":[{"embeddable":true,"href":"https:\/\/www.mbs.mc\/en\/wp-json\/wp\/v2\/comments?post=16512"}],"version-history":[{"count":0,"href":"https:\/\/www.mbs.mc\/en\/wp-json\/wp\/v2\/pages\/16512\/revisions"}],"wp:attachment":[{"href":"https:\/\/www.mbs.mc\/en\/wp-json\/wp\/v2\/media?parent=16512"}],"curies":[{"name":"wp","href":"https:\/\/api.w.org\/{rel}","templated":true}]}}